{"id":3844,"date":"2025-02-07T14:37:49","date_gmt":"2025-02-07T13:37:49","guid":{"rendered":"https:\/\/wimar.net\/?post_type=product&#038;p=3844"},"modified":"2025-03-24T12:42:51","modified_gmt":"2025-03-24T11:42:51","slug":"worek-50x80cm-raszlowy-25-30kg-z-zaciagiem-bordowy","status":"publish","type":"product","link":"https:\/\/wimar.net\/bg\/product-2\/worek-50x80cm-raszlowy-25-30kg-z-zaciagiem-bordowy\/","title":{"rendered":"50x80cm \u0440\u0430\u0448\u0435\u043b \u0447\u0443\u0432\u0430\u043b 25-30kg \u0441 \u0448\u043d\u0443\u0440 \u0437\u0430 \u043f\u0440\u0438\u0441\u0442\u044f\u0433\u0430\u043d\u0435 \u0431\u043e\u0440\u0434\u043e"},"content":{"rendered":"<p><strong>\u0427\u0443\u0432\u0430\u043b\u0438 \u0441 \u0448\u043d\u0443\u0440\u0447\u0435\u0442\u0430 - \u0438\u0434\u0435\u0430\u043b\u043d\u0438 \u0437\u0430 \u0441\u044a\u0445\u0440\u0430\u043d\u0435\u043d\u0438\u0435 \u043d\u0430 \u0437\u0435\u043b\u0435\u043d\u0447\u0443\u0446\u0438<\/strong><\/p>\n<p>\u0422\u043e\u0440\u0431\u0438\u0442\u0435 \u043e\u0442 \u0440\u0430\u0448\u0435\u043b \u0441\u0430 \u043b\u0435\u043a\u0438, \u0437\u0434\u0440\u0430\u0432\u0438 \u0438 \u043f\u0440\u043e\u0432\u0435\u0442\u0440\u0438\u0432\u0438 \u043e\u043f\u0430\u043a\u043e\u0432\u043a\u0438, \u043a\u043e\u0438\u0442\u043e \u0441\u0430 \u0438\u0434\u0435\u0430\u043b\u043d\u0438 \u0437\u0430 \u0441\u044a\u0445\u0440\u0430\u043d\u0435\u043d\u0438\u0435 \u0438 \u0442\u0440\u0430\u043d\u0441\u043f\u043e\u0440\u0442\u0438\u0440\u0430\u043d\u0435 \u043d\u0430 \u0437\u0435\u043b\u0435\u043d\u0447\u0443\u0446\u0438. \u0411\u043b\u0430\u0433\u043e\u0434\u0430\u0440\u0435\u043d\u0438\u0435 \u043d\u0430 \u043c\u0440\u0435\u0436\u0435\u0441\u0442\u0430\u0442\u0430 \u0441\u0438 \u0441\u0442\u0440\u0443\u043a\u0442\u0443\u0440\u0430 \u0442\u0435 \u043e\u0441\u0438\u0433\u0443\u0440\u044f\u0432\u0430\u0442 \u0441\u0432\u043e\u0431\u043e\u0434\u0435\u043d \u0432\u044a\u0437\u0434\u0443\u0448\u0435\u043d \u043f\u043e\u0442\u043e\u043a, \u043a\u043e\u0439\u0442\u043e \u043f\u043e\u043c\u0430\u0433\u0430 \u0434\u0430 \u0441\u0435 \u0437\u0430\u043f\u0430\u0437\u0438 \u0441\u0432\u0435\u0436\u0435\u0441\u0442\u0442\u0430 \u043d\u0430 \u043f\u0440\u043e\u0434\u0443\u043a\u0442\u0438\u0442\u0435 \u0437\u0430 \u043f\u043e-\u0434\u044a\u043b\u0433\u043e \u0432\u0440\u0435\u043c\u0435. \u0421\u043d\u0430\u0431\u0434\u0435\u043d\u0438 \u0441 \u043f\u0440\u0430\u043a\u0442\u0438\u0447\u043d\u0430 \u0449\u0438\u043f\u043a\u0430, \u0442\u0435 \u0443\u043b\u0435\u0441\u043d\u044f\u0432\u0430\u0442 \u0431\u044a\u0440\u0437\u043e\u0442\u043e \u0438 \u0443\u0434\u043e\u0431\u043d\u043e \u0437\u0430\u0442\u0432\u0430\u0440\u044f\u043d\u0435 \u043d\u0430 \u0442\u043e\u0440\u0431\u0430\u0442\u0430, \u0431\u0435\u0437 \u0434\u0430 \u0435 \u043d\u0435\u043e\u0431\u0445\u043e\u0434\u0438\u043c\u043e \u0434\u043e\u043f\u044a\u043b\u043d\u0438\u0442\u0435\u043b\u043d\u043e \u0432\u0440\u044a\u0437\u0432\u0430\u043d\u0435.<\/p>\n<h3><strong>\u041e\u0441\u043d\u043e\u0432\u043d\u0438 \u0445\u0430\u0440\u0430\u043a\u0442\u0435\u0440\u0438\u0441\u0442\u0438\u043a\u0438:<\/strong><\/h3>\n<ul>\n<li><strong>\u0412\u0435\u043d\u0442\u0438\u043b\u0430\u0446\u0438\u044f<\/strong> - \u043f\u043e\u0437\u0432\u043e\u043b\u044f\u0432\u0430 \u043d\u0430 \u0432\u044a\u0437\u0434\u0443\u0445\u0430 \u0434\u0430 \u0446\u0438\u0440\u043a\u0443\u043b\u0438\u0440\u0430, \u043a\u0430\u0442\u043e \u043f\u0440\u0435\u0434\u043e\u0442\u0432\u0440\u0430\u0442\u044f\u0432\u0430 \u043d\u0430\u0442\u0440\u0443\u043f\u0432\u0430\u043d\u0435\u0442\u043e \u043d\u0430 \u0432\u043b\u0430\u0433\u0430 \u0438 \u0443\u0434\u044a\u043b\u0436\u0430\u0432\u0430 \u0441\u0440\u043e\u043a\u0430 \u043d\u0430 \u0433\u043e\u0434\u043d\u043e\u0441\u0442 \u043d\u0430 \u0441\u044a\u0445\u0440\u0430\u043d\u044f\u0432\u0430\u043d\u0438\u0442\u0435 \u043f\u0440\u043e\u0434\u0443\u043a\u0442\u0438.<\/li>\n<li><strong>\u0423\u0441\u0442\u043e\u0439\u0447\u0438\u0432\u043e\u0441\u0442<\/strong> - \u0438\u0437\u0440\u0430\u0431\u043e\u0442\u0435\u043d\u0438 \u0441\u0430 \u043e\u0442 \u0438\u0437\u0434\u0440\u044a\u0436\u043b\u0438\u0432 \u043c\u0430\u0442\u0435\u0440\u0438\u0430\u043b, \u0443\u0441\u0442\u043e\u0439\u0447\u0438\u0432 \u043d\u0430 \u0440\u0430\u0437\u0442\u044f\u0433\u0430\u043d\u0435 \u0438 \u043c\u0435\u0445\u0430\u043d\u0438\u0447\u043d\u0438 \u043f\u043e\u0432\u0440\u0435\u0434\u0438.<\/li>\n<li><strong>\u041f\u0440\u0430\u043a\u0442\u0438\u0447\u043d\u043e\u0441\u0442<\/strong> - \u0411\u043b\u0430\u0433\u043e\u0434\u0430\u0440\u0435\u043d\u0438\u0435 \u043d\u0430 \u0432\u0433\u0440\u0430\u0434\u0435\u043d\u043e\u0442\u043e \u0438\u0437\u0434\u044a\u0440\u043f\u0432\u0430\u043d\u0435 \u0441\u044a\u0434\u044a\u0440\u0436\u0430\u043d\u0438\u0435\u0442\u043e \u043d\u0430 \u0447\u0430\u043d\u0442\u0430\u0442\u0430 \u0435 \u043b\u0435\u0441\u043d\u043e \u0437\u0430\u0449\u0438\u0442\u0435\u043d\u043e.<\/li>\n<li><strong>\u041c\u043d\u043e\u0433\u043e\u0444\u0443\u043d\u043a\u0446\u0438\u043e\u043d\u0430\u043b\u043d\u043e\u0441\u0442<\/strong> - \u0438\u0434\u0435\u0430\u043b\u043d\u0430 \u0437\u0430 \u043a\u0430\u0440\u0442\u043e\u0444\u0438, \u043b\u0443\u043a, \u043c\u043e\u0440\u043a\u043e\u0432\u0438, \u0437\u0435\u043b\u0435 \u0438 \u0434\u0440\u0443\u0433\u0438 \u0441\u0435\u043b\u0441\u043a\u043e\u0441\u0442\u043e\u043f\u0430\u043d\u0441\u043a\u0438 \u043f\u0440\u043e\u0434\u0443\u043a\u0442\u0438.<\/li>\n<li><strong>\u041a\u0430\u043f\u0430\u0446\u0438\u0442\u0435\u0442<\/strong> - 25-30 \u043a\u0433<\/li>\n<li><strong>\u0420\u0430\u0437\u043c\u0435\u0440<\/strong> - 50\u00d780 cm<\/li>\n<li><strong>\u041f\u0440\u0435\u0434\u043b\u0430\u0433\u0430 \u0441\u0435 \u0432 \u0446\u0432\u0435\u0442\u043e\u0432\u0435<\/strong> - \u0431\u044f\u043b\u043e, \u0431\u043e\u0440\u0434\u043e, \u0442\u044a\u043c\u043d\u043e\u043e\u0440\u0430\u043d\u0436\u0435\u0432\u043e, \u0447\u0435\u0440\u0432\u0435\u043d\u043e, \u043b\u0438\u043b\u0430\u0432\u043e, \u0441\u0432\u0435\u0442\u043b\u043e\u0437\u0435\u043b\u0435\u043d\u043e, \u043e\u0440\u0430\u043d\u0436\u0435\u0432\u043e, \u0437\u0435\u043b\u0435\u043d\u043e, \u0436\u044a\u043b\u0442\u043e.<\/li>\n<\/ul>\n<p>\u041f\u043b\u0438\u043a\u043e\u0432\u0435\u0442\u0435 \u0441 \u0448\u043d\u0443\u0440 \"\u0440\u0430\u0445\u0438\u043b\" \u0441\u0430 \u0443\u0434\u043e\u0431\u043d\u043e, \u0438\u043a\u043e\u043d\u043e\u043c\u0438\u0447\u043d\u043e \u0438 \u0444\u0443\u043d\u043a\u0446\u0438\u043e\u043d\u0430\u043b\u043d\u043e \u0440\u0435\u0448\u0435\u043d\u0438\u0435 \u043a\u0430\u043a\u0442\u043e \u0437\u0430 \u0434\u043e\u043c\u0430\u043a\u0438\u043d\u0441\u0442\u0432\u0430\u0442\u0430, \u0442\u0430\u043a\u0430 \u0438 \u0437\u0430 \u0441\u0435\u043b\u0441\u043a\u043e\u0441\u0442\u043e\u043f\u0430\u043d\u0441\u043a\u0438\u0442\u0435 \u0438\u043b\u0438 \u0442\u044a\u0440\u0433\u043e\u0432\u0441\u043a\u0438\u0442\u0435 \u0434\u0435\u0439\u043d\u043e\u0441\u0442\u0438.<\/p>","protected":false},"excerpt":{"rendered":"<p>Worki raszlowe z zaci\u0105giem \u2013 idealne do przechowywania warzyw Worki raszlowe to lekkie, wytrzyma\u0142e i przewiewne opakowania, kt\u00f3re doskonale sprawdzaj\u0105 si\u0119 w przechowywaniu i transporcie warzyw. Dzi\u0119ki strukturze siatki zapewniaj\u0105 swobodny przep\u0142yw powietrza, co pomaga utrzyma\u0107 \u015bwie\u017co\u015b\u0107 produkt\u00f3w przez d\u0142u\u017cszy czas. Wyposa\u017cone w praktyczny zaci\u0105g, u\u0142atwiaj\u0105 szybkie i wygodne zamykanie worka bez konieczno\u015bci u\u017cywania dodatkowych [&hellip;]<\/p>","protected":false},"featured_media":3846,"template":"","meta":{"site-sidebar-layout":"default","site-content-layout":"","ast-site-content-layout":"default","site-content-style":"default","site-sidebar-style":"default","ast-global-header-display":"","ast-banner-title-visibility":"","ast-main-header-display":"","ast-hfb-above-header-display":"","ast-hfb-below-header-display":"","ast-hfb-mobile-header-display":"","site-post-title":"","ast-breadcrumbs-content":"","ast-featured-img":"","footer-sml-layout":"","theme-transparent-header-meta":"default","adv-header-id-meta":"","stick-header-meta":"default","header-above-stick-meta":"","header-main-stick-meta":"","header-below-stick-meta":"","astra-migrate-meta-layouts":"set","ast-page-background-enabled":"default","ast-page-background-meta":{"desktop":{"background-color":"var(--ast-global-color-4)","background-image":"","background-repeat":"repeat","background-position":"center center","background-size":"auto","background-attachment":"scroll","background-type":"","background-media":"","overlay-type":"","overlay-color":"","overlay-opacity":"","overlay-gradient":""},"tablet":{"background-color":"","background-image":"","background-repeat":"repeat","background-position":"center center","background-size":"auto","background-attachment":"scroll","background-type":"","background-media":"","overlay-type":"","overlay-color":"","overlay-opacity":"","overlay-gradient":""},"mobile":{"background-color":"","background-image":"","background-repeat":"repeat","background-position":"center center","background-size":"auto","background-attachment":"scroll","background-type":"","background-media":"","overlay-type":"","overlay-color":"","overlay-opacity":"","overlay-gradient":""}},"ast-content-background-meta":{"desktop":{"background-color":"var(--ast-global-color-5)","background-image":"","background-repeat":"repeat","background-position":"center center","background-size":"auto","background-attachment":"scroll","background-type":"","background-media":"","overlay-type":"","overlay-color":"","overlay-opacity":"","overlay-gradient":""},"tablet":{"background-color":"var(--ast-global-color-5)","background-image":"","background-repeat":"repeat","background-position":"center center","background-size":"auto","background-attachment":"scroll","background-type":"","background-media":"","overlay-type":"","overlay-color":"","overlay-opacity":"","overlay-gradient":""},"mobile":{"background-color":"var(--ast-global-color-5)","background-image":"","background-repeat":"repeat","background-position":"center center","background-size":"auto","background-attachment":"scroll","background-type":"","background-media":"","overlay-type":"","overlay-color":"","overlay-opacity":"","overlay-gradient":""}}},"product_brand":[],"product_cat":[100],"product_tag":[],"class_list":{"0":"post-3844","1":"product","2":"type-product","3":"status-publish","4":"has-post-thumbnail","6":"product_cat-50x80-cm","7":"desktop-align-left","8":"tablet-align-left","9":"mobile-align-left","10":"ast-product-gallery-layout-horizontal","11":"ast-product-tabs-layout-horizontal","13":"first","14":"instock","15":"shipping-taxable","16":"product-type-simple"},"_links":{"self":[{"href":"https:\/\/wimar.net\/bg\/wp-json\/wp\/v2\/product\/3844","targetHints":{"allow":["GET"]}}],"collection":[{"href":"https:\/\/wimar.net\/bg\/wp-json\/wp\/v2\/product"}],"about":[{"href":"https:\/\/wimar.net\/bg\/wp-json\/wp\/v2\/types\/product"}],"version-history":[{"count":2,"href":"https:\/\/wimar.net\/bg\/wp-json\/wp\/v2\/product\/3844\/revisions"}],"predecessor-version":[{"id":6273,"href":"https:\/\/wimar.net\/bg\/wp-json\/wp\/v2\/product\/3844\/revisions\/6273"}],"wp:featuredmedia":[{"embeddable":true,"href":"https:\/\/wimar.net\/bg\/wp-json\/wp\/v2\/media\/3846"}],"wp:attachment":[{"href":"https:\/\/wimar.net\/bg\/wp-json\/wp\/v2\/media?parent=3844"}],"wp:term":[{"taxonomy":"product_brand","embeddable":true,"href":"https:\/\/wimar.net\/bg\/wp-json\/wp\/v2\/product_brand?post=3844"},{"taxonomy":"product_cat","embeddable":true,"href":"https:\/\/wimar.net\/bg\/wp-json\/wp\/v2\/product_cat?post=3844"},{"taxonomy":"product_tag","embeddable":true,"href":"https:\/\/wimar.net\/bg\/wp-json\/wp\/v2\/product_tag?post=3844"}],"curies":[{"name":"wp","href":"https:\/\/api.w.org\/{rel}","templated":true}]}}