{"id":4407,"date":"2025-02-19T14:32:19","date_gmt":"2025-02-19T13:32:19","guid":{"rendered":"https:\/\/wimar.net\/?post_type=product&#038;p=4407"},"modified":"2025-03-17T14:14:22","modified_gmt":"2025-03-17T13:14:22","slug":"siatka-do-paletowania-maszynowego-elastyczna-bezbarwna-3500mb","status":"publish","type":"product","link":"https:\/\/wimar.net\/bg\/product-2\/siatka-do-paletowania-maszynowego-elastyczna-bezbarwna-3500mb\/","title":{"rendered":"\u041f\u0430\u043b\u0435\u0442\u0438\u0437\u0438\u0440\u0430\u0449\u0430 \u043c\u0440\u0435\u0436\u0430 \u0437\u0430 \u043c\u0430\u0448\u0438\u043d\u0438 3500m"},"content":{"rendered":"<h3 data-start=\"0\" data-end=\"65\">Siatka do paletowania mechanicznego<\/h3>\n<p data-start=\"58\" data-end=\"381\">Siatka do paletowania maszynowego to wytrzyma\u0142e i funkcjonalne rozwi\u0105zanie, kt\u00f3re zapewnia stabilizacj\u0119 \u0142adunk\u00f3w na paletach, jednocze\u015bnie umo\u017cliwiaj\u0105c swobodny przep\u0142yw powietrza. Idealnie sprawdza si\u0119 w bran\u017cy rolniczej, spo\u017cywczej oraz logistycznej, zapewniaj\u0105c optymalne warunki przechowywania i transportu produkt\u00f3w.<\/p>\n<h3 data-start=\"383\" data-end=\"413\"><strong data-start=\"387\" data-end=\"411\">\u041e\u0441\u043d\u043e\u0432\u043d\u0438 \u0445\u0430\u0440\u0430\u043a\u0442\u0435\u0440\u0438\u0441\u0442\u0438\u043a\u0438:<\/strong><\/h3>\n<ul>\n<li data-start=\"414\" data-end=\"888\"><strong data-start=\"416\" data-end=\"433\">\u0423\u0441\u0442\u043e\u0439\u0447\u0438\u0432\u043e\u0441\u0442:<\/strong> Mocna konstrukcja gwarantuje stabilno\u015b\u0107 paletyzowanych produkt\u00f3w.<\/li>\n<li data-start=\"414\" data-end=\"888\"><strong data-start=\"504\" data-end=\"535\">\u0412\u044a\u0437\u0434\u0443\u0445\u043e\u043f\u0440\u043e\u043f\u0443\u0441\u043a\u043b\u0438\u0432\u043e\u0441\u0442:<\/strong> Zapewnia odpowiedni\u0105 cyrkulacj\u0119, zapobiegaj\u0105c kondensacji wilgoci.<\/li>\n<li data-start=\"414\" data-end=\"888\"><strong data-start=\"607\" data-end=\"625\">Uniwersalno\u015b\u0107:<\/strong> Nadaje si\u0119 do owijania \u0142adunk\u00f3w wymagaj\u0105cych wentylacji, np. owoc\u00f3w, warzyw czy drewna opa\u0142owego.<\/li>\n<li data-start=\"414\" data-end=\"888\"><strong data-start=\"815\" data-end=\"833\">\u0414\u044a\u043b\u0436\u0438\u043d\u0430: <\/strong>3500 m<\/li>\n<li data-start=\"414\" data-end=\"888\"><strong>Wysoko\u015b\u0107 rolki:<\/strong> 50 cm<\/li>\n<li data-start=\"414\" data-end=\"888\"><strong>\u015arednica rolki:<\/strong> 24 cm<\/li>\n<li data-start=\"414\" data-end=\"888\"><strong>\u0413\u0440\u0430\u043c\u0430\u0436:<\/strong> 2,9 g\/m<\/li>\n<\/ul>\n<h3 data-start=\"890\" data-end=\"913\"><strong data-start=\"894\" data-end=\"911\">\u041f\u0440\u0438\u043b\u043e\u0436\u0435\u043d\u0438\u0435:<\/strong><\/h3>\n<ul>\n<li data-start=\"914\" data-end=\"1245\"><strong data-start=\"916\" data-end=\"936\">Bran\u017ca rolnicza:<\/strong> Idealna do zabezpieczania warzyw, owoc\u00f3w, sadzonek i ro\u015blin.<\/li>\n<li data-start=\"914\" data-end=\"1245\"><strong data-start=\"1002\" data-end=\"1028\">Logistyka i transport:<\/strong> Stabilizacja \u0142adunk\u00f3w podczas przewozu.<\/li>\n<li data-start=\"914\" data-end=\"1245\"><strong data-start=\"1073\" data-end=\"1091\">Magazynowanie:<\/strong> Ochrona produkt\u00f3w przy jednoczesnym zachowaniu odpowiedniej wentylacji.<\/li>\n<li data-start=\"914\" data-end=\"1245\"><strong data-start=\"1168\" data-end=\"1189\">Przemys\u0142 drzewny:<\/strong> Do paletowania drewna opa\u0142owego, pelletu czy zr\u0119bk\u00f3w.<\/li>\n<\/ul>\n<h3 data-start=\"1247\" data-end=\"1301\"><strong data-start=\"1251\" data-end=\"1299\">Dlaczego warto wybra\u0107 siatk\u0119 do paletowania?<\/strong><\/h3>\n<p data-start=\"1302\" data-end=\"1610\" data-is-last-node=\"\">Siatka do paletowania to nowoczesne rozwi\u0105zanie, kt\u00f3re \u0142\u0105czy funkcjonalno\u015b\u0107 z ekologi\u0105. Dzi\u0119ki swojej strukturze eliminuje konieczno\u015b\u0107 stosowania folii stretch tam, gdzie wymagane jest oddychanie produkt\u00f3w. Jest trwa\u0142a, lekka i ekonomiczna, co czyni j\u0105 niezast\u0105pionym elementem w transporcie i magazynowaniu.<\/p>","protected":false},"excerpt":{"rendered":"<p>Siatka do paletowania mechanicznego Siatka do paletowania maszynowego to wytrzyma\u0142e i funkcjonalne rozwi\u0105zanie, kt\u00f3re zapewnia stabilizacj\u0119 \u0142adunk\u00f3w na paletach, jednocze\u015bnie umo\u017cliwiaj\u0105c swobodny przep\u0142yw powietrza. Idealnie sprawdza si\u0119 w bran\u017cy rolniczej, spo\u017cywczej oraz logistycznej, zapewniaj\u0105c optymalne warunki przechowywania i transportu produkt\u00f3w. Najwa\u017cniejsze cechy: Wytrzyma\u0142o\u015b\u0107: Mocna konstrukcja gwarantuje stabilno\u015b\u0107 paletyzowanych produkt\u00f3w. Przepuszczalno\u015b\u0107 powietrza: Zapewnia odpowiedni\u0105 cyrkulacj\u0119, zapobiegaj\u0105c [&hellip;]<\/p>","protected":false},"featured_media":4408,"template":"","meta":{"site-sidebar-layout":"default","site-content-layout":"","ast-site-content-layout":"default","site-content-style":"default","site-sidebar-style":"default","ast-global-header-display":"","ast-banner-title-visibility":"","ast-main-header-display":"","ast-hfb-above-header-display":"","ast-hfb-below-header-display":"","ast-hfb-mobile-header-display":"","site-post-title":"","ast-breadcrumbs-content":"","ast-featured-img":"","footer-sml-layout":"","theme-transparent-header-meta":"default","adv-header-id-meta":"","stick-header-meta":"default","header-above-stick-meta":"","header-main-stick-meta":"","header-below-stick-meta":"","astra-migrate-meta-layouts":"set","ast-page-background-enabled":"default","ast-page-background-meta":{"desktop":{"background-color":"var(--ast-global-color-4)","background-image":"","background-repeat":"repeat","background-position":"center center","background-size":"auto","background-attachment":"scroll","background-type":"","background-media":"","overlay-type":"","overlay-color":"","overlay-opacity":"","overlay-gradient":""},"tablet":{"background-color":"","background-image":"","background-repeat":"repeat","background-position":"center center","background-size":"auto","background-attachment":"scroll","background-type":"","background-media":"","overlay-type":"","overlay-color":"","overlay-opacity":"","overlay-gradient":""},"mobile":{"background-color":"","background-image":"","background-repeat":"repeat","background-position":"center center","background-size":"auto","background-attachment":"scroll","background-type":"","background-media":"","overlay-type":"","overlay-color":"","overlay-opacity":"","overlay-gradient":""}},"ast-content-background-meta":{"desktop":{"background-color":"var(--ast-global-color-5)","background-image":"","background-repeat":"repeat","background-position":"center center","background-size":"auto","background-attachment":"scroll","background-type":"","background-media":"","overlay-type":"","overlay-color":"","overlay-opacity":"","overlay-gradient":""},"tablet":{"background-color":"var(--ast-global-color-5)","background-image":"","background-repeat":"repeat","background-position":"center center","background-size":"auto","background-attachment":"scroll","background-type":"","background-media":"","overlay-type":"","overlay-color":"","overlay-opacity":"","overlay-gradient":""},"mobile":{"background-color":"var(--ast-global-color-5)","background-image":"","background-repeat":"repeat","background-position":"center center","background-size":"auto","background-attachment":"scroll","background-type":"","background-media":"","overlay-type":"","overlay-color":"","overlay-opacity":"","overlay-gradient":""}}},"product_brand":[],"product_cat":[230,172],"product_tag":[],"class_list":{"0":"post-4407","1":"product","2":"type-product","3":"status-publish","4":"has-post-thumbnail","6":"product_cat-siatka-do-paletowania","7":"product_cat-3500m-standard","8":"desktop-align-left","9":"tablet-align-left","10":"mobile-align-left","11":"ast-product-gallery-layout-horizontal","12":"ast-product-tabs-layout-horizontal","14":"first","15":"instock","16":"shipping-taxable","17":"product-type-simple"},"_links":{"self":[{"href":"https:\/\/wimar.net\/bg\/wp-json\/wp\/v2\/product\/4407","targetHints":{"allow":["GET"]}}],"collection":[{"href":"https:\/\/wimar.net\/bg\/wp-json\/wp\/v2\/product"}],"about":[{"href":"https:\/\/wimar.net\/bg\/wp-json\/wp\/v2\/types\/product"}],"version-history":[{"count":3,"href":"https:\/\/wimar.net\/bg\/wp-json\/wp\/v2\/product\/4407\/revisions"}],"predecessor-version":[{"id":7401,"href":"https:\/\/wimar.net\/bg\/wp-json\/wp\/v2\/product\/4407\/revisions\/7401"}],"wp:featuredmedia":[{"embeddable":true,"href":"https:\/\/wimar.net\/bg\/wp-json\/wp\/v2\/media\/4408"}],"wp:attachment":[{"href":"https:\/\/wimar.net\/bg\/wp-json\/wp\/v2\/media?parent=4407"}],"wp:term":[{"taxonomy":"product_brand","embeddable":true,"href":"https:\/\/wimar.net\/bg\/wp-json\/wp\/v2\/product_brand?post=4407"},{"taxonomy":"product_cat","embeddable":true,"href":"https:\/\/wimar.net\/bg\/wp-json\/wp\/v2\/product_cat?post=4407"},{"taxonomy":"product_tag","embeddable":true,"href":"https:\/\/wimar.net\/bg\/wp-json\/wp\/v2\/product_tag?post=4407"}],"curies":[{"name":"wp","href":"https:\/\/api.w.org\/{rel}","templated":true}]}}