{"id":4554,"date":"2025-02-24T14:03:04","date_gmt":"2025-02-24T13:03:04","guid":{"rendered":"https:\/\/wimar.net\/?post_type=product&#038;p=4554"},"modified":"2025-03-24T10:37:55","modified_gmt":"2025-03-24T09:37:55","slug":"gumka-mocujaca-z-kulka-i-haczykiem-do-plandek-namiotow-30cm-czerwona","status":"publish","type":"product","link":"https:\/\/wimar.net\/bg\/product-2\/gumka-mocujaca-z-kulka-i-haczykiem-do-plandek-namiotow-30cm-czerwona\/","title":{"rendered":"\u041b\u0430\u0441\u0442\u0438\u043a \u0437\u0430 \u0437\u0430\u043a\u0440\u0435\u043f\u0432\u0430\u043d\u0435 \u0441 \u0442\u043e\u043f\u043a\u0430 \u0438 \u043a\u0443\u043a\u0430 \u0437\u0430 \u0431\u0440\u0435\u0437\u0435\u043d\u0442\u0438, \u043f\u0430\u043b\u0430\u0442\u043a\u0438 30 \u0441\u043c \u0447\u0435\u0440\u0432\u0435\u043d"},"content":{"rendered":"<p data-start=\"0\" data-end=\"39\"><strong data-start=\"0\" data-end=\"37\">Gumka mocuj\u0105ca z kulk\u0105 i haczykiem do plandek<\/strong><\/p>\n<p data-start=\"53\" data-end=\"310\">Gumka mocuj\u0105ca z kulk\u0105 i haczykiem to wytrzyma\u0142y i elastyczny element monta\u017cowy, kt\u00f3ry u\u0142atwia szybkie i stabilne mocowanie plandek, baner\u00f3w oraz siatek. Dzi\u0119ki swojej konstrukcji zapewnia pewne i elastyczne napi\u0119cie, chroni\u0105c materia\u0142 przed uszkodzeniem.<\/p>\n<h3 data-start=\"312\" data-end=\"342\"><strong data-start=\"316\" data-end=\"340\">\u041e\u0441\u043d\u043e\u0432\u043d\u0438 \u0445\u0430\u0440\u0430\u043a\u0442\u0435\u0440\u0438\u0441\u0442\u0438\u043a\u0438:<\/strong><\/h3>\n<ul>\n<li data-start=\"343\" data-end=\"899\"><strong data-start=\"345\" data-end=\"362\">\u0423\u0441\u0442\u043e\u0439\u0447\u0438\u0432\u043e\u0441\u0442:<\/strong> Wykonana z elastycznej gumy, zapewniaj\u0105cej d\u0142ug\u0105 \u017cywotno\u015b\u0107.<\/li>\n<li data-start=\"343\" data-end=\"899\"><strong data-start=\"452\" data-end=\"469\">\u041b\u0435\u0441\u0435\u043d \u0437\u0430 \u0438\u043d\u0441\u0442\u0430\u043b\u0438\u0440\u0430\u043d\u0435:<\/strong> Kulka i haczyk umo\u017cliwiaj\u0105 szybkie i pewne mocowanie bez potrzeby stosowania dodatkowych narz\u0119dzi.<\/li>\n<li data-start=\"343\" data-end=\"899\"><strong data-start=\"573\" data-end=\"591\">Uniwersalno\u015b\u0107:<\/strong> Nadaje si\u0119 do plandek, baner\u00f3w reklamowych, namiot\u00f3w, zadasze\u0144, siatek ochronnych i innych zastosowa\u0144.<\/li>\n<li data-start=\"343\" data-end=\"899\"><strong data-start=\"699\" data-end=\"738\">\u0423\u0441\u0442\u043e\u0439\u0447\u0438\u0432\u043e\u0441\u0442 \u043d\u0430 \u0430\u0442\u043c\u043e\u0441\u0444\u0435\u0440\u043d\u0438 \u0432\u043b\u0438\u044f\u043d\u0438\u044f:<\/strong> Wytrzymuje dzia\u0142anie promieni UV, wilgoci oraz skrajnych temperatur.<\/li>\n<li data-start=\"343\" data-end=\"899\"><strong data-start=\"812\" data-end=\"829\">Elastyczno\u015b\u0107:<\/strong> Zapewnia optymalne napi\u0119cie materia\u0142u, redukuj\u0105c ryzyko rozerwania.<\/li>\n<li data-start=\"343\" data-end=\"899\"><strong>\u015arednica kulki:<\/strong> 3 cm<\/li>\n<li data-start=\"343\" data-end=\"899\"><strong>\u0414\u044a\u043b\u0436\u0438\u043d\u0430:<\/strong> 30 cm<\/li>\n<li><strong>Dost\u0119pna w kolorach:<\/strong> Szary, czerwony<\/li>\n<\/ul>\n<h3 data-start=\"901\" data-end=\"924\"><strong data-start=\"905\" data-end=\"922\">\u041f\u0440\u0438\u043b\u043e\u0436\u0435\u043d\u0438\u0435:<\/strong><\/h3>\n<ul>\n<li data-start=\"925\" data-end=\"1275\"><strong data-start=\"877\" data-end=\"898\">Mocowanie plandek<\/strong> \u2013 Idealna do zabezpieczania os\u0142on na pojazdach, przyczepach i konstrukcjach.<\/li>\n<li data-start=\"925\" data-end=\"1275\"><strong data-start=\"981\" data-end=\"1001\">Banery reklamowe<\/strong> \u2013 Stabilne mocowanie na ogrodzeniach, stoiskach i fasadach budynk\u00f3w.<\/li>\n<li data-start=\"925\" data-end=\"1275\"><strong data-start=\"1076\" data-end=\"1100\">Zadaszenia i namioty<\/strong> \u2013 Niezast\u0105piona przy monta\u017cu konstrukcji plenerowych.<\/li>\n<li data-start=\"925\" data-end=\"1275\"><strong data-start=\"1160\" data-end=\"1179\">Os\u0142ony ogrodowe<\/strong> \u2013 \u015awietna do mocowania siatek cieniuj\u0105cych i os\u0142on przeciwwiatrowych.<\/li>\n<li data-start=\"925\" data-end=\"1275\"><strong data-start=\"1255\" data-end=\"1278\">Utrzymanie porz\u0105dku<\/strong> \u2013 Mo\u017ce s\u0142u\u017cy\u0107 do wi\u0105zania kabli, przewod\u00f3w i innych przedmiot\u00f3w.<\/li>\n<\/ul>\n<h3 data-start=\"1277\" data-end=\"1344\"><strong data-start=\"1281\" data-end=\"1342\">Dlaczego warto wybra\u0107 gumk\u0119 mocuj\u0105c\u0105 z kulk\u0105 i haczykiem?<\/strong><\/h3>\n<p data-start=\"1345\" data-end=\"1627\" data-is-last-node=\"\" data-is-only-node=\"\">Gumki mocuj\u0105ce to niezawodne rozwi\u0105zanie do szybkiego i bezpiecznego monta\u017cu plandek i os\u0142on. Ich elastyczno\u015b\u0107, trwa\u0142o\u015b\u0107 oraz odporno\u015b\u0107 na warunki atmosferyczne sprawiaj\u0105, \u017ce s\u0105 praktycznym i wielokrotnego u\u017cytku akcesorium zar\u00f3wno dla profesjonalist\u00f3w, jak i u\u017cytkownik\u00f3w domowych.<\/p>","protected":false},"excerpt":{"rendered":"<p>Gumka mocuj\u0105ca z kulk\u0105 i haczykiem do plandek Gumka mocuj\u0105ca z kulk\u0105 i haczykiem to wytrzyma\u0142y i elastyczny element monta\u017cowy, kt\u00f3ry u\u0142atwia szybkie i stabilne mocowanie plandek, baner\u00f3w oraz siatek. Dzi\u0119ki swojej konstrukcji zapewnia pewne i elastyczne napi\u0119cie, chroni\u0105c materia\u0142 przed uszkodzeniem. Najwa\u017cniejsze cechy: Wytrzyma\u0142o\u015b\u0107: Wykonana z elastycznej gumy, zapewniaj\u0105cej d\u0142ug\u0105 \u017cywotno\u015b\u0107. \u0141atwy monta\u017c: Kulka [&hellip;]<\/p>","protected":false},"featured_media":4559,"template":"","meta":{"site-sidebar-layout":"default","site-content-layout":"","ast-site-content-layout":"default","site-content-style":"default","site-sidebar-style":"default","ast-global-header-display":"","ast-banner-title-visibility":"","ast-main-header-display":"","ast-hfb-above-header-display":"","ast-hfb-below-header-display":"","ast-hfb-mobile-header-display":"","site-post-title":"","ast-breadcrumbs-content":"","ast-featured-img":"","footer-sml-layout":"","theme-transparent-header-meta":"default","adv-header-id-meta":"","stick-header-meta":"default","header-above-stick-meta":"","header-main-stick-meta":"","header-below-stick-meta":"","astra-migrate-meta-layouts":"set","ast-page-background-enabled":"default","ast-page-background-meta":{"desktop":{"background-color":"var(--ast-global-color-4)","background-image":"","background-repeat":"repeat","background-position":"center center","background-size":"auto","background-attachment":"scroll","background-type":"","background-media":"","overlay-type":"","overlay-color":"","overlay-opacity":"","overlay-gradient":""},"tablet":{"background-color":"","background-image":"","background-repeat":"repeat","background-position":"center center","background-size":"auto","background-attachment":"scroll","background-type":"","background-media":"","overlay-type":"","overlay-color":"","overlay-opacity":"","overlay-gradient":""},"mobile":{"background-color":"","background-image":"","background-repeat":"repeat","background-position":"center center","background-size":"auto","background-attachment":"scroll","background-type":"","background-media":"","overlay-type":"","overlay-color":"","overlay-opacity":"","overlay-gradient":""}},"ast-content-background-meta":{"desktop":{"background-color":"var(--ast-global-color-5)","background-image":"","background-repeat":"repeat","background-position":"center center","background-size":"auto","background-attachment":"scroll","background-type":"","background-media":"","overlay-type":"","overlay-color":"","overlay-opacity":"","overlay-gradient":""},"tablet":{"background-color":"var(--ast-global-color-5)","background-image":"","background-repeat":"repeat","background-position":"center center","background-size":"auto","background-attachment":"scroll","background-type":"","background-media":"","overlay-type":"","overlay-color":"","overlay-opacity":"","overlay-gradient":""},"mobile":{"background-color":"var(--ast-global-color-5)","background-image":"","background-repeat":"repeat","background-position":"center center","background-size":"auto","background-attachment":"scroll","background-type":"","background-media":"","overlay-type":"","overlay-color":"","overlay-opacity":"","overlay-gradient":""}}},"product_brand":[],"product_cat":[188],"product_tag":[],"class_list":{"0":"post-4554","1":"product","2":"type-product","3":"status-publish","4":"has-post-thumbnail","6":"product_cat-gumka-mocujaca-z-haczykiem","7":"desktop-align-left","8":"tablet-align-left","9":"mobile-align-left","10":"ast-product-gallery-layout-horizontal","11":"ast-product-tabs-layout-horizontal","13":"first","14":"instock","15":"shipping-taxable","16":"product-type-simple"},"_links":{"self":[{"href":"https:\/\/wimar.net\/bg\/wp-json\/wp\/v2\/product\/4554","targetHints":{"allow":["GET"]}}],"collection":[{"href":"https:\/\/wimar.net\/bg\/wp-json\/wp\/v2\/product"}],"about":[{"href":"https:\/\/wimar.net\/bg\/wp-json\/wp\/v2\/types\/product"}],"version-history":[{"count":3,"href":"https:\/\/wimar.net\/bg\/wp-json\/wp\/v2\/product\/4554\/revisions"}],"predecessor-version":[{"id":7392,"href":"https:\/\/wimar.net\/bg\/wp-json\/wp\/v2\/product\/4554\/revisions\/7392"}],"wp:featuredmedia":[{"embeddable":true,"href":"https:\/\/wimar.net\/bg\/wp-json\/wp\/v2\/media\/4559"}],"wp:attachment":[{"href":"https:\/\/wimar.net\/bg\/wp-json\/wp\/v2\/media?parent=4554"}],"wp:term":[{"taxonomy":"product_brand","embeddable":true,"href":"https:\/\/wimar.net\/bg\/wp-json\/wp\/v2\/product_brand?post=4554"},{"taxonomy":"product_cat","embeddable":true,"href":"https:\/\/wimar.net\/bg\/wp-json\/wp\/v2\/product_cat?post=4554"},{"taxonomy":"product_tag","embeddable":true,"href":"https:\/\/wimar.net\/bg\/wp-json\/wp\/v2\/product_tag?post=4554"}],"curies":[{"name":"wp","href":"https:\/\/api.w.org\/{rel}","templated":true}]}}