{"id":4658,"date":"2025-02-25T13:33:06","date_gmt":"2025-02-25T12:33:06","guid":{"rendered":"https:\/\/wimar.net\/?post_type=product&#038;p=4658"},"modified":"2025-02-25T13:42:27","modified_gmt":"2025-02-25T12:42:27","slug":"noze-wymienne-do-tapenerow-max-hr-f","status":"publish","type":"product","link":"https:\/\/wimar.net\/bg\/product-2\/noze-wymienne-do-tapenerow-max-hr-f\/","title":{"rendered":"No\u017ce wymienne do tapener\u00f3w MAX HR-F"},"content":{"rendered":"<h3 data-start=\"0\" data-end=\"41\"><strong data-start=\"0\" data-end=\"39\">No\u017ce wymienne do tapenera typu HR-F<\/strong><\/h3>\n<p data-start=\"0\" data-end=\"41\">No\u017ce wymienne do tapenera HR-F to wysokiej jako\u015bci ostrza przeznaczone do precyzyjnego ci\u0119cia ta\u015bmy w urz\u0105dzeniach do wi\u0105zania ro\u015blin. Wykonane z wytrzyma\u0142ej stali, zapewniaj\u0105 d\u0142ugotrwa\u0142\u0105 ostro\u015b\u0107 i niezawodno\u015b\u0107 podczas u\u017cytkowania.<\/p>\n<h3 data-start=\"278\" data-end=\"308\"><strong data-start=\"282\" data-end=\"306\">\u041e\u0441\u043d\u043e\u0432\u043d\u0438 \u0445\u0430\u0440\u0430\u043a\u0442\u0435\u0440\u0438\u0441\u0442\u0438\u043a\u0438:<\/strong><\/h3>\n<ul>\n<li data-start=\"309\" data-end=\"807\"><strong data-start=\"312\" data-end=\"328\">Wytrzyma\u0142o\u015b\u0107<\/strong> \u2013 No\u017ce wykonane ze stali gwarantuj\u0105 d\u0142ug\u0105 \u017cywotno\u015b\u0107 i precyzyjne ci\u0119cie.<\/li>\n<li data-start=\"309\" data-end=\"807\"><strong data-start=\"417\" data-end=\"429\">Precyzja<\/strong> \u2013 Zapewniaj\u0105 czyste i dok\u0142adne ci\u0119cie ta\u015bmy, co u\u0142atwia proces wi\u0105zania ro\u015blin.<\/li>\n<li data-start=\"309\" data-end=\"807\"><strong data-start=\"515\" data-end=\"532\">\u0141atwa wymiana<\/strong> \u2013 Szybki i prosty monta\u017c pozwala na bezproblemow\u0105 konserwacj\u0119 tapenera.<\/li>\n<li data-start=\"309\" data-end=\"807\"><strong data-start=\"610\" data-end=\"627\">\u041c\u043d\u043e\u0433\u043e\u0444\u0443\u043d\u043a\u0446\u0438\u043e\u043d\u0430\u043b\u043d\u043e\u0441\u0442<\/strong> \u2013 Kompatybilne z tapenerami typu HR-F powszechnie stosowanymi w sadownictwie i ogrodnictwie.<\/li>\n<li data-start=\"309\" data-end=\"807\"><strong>Opakowanie<\/strong> &#8211; 10 szt.<\/li>\n<\/ul>\n<h3 data-start=\"1131\" data-end=\"1182\"><strong data-start=\"1135\" data-end=\"1180\">Dlaczego warto wybra\u0107 no\u017ce wymienne HR-F?<\/strong><\/h3>\n<p data-start=\"1183\" data-end=\"1481\" data-is-last-node=\"\" data-is-only-node=\"\">No\u017ce do tapenera HR-F to niezb\u0119dny element zapewniaj\u0105cy p\u0142ynn\u0105 i efektywn\u0105 prac\u0119 urz\u0105dzenia. Dzi\u0119ki solidnemu wykonaniu i precyzyjnemu ci\u0119ciu, stanowi\u0105 niezawodne akcesorium dla ka\u017cdego, kto zajmuje si\u0119 piel\u0119gnacj\u0105 ro\u015blin. Ich trwa\u0142o\u015b\u0107 i \u0142atwo\u015b\u0107 wymiany czyni\u0105 je praktycznym wyborem na d\u0142ugi czas.<\/p>","protected":false},"excerpt":{"rendered":"<p>No\u017ce wymienne do tapenera typu HR-F No\u017ce wymienne do tapenera HR-F to wysokiej jako\u015bci ostrza przeznaczone do precyzyjnego ci\u0119cia ta\u015bmy w urz\u0105dzeniach do wi\u0105zania ro\u015blin. Wykonane z wytrzyma\u0142ej stali, zapewniaj\u0105 d\u0142ugotrwa\u0142\u0105 ostro\u015b\u0107 i niezawodno\u015b\u0107 podczas u\u017cytkowania. Najwa\u017cniejsze cechy: Wytrzyma\u0142o\u015b\u0107 \u2013 No\u017ce wykonane ze stali gwarantuj\u0105 d\u0142ug\u0105 \u017cywotno\u015b\u0107 i precyzyjne ci\u0119cie. Precyzja \u2013 Zapewniaj\u0105 czyste i [&hellip;]<\/p>","protected":false},"featured_media":4660,"template":"","meta":{"site-sidebar-layout":"default","site-content-layout":"","ast-site-content-layout":"default","site-content-style":"default","site-sidebar-style":"default","ast-global-header-display":"","ast-banner-title-visibility":"","ast-main-header-display":"","ast-hfb-above-header-display":"","ast-hfb-below-header-display":"","ast-hfb-mobile-header-display":"","site-post-title":"","ast-breadcrumbs-content":"","ast-featured-img":"","footer-sml-layout":"","theme-transparent-header-meta":"default","adv-header-id-meta":"","stick-header-meta":"default","header-above-stick-meta":"","header-main-stick-meta":"","header-below-stick-meta":"","astra-migrate-meta-layouts":"set","ast-page-background-enabled":"default","ast-page-background-meta":{"desktop":{"background-color":"var(--ast-global-color-4)","background-image":"","background-repeat":"repeat","background-position":"center center","background-size":"auto","background-attachment":"scroll","background-type":"","background-media":"","overlay-type":"","overlay-color":"","overlay-opacity":"","overlay-gradient":""},"tablet":{"background-color":"","background-image":"","background-repeat":"repeat","background-position":"center center","background-size":"auto","background-attachment":"scroll","background-type":"","background-media":"","overlay-type":"","overlay-color":"","overlay-opacity":"","overlay-gradient":""},"mobile":{"background-color":"","background-image":"","background-repeat":"repeat","background-position":"center center","background-size":"auto","background-attachment":"scroll","background-type":"","background-media":"","overlay-type":"","overlay-color":"","overlay-opacity":"","overlay-gradient":""}},"ast-content-background-meta":{"desktop":{"background-color":"var(--ast-global-color-5)","background-image":"","background-repeat":"repeat","background-position":"center center","background-size":"auto","background-attachment":"scroll","background-type":"","background-media":"","overlay-type":"","overlay-color":"","overlay-opacity":"","overlay-gradient":""},"tablet":{"background-color":"var(--ast-global-color-5)","background-image":"","background-repeat":"repeat","background-position":"center center","background-size":"auto","background-attachment":"scroll","background-type":"","background-media":"","overlay-type":"","overlay-color":"","overlay-opacity":"","overlay-gradient":""},"mobile":{"background-color":"var(--ast-global-color-5)","background-image":"","background-repeat":"repeat","background-position":"center center","background-size":"auto","background-attachment":"scroll","background-type":"","background-media":"","overlay-type":"","overlay-color":"","overlay-opacity":"","overlay-gradient":""}}},"product_brand":[],"product_cat":[341],"product_tag":[],"class_list":{"0":"post-4658","1":"product","2":"type-product","3":"status-publish","4":"has-post-thumbnail","6":"product_cat-noz-do-tapenera-hr-f","7":"desktop-align-left","8":"tablet-align-left","9":"mobile-align-left","10":"ast-product-gallery-layout-horizontal","11":"ast-product-tabs-layout-horizontal","13":"first","14":"instock","15":"shipping-taxable","16":"product-type-simple"},"_links":{"self":[{"href":"https:\/\/wimar.net\/bg\/wp-json\/wp\/v2\/product\/4658","targetHints":{"allow":["GET"]}}],"collection":[{"href":"https:\/\/wimar.net\/bg\/wp-json\/wp\/v2\/product"}],"about":[{"href":"https:\/\/wimar.net\/bg\/wp-json\/wp\/v2\/types\/product"}],"version-history":[{"count":1,"href":"https:\/\/wimar.net\/bg\/wp-json\/wp\/v2\/product\/4658\/revisions"}],"predecessor-version":[{"id":4662,"href":"https:\/\/wimar.net\/bg\/wp-json\/wp\/v2\/product\/4658\/revisions\/4662"}],"wp:featuredmedia":[{"embeddable":true,"href":"https:\/\/wimar.net\/bg\/wp-json\/wp\/v2\/media\/4660"}],"wp:attachment":[{"href":"https:\/\/wimar.net\/bg\/wp-json\/wp\/v2\/media?parent=4658"}],"wp:term":[{"taxonomy":"product_brand","embeddable":true,"href":"https:\/\/wimar.net\/bg\/wp-json\/wp\/v2\/product_brand?post=4658"},{"taxonomy":"product_cat","embeddable":true,"href":"https:\/\/wimar.net\/bg\/wp-json\/wp\/v2\/product_cat?post=4658"},{"taxonomy":"product_tag","embeddable":true,"href":"https:\/\/wimar.net\/bg\/wp-json\/wp\/v2\/product_tag?post=4658"}],"curies":[{"name":"wp","href":"https:\/\/api.w.org\/{rel}","templated":true}]}}