{"id":4691,"date":"2025-02-26T08:17:26","date_gmt":"2025-02-26T07:17:26","guid":{"rendered":"https:\/\/wimar.net\/?post_type=product&#038;p=4691"},"modified":"2025-09-03T14:38:22","modified_gmt":"2025-09-03T12:38:22","slug":"wezyk-sadowniczy-elastic-4x05mm-zolty-rolka-5kg","status":"publish","type":"product","link":"https:\/\/wimar.net\/bg\/product-2\/wezyk-sadowniczy-elastic-4x05mm-zolty-rolka-5kg\/","title":{"rendered":"\u0415\u043b\u0430\u0441\u0442\u0438\u0447\u0435\u043d \u043c\u0430\u0440\u043a\u0443\u0447 4\u00d70,5 \u043c\u043c \u0436\u044a\u043b\u0442\u0430 \u0440\u043e\u043b\u043a\u0430 5 \u043a\u0433"},"content":{"rendered":"<h3 data-start=\"0\" data-end=\"31\">W\u0105\u017c sadowniczy 4&#215;0,5 mm<\/h3>\n<p data-start=\"0\" data-end=\"31\">W\u0119\u017cyk sadowniczy 4&#215;0,5 mm to elastyczne i wytrzyma\u0142e rozwi\u0105zanie przeznaczone do mocowania i podtrzymywania ro\u015blin w sadach, ogrodach oraz szk\u00f3\u0142kach. Dzi\u0119ki odpowiedniej gi\u0119tko\u015bci i odporno\u015bci na warunki atmosferyczne, zapewnia stabilno\u015b\u0107 ro\u015blinom bez ich uszkadzania.<\/p>\n<h3><strong data-start=\"326\" data-end=\"350\">\u041e\u0441\u043d\u043e\u0432\u043d\u0438 \u0445\u0430\u0440\u0430\u043a\u0442\u0435\u0440\u0438\u0441\u0442\u0438\u043a\u0438:<\/strong><\/h3>\n<ul>\n<li data-start=\"326\" data-end=\"937\"><strong data-start=\"355\" data-end=\"372\">\u0423\u0441\u0442\u043e\u0439\u0447\u0438\u0432\u043e\u0441\u0442:<\/strong> Wykonany z elastycznego, odpornego na warunki zewn\u0119trzne materia\u0142u, kt\u00f3ry zapewnia d\u0142ug\u0105 \u017cywotno\u015b\u0107.<\/li>\n<li data-start=\"326\" data-end=\"937\"><strong data-start=\"477\" data-end=\"494\">Elastyczno\u015b\u0107:<\/strong> Dopasowuje si\u0119 do ro\u015bliny, nie powoduj\u0105c jej uszkodze\u0144 ani ucisk\u00f3w.<\/li>\n<li data-start=\"326\" data-end=\"937\"><strong data-start=\"567\" data-end=\"606\">\u0423\u0441\u0442\u043e\u0439\u0447\u0438\u0432\u043e\u0441\u0442 \u043d\u0430 \u0430\u0442\u043c\u043e\u0441\u0444\u0435\u0440\u043d\u0438 \u0432\u043b\u0438\u044f\u043d\u0438\u044f:<\/strong> Niezmienna jako\u015b\u0107 nawet przy d\u0142ugotrwa\u0142ej ekspozycji na s\u0142o\u0144ce, deszcz i mr\u00f3z.<\/li>\n<li data-start=\"326\" data-end=\"937\"><strong data-start=\"690\" data-end=\"714\">\u0141atwo\u015b\u0107 u\u017cytkowania:<\/strong> Mo\u017cliwo\u015b\u0107 wielokrotnego stosowania, \u0142atwe przycinanie na potrzebn\u0105 d\u0142ugo\u015b\u0107.<\/li>\n<li data-start=\"326\" data-end=\"937\"><strong data-start=\"795\" data-end=\"813\">Uniwersalno\u015b\u0107:<\/strong> Nadaje si\u0119 do stosowania w sadach, ogrodach warzywnych, przy uprawie winoro\u015bli i innych ro\u015blin wymagaj\u0105cych stabilizacji.<\/li>\n<li data-start=\"326\" data-end=\"937\"><strong>\u015arednica:<\/strong> 4 mm<\/li>\n<li data-start=\"326\" data-end=\"937\"><strong>Gubo\u015b\u0107 \u015bcianki:<\/strong> 0,5mm<\/li>\n<li data-start=\"326\" data-end=\"937\"><strong>Wydajno\u015b\u0107:<\/strong> 520mb<\/li>\n<\/ul>\n<h3><strong data-start=\"939\" data-end=\"956\">\u041f\u0440\u0438\u043b\u043e\u0436\u0435\u043d\u0438\u0435:<\/strong><\/h3>\n<ul>\n<li data-start=\"939\" data-end=\"1369\"><strong data-start=\"962\" data-end=\"1007\">Podwi\u0105zywanie drzewek i krzew\u00f3w owocowych<\/strong> \u2013 idealne do stabilizowania jab\u0142oni, grusz, czere\u015bni i innych ro\u015blin.<\/li>\n<li data-start=\"939\" data-end=\"1369\"><strong data-start=\"1083\" data-end=\"1115\">Uprawa winoro\u015bli i pomidor\u00f3w<\/strong> \u2013 wspiera ro\u015bliny pn\u0105ce, nie powoduj\u0105c ich uszkodze\u0144.<\/li>\n<li data-start=\"939\" data-end=\"1369\"><strong data-start=\"1175\" data-end=\"1202\">Ogr\u00f3d i szk\u00f3\u0142ki drzewne<\/strong> \u2013 pomaga w formowaniu m\u0142odych ro\u015blin i ich prawid\u0142owym wzro\u015bcie.<\/li>\n<li data-start=\"939\" data-end=\"1369\"><strong data-start=\"1273\" data-end=\"1307\">Mocowanie element\u00f3w w ogrodzie<\/strong> \u2013 przydatny tak\u017ce do mocowania lekkich konstrukcji i os\u0142on.<\/li>\n<\/ul>\n<h3 data-start=\"1371\" data-end=\"1687\"><strong data-start=\"1371\" data-end=\"1423\">Dlaczego warto wybra\u0107 w\u0119\u017cyk sadowniczy 4&#215;0,5 mm?<\/strong><\/h3>\n<p data-start=\"1371\" data-end=\"1687\">To praktyczne, trwa\u0142e i ekologiczne rozwi\u0105zanie, kt\u00f3re u\u0142atwia piel\u0119gnacj\u0119 ro\u015blin i zapewnia ich prawid\u0142owy wzrost. Dzi\u0119ki wysokiej jako\u015bci wykonania w\u0119\u017cyk mo\u017ce by\u0107 stosowany wielokrotnie, co czyni go ekonomicznym wyborem dla sadownik\u00f3w, ogrodnik\u00f3w i hobbyst\u00f3w.<\/p>","protected":false},"excerpt":{"rendered":"<p>W\u0105\u017c sadowniczy 4&#215;0,5 mm W\u0119\u017cyk sadowniczy 4&#215;0,5 mm to elastyczne i wytrzyma\u0142e rozwi\u0105zanie przeznaczone do mocowania i podtrzymywania ro\u015blin w sadach, ogrodach oraz szk\u00f3\u0142kach. Dzi\u0119ki odpowiedniej gi\u0119tko\u015bci i odporno\u015bci na warunki atmosferyczne, zapewnia stabilno\u015b\u0107 ro\u015blinom bez ich uszkadzania. Najwa\u017cniejsze cechy: Wytrzyma\u0142o\u015b\u0107: Wykonany z elastycznego, odpornego na warunki zewn\u0119trzne materia\u0142u, kt\u00f3ry zapewnia d\u0142ug\u0105 \u017cywotno\u015b\u0107. Elastyczno\u015b\u0107: Dopasowuje [&hellip;]<\/p>","protected":false},"featured_media":6844,"template":"","meta":{"site-sidebar-layout":"default","site-content-layout":"","ast-site-content-layout":"default","site-content-style":"default","site-sidebar-style":"default","ast-global-header-display":"","ast-banner-title-visibility":"","ast-main-header-display":"","ast-hfb-above-header-display":"","ast-hfb-below-header-display":"","ast-hfb-mobile-header-display":"","site-post-title":"","ast-breadcrumbs-content":"","ast-featured-img":"","footer-sml-layout":"","theme-transparent-header-meta":"default","adv-header-id-meta":"","stick-header-meta":"default","header-above-stick-meta":"","header-main-stick-meta":"","header-below-stick-meta":"","astra-migrate-meta-layouts":"set","ast-page-background-enabled":"default","ast-page-background-meta":{"desktop":{"background-color":"var(--ast-global-color-4)","background-image":"","background-repeat":"repeat","background-position":"center center","background-size":"auto","background-attachment":"scroll","background-type":"","background-media":"","overlay-type":"","overlay-color":"","overlay-opacity":"","overlay-gradient":""},"tablet":{"background-color":"","background-image":"","background-repeat":"repeat","background-position":"center center","background-size":"auto","background-attachment":"scroll","background-type":"","background-media":"","overlay-type":"","overlay-color":"","overlay-opacity":"","overlay-gradient":""},"mobile":{"background-color":"","background-image":"","background-repeat":"repeat","background-position":"center center","background-size":"auto","background-attachment":"scroll","background-type":"","background-media":"","overlay-type":"","overlay-color":"","overlay-opacity":"","overlay-gradient":""}},"ast-content-background-meta":{"desktop":{"background-color":"var(--ast-global-color-5)","background-image":"","background-repeat":"repeat","background-position":"center center","background-size":"auto","background-attachment":"scroll","background-type":"","background-media":"","overlay-type":"","overlay-color":"","overlay-opacity":"","overlay-gradient":""},"tablet":{"background-color":"var(--ast-global-color-5)","background-image":"","background-repeat":"repeat","background-position":"center center","background-size":"auto","background-attachment":"scroll","background-type":"","background-media":"","overlay-type":"","overlay-color":"","overlay-opacity":"","overlay-gradient":""},"mobile":{"background-color":"var(--ast-global-color-5)","background-image":"","background-repeat":"repeat","background-position":"center center","background-size":"auto","background-attachment":"scroll","background-type":"","background-media":"","overlay-type":"","overlay-color":"","overlay-opacity":"","overlay-gradient":""}}},"product_brand":[],"product_cat":[290],"product_tag":[],"class_list":{"0":"post-4691","1":"product","2":"type-product","3":"status-publish","4":"has-post-thumbnail","6":"product_cat-waz-4x05-elastic-zolty-rolka-5kg","7":"desktop-align-left","8":"tablet-align-left","9":"mobile-align-left","10":"ast-product-gallery-layout-horizontal","11":"ast-product-tabs-layout-horizontal","13":"first","14":"instock","15":"shipping-taxable","16":"product-type-simple"},"_links":{"self":[{"href":"https:\/\/wimar.net\/bg\/wp-json\/wp\/v2\/product\/4691","targetHints":{"allow":["GET"]}}],"collection":[{"href":"https:\/\/wimar.net\/bg\/wp-json\/wp\/v2\/product"}],"about":[{"href":"https:\/\/wimar.net\/bg\/wp-json\/wp\/v2\/types\/product"}],"version-history":[{"count":1,"href":"https:\/\/wimar.net\/bg\/wp-json\/wp\/v2\/product\/4691\/revisions"}],"predecessor-version":[{"id":4694,"href":"https:\/\/wimar.net\/bg\/wp-json\/wp\/v2\/product\/4691\/revisions\/4694"}],"wp:featuredmedia":[{"embeddable":true,"href":"https:\/\/wimar.net\/bg\/wp-json\/wp\/v2\/media\/6844"}],"wp:attachment":[{"href":"https:\/\/wimar.net\/bg\/wp-json\/wp\/v2\/media?parent=4691"}],"wp:term":[{"taxonomy":"product_brand","embeddable":true,"href":"https:\/\/wimar.net\/bg\/wp-json\/wp\/v2\/product_brand?post=4691"},{"taxonomy":"product_cat","embeddable":true,"href":"https:\/\/wimar.net\/bg\/wp-json\/wp\/v2\/product_cat?post=4691"},{"taxonomy":"product_tag","embeddable":true,"href":"https:\/\/wimar.net\/bg\/wp-json\/wp\/v2\/product_tag?post=4691"}],"curies":[{"name":"wp","href":"https:\/\/api.w.org\/{rel}","templated":true}]}}