{"id":4821,"date":"2025-02-27T15:36:43","date_gmt":"2025-02-27T14:36:43","guid":{"rendered":"https:\/\/wimar.net\/?post_type=product&#038;p=4821"},"modified":"2026-02-11T13:17:54","modified_gmt":"2026-02-11T12:17:54","slug":"tyczki-paliki-szkolkarskie-z-wlokna-szklanego-130cmx8mm","status":"publish","type":"product","link":"https:\/\/wimar.net\/bg\/product-2\/tyczki-paliki-szkolkarskie-z-wlokna-szklanego-130cmx8mm\/","title":{"rendered":"\u0421\u0442\u044a\u043a\u043b\u0430 \u043e\u0442 \u0444\u0438\u0431\u0440\u043e\u0441\u0442\u044a\u043a\u043b\u043e, \u043a\u043e\u043b\u043e\u0432\u0435 \u0437\u0430 \u0434\u0435\u0442\u0441\u043a\u0438 \u0433\u0440\u0430\u0434\u0438\u043d\u0438 130cmx8mm"},"content":{"rendered":"<h3 data-start=\"0\" data-end=\"66\">Tyczki szk\u00f3\u0142karskie z w\u0142\u00f3kna szklanego<\/h3>\n<p data-start=\"68\" data-end=\"342\">Tyczki szk\u00f3\u0142karskie wykonane z w\u0142\u00f3kna szklanego to trwa\u0142e i niezawodne rozwi\u0105zanie do podpierania ro\u015blin w szk\u00f3\u0142kach, ogrodach i sadach. Dzi\u0119ki swojej elastyczno\u015bci i odporno\u015bci na warunki atmosferyczne, stanowi\u0105 doskona\u0142\u0105 alternatyw\u0119 dla tradycyjnych palik\u00f3w drewnianych.<\/p>\n<h3 data-start=\"344\" data-end=\"375\"><strong data-start=\"349\" data-end=\"373\">\u041e\u0441\u043d\u043e\u0432\u043d\u0438 \u0445\u0430\u0440\u0430\u043a\u0442\u0435\u0440\u0438\u0441\u0442\u0438\u043a\u0438:<\/strong><\/h3>\n<ul>\n<li data-start=\"377\" data-end=\"988\"><strong data-start=\"379\" data-end=\"396\">\u0423\u0441\u0442\u043e\u0439\u0447\u0438\u0432\u043e\u0441\u0442:<\/strong> Odporne na z\u0142amania i uszkodzenia mechaniczne, zachowuj\u0105 swoj\u0105 funkcjonalno\u015b\u0107 przez d\u0142ugie lata.<\/li>\n<li data-start=\"377\" data-end=\"988\"><strong data-start=\"498\" data-end=\"537\">\u0423\u0441\u0442\u043e\u0439\u0447\u0438\u0432\u043e\u0441\u0442 \u043d\u0430 \u0430\u0442\u043c\u043e\u0441\u0444\u0435\u0440\u043d\u0438 \u0432\u043b\u0438\u044f\u043d\u0438\u044f:<\/strong> Nie ch\u0142on\u0105 wody, nie gnij\u0105 i nie koroduj\u0105, dzi\u0119ki czemu s\u0105 odporne na deszcz, \u015bnieg i promieniowanie UV.<\/li>\n<li data-start=\"377\" data-end=\"988\"><strong data-start=\"647\" data-end=\"664\">Elastyczno\u015b\u0107:<\/strong> Dostosowuj\u0105 si\u0119 do wzrostu ro\u015blin, zapewniaj\u0105c im stabilne podparcie bez ryzyka uszkodzenia \u0142odyg.<\/li>\n<li data-start=\"377\" data-end=\"988\"><strong data-start=\"768\" data-end=\"780\">Lekko\u015b\u0107:<\/strong> \u0141atwe w transporcie i monta\u017cu, a jednocze\u015bnie wystarczaj\u0105co stabilne, by utrzyma\u0107 nawet wi\u0119ksze ro\u015bliny.<\/li>\n<li data-start=\"377\" data-end=\"988\"><strong data-start=\"890\" data-end=\"909\">Bezpiecze\u0144stwo:<\/strong> G\u0142adka powierzchnia minimalizuje ryzyko otar\u0107 i uszkodze\u0144 delikatnych p\u0119d\u00f3w.<\/li>\n<li data-start=\"377\" data-end=\"988\"><strong>\u0414\u044a\u043b\u0436\u0438\u043d\u0430:<\/strong> 130 cm<\/li>\n<li data-start=\"377\" data-end=\"988\"><strong>\u015arednica:<\/strong> 8 mm<\/li>\n<\/ul>\n<h3 data-start=\"990\" data-end=\"1014\"><strong data-start=\"995\" data-end=\"1012\">\u041f\u0440\u0438\u043b\u043e\u0436\u0435\u043d\u0438\u0435:<\/strong><\/h3>\n<ul>\n<li data-start=\"1016\" data-end=\"1491\"><strong data-start=\"1019\" data-end=\"1050\">Szk\u00f3\u0142karstwo i ogrodnictwo:<\/strong> Idealne do podpierania m\u0142odych drzewek, krzew\u00f3w oraz warzyw pn\u0105cych, takich jak pomidory czy fasola.<\/li>\n<li data-start=\"1016\" data-end=\"1491\"><strong data-start=\"1157\" data-end=\"1173\">Sadownictwo:<\/strong> Doskona\u0142e jako podpory dla drzew owocowych w pocz\u0105tkowych latach wzrostu.<\/li>\n<li data-start=\"1016\" data-end=\"1491\"><strong data-start=\"1253\" data-end=\"1285\">Uprawy tunelowe i szklarnie:<\/strong> Wspieraj\u0105 ro\u015bliny uprawiane w warunkach kontrolowanych, zapewniaj\u0105c im prawid\u0142owy rozw\u00f3j.<\/li>\n<li data-start=\"1016\" data-end=\"1491\"><strong data-start=\"1381\" data-end=\"1395\">Rolnictwo:<\/strong> U\u017cywane w plantacjach winoro\u015bli i chmielu, pomagaj\u0105 w formowaniu prawid\u0142owego pokroju ro\u015blin.<\/li>\n<\/ul>\n<h3 data-start=\"1493\" data-end=\"1565\"><strong data-start=\"1498\" data-end=\"1563\">Dlaczego warto wybra\u0107 tyczki szk\u00f3\u0142karskie z w\u0142\u00f3kna szklanego?<\/strong><\/h3>\n<p data-start=\"1567\" data-end=\"1898\" data-is-last-node=\"\" data-is-only-node=\"\">Paliki z w\u0142\u00f3kna szklanego to inwestycja w trwa\u0142o\u015b\u0107 i wygod\u0119. Ich d\u0142ugowieczno\u015b\u0107, odporno\u015b\u0107 na czynniki zewn\u0119trzne oraz uniwersalne zastosowanie sprawiaj\u0105, \u017ce s\u0105 niezast\u0105pione w profesjonalnych uprawach oraz przydomowych ogrodach. Wybieraj\u0105c je, zapewniasz swoim ro\u015blinom stabilno\u015b\u0107 i optymalne warunki do wzrostu przez d\u0142ugie lata.<\/p>","protected":false},"excerpt":{"rendered":"<p>Tyczki szk\u00f3\u0142karskie z w\u0142\u00f3kna szklanego Tyczki szk\u00f3\u0142karskie wykonane z w\u0142\u00f3kna szklanego to trwa\u0142e i niezawodne rozwi\u0105zanie do podpierania ro\u015blin w szk\u00f3\u0142kach, ogrodach i sadach. Dzi\u0119ki swojej elastyczno\u015bci i odporno\u015bci na warunki atmosferyczne, stanowi\u0105 doskona\u0142\u0105 alternatyw\u0119 dla tradycyjnych palik\u00f3w drewnianych. Najwa\u017cniejsze cechy: Wytrzyma\u0142o\u015b\u0107: Odporne na z\u0142amania i uszkodzenia mechaniczne, zachowuj\u0105 swoj\u0105 funkcjonalno\u015b\u0107 przez d\u0142ugie lata. Odporno\u015b\u0107 [&hellip;]<\/p>","protected":false},"featured_media":4818,"template":"","meta":{"site-sidebar-layout":"default","site-content-layout":"","ast-site-content-layout":"default","site-content-style":"default","site-sidebar-style":"default","ast-global-header-display":"","ast-banner-title-visibility":"","ast-main-header-display":"","ast-hfb-above-header-display":"","ast-hfb-below-header-display":"","ast-hfb-mobile-header-display":"","site-post-title":"","ast-breadcrumbs-content":"","ast-featured-img":"","footer-sml-layout":"","theme-transparent-header-meta":"default","adv-header-id-meta":"","stick-header-meta":"default","header-above-stick-meta":"","header-main-stick-meta":"","header-below-stick-meta":"","astra-migrate-meta-layouts":"set","ast-page-background-enabled":"default","ast-page-background-meta":{"desktop":{"background-color":"var(--ast-global-color-4)","background-image":"","background-repeat":"repeat","background-position":"center center","background-size":"auto","background-attachment":"scroll","background-type":"","background-media":"","overlay-type":"","overlay-color":"","overlay-opacity":"","overlay-gradient":""},"tablet":{"background-color":"","background-image":"","background-repeat":"repeat","background-position":"center center","background-size":"auto","background-attachment":"scroll","background-type":"","background-media":"","overlay-type":"","overlay-color":"","overlay-opacity":"","overlay-gradient":""},"mobile":{"background-color":"","background-image":"","background-repeat":"repeat","background-position":"center center","background-size":"auto","background-attachment":"scroll","background-type":"","background-media":"","overlay-type":"","overlay-color":"","overlay-opacity":"","overlay-gradient":""}},"ast-content-background-meta":{"desktop":{"background-color":"var(--ast-global-color-5)","background-image":"","background-repeat":"repeat","background-position":"center center","background-size":"auto","background-attachment":"scroll","background-type":"","background-media":"","overlay-type":"","overlay-color":"","overlay-opacity":"","overlay-gradient":""},"tablet":{"background-color":"var(--ast-global-color-5)","background-image":"","background-repeat":"repeat","background-position":"center center","background-size":"auto","background-attachment":"scroll","background-type":"","background-media":"","overlay-type":"","overlay-color":"","overlay-opacity":"","overlay-gradient":""},"mobile":{"background-color":"var(--ast-global-color-5)","background-image":"","background-repeat":"repeat","background-position":"center center","background-size":"auto","background-attachment":"scroll","background-type":"","background-media":"","overlay-type":"","overlay-color":"","overlay-opacity":"","overlay-gradient":""}}},"product_brand":[],"product_cat":[320],"product_tag":[],"class_list":{"0":"post-4821","1":"product","2":"type-product","3":"status-publish","4":"has-post-thumbnail","6":"product_cat-tyczka-130x8","7":"desktop-align-left","8":"tablet-align-left","9":"mobile-align-left","10":"ast-product-gallery-layout-horizontal","11":"ast-product-tabs-layout-horizontal","13":"first","14":"instock","15":"shipping-taxable","16":"product-type-simple"},"_links":{"self":[{"href":"https:\/\/wimar.net\/bg\/wp-json\/wp\/v2\/product\/4821","targetHints":{"allow":["GET"]}}],"collection":[{"href":"https:\/\/wimar.net\/bg\/wp-json\/wp\/v2\/product"}],"about":[{"href":"https:\/\/wimar.net\/bg\/wp-json\/wp\/v2\/types\/product"}],"version-history":[{"count":1,"href":"https:\/\/wimar.net\/bg\/wp-json\/wp\/v2\/product\/4821\/revisions"}],"predecessor-version":[{"id":4822,"href":"https:\/\/wimar.net\/bg\/wp-json\/wp\/v2\/product\/4821\/revisions\/4822"}],"wp:featuredmedia":[{"embeddable":true,"href":"https:\/\/wimar.net\/bg\/wp-json\/wp\/v2\/media\/4818"}],"wp:attachment":[{"href":"https:\/\/wimar.net\/bg\/wp-json\/wp\/v2\/media?parent=4821"}],"wp:term":[{"taxonomy":"product_brand","embeddable":true,"href":"https:\/\/wimar.net\/bg\/wp-json\/wp\/v2\/product_brand?post=4821"},{"taxonomy":"product_cat","embeddable":true,"href":"https:\/\/wimar.net\/bg\/wp-json\/wp\/v2\/product_cat?post=4821"},{"taxonomy":"product_tag","embeddable":true,"href":"https:\/\/wimar.net\/bg\/wp-json\/wp\/v2\/product_tag?post=4821"}],"curies":[{"name":"wp","href":"https:\/\/api.w.org\/{rel}","templated":true}]}}