{"id":4828,"date":"2025-03-04T09:23:59","date_gmt":"2025-03-04T08:23:59","guid":{"rendered":"https:\/\/wimar.net\/?post_type=product&#038;p=4828"},"modified":"2025-03-25T10:42:54","modified_gmt":"2025-03-25T09:42:54","slug":"gilotyna-szkolkarska-scionon-sgc6","status":"publish","type":"product","link":"https:\/\/wimar.net\/bg\/product-2\/gilotyna-szkolkarska-scionon-sgc6\/","title":{"rendered":"\u0414\u0435\u0442\u0441\u043a\u0430 \u0441\u0442\u0430\u044f \u0441 \u0433\u0438\u043b\u043e\u0442\u0438\u043d\u0430 SCIONON SGC6"},"content":{"rendered":"<h3 data-start=\"0\" data-end=\"66\">Gilotyna szk\u00f3\u0142karska<\/h3>\n<p data-start=\"68\" data-end=\"342\">Gilotyna Scionon jest to urz\u0105dzenie do monta\u017cu na stole, kt\u00f3re zapewnia wi\u0119ksze bezpiecze\u0144stwo i produktywno\u015b\u0107 od nowicjuszy po do\u015bwiadczonych szk\u00f3\u0142karzy. Dzi\u0119ki niemu masz mo\u017cliwo\u015b\u0107 \u0142atwego i dok\u0142adnego przeszczepu trudnych technicznie szczepie\u0144 z podw\u00f3jnym naci\u0119ciem lub wst\u0119pnego przygotowania zraz\u00f3w wielu innych r\u00f3\u017cnych typ\u00f3w przeszczep\u00f3w do p\u00f3\u017aniejszego wykorzystania w terenie. Dla wygody urz\u0105dzenie jest przeno\u015bne i mo\u017ce by\u0107 u\u017cywane nawet w polu w pobli\u017cu miejsca pracy.<\/p>\n<h3 data-start=\"86\" data-end=\"112\"><strong data-start=\"86\" data-end=\"110\">\u041e\u0441\u043d\u043e\u0432\u043d\u0438 \u0445\u0430\u0440\u0430\u043a\u0442\u0435\u0440\u0438\u0441\u0442\u0438\u043a\u0438:<\/strong><\/h3>\n<ul>\n<li data-start=\"114\" data-end=\"708\"><strong data-start=\"116\" data-end=\"142\">Precyzja i Efektywno\u015b\u0107<\/strong> \u2013 SCIONON SGC6 umo\u017cliwia szybkie i dok\u0142adne ci\u0119cie podk\u0142adek i zraz\u00f3w, co zwi\u0119ksza skuteczno\u015b\u0107 szczepienia ro\u015blin.<\/li>\n<li data-start=\"114\" data-end=\"708\"><strong data-start=\"262\" data-end=\"285\">Solidna Konstrukcja<\/strong> \u2013 Wykonana z wysokiej jako\u015bci materia\u0142\u00f3w, zapewnia d\u0142ug\u0105 \u017cywotno\u015b\u0107 i niezawodno\u015b\u0107 w u\u017cytkowaniu.<\/li>\n<li data-start=\"114\" data-end=\"708\"><strong data-start=\"387\" data-end=\"410\">Ergonomiczny Design<\/strong> \u2013 Intuicyjna obs\u0142uga pozwala na komfortow\u0105 prac\u0119 nawet przy wi\u0119kszej liczbie szczepie\u0144.<\/li>\n<li data-start=\"114\" data-end=\"708\"><strong data-start=\"606\" data-end=\"629\">\u0141atwo\u015b\u0107 U\u017cytkowania<\/strong> \u2013 Mo\u017ce by\u0107 u\u017cywana zar\u00f3wno przez profesjonalist\u00f3w, jak i osoby pocz\u0105tkuj\u0105ce.<\/li>\n<\/ul>\n<h3 data-start=\"710\" data-end=\"729\"><strong data-start=\"710\" data-end=\"727\">\u041f\u0440\u0438\u043b\u043e\u0436\u0435\u043d\u0438\u0435:<\/strong><\/h3>\n<ul>\n<li data-start=\"731\" data-end=\"1060\"><strong data-start=\"734\" data-end=\"764\">Szk\u00f3\u0142karstwo i Sadownictwo<\/strong> \u2013 Idealna do precyzyjnego szczepienia drzewek owocowych, krzew\u00f3w i ro\u015blin ozdobnych.<\/li>\n<li data-start=\"731\" data-end=\"1060\"><strong data-start=\"855\" data-end=\"877\">Produkcja Ro\u015blinna<\/strong> \u2013 Niezast\u0105piona w profesjonalnych szk\u00f3\u0142kach ro\u015blinnych oraz gospodarstwach rolnych.<\/li>\n<li data-start=\"731\" data-end=\"1060\"><strong data-start=\"967\" data-end=\"991\">Warsztaty i Edukacja<\/strong> \u2013 Doskona\u0142e narz\u0119dzie do nauki i doskonalenia technik szczepienia.<\/li>\n<\/ul>\n<h3 data-start=\"1062\" data-end=\"1103\"><strong data-start=\"1062\" data-end=\"1101\">Dlaczego warto wybra\u0107 SCIONON SGC6?<\/strong><\/h3>\n<p data-start=\"1105\" data-end=\"1452\" data-is-last-node=\"\" data-is-only-node=\"\">Gilotyna szk\u00f3\u0142karska SCIONON SGC6 to innowacyjne narz\u0119dzie, kt\u00f3re znacz\u0105co u\u0142atwia i przyspiesza proces szczepienia. Jej wszechstronno\u015b\u0107, precyzja i solidno\u015b\u0107 sprawiaj\u0105, \u017ce jest niezast\u0105piona zar\u00f3wno dla profesjonalnych szk\u00f3\u0142karzy, jak i hobbyst\u00f3w. Dzi\u0119ki niej mo\u017cna osi\u0105gn\u0105\u0107 wysok\u0105 skuteczno\u015b\u0107 szczepie\u0144 oraz poprawi\u0107 jako\u015b\u0107 produkowanych ro\u015blin.<\/p>","protected":false},"excerpt":{"rendered":"<p>Gilotyna szk\u00f3\u0142karska Gilotyna Scionon jest to urz\u0105dzenie do monta\u017cu na stole, kt\u00f3re zapewnia wi\u0119ksze bezpiecze\u0144stwo i produktywno\u015b\u0107 od nowicjuszy po do\u015bwiadczonych szk\u00f3\u0142karzy. Dzi\u0119ki niemu masz mo\u017cliwo\u015b\u0107 \u0142atwego i dok\u0142adnego przeszczepu trudnych technicznie szczepie\u0144 z podw\u00f3jnym naci\u0119ciem lub wst\u0119pnego przygotowania zraz\u00f3w wielu innych r\u00f3\u017cnych typ\u00f3w przeszczep\u00f3w do p\u00f3\u017aniejszego wykorzystania w terenie. Dla wygody urz\u0105dzenie jest przeno\u015bne [&hellip;]<\/p>","protected":false},"featured_media":4830,"template":"","meta":{"site-sidebar-layout":"default","site-content-layout":"","ast-site-content-layout":"default","site-content-style":"default","site-sidebar-style":"default","ast-global-header-display":"","ast-banner-title-visibility":"","ast-main-header-display":"","ast-hfb-above-header-display":"","ast-hfb-below-header-display":"","ast-hfb-mobile-header-display":"","site-post-title":"","ast-breadcrumbs-content":"","ast-featured-img":"","footer-sml-layout":"","theme-transparent-header-meta":"default","adv-header-id-meta":"","stick-header-meta":"default","header-above-stick-meta":"","header-main-stick-meta":"","header-below-stick-meta":"","astra-migrate-meta-layouts":"set","ast-page-background-enabled":"default","ast-page-background-meta":{"desktop":{"background-color":"var(--ast-global-color-4)","background-image":"","background-repeat":"repeat","background-position":"center center","background-size":"auto","background-attachment":"scroll","background-type":"","background-media":"","overlay-type":"","overlay-color":"","overlay-opacity":"","overlay-gradient":""},"tablet":{"background-color":"","background-image":"","background-repeat":"repeat","background-position":"center center","background-size":"auto","background-attachment":"scroll","background-type":"","background-media":"","overlay-type":"","overlay-color":"","overlay-opacity":"","overlay-gradient":""},"mobile":{"background-color":"","background-image":"","background-repeat":"repeat","background-position":"center center","background-size":"auto","background-attachment":"scroll","background-type":"","background-media":"","overlay-type":"","overlay-color":"","overlay-opacity":"","overlay-gradient":""}},"ast-content-background-meta":{"desktop":{"background-color":"var(--ast-global-color-5)","background-image":"","background-repeat":"repeat","background-position":"center center","background-size":"auto","background-attachment":"scroll","background-type":"","background-media":"","overlay-type":"","overlay-color":"","overlay-opacity":"","overlay-gradient":""},"tablet":{"background-color":"var(--ast-global-color-5)","background-image":"","background-repeat":"repeat","background-position":"center center","background-size":"auto","background-attachment":"scroll","background-type":"","background-media":"","overlay-type":"","overlay-color":"","overlay-opacity":"","overlay-gradient":""},"mobile":{"background-color":"var(--ast-global-color-5)","background-image":"","background-repeat":"repeat","background-position":"center center","background-size":"auto","background-attachment":"scroll","background-type":"","background-media":"","overlay-type":"","overlay-color":"","overlay-opacity":"","overlay-gradient":""}}},"product_brand":[],"product_cat":[484],"product_tag":[],"class_list":{"0":"post-4828","1":"product","2":"type-product","3":"status-publish","4":"has-post-thumbnail","6":"product_cat-gilotyna-szkolkarska-scionon-sgc6","7":"desktop-align-left","8":"tablet-align-left","9":"mobile-align-left","10":"ast-product-gallery-layout-horizontal","11":"ast-product-tabs-layout-horizontal","13":"first","14":"instock","15":"shipping-taxable","16":"product-type-simple"},"_links":{"self":[{"href":"https:\/\/wimar.net\/bg\/wp-json\/wp\/v2\/product\/4828","targetHints":{"allow":["GET"]}}],"collection":[{"href":"https:\/\/wimar.net\/bg\/wp-json\/wp\/v2\/product"}],"about":[{"href":"https:\/\/wimar.net\/bg\/wp-json\/wp\/v2\/types\/product"}],"version-history":[{"count":1,"href":"https:\/\/wimar.net\/bg\/wp-json\/wp\/v2\/product\/4828\/revisions"}],"predecessor-version":[{"id":4833,"href":"https:\/\/wimar.net\/bg\/wp-json\/wp\/v2\/product\/4828\/revisions\/4833"}],"wp:featuredmedia":[{"embeddable":true,"href":"https:\/\/wimar.net\/bg\/wp-json\/wp\/v2\/media\/4830"}],"wp:attachment":[{"href":"https:\/\/wimar.net\/bg\/wp-json\/wp\/v2\/media?parent=4828"}],"wp:term":[{"taxonomy":"product_brand","embeddable":true,"href":"https:\/\/wimar.net\/bg\/wp-json\/wp\/v2\/product_brand?post=4828"},{"taxonomy":"product_cat","embeddable":true,"href":"https:\/\/wimar.net\/bg\/wp-json\/wp\/v2\/product_cat?post=4828"},{"taxonomy":"product_tag","embeddable":true,"href":"https:\/\/wimar.net\/bg\/wp-json\/wp\/v2\/product_tag?post=4828"}],"curies":[{"name":"wp","href":"https:\/\/api.w.org\/{rel}","templated":true}]}}