{"id":4879,"date":"2025-03-05T09:27:54","date_gmt":"2025-03-05T08:27:54","guid":{"rendered":"https:\/\/wimar.net\/?post_type=product&#038;p=4879"},"modified":"2025-03-05T10:10:15","modified_gmt":"2025-03-05T09:10:15","slug":"saszetki-do-bushli-pochlaniajace-etylen-5g","status":"publish","type":"product","link":"https:\/\/wimar.net\/bg\/product-2\/saszetki-do-bushli-pochlaniajace-etylen-5g\/","title":{"rendered":"\u041f\u043e\u0433\u043b\u044a\u0449\u0430\u0449\u0438 \u0435\u0442\u0438\u043b\u0435\u043d\u0430 \u0441\u0430\u0448\u0435\u0442\u0430 \u0437\u0430 \u0431\u0443\u0448\u043e\u043d\u0438 5g"},"content":{"rendered":"<h3 data-start=\"0\" data-end=\"89\">Saszetki do poch\u0142aniania etylenu<\/h3>\n<p data-start=\"91\" data-end=\"444\">Saszetki do poch\u0142aniania etylenu to innowacyjne rozwi\u0105zanie, kt\u00f3re pomaga przed\u0142u\u017cy\u0107 trwa\u0142o\u015b\u0107 owoc\u00f3w i warzyw. Dzi\u0119ki specjalnemu wype\u0142nieniu poch\u0142aniaj\u0105 nadmiar etylenu \u2013 gazu odpowiedzialnego za przyspieszone dojrzewanie produkt\u00f3w. S\u0105 idealnym wyborem zar\u00f3wno dla gospodarstw domowych, jak i przedsi\u0119biorstw zajmuj\u0105cych si\u0119 przechowywaniem \u017cywno\u015bci.<\/p>\n<h3 data-start=\"446\" data-end=\"472\">\u041e\u0441\u043d\u043e\u0432\u043d\u0438 \u0445\u0430\u0440\u0430\u043a\u0442\u0435\u0440\u0438\u0441\u0442\u0438\u043a\u0438:<\/h3>\n<ul>\n<li data-start=\"474\" data-end=\"1090\"><strong data-start=\"476\" data-end=\"491\">Skuteczno\u015b\u0107<\/strong> \u2013 Redukuj\u0105 st\u0119\u017cenie etylenu, op\u00f3\u017aniaj\u0105c proces dojrzewania i psucia si\u0119 owoc\u00f3w oraz warzyw.<\/li>\n<li data-start=\"474\" data-end=\"1090\"><strong>Wype\u0142nienie<\/strong> &#8211;\u00a0 specjalna kompozycja proszku zeolitu i nadmanganianu potasu, kt\u00f3ra powoduje poch\u0142anianie etylenu i wch\u0142anianie wilgoci, jednocze\u015bnie powoduj\u0105c inhibicj\u0119 lotnych bakterii (VBI).<\/li>\n<li data-start=\"474\" data-end=\"1090\"><strong data-start=\"680\" data-end=\"710\">Przepuszczalno\u015b\u0107 powietrza<\/strong> \u2013 Dzi\u0119ki porowatej strukturze nie ograniczaj\u0105 cyrkulacji powietrza, co dodatkowo wspomaga zachowanie \u015bwie\u017co\u015bci produkt\u00f3w.<\/li>\n<li data-start=\"474\" data-end=\"1090\"><strong data-start=\"837\" data-end=\"856\">Wszechstronno\u015b\u0107<\/strong> \u2013 Nadaj\u0105 si\u0119 do r\u00f3\u017cnego rodzaju warzyw i owoc\u00f3w, w tym jab\u0142ek, banan\u00f3w, gruszek, sa\u0142aty czy awokado.<\/li>\n<li data-start=\"474\" data-end=\"1090\"><strong data-start=\"962\" data-end=\"980\">\u0141atwo\u015b\u0107 u\u017cycia<\/strong> \u2013 Wystarczy umie\u015bci\u0107 saszetk\u0119 w lod\u00f3wce, spi\u017carni lub skrzynce z owocami, aby dzia\u0142a\u0142a przez kilka tygodni.<\/li>\n<li><strong>Umo\u017cliwiaj\u0105 pe\u0142n\u0105 ochron\u0119 produktu<\/strong> w \u0142a\u0144cuchu dystrybucji od zbioru do ostatecznego konsumenta.<\/li>\n<li><strong>Specjalny zgrzew<\/strong> daje odporno\u015b\u0107 w kontakcie z wod\u0105.<\/li>\n<li><strong>Ilo\u015b\u0107 czynnika aktywnego<\/strong> &#8211; 5 g<\/li>\n<\/ul>\n<h3 data-start=\"1092\" data-end=\"1111\">\u041f\u0440\u0438\u043b\u043e\u0436\u0435\u043d\u0438\u0435:<\/h3>\n<ul>\n<li data-start=\"1113\" data-end=\"1422\"><strong data-start=\"1116\" data-end=\"1150\">Przechowywanie owoc\u00f3w i warzyw<\/strong> \u2013 Spowalniaj\u0105 proces dojrzewania w domowych spi\u017carniach i magazynach.<\/li>\n<li data-start=\"1113\" data-end=\"1422\"><strong data-start=\"1226\" data-end=\"1248\">Sklepy i hurtownie<\/strong> \u2013 Pomagaj\u0105 utrzyma\u0107 \u015bwie\u017co\u015b\u0107 produkt\u00f3w w transporcie i sprzeda\u017cy.<\/li>\n<li data-start=\"1113\" data-end=\"1422\"><strong data-start=\"1320\" data-end=\"1343\">Gospodarstwa domowe<\/strong> \u2013 Idealne do lod\u00f3wki lub koszy z owocami, zapobiegaj\u0105c ich szybkiemu psuciu.<\/li>\n<\/ul>\n<h3 data-start=\"1424\" data-end=\"1482\">Dlaczego warto wybra\u0107 saszetki poch\u0142aniaj\u0105ce etylen?<\/h3>\n<p data-start=\"1484\" data-end=\"1749\" data-is-last-node=\"\" data-is-only-node=\"\">Saszetki do poch\u0142aniania etylenu to proste, ekologiczne i skuteczne rozwi\u0105zanie dla ka\u017cdego, kto chce cieszy\u0107 si\u0119 \u015bwie\u017cymi owocami i warzywami przez d\u0142u\u017cszy czas. Dzi\u0119ki nim mo\u017cna ograniczy\u0107 marnowanie \u017cywno\u015bci, a tym samym oszcz\u0119dza\u0107 pieni\u0105dze i dba\u0107 o \u015brodowisko.<\/p>","protected":false},"excerpt":{"rendered":"<p>Saszetki do poch\u0142aniania etylenu Saszetki do poch\u0142aniania etylenu to innowacyjne rozwi\u0105zanie, kt\u00f3re pomaga przed\u0142u\u017cy\u0107 trwa\u0142o\u015b\u0107 owoc\u00f3w i warzyw. Dzi\u0119ki specjalnemu wype\u0142nieniu poch\u0142aniaj\u0105 nadmiar etylenu \u2013 gazu odpowiedzialnego za przyspieszone dojrzewanie produkt\u00f3w. S\u0105 idealnym wyborem zar\u00f3wno dla gospodarstw domowych, jak i przedsi\u0119biorstw zajmuj\u0105cych si\u0119 przechowywaniem \u017cywno\u015bci. Najwa\u017cniejsze cechy: Skuteczno\u015b\u0107 \u2013 Redukuj\u0105 st\u0119\u017cenie etylenu, op\u00f3\u017aniaj\u0105c proces dojrzewania [&hellip;]<\/p>","protected":false},"featured_media":4880,"template":"","meta":{"site-sidebar-layout":"default","site-content-layout":"","ast-site-content-layout":"default","site-content-style":"default","site-sidebar-style":"default","ast-global-header-display":"","ast-banner-title-visibility":"","ast-main-header-display":"","ast-hfb-above-header-display":"","ast-hfb-below-header-display":"","ast-hfb-mobile-header-display":"","site-post-title":"","ast-breadcrumbs-content":"","ast-featured-img":"","footer-sml-layout":"","theme-transparent-header-meta":"default","adv-header-id-meta":"","stick-header-meta":"default","header-above-stick-meta":"","header-main-stick-meta":"","header-below-stick-meta":"","astra-migrate-meta-layouts":"set","ast-page-background-enabled":"default","ast-page-background-meta":{"desktop":{"background-color":"var(--ast-global-color-4)","background-image":"","background-repeat":"repeat","background-position":"center center","background-size":"auto","background-attachment":"scroll","background-type":"","background-media":"","overlay-type":"","overlay-color":"","overlay-opacity":"","overlay-gradient":""},"tablet":{"background-color":"","background-image":"","background-repeat":"repeat","background-position":"center center","background-size":"auto","background-attachment":"scroll","background-type":"","background-media":"","overlay-type":"","overlay-color":"","overlay-opacity":"","overlay-gradient":""},"mobile":{"background-color":"","background-image":"","background-repeat":"repeat","background-position":"center center","background-size":"auto","background-attachment":"scroll","background-type":"","background-media":"","overlay-type":"","overlay-color":"","overlay-opacity":"","overlay-gradient":""}},"ast-content-background-meta":{"desktop":{"background-color":"var(--ast-global-color-5)","background-image":"","background-repeat":"repeat","background-position":"center center","background-size":"auto","background-attachment":"scroll","background-type":"","background-media":"","overlay-type":"","overlay-color":"","overlay-opacity":"","overlay-gradient":""},"tablet":{"background-color":"var(--ast-global-color-5)","background-image":"","background-repeat":"repeat","background-position":"center center","background-size":"auto","background-attachment":"scroll","background-type":"","background-media":"","overlay-type":"","overlay-color":"","overlay-opacity":"","overlay-gradient":""},"mobile":{"background-color":"var(--ast-global-color-5)","background-image":"","background-repeat":"repeat","background-position":"center center","background-size":"auto","background-attachment":"scroll","background-type":"","background-media":"","overlay-type":"","overlay-color":"","overlay-opacity":"","overlay-gradient":""}}},"product_brand":[],"product_cat":[375],"product_tag":[],"class_list":{"0":"post-4879","1":"product","2":"type-product","3":"status-publish","4":"has-post-thumbnail","6":"product_cat-pochlaniacz-etylenu-5-g","7":"desktop-align-left","8":"tablet-align-left","9":"mobile-align-left","10":"ast-product-gallery-layout-horizontal","11":"ast-product-tabs-layout-horizontal","13":"first","14":"instock","15":"shipping-taxable","16":"product-type-simple"},"_links":{"self":[{"href":"https:\/\/wimar.net\/bg\/wp-json\/wp\/v2\/product\/4879","targetHints":{"allow":["GET"]}}],"collection":[{"href":"https:\/\/wimar.net\/bg\/wp-json\/wp\/v2\/product"}],"about":[{"href":"https:\/\/wimar.net\/bg\/wp-json\/wp\/v2\/types\/product"}],"version-history":[{"count":2,"href":"https:\/\/wimar.net\/bg\/wp-json\/wp\/v2\/product\/4879\/revisions"}],"predecessor-version":[{"id":7357,"href":"https:\/\/wimar.net\/bg\/wp-json\/wp\/v2\/product\/4879\/revisions\/7357"}],"wp:featuredmedia":[{"embeddable":true,"href":"https:\/\/wimar.net\/bg\/wp-json\/wp\/v2\/media\/4880"}],"wp:attachment":[{"href":"https:\/\/wimar.net\/bg\/wp-json\/wp\/v2\/media?parent=4879"}],"wp:term":[{"taxonomy":"product_brand","embeddable":true,"href":"https:\/\/wimar.net\/bg\/wp-json\/wp\/v2\/product_brand?post=4879"},{"taxonomy":"product_cat","embeddable":true,"href":"https:\/\/wimar.net\/bg\/wp-json\/wp\/v2\/product_cat?post=4879"},{"taxonomy":"product_tag","embeddable":true,"href":"https:\/\/wimar.net\/bg\/wp-json\/wp\/v2\/product_tag?post=4879"}],"curies":[{"name":"wp","href":"https:\/\/api.w.org\/{rel}","templated":true}]}}