{"id":4953,"date":"2025-03-05T14:48:43","date_gmt":"2025-03-05T13:48:43","guid":{"rendered":"https:\/\/wimar.net\/?post_type=product&#038;p=4953"},"modified":"2025-09-08T08:58:58","modified_gmt":"2025-09-08T06:58:58","slug":"wezyk-sadowniczy-ciety-do-mocowania-roslin-odcinki-28cm-5kg-zolty","status":"publish","type":"product","link":"https:\/\/wimar.net\/bg\/product-2\/wezyk-sadowniczy-ciety-do-mocowania-roslin-odcinki-28cm-5kg-zolty\/","title":{"rendered":"\u041e\u0432\u043e\u0449\u043d\u0430 \u0442\u0440\u044a\u0431\u0430, \u043d\u0430\u0440\u044f\u0437\u0430\u043d\u0430 \u0437\u0430 \u0437\u0430\u043a\u0440\u0435\u043f\u0432\u0430\u043d\u0435 \u043d\u0430 \u0440\u0430\u0441\u0442\u0435\u043d\u0438\u044f, \u0441 \u0434\u044a\u043b\u0436\u0438\u043d\u0430 28 \u0441\u043c, 5 \u043a\u0433, \u0436\u044a\u043b\u0442\u0430"},"content":{"rendered":"<h3 data-start=\"0\" data-end=\"65\"><strong data-start=\"0\" data-end=\"63\">W\u0119\u017cyk sadowniczy ci\u0119ty<\/strong><\/h3>\n<p data-start=\"0\" data-end=\"65\">W\u0119\u017cyk sadowniczy to wysokiej jako\u015bci produkt przeznaczony do profesjonalnych zastosowa\u0144 w sadownictwie i ogrodnictwie. Wykonany z elastycznego, a zarazem wytrzyma\u0142ego materia\u0142u, doskonale sprawdza si\u0119 przy mocowaniu i podwi\u0105zywaniu ro\u015blin, zapewniaj\u0105c im stabilne podparcie i ochron\u0119 przed uszkodzeniami.<\/p>\n<h3 data-start=\"404\" data-end=\"430\"><strong data-start=\"404\" data-end=\"428\">\u041e\u0441\u043d\u043e\u0432\u043d\u0438 \u0445\u0430\u0440\u0430\u043a\u0442\u0435\u0440\u0438\u0441\u0442\u0438\u043a\u0438:<\/strong><\/h3>\n<ul>\n<li data-start=\"432\" data-end=\"959\"><strong data-start=\"434\" data-end=\"450\">Wytrzyma\u0142o\u015b\u0107<\/strong> \u2013 Wysokiej jako\u015bci materia\u0142 odporny na dzia\u0142anie warunk\u00f3w atmosferycznych, co gwarantuje d\u0142ug\u0105 trwa\u0142o\u015b\u0107.<\/li>\n<li data-start=\"432\" data-end=\"959\"><strong data-start=\"560\" data-end=\"576\">Elastyczno\u015b\u0107<\/strong> \u2013 Doskonale dopasowuje si\u0119 do wzrostu ro\u015blin, nie powoduj\u0105c ich uszkodzenia.<\/li>\n<li data-start=\"432\" data-end=\"959\"><strong data-start=\"658\" data-end=\"676\">\u0141atwo\u015b\u0107 u\u017cycia<\/strong> \u2013 Mo\u017cliwo\u015b\u0107 szybkiego podwi\u0105zywania drzew, krzew\u00f3w i innych ro\u015blin.<\/li>\n<li data-start=\"432\" data-end=\"959\"><strong data-start=\"749\" data-end=\"785\">Odporno\u015b\u0107 na czynniki zewn\u0119trzne<\/strong> \u2013 Nie ulega szybkiemu zu\u017cyciu pod wp\u0142ywem promieni UV, deszczu czy wiatru.<\/li>\n<li data-start=\"432\" data-end=\"959\"><strong data-start=\"865\" data-end=\"884\">Wszechstronno\u015b\u0107<\/strong> \u2013 Idealny do sad\u00f3w, winnic, szk\u00f3\u0142ek drzewnych oraz ogrod\u00f3w przydomowych.<\/li>\n<li data-start=\"432\" data-end=\"959\"><b>D\u0142ugo\u015b\u0107 <\/b>&#8211; 28 cm<\/li>\n<li data-start=\"432\" data-end=\"959\"><strong>Ilo\u015b\u0107<\/strong> &#8211; ok. 1400 szt.<\/li>\n<\/ul>\n<h3 data-start=\"961\" data-end=\"980\"><strong data-start=\"961\" data-end=\"978\">\u041f\u0440\u0438\u043b\u043e\u0436\u0435\u043d\u0438\u0435:<\/strong><\/h3>\n<ul>\n<li data-start=\"982\" data-end=\"1365\"><strong data-start=\"985\" data-end=\"1014\">Sadownictwo i ogrodnictwo<\/strong> \u2013 Stabilne mocowanie p\u0119d\u00f3w drzew owocowych, krzew\u00f3w i winoro\u015bli.<\/li>\n<li data-start=\"982\" data-end=\"1365\"><strong data-start=\"1085\" data-end=\"1107\">Uprawy szklarniowe<\/strong> \u2013 Podwi\u0105zywanie ro\u015blin takich jak pomidory czy og\u00f3rki.<\/li>\n<li data-start=\"982\" data-end=\"1365\"><strong data-start=\"1168\" data-end=\"1193\">Zabezpieczanie ro\u015blin<\/strong> \u2013 Ochrona m\u0142odych drzewek przed z\u0142amaniami spowodowanymi silnym wiatrem.<\/li>\n<li data-start=\"982\" data-end=\"1365\"><strong data-start=\"1272\" data-end=\"1297\">Pakowanie i mocowanie<\/strong> \u2013 Mo\u017ce by\u0107 stosowany do wi\u0105zania lekkich paczek lub w rolnictwie.<\/li>\n<\/ul>\n<h3 data-start=\"1367\" data-end=\"1791\"><strong data-start=\"1367\" data-end=\"1418\">Dlaczego warto wybra\u0107 w\u0119\u017cyk sadowniczy ci\u0119ty?<\/strong><\/h3>\n<p data-start=\"1367\" data-end=\"1791\">W\u0119\u017cyk sadowniczy to niezast\u0105pione narz\u0119dzie dla ka\u017cdego ogrodnika i sadownika. Jego wytrzyma\u0142o\u015b\u0107, elastyczno\u015b\u0107 i odporno\u015b\u0107 na czynniki atmosferyczne czyni\u0105 go doskona\u0142ym wyborem zar\u00f3wno dla profesjonalist\u00f3w, jak i hobbyst\u00f3w. Dzi\u0119ki zastosowaniu trwa\u0142ych materia\u0142\u00f3w, produkt mo\u017ce by\u0107 u\u017cywany wielokrotnie, zapewniaj\u0105c stabilne podparcie ro\u015blinom przez d\u0142ugi czas.<\/p>","protected":false},"excerpt":{"rendered":"<p>W\u0119\u017cyk sadowniczy ci\u0119ty W\u0119\u017cyk sadowniczy to wysokiej jako\u015bci produkt przeznaczony do profesjonalnych zastosowa\u0144 w sadownictwie i ogrodnictwie. Wykonany z elastycznego, a zarazem wytrzyma\u0142ego materia\u0142u, doskonale sprawdza si\u0119 przy mocowaniu i podwi\u0105zywaniu ro\u015blin, zapewniaj\u0105c im stabilne podparcie i ochron\u0119 przed uszkodzeniami. Najwa\u017cniejsze cechy: Wytrzyma\u0142o\u015b\u0107 \u2013 Wysokiej jako\u015bci materia\u0142 odporny na dzia\u0142anie warunk\u00f3w atmosferycznych, co gwarantuje d\u0142ug\u0105 [&hellip;]<\/p>","protected":false},"featured_media":4956,"template":"","meta":{"site-sidebar-layout":"default","site-content-layout":"","ast-site-content-layout":"default","site-content-style":"default","site-sidebar-style":"default","ast-global-header-display":"","ast-banner-title-visibility":"","ast-main-header-display":"","ast-hfb-above-header-display":"","ast-hfb-below-header-display":"","ast-hfb-mobile-header-display":"","site-post-title":"","ast-breadcrumbs-content":"","ast-featured-img":"","footer-sml-layout":"","theme-transparent-header-meta":"default","adv-header-id-meta":"","stick-header-meta":"default","header-above-stick-meta":"","header-main-stick-meta":"","header-below-stick-meta":"","astra-migrate-meta-layouts":"set","ast-page-background-enabled":"default","ast-page-background-meta":{"desktop":{"background-color":"var(--ast-global-color-4)","background-image":"","background-repeat":"repeat","background-position":"center center","background-size":"auto","background-attachment":"scroll","background-type":"","background-media":"","overlay-type":"","overlay-color":"","overlay-opacity":"","overlay-gradient":""},"tablet":{"background-color":"","background-image":"","background-repeat":"repeat","background-position":"center center","background-size":"auto","background-attachment":"scroll","background-type":"","background-media":"","overlay-type":"","overlay-color":"","overlay-opacity":"","overlay-gradient":""},"mobile":{"background-color":"","background-image":"","background-repeat":"repeat","background-position":"center center","background-size":"auto","background-attachment":"scroll","background-type":"","background-media":"","overlay-type":"","overlay-color":"","overlay-opacity":"","overlay-gradient":""}},"ast-content-background-meta":{"desktop":{"background-color":"var(--ast-global-color-5)","background-image":"","background-repeat":"repeat","background-position":"center center","background-size":"auto","background-attachment":"scroll","background-type":"","background-media":"","overlay-type":"","overlay-color":"","overlay-opacity":"","overlay-gradient":""},"tablet":{"background-color":"var(--ast-global-color-5)","background-image":"","background-repeat":"repeat","background-position":"center center","background-size":"auto","background-attachment":"scroll","background-type":"","background-media":"","overlay-type":"","overlay-color":"","overlay-opacity":"","overlay-gradient":""},"mobile":{"background-color":"var(--ast-global-color-5)","background-image":"","background-repeat":"repeat","background-position":"center center","background-size":"auto","background-attachment":"scroll","background-type":"","background-media":"","overlay-type":"","overlay-color":"","overlay-opacity":"","overlay-gradient":""}}},"product_brand":[],"product_cat":[286],"product_tag":[],"class_list":{"0":"post-4953","1":"product","2":"type-product","3":"status-publish","4":"has-post-thumbnail","6":"product_cat-waz-ciety-28-cm-5kg-w-opakowaniu-zolty-ok-1400-odcinkow","7":"desktop-align-left","8":"tablet-align-left","9":"mobile-align-left","10":"ast-product-gallery-layout-horizontal","11":"ast-product-tabs-layout-horizontal","13":"first","14":"instock","15":"shipping-taxable","16":"product-type-simple"},"_links":{"self":[{"href":"https:\/\/wimar.net\/bg\/wp-json\/wp\/v2\/product\/4953","targetHints":{"allow":["GET"]}}],"collection":[{"href":"https:\/\/wimar.net\/bg\/wp-json\/wp\/v2\/product"}],"about":[{"href":"https:\/\/wimar.net\/bg\/wp-json\/wp\/v2\/types\/product"}],"version-history":[{"count":2,"href":"https:\/\/wimar.net\/bg\/wp-json\/wp\/v2\/product\/4953\/revisions"}],"predecessor-version":[{"id":7350,"href":"https:\/\/wimar.net\/bg\/wp-json\/wp\/v2\/product\/4953\/revisions\/7350"}],"wp:featuredmedia":[{"embeddable":true,"href":"https:\/\/wimar.net\/bg\/wp-json\/wp\/v2\/media\/4956"}],"wp:attachment":[{"href":"https:\/\/wimar.net\/bg\/wp-json\/wp\/v2\/media?parent=4953"}],"wp:term":[{"taxonomy":"product_brand","embeddable":true,"href":"https:\/\/wimar.net\/bg\/wp-json\/wp\/v2\/product_brand?post=4953"},{"taxonomy":"product_cat","embeddable":true,"href":"https:\/\/wimar.net\/bg\/wp-json\/wp\/v2\/product_cat?post=4953"},{"taxonomy":"product_tag","embeddable":true,"href":"https:\/\/wimar.net\/bg\/wp-json\/wp\/v2\/product_tag?post=4953"}],"curies":[{"name":"wp","href":"https:\/\/api.w.org\/{rel}","templated":true}]}}