{"id":5056,"date":"2025-03-11T14:02:30","date_gmt":"2025-03-11T13:02:30","guid":{"rendered":"https:\/\/wimar.net\/?post_type=product&#038;p=5056"},"modified":"2025-04-02T12:27:40","modified_gmt":"2025-04-02T10:27:40","slug":"%d0%b7%d0%b0%d1%89%d0%b8%d1%82%d0%bd%d0%be-%d1%80%d1%83%d0%bd%d0%be-%d0%b7%d0%b0-%d0%bf%d0%be%d0%ba%d1%80%d0%b8%d0%b2%d0%b0%d0%bd%d0%b5-%d0%bd%d0%b0-%d0%b1%d0%b0%d0%bb%d0%b8-%d1%81%d0%bb%d0%b0%d0%bc","status":"publish","type":"product","link":"https:\/\/wimar.net\/bg\/product-2\/%d0%b7%d0%b0%d1%89%d0%b8%d1%82%d0%bd%d0%be-%d1%80%d1%83%d0%bd%d0%be-%d0%b7%d0%b0-%d0%bf%d0%be%d0%ba%d1%80%d0%b8%d0%b2%d0%b0%d0%bd%d0%b5-%d0%bd%d0%b0-%d0%b1%d0%b0%d0%bb%d0%b8-%d1%81%d0%bb%d0%b0%d0%bc\/","title":{"rendered":"\u0417\u0430\u0449\u0438\u0442\u043d\u043e \u0440\u0443\u043d\u043e \u0437\u0430 \u043f\u043e\u043a\u0440\u0438\u0432\u0430\u043d\u0435 \u043d\u0430 \u0431\u0430\u043b\u0438 \u0441\u043b\u0430\u043c\u0430, \u0441\u0435\u043d\u043e, \u0437\u044a\u0440\u043d\u043e, \u0446\u0432\u0435\u043a\u043b\u043e 145g\/m2, 15.60\u00d712.50m"},"content":{"rendered":"<h3 data-start=\"0\" data-end=\"73\">\u0417\u0430\u0449\u0438\u0442\u043d\u0430 \u0432\u044a\u043b\u043d\u0430 \u0437\u0430 \u043f\u043e\u043a\u0440\u0438\u0432\u0430\u043d\u0435 \u043d\u0430 \u0431\u0430\u043b\u0438 \u0441\u044a\u0441 \u0441\u043b\u0430\u043c\u0430<\/h3>\n<p data-start=\"75\" data-end=\"410\">\u0417\u0430\u0449\u0438\u0442\u043d\u0430\u0442\u0430 \u0432\u044a\u043b\u043d\u0430 \u0435 \u0438\u0437\u0434\u0440\u044a\u0436\u043b\u0438\u0432 \u0438 \u0444\u0443\u043d\u043a\u0446\u0438\u043e\u043d\u0430\u043b\u0435\u043d \u043c\u0430\u0442\u0435\u0440\u0438\u0430\u043b, \u043f\u0440\u0435\u0434\u043d\u0430\u0437\u043d\u0430\u0447\u0435\u043d \u0437\u0430 \u0437\u0430\u0449\u0438\u0442\u0430 \u043d\u0430 \u0441\u0435\u043b\u0441\u043a\u043e\u0441\u0442\u043e\u043f\u0430\u043d\u0441\u043a\u0438\u0442\u0435 \u043a\u0443\u043b\u0442\u0443\u0440\u0438 \u043e\u0442 \u043d\u0435\u0431\u043b\u0430\u0433\u043e\u043f\u0440\u0438\u044f\u0442\u043d\u0438 \u043a\u043b\u0438\u043c\u0430\u0442\u0438\u0447\u043d\u0438 \u0443\u0441\u043b\u043e\u0432\u0438\u044f. \u041e\u0441\u0438\u0433\u0443\u0440\u044f\u0432\u0430 \u0435\u0444\u0435\u043a\u0442\u0438\u0432\u043d\u0430 \u0437\u0430\u0449\u0438\u0442\u0430 \u0441\u0440\u0435\u0449\u0443 \u0434\u044a\u0436\u0434, \u0441\u043d\u044f\u0433, \u0432\u044f\u0442\u044a\u0440 \u0438 \u0443\u043b\u0442\u0440\u0430\u0432\u0438\u043e\u043b\u0435\u0442\u043e\u0432\u0438 \u043b\u044a\u0447\u0438, \u043a\u0430\u0442\u043e \u043f\u043e\u0437\u0432\u043e\u043b\u044f\u0432\u0430 \u043f\u043e-\u0434\u044a\u043b\u0433\u043e \u0441\u044a\u0445\u0440\u0430\u043d\u0435\u043d\u0438\u0435 \u043d\u0430 \u0441\u043b\u0430\u043c\u0430, \u0441\u0435\u043d\u043e, \u0437\u044a\u0440\u043d\u043e \u0438\u043b\u0438 \u0431\u0430\u043b\u0438 \u0441 \u0446\u0432\u0435\u043a\u043b\u043e \u043f\u0440\u0438 \u043e\u043f\u0442\u0438\u043c\u0430\u043b\u043d\u0438 \u0443\u0441\u043b\u043e\u0432\u0438\u044f.<\/p>\n<h3 data-start=\"412\" data-end=\"442\"><strong data-start=\"416\" data-end=\"440\">\u041e\u0441\u043d\u043e\u0432\u043d\u0438 \u0445\u0430\u0440\u0430\u043a\u0442\u0435\u0440\u0438\u0441\u0442\u0438\u043a\u0438:<\/strong><\/h3>\n<ul>\n<li data-start=\"443\" data-end=\"980\"><strong data-start=\"445\" data-end=\"462\">\u0423\u0441\u0442\u043e\u0439\u0447\u0438\u0432\u043e\u0441\u0442:<\/strong> \u0418\u0437\u0440\u0430\u0431\u043e\u0442\u0435\u043d \u0435 \u043e\u0442 \u0437\u0434\u0440\u0430\u0432, \u0443\u0441\u0442\u043e\u0439\u0447\u0438\u0432 \u043d\u0430 \u043f\u043e\u0432\u0440\u0435\u0434\u0438 \u043c\u0430\u0442\u0435\u0440\u0438\u0430\u043b \u0441 \u0432\u0438\u0441\u043e\u043a\u043e \u0442\u0435\u0433\u043b\u043e.<\/li>\n<li data-start=\"443\" data-end=\"980\"><strong data-start=\"547\" data-end=\"586\">\u0423\u0441\u0442\u043e\u0439\u0447\u0438\u0432\u043e\u0441\u0442 \u043d\u0430 \u0430\u0442\u043c\u043e\u0441\u0444\u0435\u0440\u043d\u0438 \u0432\u043b\u0438\u044f\u043d\u0438\u044f:<\/strong> \u0422\u043e\u0439 \u043f\u0440\u0435\u0434\u043f\u0430\u0437\u0432\u0430 \u043e\u0442 \u0432\u043b\u0430\u0433\u0430, UV \u043b\u044a\u0447\u0438 \u0438 \u0441\u0438\u043b\u0435\u043d \u0432\u044f\u0442\u044a\u0440.<\/li>\n<li data-start=\"443\" data-end=\"980\"><strong data-start=\"650\" data-end=\"676\">\u0414\u0438\u0448\u0430\u0449\u0430 \u0441\u0442\u0440\u0443\u043a\u0442\u0443\u0440\u0430:<\/strong> \u0422\u043e\u0439 \u043f\u0440\u0435\u0434\u043e\u0442\u0432\u0440\u0430\u0442\u044f\u0432\u0430 \u043f\u0440\u0435\u043a\u043e\u043c\u0435\u0440\u043d\u0430\u0442\u0430 \u043a\u043e\u043d\u0434\u0435\u043d\u0437\u0430\u0446\u0438\u044f, \u043a\u043e\u0435\u0442\u043e \u043d\u0430\u043c\u0430\u043b\u044f\u0432\u0430 \u0440\u0438\u0441\u043a\u0430 \u043e\u0442 \u043f\u043e\u044f\u0432\u0430 \u043d\u0430 \u043c\u0443\u0445\u044a\u043b \u0438 \u0437\u0430\u0433\u043d\u0438\u0432\u0430\u043d\u0435 \u043d\u0430 \u0441\u044a\u0445\u0440\u0430\u043d\u044f\u0432\u0430\u043d\u0438\u0442\u0435 \u043f\u0440\u043e\u0434\u0443\u043a\u0442\u0438.<\/li>\n<li data-start=\"443\" data-end=\"980\"><strong data-start=\"790\" data-end=\"815\">\u0417\u0430 \u043c\u043d\u043e\u0433\u043e\u043a\u0440\u0430\u0442\u043d\u0430 \u0443\u043f\u043e\u0442\u0440\u0435\u0431\u0430:<\/strong> \u0423\u0441\u0442\u043e\u0439\u0447\u0438\u0432 \u043d\u0430 \u043c\u0435\u0445\u0430\u043d\u0438\u0447\u043d\u0438 \u043f\u043e\u0432\u0440\u0435\u0434\u0438, \u0442\u043e\u0439 \u043c\u043e\u0436\u0435 \u0434\u0430 \u0441\u0435 \u0438\u0437\u043f\u043e\u043b\u0437\u0432\u0430 \u0432 \u043f\u0440\u043e\u0434\u044a\u043b\u0436\u0435\u043d\u0438\u0435 \u043d\u0430 \u043c\u043d\u043e\u0433\u043e \u0441\u0435\u0437\u043e\u043d\u0438.<\/li>\n<li data-start=\"443\" data-end=\"980\"><strong data-start=\"901\" data-end=\"918\">\u041b\u0435\u0441\u0435\u043d \u0437\u0430 \u0438\u043d\u0441\u0442\u0430\u043b\u0438\u0440\u0430\u043d\u0435:<\/strong> \u041c\u043e\u0436\u0435 \u0431\u044a\u0440\u0437\u043e \u0434\u0430 \u0441\u0435 \u0440\u0430\u0437\u0433\u043b\u043e\u0431\u044f\u0432\u0430 \u0438 \u0434\u0430 \u0441\u0435 \u0437\u0430\u043a\u0440\u0435\u043f\u0432\u0430 \u043d\u0430 \u043c\u044f\u0441\u0442\u043e.<\/li>\n<li data-start=\"443\" data-end=\"980\"><strong>\u0414\u044a\u043b\u0436\u0438\u043d\u0430:<\/strong> 12,50 m<\/li>\n<li data-start=\"443\" data-end=\"980\"><strong>\u0428\u0438\u0440\u043e\u0447\u0438\u043d\u0430:<\/strong> 15,60 m<\/li>\n<li data-start=\"443\" data-end=\"980\"><strong>\u0413\u0440\u0430\u043c\u0430\u0436:<\/strong> 145 g\/m2<\/li>\n<\/ul>\n<h3 data-start=\"982\" data-end=\"1005\"><strong data-start=\"986\" data-end=\"1003\">\u041f\u0440\u0438\u043b\u043e\u0436\u0435\u043d\u0438\u0435:<\/strong><\/h3>\n<ul>\n<li data-start=\"1006\" data-end=\"1372\"><strong data-start=\"1009\" data-end=\"1040\">\u041f\u043e\u043a\u0440\u0438\u0432\u0430\u043d\u0435 \u043d\u0430 \u0431\u0430\u043b\u0438 \u0441\u043b\u0430\u043c\u0430 \u0438 \u0441\u0435\u043d\u043e<\/strong> - \u0437\u0430\u0449\u0438\u0442\u0430 \u043e\u0442 \u0434\u044a\u0436\u0434 \u0438 \u043c\u0443\u0445\u044a\u043b.<\/li>\n<li data-start=\"1006\" data-end=\"1372\"><strong data-start=\"1082\" data-end=\"1116\">\u041e\u043f\u0430\u0437\u0432\u0430\u043d\u0435 \u043d\u0430 \u0437\u044a\u0440\u043d\u043e\u0442\u043e \u0438 \u0446\u0432\u0435\u043a\u043b\u043e\u0442\u043e<\/strong> - \u043f\u043e-\u0434\u044a\u043b\u0433\u043e \u0441\u044a\u0445\u0440\u0430\u043d\u0435\u043d\u0438\u0435 \u043f\u0440\u0438 \u043f\u043e\u0434\u0445\u043e\u0434\u044f\u0449\u0438 \u0443\u0441\u043b\u043e\u0432\u0438\u044f.<\/li>\n<li data-start=\"1006\" data-end=\"1372\"><strong data-start=\"1173\" data-end=\"1219\">\u0417\u0430\u0449\u0438\u0442\u0430 \u043d\u0430 \u0441\u0442\u0440\u043e\u0438\u0442\u0435\u043b\u043d\u0438 \u0438 \u0433\u043e\u0440\u0438\u0432\u043d\u0438 \u043c\u0430\u0442\u0435\u0440\u0438\u0430\u043b\u0438<\/strong> - \u0437\u0430\u0449\u0438\u0442\u0430 \u043d\u0430 \u0434\u044a\u0440\u0432\u0435\u0441\u0438\u043d\u0430, \u0432\u044a\u0433\u043b\u0438\u0449\u0430 \u0438 \u0434\u0440\u0443\u0433\u0438 \u0441\u0443\u0440\u043e\u0432\u0438\u043d\u0438 \u043e\u0442 \u0432\u043b\u0430\u0433\u0430.<\/li>\n<li data-start=\"1006\" data-end=\"1372\"><strong data-start=\"1295\" data-end=\"1333\">\u0418\u0437\u043f\u043e\u043b\u0437\u0432\u0430\u043d\u0435 \u0432 \u0441\u0435\u043b\u0441\u043a\u043e\u0442\u043e \u0441\u0442\u043e\u043f\u0430\u043d\u0441\u0442\u0432\u043e \u0438 \u0433\u0440\u0430\u0434\u0438\u043d\u0430\u0440\u0441\u0442\u0432\u043e\u0442\u043e<\/strong> - \u0434\u043e\u043f\u044a\u043b\u043d\u0438\u0442\u0435\u043b\u043d\u0430 \u0437\u0430\u0449\u0438\u0442\u0430 \u043d\u0430 \u0440\u0430\u0441\u0442\u0435\u043d\u0438\u044f\u0442\u0430 \u0438 \u043a\u0443\u043b\u0442\u0443\u0440\u0438\u0442\u0435.<\/li>\n<\/ul>\n<h3 data-start=\"1374\" data-end=\"1420\"><strong data-start=\"1378\" data-end=\"1418\">\u0417\u0430\u0449\u043e \u0434\u0430 \u0438\u0437\u0431\u0435\u0440\u0435\u0442\u0435 \u0437\u0430\u0449\u0438\u0442\u043d\u0430 \u0432\u044a\u043b\u043d\u0430?<\/strong><\/h3>\n<p data-start=\"1421\" data-end=\"1680\">\u0417\u0430\u0449\u0438\u0442\u043d\u0430\u0442\u0430 \u0432\u044a\u043b\u043d\u0430 \u0435 \u043d\u0430\u0434\u0435\u0436\u0434\u043d\u043e \u0440\u0435\u0448\u0435\u043d\u0438\u0435 \u0437\u0430 \u0444\u0435\u0440\u043c\u0435\u0440\u0438 \u0438 \u0441\u0442\u043e\u043f\u0430\u043d\u0441\u0442\u0432\u0430, \u043a\u043e\u0438\u0442\u043e \u0438\u0441\u043a\u0430\u0442 \u0434\u0430 \u0437\u0430\u0449\u0438\u0442\u044f\u0442 \u0441\u0432\u043e\u0438\u0442\u0435 \u043a\u0443\u043b\u0442\u0443\u0440\u0438 \u043e\u0442 \u043f\u0440\u043e\u043c\u0435\u043d\u043b\u0438\u0432\u0438\u0442\u0435 \u043c\u0435\u0442\u0435\u043e\u0440\u043e\u043b\u043e\u0433\u0438\u0447\u043d\u0438 \u0443\u0441\u043b\u043e\u0432\u0438\u044f. \u0411\u043b\u0430\u0433\u043e\u0434\u0430\u0440\u0435\u043d\u0438\u0435 \u043d\u0430 \u0432\u0438\u0441\u043e\u043a\u043e\u043a\u0430\u0447\u0435\u0441\u0442\u0432\u0435\u043d\u0438\u0442\u0435 \u043c\u0430\u0442\u0435\u0440\u0438\u0430\u043b\u0438 \u0438 \u0437\u0434\u0440\u0430\u0432\u0430\u0442\u0430 \u0441\u0438 \u0438\u0437\u0440\u0430\u0431\u043e\u0442\u043a\u0430 \u0442\u044f \u0433\u0430\u0440\u0430\u043d\u0442\u0438\u0440\u0430 \u0434\u044a\u043b\u0433\u043e\u0442\u0440\u0430\u0439\u043d\u0430 \u0437\u0430\u0449\u0438\u0442\u0430 \u0438 \u043a\u043e\u043c\u0444\u043e\u0440\u0442.<\/p>","protected":false},"excerpt":{"rendered":"<p>Fliz ochronny do okrywania bel s\u0142omy Fliz ochronny to wytrzyma\u0142a i funkcjonalny materia\u0142 stworzona z my\u015bl\u0105 o zabezpieczaniu p\u0142od\u00f3w rolnych przed niekorzystnymi warunkami atmosferycznymi. Zapewnia skuteczn\u0105 ochron\u0119 przed deszczem, \u015bniegiem, wiatrem oraz promieniowaniem UV, co pozwala na d\u0142u\u017csze przechowywanie bel s\u0142omy, siana, zbo\u017ca czy burak\u00f3w w optymalnych warunkach. Najwa\u017cniejsze cechy: Wytrzyma\u0142o\u015b\u0107: Wykonany z solidnego, odpornego [&hellip;]<\/p>","protected":false},"featured_media":5044,"template":"","meta":{"site-sidebar-layout":"default","site-content-layout":"","ast-site-content-layout":"default","site-content-style":"default","site-sidebar-style":"default","ast-global-header-display":"","ast-banner-title-visibility":"","ast-main-header-display":"","ast-hfb-above-header-display":"","ast-hfb-below-header-display":"","ast-hfb-mobile-header-display":"","site-post-title":"","ast-breadcrumbs-content":"","ast-featured-img":"","footer-sml-layout":"","theme-transparent-header-meta":"default","adv-header-id-meta":"","stick-header-meta":"default","header-above-stick-meta":"","header-main-stick-meta":"","header-below-stick-meta":"","astra-migrate-meta-layouts":"set","ast-page-background-enabled":"default","ast-page-background-meta":{"desktop":{"background-color":"var(--ast-global-color-4)","background-image":"","background-repeat":"repeat","background-position":"center center","background-size":"auto","background-attachment":"scroll","background-type":"","background-media":"","overlay-type":"","overlay-color":"","overlay-opacity":"","overlay-gradient":""},"tablet":{"background-color":"","background-image":"","background-repeat":"repeat","background-position":"center center","background-size":"auto","background-attachment":"scroll","background-type":"","background-media":"","overlay-type":"","overlay-color":"","overlay-opacity":"","overlay-gradient":""},"mobile":{"background-color":"","background-image":"","background-repeat":"repeat","background-position":"center center","background-size":"auto","background-attachment":"scroll","background-type":"","background-media":"","overlay-type":"","overlay-color":"","overlay-opacity":"","overlay-gradient":""}},"ast-content-background-meta":{"desktop":{"background-color":"var(--ast-global-color-5)","background-image":"","background-repeat":"repeat","background-position":"center center","background-size":"auto","background-attachment":"scroll","background-type":"","background-media":"","overlay-type":"","overlay-color":"","overlay-opacity":"","overlay-gradient":""},"tablet":{"background-color":"var(--ast-global-color-5)","background-image":"","background-repeat":"repeat","background-position":"center center","background-size":"auto","background-attachment":"scroll","background-type":"","background-media":"","overlay-type":"","overlay-color":"","overlay-opacity":"","overlay-gradient":""},"mobile":{"background-color":"var(--ast-global-color-5)","background-image":"","background-repeat":"repeat","background-position":"center center","background-size":"auto","background-attachment":"scroll","background-type":"","background-media":"","overlay-type":"","overlay-color":"","overlay-opacity":"","overlay-gradient":""}}},"product_brand":[],"product_cat":[212],"product_tag":[],"class_list":{"0":"post-5056","1":"product","2":"type-product","3":"status-publish","4":"has-post-thumbnail","6":"product_cat-fliz-ochronny-do-okrywania-slomy-i-siana","7":"desktop-align-left","8":"tablet-align-left","9":"mobile-align-left","10":"ast-product-gallery-layout-horizontal","11":"ast-product-tabs-layout-horizontal","13":"first","14":"instock","15":"shipping-taxable","16":"product-type-simple"},"_links":{"self":[{"href":"https:\/\/wimar.net\/bg\/wp-json\/wp\/v2\/product\/5056","targetHints":{"allow":["GET"]}}],"collection":[{"href":"https:\/\/wimar.net\/bg\/wp-json\/wp\/v2\/product"}],"about":[{"href":"https:\/\/wimar.net\/bg\/wp-json\/wp\/v2\/types\/product"}],"version-history":[{"count":5,"href":"https:\/\/wimar.net\/bg\/wp-json\/wp\/v2\/product\/5056\/revisions"}],"predecessor-version":[{"id":5164,"href":"https:\/\/wimar.net\/bg\/wp-json\/wp\/v2\/product\/5056\/revisions\/5164"}],"wp:featuredmedia":[{"embeddable":true,"href":"https:\/\/wimar.net\/bg\/wp-json\/wp\/v2\/media\/5044"}],"wp:attachment":[{"href":"https:\/\/wimar.net\/bg\/wp-json\/wp\/v2\/media?parent=5056"}],"wp:term":[{"taxonomy":"product_brand","embeddable":true,"href":"https:\/\/wimar.net\/bg\/wp-json\/wp\/v2\/product_brand?post=5056"},{"taxonomy":"product_cat","embeddable":true,"href":"https:\/\/wimar.net\/bg\/wp-json\/wp\/v2\/product_cat?post=5056"},{"taxonomy":"product_tag","embeddable":true,"href":"https:\/\/wimar.net\/bg\/wp-json\/wp\/v2\/product_tag?post=5056"}],"curies":[{"name":"wp","href":"https:\/\/api.w.org\/{rel}","templated":true}]}}