{"id":5086,"date":"2025-03-12T10:36:24","date_gmt":"2025-03-12T09:36:24","guid":{"rendered":"https:\/\/wimar.net\/?post_type=product&#038;p=5086"},"modified":"2025-03-25T09:52:50","modified_gmt":"2025-03-25T08:52:50","slug":"wytloczki-polipropylenowe-czarne-do-kartonu-600x400mm-ilosc-gniazd-18-56","status":"publish","type":"product","link":"https:\/\/wimar.net\/bg\/product-2\/wytloczki-polipropylenowe-czarne-do-kartonu-600x400mm-ilosc-gniazd-18-56\/","title":{"rendered":"\u0427\u0435\u0440\u043d\u0438 \u043f\u043e\u043b\u0438\u043f\u0440\u043e\u043f\u0438\u043b\u0435\u043d\u043e\u0432\u0438 \u043f\u0440\u043e\u0444\u0438\u043b\u0438 \u0437\u0430 \u043a\u0430\u0440\u0442\u043e\u043d 600x400mm"},"content":{"rendered":"<h3 data-start=\"0\" data-end=\"80\"><strong data-start=\"0\" data-end=\"78\">Wyt\u0142oczki polipropylenowe czarne<\/strong><\/h3>\n<p data-start=\"0\" data-end=\"80\">Wyt\u0142oczki polipropylenowe to trwa\u0142e i funkcjonalne wk\u0142ady do karton\u00f3w, kt\u00f3re zapewniaj\u0105 optymaln\u0105 ochron\u0119 i stabilizacj\u0119 przechowywanych produkt\u00f3w. Dzi\u0119ki solidnej konstrukcji i precyzyjnie rozmieszczonym gniazdom pozwalaj\u0105 na bezpieczne transportowanie i magazynowanie element\u00f3w o r\u00f3\u017cnych kszta\u0142tach i rozmiarach.<\/p>\n<h3 data-start=\"421\" data-end=\"1064\"><strong data-start=\"421\" data-end=\"445\">\u041e\u0441\u043d\u043e\u0432\u043d\u0438 \u0445\u0430\u0440\u0430\u043a\u0442\u0435\u0440\u0438\u0441\u0442\u0438\u043a\u0438:<\/strong><\/h3>\n<ul>\n<li data-start=\"421\" data-end=\"1064\"><strong data-start=\"450\" data-end=\"466\">Wytrzyma\u0142o\u015b\u0107<\/strong> \u2013 Wykonane z wysokiej jako\u015bci polipropylenu, odpornego na uszkodzenia mechaniczne i wilgo\u0107.<\/li>\n<li data-start=\"421\" data-end=\"1064\"><strong data-start=\"692\" data-end=\"720\">Bezpiecze\u0144stwo produkt\u00f3w<\/strong> \u2013 Chroni\u0105 zawarto\u015b\u0107 przed przemieszczaniem si\u0119 i uszkodzeniem podczas transportu.<\/li>\n<li data-start=\"421\" data-end=\"1064\"><strong data-start=\"807\" data-end=\"839\">\u0141atwo\u015b\u0107 utrzymania czysto\u015bci<\/strong> \u2013 Materia\u0142 nie absorbuje wilgoci ani zanieczyszcze\u0144, co u\u0142atwia jego czyszczenie i ponowne wykorzystanie.<\/li>\n<li data-start=\"421\" data-end=\"1064\"><strong>Wymiary kartonu<\/strong> &#8211; 600 x 400 mm<\/li>\n<li data-start=\"421\" data-end=\"1064\"><strong>Wymiary wyt\u0142oczki<\/strong> &#8211; 590 x 390 mm<\/li>\n<\/ul>\n<p><img fetchpriority=\"high\" decoding=\"async\" class=\"wp-image-5094 aligncenter\" src=\"https:\/\/wimar.net\/wp-content\/uploads\/2025\/03\/tabelka-300x147.jpg\" alt=\"\" width=\"543\" height=\"266\" srcset=\"https:\/\/wimar.net\/wp-content\/uploads\/2025\/03\/tabelka-300x147.jpg 300w, https:\/\/wimar.net\/wp-content\/uploads\/2025\/03\/tabelka-1024x503.jpg 1024w, https:\/\/wimar.net\/wp-content\/uploads\/2025\/03\/tabelka-768x377.jpg 768w, https:\/\/wimar.net\/wp-content\/uploads\/2025\/03\/tabelka-600x294.jpg 600w, https:\/\/wimar.net\/wp-content\/uploads\/2025\/03\/tabelka-64x31.jpg 64w, https:\/\/wimar.net\/wp-content\/uploads\/2025\/03\/tabelka.jpg 1524w\" sizes=\"(max-width: 543px) 100vw, 543px\" \/><\/p>\n<h3 data-start=\"1066\" data-end=\"1525\"><strong data-start=\"1066\" data-end=\"1083\">\u041f\u0440\u0438\u043b\u043e\u0436\u0435\u043d\u0438\u0435:<\/strong><\/h3>\n<ul>\n<li data-start=\"1066\" data-end=\"1525\"><strong data-start=\"1243\" data-end=\"1272\">Produkcja i magazynowanie<\/strong> \u2013 Pomagaj\u0105 w organizacji komponent\u00f3w w zak\u0142adach produkcyjnych i magazynach.<\/li>\n<li data-start=\"1066\" data-end=\"1525\"><strong data-start=\"1355\" data-end=\"1375\">Bran\u017ca spo\u017cywcza<\/strong> \u2013 Stosowane do zabezpieczania \u017cywno\u015bci.<\/li>\n<\/ul>\n<h3 data-start=\"1527\" data-end=\"1839\"><strong data-start=\"1527\" data-end=\"1585\">Dlaczego warto wybra\u0107 nasze wyt\u0142oczki polipropylenowe?<\/strong><\/h3>\n<p data-start=\"1527\" data-end=\"1839\">Nasze wyt\u0142oczki to doskona\u0142e rozwi\u0105zanie dla firm poszukuj\u0105cych niezawodnych i trwa\u0142ych wk\u0142ad\u00f3w do opakowa\u0144. Ich wszechstronno\u015b\u0107, odporno\u015b\u0107 na uszkodzenia oraz mo\u017cliwo\u015b\u0107 wielokrotnego u\u017cycia czyni\u0105 je nie tylko praktycznym, ale i ekologicznym wyborem.<\/p>","protected":false},"excerpt":{"rendered":"<p>Wyt\u0142oczki polipropylenowe czarne Wyt\u0142oczki polipropylenowe to trwa\u0142e i funkcjonalne wk\u0142ady do karton\u00f3w, kt\u00f3re zapewniaj\u0105 optymaln\u0105 ochron\u0119 i stabilizacj\u0119 przechowywanych produkt\u00f3w. Dzi\u0119ki solidnej konstrukcji i precyzyjnie rozmieszczonym gniazdom pozwalaj\u0105 na bezpieczne transportowanie i magazynowanie element\u00f3w o r\u00f3\u017cnych kszta\u0142tach i rozmiarach. Najwa\u017cniejsze cechy: Wytrzyma\u0142o\u015b\u0107 \u2013 Wykonane z wysokiej jako\u015bci polipropylenu, odpornego na uszkodzenia mechaniczne i wilgo\u0107. Bezpiecze\u0144stwo [&hellip;]<\/p>","protected":false},"featured_media":5087,"template":"","meta":{"site-sidebar-layout":"default","site-content-layout":"","ast-site-content-layout":"default","site-content-style":"default","site-sidebar-style":"default","ast-global-header-display":"","ast-banner-title-visibility":"","ast-main-header-display":"","ast-hfb-above-header-display":"","ast-hfb-below-header-display":"","ast-hfb-mobile-header-display":"","site-post-title":"","ast-breadcrumbs-content":"","ast-featured-img":"","footer-sml-layout":"","theme-transparent-header-meta":"default","adv-header-id-meta":"","stick-header-meta":"default","header-above-stick-meta":"","header-main-stick-meta":"","header-below-stick-meta":"","astra-migrate-meta-layouts":"set","ast-page-background-enabled":"default","ast-page-background-meta":{"desktop":{"background-color":"var(--ast-global-color-4)","background-image":"","background-repeat":"repeat","background-position":"center center","background-size":"auto","background-attachment":"scroll","background-type":"","background-media":"","overlay-type":"","overlay-color":"","overlay-opacity":"","overlay-gradient":""},"tablet":{"background-color":"","background-image":"","background-repeat":"repeat","background-position":"center center","background-size":"auto","background-attachment":"scroll","background-type":"","background-media":"","overlay-type":"","overlay-color":"","overlay-opacity":"","overlay-gradient":""},"mobile":{"background-color":"","background-image":"","background-repeat":"repeat","background-position":"center center","background-size":"auto","background-attachment":"scroll","background-type":"","background-media":"","overlay-type":"","overlay-color":"","overlay-opacity":"","overlay-gradient":""}},"ast-content-background-meta":{"desktop":{"background-color":"var(--ast-global-color-5)","background-image":"","background-repeat":"repeat","background-position":"center center","background-size":"auto","background-attachment":"scroll","background-type":"","background-media":"","overlay-type":"","overlay-color":"","overlay-opacity":"","overlay-gradient":""},"tablet":{"background-color":"var(--ast-global-color-5)","background-image":"","background-repeat":"repeat","background-position":"center center","background-size":"auto","background-attachment":"scroll","background-type":"","background-media":"","overlay-type":"","overlay-color":"","overlay-opacity":"","overlay-gradient":""},"mobile":{"background-color":"var(--ast-global-color-5)","background-image":"","background-repeat":"repeat","background-position":"center center","background-size":"auto","background-attachment":"scroll","background-type":"","background-media":"","overlay-type":"","overlay-color":"","overlay-opacity":"","overlay-gradient":""}}},"product_brand":[],"product_cat":[386,384],"product_tag":[],"class_list":{"0":"post-5086","1":"product","2":"type-product","3":"status-publish","4":"has-post-thumbnail","6":"product_cat-czarne","7":"product_cat-wytloczki-do-kartonu-600x400","8":"desktop-align-left","9":"tablet-align-left","10":"mobile-align-left","11":"ast-product-gallery-layout-horizontal","12":"ast-product-tabs-layout-horizontal","14":"first","15":"instock","16":"shipping-taxable","17":"product-type-simple"},"_links":{"self":[{"href":"https:\/\/wimar.net\/bg\/wp-json\/wp\/v2\/product\/5086","targetHints":{"allow":["GET"]}}],"collection":[{"href":"https:\/\/wimar.net\/bg\/wp-json\/wp\/v2\/product"}],"about":[{"href":"https:\/\/wimar.net\/bg\/wp-json\/wp\/v2\/types\/product"}],"version-history":[{"count":6,"href":"https:\/\/wimar.net\/bg\/wp-json\/wp\/v2\/product\/5086\/revisions"}],"predecessor-version":[{"id":6406,"href":"https:\/\/wimar.net\/bg\/wp-json\/wp\/v2\/product\/5086\/revisions\/6406"}],"wp:featuredmedia":[{"embeddable":true,"href":"https:\/\/wimar.net\/bg\/wp-json\/wp\/v2\/media\/5087"}],"wp:attachment":[{"href":"https:\/\/wimar.net\/bg\/wp-json\/wp\/v2\/media?parent=5086"}],"wp:term":[{"taxonomy":"product_brand","embeddable":true,"href":"https:\/\/wimar.net\/bg\/wp-json\/wp\/v2\/product_brand?post=5086"},{"taxonomy":"product_cat","embeddable":true,"href":"https:\/\/wimar.net\/bg\/wp-json\/wp\/v2\/product_cat?post=5086"},{"taxonomy":"product_tag","embeddable":true,"href":"https:\/\/wimar.net\/bg\/wp-json\/wp\/v2\/product_tag?post=5086"}],"curies":[{"name":"wp","href":"https:\/\/api.w.org\/{rel}","templated":true}]}}