{"id":5355,"date":"2025-03-14T14:32:40","date_gmt":"2025-03-14T13:32:40","guid":{"rendered":"https:\/\/wimar.net\/?post_type=product&#038;p=5355"},"modified":"2025-03-25T08:29:01","modified_gmt":"2025-03-25T07:29:01","slug":"zlaczki-gripple-plus-large-325-420mm-max-600kg-do-drutu","status":"publish","type":"product","link":"https:\/\/wimar.net\/bg\/product-2\/zlaczki-gripple-plus-large-325-420mm-max-600kg-do-drutu\/","title":{"rendered":"Gripple Plus \u0413\u043e\u043b\u0435\u043c\u0438 \u0444\u0438\u0442\u0438\u043d\u0433\u0438 3,25-4,20 \u043c\u043c \u043c\u0430\u043a\u0441. 600 \u043a\u0433 \u0437\u0430 \u0442\u0435\u043b"},"content":{"rendered":"<h3 data-start=\"0\" data-end=\"63\"><strong data-start=\"0\" data-end=\"61\">Gripple Plus \u0413\u043e\u043b\u0435\u043c\u0438 \u0444\u0438\u0442\u0438\u043d\u0433\u0438 3,25-4,20 \u043c\u043c \u043c\u0430\u043a\u0441. 600 \u043a\u0433 \u0437\u0430 \u0442\u0435\u043b<\/strong><\/h3>\n<p data-start=\"65\" data-end=\"331\">Z\u0142\u0105czki Gripple Plus Large to wytrzyma\u0142e i \u0142atwe w u\u017cyciu rozwi\u0105zanie do \u0142\u0105czenia i napinania drut\u00f3w w rolnictwie, sadownictwie oraz budownictwie ogrodzeniowym. Dzi\u0119ki zaawansowanej konstrukcji pozwalaj\u0105 na szybki monta\u017c i zapewniaj\u0105 d\u0142ugotrwa\u0142\u0105 trwa\u0142o\u015b\u0107 po\u0142\u0105cze\u0144.<\/p>\n<h3 data-start=\"333\" data-end=\"363\"><strong data-start=\"337\" data-end=\"361\">\u041e\u0441\u043d\u043e\u0432\u043d\u0438 \u0445\u0430\u0440\u0430\u043a\u0442\u0435\u0440\u0438\u0441\u0442\u0438\u043a\u0438:<\/strong><\/h3>\n<ul>\n<li data-start=\"364\" data-end=\"907\"><strong data-start=\"366\" data-end=\"383\">\u0423\u0441\u0442\u043e\u0439\u0447\u0438\u0432\u043e\u0441\u0442:<\/strong> Maksymalne obci\u0105\u017cenie do <strong>600 kg<\/strong>, zapewniaj\u0105ce solidne i trwa\u0142e po\u0142\u0105czenia.<\/li>\n<li data-start=\"364\" data-end=\"907\"><strong data-start=\"467\" data-end=\"492\">Zakres \u015brednic drutu:<\/strong> Kompatybilne z drutami o \u015brednicy <strong>3,25\u20134,20 mm<\/strong>, co pozwala na szerokie zastosowanie.<\/li>\n<li data-start=\"364\" data-end=\"907\"><strong data-start=\"586\" data-end=\"605\">\u0141atwo\u015b\u0107 u\u017cycia:<\/strong> Bezproblemowy i szybki monta\u017c bez potrzeby stosowania w\u0119z\u0142\u00f3w czy zacisk\u00f3w.<\/li>\n<li data-start=\"364\" data-end=\"907\"><strong data-start=\"685\" data-end=\"703\">Samoregulacja:<\/strong> Mechanizm automatycznego blokowania umo\u017cliwia precyzyjne dopasowanie napi\u0119cia.<\/li>\n<li data-start=\"364\" data-end=\"907\"><strong data-start=\"787\" data-end=\"812\">Odporno\u015b\u0107 na korozj\u0119:<\/strong> Wysoka jako\u015b\u0107 materia\u0142\u00f3w zapewnia d\u0142ugowieczno\u015b\u0107 nawet w trudnych warunkach atmosferycznych.<\/li>\n<\/ul>\n<h3 data-start=\"909\" data-end=\"932\"><strong data-start=\"913\" data-end=\"930\">\u041f\u0440\u0438\u043b\u043e\u0436\u0435\u043d\u0438\u0435:<\/strong><\/h3>\n<ul>\n<li data-start=\"933\" data-end=\"1308\"><strong data-start=\"936\" data-end=\"964\">Rolnictwo i sadownictwo:<\/strong> Monta\u017c i napinanie drut\u00f3w w systemach podtrzymuj\u0105cych ro\u015bliny.<\/li>\n<li data-start=\"933\" data-end=\"1308\"><strong data-start=\"1033\" data-end=\"1048\">Ogrodzenia:<\/strong> \u0141\u0105czenie i naprawa drut\u00f3w w ogrodzeniach pastwiskowych i przemys\u0142owych.<\/li>\n<li data-start=\"933\" data-end=\"1308\"><strong data-start=\"1126\" data-end=\"1149\">Systemy trelia\u017cowe:<\/strong> Stabilizacja i podtrzymywanie konstrukcji winoro\u015bli, malin i innych upraw.<\/li>\n<li data-start=\"933\" data-end=\"1308\"><strong data-start=\"1230\" data-end=\"1247\">Szk\u00f3\u0142karstwo:<\/strong> Wzmocnienie struktur wspieraj\u0105cych m\u0142ode drzewa i ro\u015bliny.<\/li>\n<\/ul>\n<h3 data-start=\"1310\" data-end=\"1369\"><strong data-start=\"1314\" data-end=\"1367\">Dlaczego warto wybra\u0107 z\u0142\u0105czki Gripple Plus Large?<\/strong><\/h3>\n<p data-start=\"1370\" data-end=\"1675\" data-is-last-node=\"\" data-is-only-node=\"\">Z\u0142\u0105czki Gripple Plus Large to innowacyjne rozwi\u0105zanie, kt\u00f3re znacz\u0105co skraca czas pracy przy instalacji i konserwacji drut\u00f3w. Ich solidna konstrukcja, \u0142atwo\u015b\u0107 monta\u017cu i szeroki zakres zastosowa\u0144 sprawiaj\u0105, \u017ce s\u0105 idealnym wyborem dla profesjonalist\u00f3w i hobbyst\u00f3w zajmuj\u0105cych si\u0119 uprawami oraz ogrodzeniami.<\/p>","protected":false},"excerpt":{"rendered":"<p>Z\u0142\u0105czki Gripple Plus Large 3,25-4,20mm max 600kg do drutu Z\u0142\u0105czki Gripple Plus Large to wytrzyma\u0142e i \u0142atwe w u\u017cyciu rozwi\u0105zanie do \u0142\u0105czenia i napinania drut\u00f3w w rolnictwie, sadownictwie oraz budownictwie ogrodzeniowym. Dzi\u0119ki zaawansowanej konstrukcji pozwalaj\u0105 na szybki monta\u017c i zapewniaj\u0105 d\u0142ugotrwa\u0142\u0105 trwa\u0142o\u015b\u0107 po\u0142\u0105cze\u0144. Najwa\u017cniejsze cechy: Wytrzyma\u0142o\u015b\u0107: Maksymalne obci\u0105\u017cenie do 600 kg, zapewniaj\u0105ce solidne i trwa\u0142e [&hellip;]<\/p>","protected":false},"featured_media":5357,"template":"","meta":{"site-sidebar-layout":"default","site-content-layout":"","ast-site-content-layout":"default","site-content-style":"default","site-sidebar-style":"default","ast-global-header-display":"","ast-banner-title-visibility":"","ast-main-header-display":"","ast-hfb-above-header-display":"","ast-hfb-below-header-display":"","ast-hfb-mobile-header-display":"","site-post-title":"","ast-breadcrumbs-content":"","ast-featured-img":"","footer-sml-layout":"","theme-transparent-header-meta":"default","adv-header-id-meta":"","stick-header-meta":"default","header-above-stick-meta":"","header-main-stick-meta":"","header-below-stick-meta":"","astra-migrate-meta-layouts":"set","ast-page-background-enabled":"default","ast-page-background-meta":{"desktop":{"background-color":"var(--ast-global-color-4)","background-image":"","background-repeat":"repeat","background-position":"center center","background-size":"auto","background-attachment":"scroll","background-type":"","background-media":"","overlay-type":"","overlay-color":"","overlay-opacity":"","overlay-gradient":""},"tablet":{"background-color":"","background-image":"","background-repeat":"repeat","background-position":"center center","background-size":"auto","background-attachment":"scroll","background-type":"","background-media":"","overlay-type":"","overlay-color":"","overlay-opacity":"","overlay-gradient":""},"mobile":{"background-color":"","background-image":"","background-repeat":"repeat","background-position":"center center","background-size":"auto","background-attachment":"scroll","background-type":"","background-media":"","overlay-type":"","overlay-color":"","overlay-opacity":"","overlay-gradient":""}},"ast-content-background-meta":{"desktop":{"background-color":"var(--ast-global-color-5)","background-image":"","background-repeat":"repeat","background-position":"center center","background-size":"auto","background-attachment":"scroll","background-type":"","background-media":"","overlay-type":"","overlay-color":"","overlay-opacity":"","overlay-gradient":""},"tablet":{"background-color":"var(--ast-global-color-5)","background-image":"","background-repeat":"repeat","background-position":"center center","background-size":"auto","background-attachment":"scroll","background-type":"","background-media":"","overlay-type":"","overlay-color":"","overlay-opacity":"","overlay-gradient":""},"mobile":{"background-color":"var(--ast-global-color-5)","background-image":"","background-repeat":"repeat","background-position":"center center","background-size":"auto","background-attachment":"scroll","background-type":"","background-media":"","overlay-type":"","overlay-color":"","overlay-opacity":"","overlay-gradient":""}}},"product_brand":[],"product_cat":[308],"product_tag":[],"class_list":{"0":"post-5355","1":"product","2":"type-product","3":"status-publish","4":"has-post-thumbnail","6":"product_cat-large","7":"desktop-align-left","8":"tablet-align-left","9":"mobile-align-left","10":"ast-product-gallery-layout-horizontal","11":"ast-product-tabs-layout-horizontal","13":"first","14":"instock","15":"shipping-taxable","16":"product-type-simple"},"_links":{"self":[{"href":"https:\/\/wimar.net\/bg\/wp-json\/wp\/v2\/product\/5355","targetHints":{"allow":["GET"]}}],"collection":[{"href":"https:\/\/wimar.net\/bg\/wp-json\/wp\/v2\/product"}],"about":[{"href":"https:\/\/wimar.net\/bg\/wp-json\/wp\/v2\/types\/product"}],"version-history":[{"count":3,"href":"https:\/\/wimar.net\/bg\/wp-json\/wp\/v2\/product\/5355\/revisions"}],"predecessor-version":[{"id":6381,"href":"https:\/\/wimar.net\/bg\/wp-json\/wp\/v2\/product\/5355\/revisions\/6381"}],"wp:featuredmedia":[{"embeddable":true,"href":"https:\/\/wimar.net\/bg\/wp-json\/wp\/v2\/media\/5357"}],"wp:attachment":[{"href":"https:\/\/wimar.net\/bg\/wp-json\/wp\/v2\/media?parent=5355"}],"wp:term":[{"taxonomy":"product_brand","embeddable":true,"href":"https:\/\/wimar.net\/bg\/wp-json\/wp\/v2\/product_brand?post=5355"},{"taxonomy":"product_cat","embeddable":true,"href":"https:\/\/wimar.net\/bg\/wp-json\/wp\/v2\/product_cat?post=5355"},{"taxonomy":"product_tag","embeddable":true,"href":"https:\/\/wimar.net\/bg\/wp-json\/wp\/v2\/product_tag?post=5355"}],"curies":[{"name":"wp","href":"https:\/\/api.w.org\/{rel}","templated":true}]}}