{"id":5876,"date":"2025-03-19T10:19:47","date_gmt":"2025-03-19T09:19:47","guid":{"rendered":"https:\/\/wimar.net\/?post_type=product&#038;p=5876"},"modified":"2025-03-19T10:30:07","modified_gmt":"2025-03-19T09:30:07","slug":"sekator-sadowniczy-dwuostrzowy-due-buoi-132-20","status":"publish","type":"product","link":"https:\/\/wimar.net\/bg\/product-2\/sekator-sadowniczy-dwuostrzowy-due-buoi-132-20\/","title":{"rendered":"Sekator sadowniczy dwuostrzowy Due Buoi 132\/20"},"content":{"rendered":"<h3 data-start=\"0\" data-end=\"298\">Sekator r\u0119czny, sadowniczy<\/h3>\n<p data-start=\"0\" data-end=\"298\">Sekator sadowniczy dwuostrzowy to niezast\u0105pione narz\u0119dzie dla ka\u017cdego ogrodnika i sadownika, kt\u00f3re umo\u017cliwia precyzyjne ci\u0119cie ga\u0142\u0119zi, p\u0119d\u00f3w i krzew\u00f3w. Dzi\u0119ki solidnej konstrukcji i ostrym, podw\u00f3jnym ostrzom zapewnia czyste ci\u0119cie bez uszkadzania ro\u015blin, co wspiera ich zdrowy rozw\u00f3j.<\/p>\n<p data-start=\"0\" data-end=\"298\">Due Buoi (Dwa Wo\u0142y) to rodzinna firma za\u0142o\u017cona w 1884 roku we W\u0142oszech od czterech pokole\u0144 produkuj\u0105ca no\u017ce i narz\u0119dzia dla rolnictwa. DueBuoi opracowa\u0142a w\u0142asn\u0105, pilnie przechowywan\u0105 metod\u0119 obr\u00f3bki metalu\u00a0<em>extra duro<\/em>, dzi\u0119ki kt\u00f3rej ostrza produkowanych no\u017cy i sekator\u00f3w zachowuj\u0105 wyj\u0105tkow\u0105 trwa\u0142o\u015b\u0107. Firma z Maniago (miasta sztu\u0107c\u00f3w) znana jest w Italii z produkcji no\u017cy kuchennych, szk\u00f3\u0142karskich i survivalowych, sekator\u00f3w i siekier.<\/p>\n<h3 data-start=\"300\" data-end=\"324\">\u041e\u0441\u043d\u043e\u0432\u043d\u0438 \u0445\u0430\u0440\u0430\u043a\u0442\u0435\u0440\u0438\u0441\u0442\u0438\u043a\u0438:<\/h3>\n<ul>\n<li style=\"text-align: left;\"><strong data-start=\"314\" data-end=\"333\">Precyzja ci\u0119cia<\/strong> \u2013 Wyposa\u017cony w dwa ostrza, kt\u00f3re tn\u0105 r\u00f3wnocze\u015bnie, zapewniaj\u0105c g\u0142adkie, r\u00f3wne ci\u0119cie bez mia\u017cd\u017cenia ga\u0142\u0119zi.<\/li>\n<li style=\"text-align: left;\"><strong data-start=\"446\" data-end=\"473\">Wysoka jako\u015b\u0107 wykonania<\/strong> \u2013 Ostrza wykonane z wytrzyma\u0142ej stali, odpornej na korozj\u0119 i intensywn\u0105 eksploatacj\u0119.<\/li>\n<li style=\"text-align: left;\"><strong data-start=\"564\" data-end=\"592\">Ergonomiczna konstrukcja<\/strong> \u2013 R\u0119koje\u015b\u0107 zaprojektowana z my\u015bl\u0105 o komforcie u\u017cytkowania, minimalizuje zm\u0119czenie d\u0142oni podczas d\u0142ugotrwa\u0142ej pracy.<\/li>\n<li style=\"text-align: left;\"><strong data-start=\"713\" data-end=\"737\">Lekko\u015b\u0107 i por\u0119czno\u015b\u0107<\/strong> \u2013 Idealny do precyzyjnych prac w sadzie, ogrodzie czy na dzia\u0142ce.<\/li>\n<li style=\"text-align: left;\"><strong data-start=\"808\" data-end=\"825\">\u041c\u043d\u043e\u0433\u043e\u0444\u0443\u043d\u043a\u0446\u0438\u043e\u043d\u0430\u043b\u043d\u043e\u0441\u0442<\/strong> \u2013 Doskona\u0142y zar\u00f3wno do ci\u0119cia cienkich p\u0119d\u00f3w, jak i grubszych ga\u0142\u0119zi drzew owocowych.<\/li>\n<li><strong>D\u0142ugo\u015b\u0107 ca\u0142kowita<\/strong> &#8211; 20 cm<\/li>\n<li><strong>Ostrze <\/strong>&#8211; Stal C60 \u2013 Twardo\u015b\u0107: HRC 58\/59<\/li>\n<li><strong>Nakr\u0119tka<\/strong> &#8211; Stal hartowana C45<\/li>\n<li><strong>Malowanie <\/strong>&#8211; \u017bywica epoksydowa w kolorze pomara\u0144czowym<\/li>\n<li><strong>R\u0119koje\u015b\u0107<\/strong> &#8211; Stal kuta pokryta gum\u0105<\/li>\n<\/ul>\n<h3 data-start=\"995\" data-end=\"1012\">\u041f\u0440\u0438\u043b\u043e\u0436\u0435\u043d\u0438\u0435:<\/h3>\n<ul data-start=\"1014\" data-end=\"1347\">\n<li data-start=\"932\" data-end=\"1051\"><strong data-start=\"934\" data-end=\"975\">Przycinanie drzew i krzew\u00f3w owocowych<\/strong> \u2013 Niezast\u0105piony podczas formowania koron drzew i usuwania zb\u0119dnych p\u0119d\u00f3w.<\/li>\n<li data-start=\"1052\" data-end=\"1150\"><strong data-start=\"1054\" data-end=\"1086\">Piel\u0119gnacja ro\u015blin ozdobnych<\/strong> \u2013 Idealny do precyzyjnego kszta\u0142towania krzew\u00f3w i \u017cywop\u0142ot\u00f3w.<\/li>\n<li data-start=\"1151\" data-end=\"1246\"><strong data-start=\"1153\" data-end=\"1178\">Ci\u0119cie kwiat\u00f3w i zi\u00f3\u0142<\/strong> \u2013 Sprawdza si\u0119 w pracach przydomowych i profesjonalnych uprawach.<\/li>\n<li data-start=\"1247\" data-end=\"1350\"><strong data-start=\"1249\" data-end=\"1278\">Prace w sadzie i ogrodzie<\/strong> \u2013 Pomaga w codziennej piel\u0119gnacji ro\u015blin, wspieraj\u0105c ich zdrowy wzrost.<\/li>\n<\/ul>\n<h3 data-start=\"1352\" data-end=\"1409\">Dlaczego warto wybra\u0107 sekator sadowniczy dwuostrzowy?<\/h3>\n<p data-start=\"1410\" data-end=\"1820\" data-is-last-node=\"\" data-is-only-node=\"\">Sekator dwuostrzowy to profesjonalne narz\u0119dzie, kt\u00f3re dzi\u0119ki swojej konstrukcji zapewnia precyzyjne i czyste ci\u0119cie, minimalizuj\u0105c ryzyko uszkodzenia ro\u015blin. Wytrzyma\u0142o\u015b\u0107, komfort u\u017cytkowania oraz uniwersalno\u015b\u0107 sprawiaj\u0105, \u017ce jest to obowi\u0105zkowy element wyposa\u017cenia ka\u017cdego ogrodnika, zar\u00f3wno amatora, jak i profesjonalisty. To inwestycja, kt\u00f3ra pos\u0142u\u017cy przez wiele sezon\u00f3w, u\u0142atwiaj\u0105c codzienne prace ogrodowe.<\/p>","protected":false},"excerpt":{"rendered":"<p>Sekator r\u0119czny, sadowniczy Sekator sadowniczy dwuostrzowy to niezast\u0105pione narz\u0119dzie dla ka\u017cdego ogrodnika i sadownika, kt\u00f3re umo\u017cliwia precyzyjne ci\u0119cie ga\u0142\u0119zi, p\u0119d\u00f3w i krzew\u00f3w. Dzi\u0119ki solidnej konstrukcji i ostrym, podw\u00f3jnym ostrzom zapewnia czyste ci\u0119cie bez uszkadzania ro\u015blin, co wspiera ich zdrowy rozw\u00f3j. Due Buoi (Dwa Wo\u0142y) to rodzinna firma za\u0142o\u017cona w 1884 roku we W\u0142oszech od czterech [&hellip;]<\/p>","protected":false},"featured_media":5877,"template":"","meta":{"site-sidebar-layout":"default","site-content-layout":"","ast-site-content-layout":"default","site-content-style":"default","site-sidebar-style":"default","ast-global-header-display":"","ast-banner-title-visibility":"","ast-main-header-display":"","ast-hfb-above-header-display":"","ast-hfb-below-header-display":"","ast-hfb-mobile-header-display":"","site-post-title":"","ast-breadcrumbs-content":"","ast-featured-img":"","footer-sml-layout":"","theme-transparent-header-meta":"default","adv-header-id-meta":"","stick-header-meta":"default","header-above-stick-meta":"","header-main-stick-meta":"","header-below-stick-meta":"","astra-migrate-meta-layouts":"set","ast-page-background-enabled":"default","ast-page-background-meta":{"desktop":{"background-color":"var(--ast-global-color-4)","background-image":"","background-repeat":"repeat","background-position":"center center","background-size":"auto","background-attachment":"scroll","background-type":"","background-media":"","overlay-type":"","overlay-color":"","overlay-opacity":"","overlay-gradient":""},"tablet":{"background-color":"","background-image":"","background-repeat":"repeat","background-position":"center center","background-size":"auto","background-attachment":"scroll","background-type":"","background-media":"","overlay-type":"","overlay-color":"","overlay-opacity":"","overlay-gradient":""},"mobile":{"background-color":"","background-image":"","background-repeat":"repeat","background-position":"center center","background-size":"auto","background-attachment":"scroll","background-type":"","background-media":"","overlay-type":"","overlay-color":"","overlay-opacity":"","overlay-gradient":""}},"ast-content-background-meta":{"desktop":{"background-color":"var(--ast-global-color-5)","background-image":"","background-repeat":"repeat","background-position":"center center","background-size":"auto","background-attachment":"scroll","background-type":"","background-media":"","overlay-type":"","overlay-color":"","overlay-opacity":"","overlay-gradient":""},"tablet":{"background-color":"var(--ast-global-color-5)","background-image":"","background-repeat":"repeat","background-position":"center center","background-size":"auto","background-attachment":"scroll","background-type":"","background-media":"","overlay-type":"","overlay-color":"","overlay-opacity":"","overlay-gradient":""},"mobile":{"background-color":"var(--ast-global-color-5)","background-image":"","background-repeat":"repeat","background-position":"center center","background-size":"auto","background-attachment":"scroll","background-type":"","background-media":"","overlay-type":"","overlay-color":"","overlay-opacity":"","overlay-gradient":""}}},"product_brand":[],"product_cat":[258,251],"product_tag":[],"class_list":{"0":"post-5876","1":"product","2":"type-product","3":"status-publish","4":"has-post-thumbnail","6":"product_cat-reczne-narzedzia-ogrodnicze","7":"product_cat-sekatory-reczne","8":"desktop-align-left","9":"tablet-align-left","10":"mobile-align-left","11":"ast-product-gallery-layout-horizontal","12":"ast-product-tabs-layout-horizontal","14":"first","15":"instock","16":"shipping-taxable","17":"product-type-simple"},"_links":{"self":[{"href":"https:\/\/wimar.net\/bg\/wp-json\/wp\/v2\/product\/5876","targetHints":{"allow":["GET"]}}],"collection":[{"href":"https:\/\/wimar.net\/bg\/wp-json\/wp\/v2\/product"}],"about":[{"href":"https:\/\/wimar.net\/bg\/wp-json\/wp\/v2\/types\/product"}],"version-history":[{"count":2,"href":"https:\/\/wimar.net\/bg\/wp-json\/wp\/v2\/product\/5876\/revisions"}],"predecessor-version":[{"id":7311,"href":"https:\/\/wimar.net\/bg\/wp-json\/wp\/v2\/product\/5876\/revisions\/7311"}],"wp:featuredmedia":[{"embeddable":true,"href":"https:\/\/wimar.net\/bg\/wp-json\/wp\/v2\/media\/5877"}],"wp:attachment":[{"href":"https:\/\/wimar.net\/bg\/wp-json\/wp\/v2\/media?parent=5876"}],"wp:term":[{"taxonomy":"product_brand","embeddable":true,"href":"https:\/\/wimar.net\/bg\/wp-json\/wp\/v2\/product_brand?post=5876"},{"taxonomy":"product_cat","embeddable":true,"href":"https:\/\/wimar.net\/bg\/wp-json\/wp\/v2\/product_cat?post=5876"},{"taxonomy":"product_tag","embeddable":true,"href":"https:\/\/wimar.net\/bg\/wp-json\/wp\/v2\/product_tag?post=5876"}],"curies":[{"name":"wp","href":"https:\/\/api.w.org\/{rel}","templated":true}]}}