{"id":5882,"date":"2025-03-19T10:37:07","date_gmt":"2025-03-19T09:37:07","guid":{"rendered":"https:\/\/wimar.net\/?post_type=product&#038;p=5882"},"modified":"2025-03-19T11:03:05","modified_gmt":"2025-03-19T10:03:05","slug":"sekator-uniwersalny-do-przycinania-due-buoi-22cm","status":"publish","type":"product","link":"https:\/\/wimar.net\/bg\/product-2\/sekator-uniwersalny-do-przycinania-due-buoi-22cm\/","title":{"rendered":"Sekator klasyczny do przycinania Due Buoi 134\/25L PALERMO"},"content":{"rendered":"<h3 data-start=\"0\" data-end=\"298\">Sekator r\u0119czny, sadowniczy<\/h3>\n<p data-start=\"0\" data-end=\"298\">Sekator klasyczny do przycinania to niezast\u0105pione narz\u0119dzie ogrodnicze, wykonane z solidnych materia\u0142\u00f3w, kt\u00f3re zapewniaj\u0105 precyzyjne i wygodne ci\u0119cie. Idealnie sprawdzi si\u0119 zar\u00f3wno w ogrodach przydomowych, sadach, jak i w szk\u00f3\u0142kach ro\u015blin, u\u0142atwiaj\u0105c piel\u0119gnacj\u0119 drzew, krzew\u00f3w i kwiat\u00f3w.<\/p>\n<p data-start=\"0\" data-end=\"298\">Due Buoi (Dwa Wo\u0142y) to rodzinna firma za\u0142o\u017cona w 1884 roku we W\u0142oszech od czterech pokole\u0144 produkuj\u0105ca no\u017ce i narz\u0119dzia dla rolnictwa. DueBuoi opracowa\u0142a w\u0142asn\u0105, pilnie przechowywan\u0105 metod\u0119 obr\u00f3bki metalu\u00a0<em>extra duro<\/em>, dzi\u0119ki kt\u00f3rej ostrza produkowanych no\u017cy i sekator\u00f3w zachowuj\u0105 wyj\u0105tkow\u0105 trwa\u0142o\u015b\u0107. Firma z Maniago (miasta sztu\u0107c\u00f3w) znana jest w Italii z produkcji no\u017cy kuchennych, szk\u00f3\u0142karskich i survivalowych, sekator\u00f3w i siekier.<\/p>\n<h3 data-start=\"300\" data-end=\"324\">\u041e\u0441\u043d\u043e\u0432\u043d\u0438 \u0445\u0430\u0440\u0430\u043a\u0442\u0435\u0440\u0438\u0441\u0442\u0438\u043a\u0438:<\/h3>\n<ul>\n<li style=\"text-align: left;\"><strong data-start=\"320\" data-end=\"336\">Wytrzyma\u0142o\u015b\u0107<\/strong> \u2013 Sekator wykonany z wysokiej jako\u015bci stali, odpornej na korozj\u0119 i uszkodzenia mechaniczne, gwarantuje d\u0142ug\u0105 \u017cywotno\u015b\u0107 narz\u0119dzia.<\/li>\n<li style=\"text-align: left;\"><strong data-start=\"471\" data-end=\"490\">Precyzja ci\u0119cia<\/strong> \u2013 Ostrza zapewniaj\u0105 czyste i r\u00f3wne ci\u0119cie, co minimalizuje ryzyko uszkodzenia ro\u015blin i przyspiesza ich regeneracj\u0119.<\/li>\n<li style=\"text-align: left;\"><strong data-start=\"611\" data-end=\"634\">Ergonomiczna r\u0105czka<\/strong> \u2013 Zapewnia komfort pracy nawet podczas d\u0142ugiego u\u017cytkowania, zmniejszaj\u0105c zm\u0119czenie d\u0142oni.<\/li>\n<li style=\"text-align: left;\"><strong data-start=\"730\" data-end=\"747\">\u041c\u043d\u043e\u0433\u043e\u0444\u0443\u043d\u043a\u0446\u0438\u043e\u043d\u0430\u043b\u043d\u043e\u0441\u0442<\/strong> \u2013 Doskonale sprawdza si\u0119 przy ci\u0119ciu ga\u0142\u0119zi, p\u0119d\u00f3w, kwiat\u00f3w, zi\u00f3\u0142 oraz drobnych krzew\u00f3w.<\/li>\n<li style=\"text-align: left;\"><strong data-start=\"841\" data-end=\"862\">Lekka konstrukcja<\/strong> \u2013 U\u0142atwia manewrowanie i precyzyjn\u0105 prac\u0119 w trudno dost\u0119pnych miejscach.<\/li>\n<li><strong>D\u0142ugo\u015b\u0107 ca\u0142kowita<\/strong> &#8211; 25 cm<\/li>\n<li><strong>Ostrze:<\/strong> stal C60<\/li>\n<li><strong>Twardo\u015b\u0107:<\/strong> HRC 57\/58<\/li>\n<li><strong>Blokada zamka:<\/strong> OT63<\/li>\n<li><strong>\u015aruba:<\/strong> utwardzana C45<\/li>\n<li><strong>\u015aruba:<\/strong> AVP<\/li>\n<li><strong>System zamka:<\/strong> nylon<\/li>\n<\/ul>\n<h3 data-start=\"995\" data-end=\"1012\">\u041f\u0440\u0438\u043b\u043e\u0436\u0435\u043d\u0438\u0435:<\/h3>\n<ul data-start=\"1014\" data-end=\"1347\">\n<li data-start=\"956\" data-end=\"1058\"><strong data-start=\"958\" data-end=\"988\">Przycinanie ga\u0142\u0119zi i p\u0119d\u00f3w<\/strong> \u2013 Idealny do kszta\u0142towania ro\u015blin i utrzymania porz\u0105dku w ogrodzie.<\/li>\n<li data-start=\"1059\" data-end=\"1151\"><strong data-start=\"1061\" data-end=\"1086\">Ci\u0119cie kwiat\u00f3w i zi\u00f3\u0142<\/strong> \u2013 Sprawdza si\u0119 zar\u00f3wno w ogrodach ozdobnych, jak i warzywnych.<\/li>\n<li data-start=\"1152\" data-end=\"1277\"><strong data-start=\"1154\" data-end=\"1197\">Piel\u0119gnacja krzew\u00f3w i drzewek owocowych<\/strong> \u2013 Niezast\u0105piony podczas formowania i usuwania suchych lub uszkodzonych p\u0119d\u00f3w.<\/li>\n<li data-start=\"1278\" data-end=\"1379\"><strong data-start=\"1280\" data-end=\"1310\">Prace w szk\u00f3\u0142kach i sadach<\/strong> \u2013 Profesjonalne wsparcie przy codziennych zabiegach piel\u0119gnacyjnych.<\/li>\n<\/ul>\n<h3 data-start=\"1381\" data-end=\"1427\">Dlaczego warto wybra\u0107 sekator PALERMO?<\/h3>\n<p data-start=\"1428\" data-end=\"1753\" data-is-last-node=\"\" data-is-only-node=\"\">Sekator ten to praktyczne i niezawodne narz\u0119dzie, kt\u00f3re u\u0142atwia codzienn\u0105 piel\u0119gnacj\u0119 ro\u015blin. Jego trwa\u0142o\u015b\u0107, precyzja i komfort u\u017cytkowania sprawiaj\u0105, \u017ce jest doskona\u0142ym wyborem zar\u00f3wno dla amator\u00f3w ogrodnictwa, jak i profesjonalist\u00f3w. Dzi\u0119ki niemu prace w ogrodzie staj\u0105 si\u0119 szybsze, \u0142atwiejsze i bardziej efektywne.<\/p>","protected":false},"excerpt":{"rendered":"<p>Sekator r\u0119czny, sadowniczy Sekator klasyczny do przycinania to niezast\u0105pione narz\u0119dzie ogrodnicze, wykonane z solidnych materia\u0142\u00f3w, kt\u00f3re zapewniaj\u0105 precyzyjne i wygodne ci\u0119cie. Idealnie sprawdzi si\u0119 zar\u00f3wno w ogrodach przydomowych, sadach, jak i w szk\u00f3\u0142kach ro\u015blin, u\u0142atwiaj\u0105c piel\u0119gnacj\u0119 drzew, krzew\u00f3w i kwiat\u00f3w. Due Buoi (Dwa Wo\u0142y) to rodzinna firma za\u0142o\u017cona w 1884 roku we W\u0142oszech od czterech [&hellip;]<\/p>","protected":false},"featured_media":5886,"template":"","meta":{"site-sidebar-layout":"default","site-content-layout":"","ast-site-content-layout":"default","site-content-style":"default","site-sidebar-style":"default","ast-global-header-display":"","ast-banner-title-visibility":"","ast-main-header-display":"","ast-hfb-above-header-display":"","ast-hfb-below-header-display":"","ast-hfb-mobile-header-display":"","site-post-title":"","ast-breadcrumbs-content":"","ast-featured-img":"","footer-sml-layout":"","theme-transparent-header-meta":"default","adv-header-id-meta":"","stick-header-meta":"default","header-above-stick-meta":"","header-main-stick-meta":"","header-below-stick-meta":"","astra-migrate-meta-layouts":"set","ast-page-background-enabled":"default","ast-page-background-meta":{"desktop":{"background-color":"var(--ast-global-color-4)","background-image":"","background-repeat":"repeat","background-position":"center center","background-size":"auto","background-attachment":"scroll","background-type":"","background-media":"","overlay-type":"","overlay-color":"","overlay-opacity":"","overlay-gradient":""},"tablet":{"background-color":"","background-image":"","background-repeat":"repeat","background-position":"center center","background-size":"auto","background-attachment":"scroll","background-type":"","background-media":"","overlay-type":"","overlay-color":"","overlay-opacity":"","overlay-gradient":""},"mobile":{"background-color":"","background-image":"","background-repeat":"repeat","background-position":"center center","background-size":"auto","background-attachment":"scroll","background-type":"","background-media":"","overlay-type":"","overlay-color":"","overlay-opacity":"","overlay-gradient":""}},"ast-content-background-meta":{"desktop":{"background-color":"var(--ast-global-color-5)","background-image":"","background-repeat":"repeat","background-position":"center center","background-size":"auto","background-attachment":"scroll","background-type":"","background-media":"","overlay-type":"","overlay-color":"","overlay-opacity":"","overlay-gradient":""},"tablet":{"background-color":"var(--ast-global-color-5)","background-image":"","background-repeat":"repeat","background-position":"center center","background-size":"auto","background-attachment":"scroll","background-type":"","background-media":"","overlay-type":"","overlay-color":"","overlay-opacity":"","overlay-gradient":""},"mobile":{"background-color":"var(--ast-global-color-5)","background-image":"","background-repeat":"repeat","background-position":"center center","background-size":"auto","background-attachment":"scroll","background-type":"","background-media":"","overlay-type":"","overlay-color":"","overlay-opacity":"","overlay-gradient":""}}},"product_brand":[],"product_cat":[258,251],"product_tag":[],"class_list":{"0":"post-5882","1":"product","2":"type-product","3":"status-publish","4":"has-post-thumbnail","6":"product_cat-reczne-narzedzia-ogrodnicze","7":"product_cat-sekatory-reczne","8":"desktop-align-left","9":"tablet-align-left","10":"mobile-align-left","11":"ast-product-gallery-layout-horizontal","12":"ast-product-gallery-with-no-image","13":"ast-product-tabs-layout-horizontal","15":"first","16":"instock","17":"shipping-taxable","18":"product-type-simple"},"_links":{"self":[{"href":"https:\/\/wimar.net\/bg\/wp-json\/wp\/v2\/product\/5882","targetHints":{"allow":["GET"]}}],"collection":[{"href":"https:\/\/wimar.net\/bg\/wp-json\/wp\/v2\/product"}],"about":[{"href":"https:\/\/wimar.net\/bg\/wp-json\/wp\/v2\/types\/product"}],"version-history":[{"count":3,"href":"https:\/\/wimar.net\/bg\/wp-json\/wp\/v2\/product\/5882\/revisions"}],"predecessor-version":[{"id":5887,"href":"https:\/\/wimar.net\/bg\/wp-json\/wp\/v2\/product\/5882\/revisions\/5887"}],"wp:featuredmedia":[{"embeddable":true,"href":"https:\/\/wimar.net\/bg\/wp-json\/wp\/v2\/media\/5886"}],"wp:attachment":[{"href":"https:\/\/wimar.net\/bg\/wp-json\/wp\/v2\/media?parent=5882"}],"wp:term":[{"taxonomy":"product_brand","embeddable":true,"href":"https:\/\/wimar.net\/bg\/wp-json\/wp\/v2\/product_brand?post=5882"},{"taxonomy":"product_cat","embeddable":true,"href":"https:\/\/wimar.net\/bg\/wp-json\/wp\/v2\/product_cat?post=5882"},{"taxonomy":"product_tag","embeddable":true,"href":"https:\/\/wimar.net\/bg\/wp-json\/wp\/v2\/product_tag?post=5882"}],"curies":[{"name":"wp","href":"https:\/\/api.w.org\/{rel}","templated":true}]}}