{"id":6460,"date":"2025-03-25T13:04:56","date_gmt":"2025-03-25T12:04:56","guid":{"rendered":"https:\/\/wimar.net\/?post_type=product&#038;p=6460"},"modified":"2025-03-25T13:05:37","modified_gmt":"2025-03-25T12:05:37","slug":"tyczka-bambusowa-295cm-28-30-mm","status":"publish","type":"product","link":"https:\/\/wimar.net\/bg\/product-2\/tyczka-bambusowa-295cm-28-30-mm\/","title":{"rendered":"\u0411\u0430\u043c\u0431\u0443\u043a\u043e\u0432\u0430 \u043f\u0440\u044a\u0447\u043a\u0430 295cm, 28-30 mm"},"content":{"rendered":"<h3 data-start=\"0\" data-end=\"51\"><strong data-start=\"0\" data-end=\"49\">\u0411\u0430\u043c\u0431\u0443\u043a\u043e\u0432\u0438 \u043f\u0440\u044a\u0442\u0438<\/strong><\/h3>\n<p data-start=\"53\" data-end=\"324\">Tyczki bambusowe to naturalne i ekologiczne podpory ogrodnicze, kt\u00f3re doskonale sprawdzaj\u0105 si\u0119 w uprawie ro\u015blin wymagaj\u0105cych stabilizacji. Wykonane z mocnego, w 100% naturalnego bambusa, s\u0105 trwa\u0142ym i praktycznym rozwi\u0105zaniem zar\u00f3wno w ogrodach, jak i na plantacjach czy w szk\u00f3\u0142kach.<\/p>\n<h3 data-start=\"326\" data-end=\"356\"><strong data-start=\"330\" data-end=\"354\">\u041e\u0441\u043d\u043e\u0432\u043d\u0438 \u0445\u0430\u0440\u0430\u043a\u0442\u0435\u0440\u0438\u0441\u0442\u0438\u043a\u0438:<\/strong><\/h3>\n<ul>\n<li data-start=\"358\" data-end=\"966\"><strong data-start=\"317\" data-end=\"332\">Naturalno\u015b\u0107<\/strong> \u2013 Wykonane z biodegradowalnego i odnawialnego surowca, jakim jest bambus \u2013 wyj\u0105tkowo wytrzyma\u0142e w\u0142\u00f3kno pochodz\u0105ce z \u0142odyg ro\u015blin.<\/li>\n<li data-start=\"358\" data-end=\"966\"><strong data-start=\"467\" data-end=\"482\">Ekologiczne<\/strong> \u2013 Przyjazne dla \u015brodowiska, stanowi\u0105 naturaln\u0105 alternatyw\u0119 dla plastikowych podp\u00f3r.<\/li>\n<li data-start=\"358\" data-end=\"966\"><strong data-start=\"571\" data-end=\"587\">Wytrzyma\u0142o\u015b\u0107<\/strong> \u2013 Bambus charakteryzuje si\u0119 wysok\u0105 odporno\u015bci\u0105 na warunki atmosferyczne i uszkodzenia mechaniczne.<\/li>\n<li data-start=\"358\" data-end=\"966\"><strong>D\u0142ugo\u015b\u0107<\/strong> &#8211; 295 cm<\/li>\n<li data-start=\"358\" data-end=\"966\"><strong>\u015arednica<\/strong> &#8211; 28-30 mm<\/li>\n<\/ul>\n<h3 data-start=\"968\" data-end=\"991\"><strong data-start=\"972\" data-end=\"989\">\u041f\u0440\u0438\u043b\u043e\u0436\u0435\u043d\u0438\u0435:<\/strong><\/h3>\n<ul>\n<li data-start=\"993\" data-end=\"1407\"><strong data-start=\"960\" data-end=\"999\">Podpora dla ro\u015blin pn\u0105cych i warzyw<\/strong> \u2013 Idealne dla pomidor\u00f3w, og\u00f3rk\u00f3w, groszku, fasoli oraz ro\u015blin ozdobnych.<\/li>\n<li data-start=\"993\" data-end=\"1407\"><strong data-start=\"1078\" data-end=\"1110\">Formowanie krzew\u00f3w i drzewek<\/strong> \u2013 Pomagaj\u0105 w kszta\u0142towaniu m\u0142odych drzewek owocowych i ozdobnych.<\/li>\n<li data-start=\"993\" data-end=\"1407\"><strong data-start=\"1182\" data-end=\"1215\">Budowa konstrukcji ogrodowych<\/strong> \u2013 Mo\u017cliwo\u015b\u0107 tworzenia pergoli, tuneli, p\u0142otk\u00f3w czy os\u0142on dla ro\u015blin.<\/li>\n<li data-start=\"993\" data-end=\"1407\"><strong data-start=\"1290\" data-end=\"1310\">Dekoracja ogrodu<\/strong> \u2013 Naturalny bambus stanowi efektowny element wystroju przestrzeni ogrodowej.<\/li>\n<\/ul>\n<h3 class=\"\" data-start=\"1394\" data-end=\"1437\">Dlaczego warto wybra\u0107 tyczki bambusowe?<\/h3>\n<p class=\"\" data-start=\"1439\" data-end=\"1823\">Tyczki bambusowe to ekologiczne, trwa\u0142e i niezwykle praktyczne rozwi\u0105zanie w ka\u017cdym ogrodzie. S\u0105 naturalne, wytrzyma\u0142e i wielokrotnego u\u017cytku, a dzi\u0119ki szerokiemu zastosowaniu sprawdz\u0105 si\u0119 zar\u00f3wno w uprawie warzyw, jak i ro\u015blin ozdobnych. Ich naturalny wygl\u0105d doskonale wpasowuje si\u0119 w ogrodowe aran\u017cacje, czyni\u0105c je nie tylko funkcjonalnym, ale i estetycznym elementem ka\u017cdej uprawy.<\/p>","protected":false},"excerpt":{"rendered":"<p>Tyczki bambusowe Tyczki bambusowe to naturalne i ekologiczne podpory ogrodnicze, kt\u00f3re doskonale sprawdzaj\u0105 si\u0119 w uprawie ro\u015blin wymagaj\u0105cych stabilizacji. Wykonane z mocnego, w 100% naturalnego bambusa, s\u0105 trwa\u0142ym i praktycznym rozwi\u0105zaniem zar\u00f3wno w ogrodach, jak i na plantacjach czy w szk\u00f3\u0142kach. Najwa\u017cniejsze cechy: Naturalno\u015b\u0107 \u2013 Wykonane z biodegradowalnego i odnawialnego surowca, jakim jest bambus \u2013 [&hellip;]<\/p>","protected":false},"featured_media":6458,"template":"","meta":{"site-sidebar-layout":"default","site-content-layout":"","ast-site-content-layout":"default","site-content-style":"default","site-sidebar-style":"default","ast-global-header-display":"","ast-banner-title-visibility":"","ast-main-header-display":"","ast-hfb-above-header-display":"","ast-hfb-below-header-display":"","ast-hfb-mobile-header-display":"","site-post-title":"","ast-breadcrumbs-content":"","ast-featured-img":"","footer-sml-layout":"","theme-transparent-header-meta":"default","adv-header-id-meta":"","stick-header-meta":"default","header-above-stick-meta":"","header-main-stick-meta":"","header-below-stick-meta":"","astra-migrate-meta-layouts":"set","ast-page-background-enabled":"default","ast-page-background-meta":{"desktop":{"background-color":"var(--ast-global-color-4)","background-image":"","background-repeat":"repeat","background-position":"center center","background-size":"auto","background-attachment":"scroll","background-type":"","background-media":"","overlay-type":"","overlay-color":"","overlay-opacity":"","overlay-gradient":""},"tablet":{"background-color":"","background-image":"","background-repeat":"repeat","background-position":"center center","background-size":"auto","background-attachment":"scroll","background-type":"","background-media":"","overlay-type":"","overlay-color":"","overlay-opacity":"","overlay-gradient":""},"mobile":{"background-color":"","background-image":"","background-repeat":"repeat","background-position":"center center","background-size":"auto","background-attachment":"scroll","background-type":"","background-media":"","overlay-type":"","overlay-color":"","overlay-opacity":"","overlay-gradient":""}},"ast-content-background-meta":{"desktop":{"background-color":"var(--ast-global-color-5)","background-image":"","background-repeat":"repeat","background-position":"center center","background-size":"auto","background-attachment":"scroll","background-type":"","background-media":"","overlay-type":"","overlay-color":"","overlay-opacity":"","overlay-gradient":""},"tablet":{"background-color":"var(--ast-global-color-5)","background-image":"","background-repeat":"repeat","background-position":"center center","background-size":"auto","background-attachment":"scroll","background-type":"","background-media":"","overlay-type":"","overlay-color":"","overlay-opacity":"","overlay-gradient":""},"mobile":{"background-color":"var(--ast-global-color-5)","background-image":"","background-repeat":"repeat","background-position":"center center","background-size":"auto","background-attachment":"scroll","background-type":"","background-media":"","overlay-type":"","overlay-color":"","overlay-opacity":"","overlay-gradient":""}}},"product_brand":[],"product_cat":[271],"product_tag":[],"class_list":{"0":"post-6460","1":"product","2":"type-product","3":"status-publish","4":"has-post-thumbnail","6":"product_cat-tyczka-bambusowa-295cm-26-28-mm","7":"desktop-align-left","8":"tablet-align-left","9":"mobile-align-left","10":"ast-product-gallery-layout-horizontal","11":"ast-product-gallery-with-no-image","12":"ast-product-tabs-layout-horizontal","14":"first","15":"instock","16":"shipping-taxable","17":"product-type-simple"},"_links":{"self":[{"href":"https:\/\/wimar.net\/bg\/wp-json\/wp\/v2\/product\/6460","targetHints":{"allow":["GET"]}}],"collection":[{"href":"https:\/\/wimar.net\/bg\/wp-json\/wp\/v2\/product"}],"about":[{"href":"https:\/\/wimar.net\/bg\/wp-json\/wp\/v2\/types\/product"}],"version-history":[{"count":1,"href":"https:\/\/wimar.net\/bg\/wp-json\/wp\/v2\/product\/6460\/revisions"}],"predecessor-version":[{"id":6461,"href":"https:\/\/wimar.net\/bg\/wp-json\/wp\/v2\/product\/6460\/revisions\/6461"}],"wp:featuredmedia":[{"embeddable":true,"href":"https:\/\/wimar.net\/bg\/wp-json\/wp\/v2\/media\/6458"}],"wp:attachment":[{"href":"https:\/\/wimar.net\/bg\/wp-json\/wp\/v2\/media?parent=6460"}],"wp:term":[{"taxonomy":"product_brand","embeddable":true,"href":"https:\/\/wimar.net\/bg\/wp-json\/wp\/v2\/product_brand?post=6460"},{"taxonomy":"product_cat","embeddable":true,"href":"https:\/\/wimar.net\/bg\/wp-json\/wp\/v2\/product_cat?post=6460"},{"taxonomy":"product_tag","embeddable":true,"href":"https:\/\/wimar.net\/bg\/wp-json\/wp\/v2\/product_tag?post=6460"}],"curies":[{"name":"wp","href":"https:\/\/api.w.org\/{rel}","templated":true}]}}