{"id":6857,"date":"2025-09-09T09:12:08","date_gmt":"2025-09-09T07:12:08","guid":{"rendered":"https:\/\/wimar.net\/?post_type=product&#038;p=6857"},"modified":"2025-09-09T10:48:33","modified_gmt":"2025-09-09T08:48:33","slug":"kokosowe-dyski-sciolkujace-do-doniczek-rozne-rozmiary","status":"publish","type":"product","link":"https:\/\/wimar.net\/bg\/product-2\/kokosowe-dyski-sciolkujace-do-doniczek-rozne-rozmiary\/","title":{"rendered":"Kokosowe dyski \u015bci\u00f3\u0142kuj\u0105ce do doniczek r\u00f3\u017cne rozmiary"},"content":{"rendered":"<h3 data-start=\"0\" data-end=\"80\"><strong data-start=\"0\" data-end=\"78\">\u0414\u0438\u0441\u043a\u043e\u0432\u0435 \u0437\u0430 \u043c\u0443\u043b\u0447\u0438\u0440\u0430\u043d\u0435<\/strong><\/h3>\n<p data-start=\"139\" data-end=\"478\">Kokosowe dyski \u015bci\u00f3\u0142kuj\u0105ce do doniczek wykonane w <strong>100% z naturalnego w\u0142\u00f3kna kokosowego.\u00a0<\/strong>Dodatkowo zabezpieczone cienk\u0105 warstw\u0105 <strong>lateksu<\/strong> z jednej strony, dyski \u015bwietnie radz\u0105 sobie z ochron\u0105 bry\u0142y korzeniowej.\u00a0Latem ograniczaj\u0105 rozw\u00f3j <strong>chwast\u00f3w<\/strong>, a zim\u0105 zabezpieczaj\u0105 przed ch\u0142odem.<\/p>\n<h3 data-start=\"736\" data-end=\"760\">\u041e\u0441\u043d\u043e\u0432\u043d\u0438 \u0445\u0430\u0440\u0430\u043a\u0442\u0435\u0440\u0438\u0441\u0442\u0438\u043a\u0438:<\/h3>\n<ul>\n<li><strong>Ograniczenie chwast\u00f3w<\/strong>\u00a0\u2013 mniej pracy przy piel\u0119gnacji ro\u015blin!<\/li>\n<li><strong>Izolacja przed zimnem<\/strong>\u00a0\u2013 doskona\u0142a ochrona przed niskimi temperaturami.<\/li>\n<li><strong>Ochrona przed wysychaniem<\/strong>\u00a0\u2013 idealne dla ro\u015blin, kt\u00f3re wymagaj\u0105 sta\u0142ej wilgotno\u015bci.<\/li>\n<li><strong>Bezpieczne odprowadzanie wody<\/strong>\u00a0\u2013 unikaj problem\u00f3w z nadmiarem wilgoci.<\/li>\n<\/ul>\n<p><img fetchpriority=\"high\" decoding=\"async\" class=\"wp-image-6861 aligncenter\" src=\"https:\/\/wimar.net\/wp-content\/uploads\/2025\/09\/tebelka-dyski-300x282.jpg\" alt=\"\" width=\"349\" height=\"305\" \/><\/p>\n<h3 data-start=\"1141\" data-end=\"1158\">\u041f\u0440\u0438\u043b\u043e\u0436\u0435\u043d\u0438\u0435:<\/h3>\n<ul>\n<li data-start=\"1161\" data-end=\"1221\"><strong data-start=\"1062\" data-end=\"1093\">Doniczki domowe i balkonowe<\/strong> \u2013 Idealne do kwiat\u00f3w, zi\u00f3\u0142 i ro\u015blin ozdobnych.<\/li>\n<li data-start=\"1161\" data-end=\"1221\"><strong data-start=\"1146\" data-end=\"1168\">Uprawy szklarniowe<\/strong> \u2013 Ograniczaj\u0105 rozw\u00f3j chwast\u00f3w i poprawiaj\u0105 mikroklimat w pojemnikach.<\/li>\n<li data-start=\"1161\" data-end=\"1221\"><strong data-start=\"1244\" data-end=\"1289\">Ro\u015bliny tarasowe i ogrodowe w pojemnikach<\/strong> \u2013 Skutecznie chroni\u0105 gleb\u0119 przed przesychaniem i wahaniami temperatury.<\/li>\n<li data-start=\"1161\" data-end=\"1221\"><strong data-start=\"1367\" data-end=\"1389\">Dekoracja doniczek<\/strong> \u2013 Nadaj\u0105 estetyczny, naturalny wygl\u0105d aran\u017cacjom ro\u015blinnym.<\/li>\n<\/ul>\n<h3 data-start=\"1456\" data-end=\"1513\"><strong data-start=\"1460\" data-end=\"1513\">Dlaczego warto wybra\u0107 kokosowe dyski \u015bci\u00f3\u0142kuj\u0105ce?<\/strong><\/h3>\n<p data-start=\"1515\" data-end=\"1838\" data-is-last-node=\"\" data-is-only-node=\"\">To praktyczne i ekologiczne rozwi\u0105zanie, kt\u00f3re nie tylko poprawia warunki wzrostu ro\u015blin, ale tak\u017ce nadaje doniczkom elegancki i naturalny wygl\u0105d. Dzi\u0119ki ochronie przed przesychaniem, chwastami i wahaniami temperatury, dyski kokosowe wspieraj\u0105 zdrowy rozw\u00f3j ro\u015blin i s\u0105 doskona\u0142ym wyborem dla ka\u017cdego mi\u0142o\u015bnika ogrodnictwa.<\/p>","protected":false},"excerpt":{"rendered":"<p>Dyski \u015bci\u00f3\u0142kuj\u0105ce Kokosowe dyski \u015bci\u00f3\u0142kuj\u0105ce do doniczek wykonane w 100% z naturalnego w\u0142\u00f3kna kokosowego.\u00a0Dodatkowo zabezpieczone cienk\u0105 warstw\u0105 lateksu z jednej strony, dyski \u015bwietnie radz\u0105 sobie z ochron\u0105 bry\u0142y korzeniowej.\u00a0Latem ograniczaj\u0105 rozw\u00f3j chwast\u00f3w, a zim\u0105 zabezpieczaj\u0105 przed ch\u0142odem. Najwa\u017cniejsze cechy: Ograniczenie chwast\u00f3w\u00a0\u2013 mniej pracy przy piel\u0119gnacji ro\u015blin! Izolacja przed zimnem\u00a0\u2013 doskona\u0142a ochrona przed niskimi temperaturami. Ochrona [&hellip;]<\/p>","protected":false},"featured_media":6860,"template":"","meta":{"site-sidebar-layout":"default","site-content-layout":"","ast-site-content-layout":"default","site-content-style":"default","site-sidebar-style":"default","ast-global-header-display":"","ast-banner-title-visibility":"","ast-main-header-display":"","ast-hfb-above-header-display":"","ast-hfb-below-header-display":"","ast-hfb-mobile-header-display":"","site-post-title":"","ast-breadcrumbs-content":"","ast-featured-img":"","footer-sml-layout":"","theme-transparent-header-meta":"default","adv-header-id-meta":"","stick-header-meta":"default","header-above-stick-meta":"","header-main-stick-meta":"","header-below-stick-meta":"","astra-migrate-meta-layouts":"set","ast-page-background-enabled":"default","ast-page-background-meta":{"desktop":{"background-color":"var(--ast-global-color-4)","background-image":"","background-repeat":"repeat","background-position":"center center","background-size":"auto","background-attachment":"scroll","background-type":"","background-media":"","overlay-type":"","overlay-color":"","overlay-opacity":"","overlay-gradient":""},"tablet":{"background-color":"","background-image":"","background-repeat":"repeat","background-position":"center center","background-size":"auto","background-attachment":"scroll","background-type":"","background-media":"","overlay-type":"","overlay-color":"","overlay-opacity":"","overlay-gradient":""},"mobile":{"background-color":"","background-image":"","background-repeat":"repeat","background-position":"center center","background-size":"auto","background-attachment":"scroll","background-type":"","background-media":"","overlay-type":"","overlay-color":"","overlay-opacity":"","overlay-gradient":""}},"ast-content-background-meta":{"desktop":{"background-color":"var(--ast-global-color-5)","background-image":"","background-repeat":"repeat","background-position":"center center","background-size":"auto","background-attachment":"scroll","background-type":"","background-media":"","overlay-type":"","overlay-color":"","overlay-opacity":"","overlay-gradient":""},"tablet":{"background-color":"var(--ast-global-color-5)","background-image":"","background-repeat":"repeat","background-position":"center center","background-size":"auto","background-attachment":"scroll","background-type":"","background-media":"","overlay-type":"","overlay-color":"","overlay-opacity":"","overlay-gradient":""},"mobile":{"background-color":"var(--ast-global-color-5)","background-image":"","background-repeat":"repeat","background-position":"center center","background-size":"auto","background-attachment":"scroll","background-type":"","background-media":"","overlay-type":"","overlay-color":"","overlay-opacity":"","overlay-gradient":""}}},"product_brand":[],"product_cat":[491],"product_tag":[],"class_list":{"0":"post-6857","1":"product","2":"type-product","3":"status-publish","4":"has-post-thumbnail","6":"product_cat-dyski-sciolkujace","7":"desktop-align-left","8":"tablet-align-left","9":"mobile-align-left","10":"ast-product-gallery-layout-horizontal","11":"ast-product-tabs-layout-horizontal","13":"first","14":"instock","15":"shipping-taxable","16":"product-type-simple"},"_links":{"self":[{"href":"https:\/\/wimar.net\/bg\/wp-json\/wp\/v2\/product\/6857","targetHints":{"allow":["GET"]}}],"collection":[{"href":"https:\/\/wimar.net\/bg\/wp-json\/wp\/v2\/product"}],"about":[{"href":"https:\/\/wimar.net\/bg\/wp-json\/wp\/v2\/types\/product"}],"version-history":[{"count":3,"href":"https:\/\/wimar.net\/bg\/wp-json\/wp\/v2\/product\/6857\/revisions"}],"predecessor-version":[{"id":6863,"href":"https:\/\/wimar.net\/bg\/wp-json\/wp\/v2\/product\/6857\/revisions\/6863"}],"wp:featuredmedia":[{"embeddable":true,"href":"https:\/\/wimar.net\/bg\/wp-json\/wp\/v2\/media\/6860"}],"wp:attachment":[{"href":"https:\/\/wimar.net\/bg\/wp-json\/wp\/v2\/media?parent=6857"}],"wp:term":[{"taxonomy":"product_brand","embeddable":true,"href":"https:\/\/wimar.net\/bg\/wp-json\/wp\/v2\/product_brand?post=6857"},{"taxonomy":"product_cat","embeddable":true,"href":"https:\/\/wimar.net\/bg\/wp-json\/wp\/v2\/product_cat?post=6857"},{"taxonomy":"product_tag","embeddable":true,"href":"https:\/\/wimar.net\/bg\/wp-json\/wp\/v2\/product_tag?post=6857"}],"curies":[{"name":"wp","href":"https:\/\/api.w.org\/{rel}","templated":true}]}}