{"id":6903,"date":"2025-10-15T12:44:15","date_gmt":"2025-10-15T10:44:15","guid":{"rendered":"https:\/\/wimar.net\/?post_type=product&#038;p=6903"},"modified":"2025-10-15T15:17:10","modified_gmt":"2025-10-15T13:17:10","slug":"worki-uprawowe-z-wlokna-kokosowego-z-otwarta-gora","status":"publish","type":"product","link":"https:\/\/wimar.net\/bg\/product-2\/worki-uprawowe-z-wlokna-kokosowego-z-otwarta-gora\/","title":{"rendered":"Worki uprawowe z w\u0142\u00f3kna kokosowego (z otwart\u0105 g\u00f3r\u0105)"},"content":{"rendered":"<h3 data-start=\"0\" data-end=\"80\"><strong data-start=\"0\" data-end=\"78\">Worki uprawowe<\/strong><\/h3>\n<p>Worki do sadzenia z w\u0142\u00f3kna kokosowego zosta\u0142y zaprojektowane, aby sprosta\u0107 r\u00f3\u017cnorodnym potrzebom uprawy ro\u015blin, oferuj\u0105c wszechstronne i wydajne rozwi\u0105zanie. Torby te s\u0105 fachowo wykonane w 100% z torfu kokosowego, 100% z chips\u00f3w kokosowych lub ich kombinacji, co pozwala na dostosowanie do indywidualnych potrzeb klienta.<\/p>\n<h3 data-start=\"736\" data-end=\"760\">\u041e\u0441\u043d\u043e\u0432\u043d\u0438 \u0445\u0430\u0440\u0430\u043a\u0442\u0435\u0440\u0438\u0441\u0442\u0438\u043a\u0438:<\/h3>\n<ul>\n<li>\u00a0<strong data-start=\"386\" data-end=\"412\">Naturalno\u015b\u0107 i ekologia<\/strong> \u2013 Wykonane z biodegradowalnych materia\u0142\u00f3w, w tym w\u0142\u00f3kna kokosowego, kt\u00f3re pochodzi z \u0142upin orzech\u00f3w kokosowych \u2013 w pe\u0142ni odnawialnego surowca.<\/li>\n<li><strong data-start=\"560\" data-end=\"593\">Optymalne warunki dla korzeni<\/strong> \u2013 Struktura worka umo\u017cliwia cyrkulacj\u0119 powietrza, zapobiega przegrzewaniu i gniciu korzeni oraz poprawia ich natlenienie.<\/li>\n<li><strong data-start=\"720\" data-end=\"753\">Zr\u00f3wnowa\u017cona gospodarka wodna<\/strong> \u2013 W\u0142\u00f3kno kokosowe doskonale zatrzymuje wilgo\u0107, a jednocze\u015bnie umo\u017cliwia jej nadmiarowi swobodne odparowanie.<\/li>\n<li><strong data-start=\"867\" data-end=\"891\">Trwa\u0142o\u015b\u0107 i odporno\u015b\u0107<\/strong> \u2013 Materia\u0142 odporny na promieniowanie UV, wilgo\u0107 oraz czynniki atmosferyczne, co pozwala na u\u017cytkowanie work\u00f3w przez wiele sezon\u00f3w.<\/li>\n<li><strong data-start=\"1027\" data-end=\"1050\">\u0141atwo\u015b\u0107 u\u017cytkowania<\/strong> \u2013 Worki s\u0105 lekkie, elastyczne i \u0142atwe w transporcie, a jednocze\u015bnie stabilne po nape\u0142nieniu pod\u0142o\u017cem.<\/li>\n<li><strong>Wilgotno\u015b\u0107<\/strong> &#8211; poni\u017cej 20%<\/li>\n<li><strong>Warto\u015b\u0107 pH<\/strong> &#8211; 5,5 &#8211; 6,5<\/li>\n<li><strong>Kompresja<\/strong> &#8211; 8:1<\/li>\n<li><strong>Waga<\/strong> &#8211; 0,375-3,30kg<\/li>\n<li><strong>Rozmiar po ekspansji<\/strong> &#8211; 15x15x15cm (3,4L), 16x16x16cm (4L), 20x20x20 (8L), 30x30x30cm (27L)<\/li>\n<\/ul>\n<h3 data-start=\"1141\" data-end=\"1158\">\u041f\u0440\u0438\u043b\u043e\u0436\u0435\u043d\u0438\u0435:<\/h3>\n<ul>\n<li data-start=\"1161\" data-end=\"1221\">\n<p data-start=\"1104\" data-end=\"1546\"><strong data-start=\"1185\" data-end=\"1228\">Uprawa ro\u015blin doniczkowych i ogrodowych<\/strong> \u2013 Doskona\u0142e do hodowli warzyw (np. pomidor\u00f3w, og\u00f3rk\u00f3w, papryki), zi\u00f3\u0142 oraz ro\u015blin ozdobnych.<\/p>\n<\/li>\n<li data-start=\"1161\" data-end=\"1221\">\n<p data-start=\"1104\" data-end=\"1546\"><strong data-start=\"1327\" data-end=\"1365\">Produkcja szk\u00f3\u0142karska i sadzonkowa<\/strong> \u2013 Stosowane w profesjonalnych szk\u00f3\u0142kach do uprawy m\u0142odych ro\u015blin i drzewek.<\/p>\n<\/li>\n<li data-start=\"1161\" data-end=\"1221\">\n<p data-start=\"1104\" data-end=\"1546\"><strong data-start=\"1447\" data-end=\"1478\">Uprawy miejskie i balkonowe<\/strong> \u2013 Idealne dla ogrod\u00f3w wertykalnych, taras\u00f3w i balkon\u00f3w.<\/p>\n<\/li>\n<li data-start=\"1161\" data-end=\"1221\">\n<p data-start=\"1104\" data-end=\"1546\"><strong data-start=\"1540\" data-end=\"1562\">Uprawa ekologiczna<\/strong> \u2013 Dzi\u0119ki naturalnym materia\u0142om \u015bwietnie sprawdzaj\u0105 si\u0119 w gospodarstwach ekologicznych i permakulturowych.<\/p>\n<\/li>\n<\/ul>\n<h3 data-start=\"1675\" data-end=\"1739\"><strong data-start=\"1679\" data-end=\"1739\">Dlaczego warto wybra\u0107 worki uprawowe z w\u0142\u00f3knem z kokosa?<\/strong><\/h3>\n<p data-start=\"1741\" data-end=\"2150\" data-is-last-node=\"\" data-is-only-node=\"\">Worki uprawowe z w\u0142\u00f3knem kokosowym to po\u0142\u0105czenie trwa\u0142o\u015bci i natury. Zapewniaj\u0105 ro\u015blinom idealne warunki wzrostu, a jednocze\u015bnie s\u0105 przyjazne \u015brodowisku i wielokrotnego u\u017cytku. Dzi\u0119ki swojej strukturze sprzyjaj\u0105 zdrowemu systemowi korzeniowemu, zwi\u0119kszaj\u0105c plony i jako\u015b\u0107 upraw. To praktyczne, ekologiczne i estetyczne rozwi\u0105zanie dla ka\u017cdego, kto ceni zr\u00f3wnowa\u017con\u0105 upraw\u0119 i nowoczesne technologie ogrodnicze.<\/p>","protected":false},"excerpt":{"rendered":"<p>Worki uprawowe Worki do sadzenia z w\u0142\u00f3kna kokosowego zosta\u0142y zaprojektowane, aby sprosta\u0107 r\u00f3\u017cnorodnym potrzebom uprawy ro\u015blin, oferuj\u0105c wszechstronne i wydajne rozwi\u0105zanie. Torby te s\u0105 fachowo wykonane w 100% z torfu kokosowego, 100% z chips\u00f3w kokosowych lub ich kombinacji, co pozwala na dostosowanie do indywidualnych potrzeb klienta. Najwa\u017cniejsze cechy: \u00a0Naturalno\u015b\u0107 i ekologia \u2013 Wykonane z biodegradowalnych [&hellip;]<\/p>","protected":false},"featured_media":6904,"template":"","meta":{"site-sidebar-layout":"default","site-content-layout":"","ast-site-content-layout":"default","site-content-style":"default","site-sidebar-style":"default","ast-global-header-display":"","ast-banner-title-visibility":"","ast-main-header-display":"","ast-hfb-above-header-display":"","ast-hfb-below-header-display":"","ast-hfb-mobile-header-display":"","site-post-title":"","ast-breadcrumbs-content":"","ast-featured-img":"","footer-sml-layout":"","theme-transparent-header-meta":"default","adv-header-id-meta":"","stick-header-meta":"default","header-above-stick-meta":"","header-main-stick-meta":"","header-below-stick-meta":"","astra-migrate-meta-layouts":"set","ast-page-background-enabled":"default","ast-page-background-meta":{"desktop":{"background-color":"var(--ast-global-color-4)","background-image":"","background-repeat":"repeat","background-position":"center center","background-size":"auto","background-attachment":"scroll","background-type":"","background-media":"","overlay-type":"","overlay-color":"","overlay-opacity":"","overlay-gradient":""},"tablet":{"background-color":"","background-image":"","background-repeat":"repeat","background-position":"center center","background-size":"auto","background-attachment":"scroll","background-type":"","background-media":"","overlay-type":"","overlay-color":"","overlay-opacity":"","overlay-gradient":""},"mobile":{"background-color":"","background-image":"","background-repeat":"repeat","background-position":"center center","background-size":"auto","background-attachment":"scroll","background-type":"","background-media":"","overlay-type":"","overlay-color":"","overlay-opacity":"","overlay-gradient":""}},"ast-content-background-meta":{"desktop":{"background-color":"var(--ast-global-color-5)","background-image":"","background-repeat":"repeat","background-position":"center center","background-size":"auto","background-attachment":"scroll","background-type":"","background-media":"","overlay-type":"","overlay-color":"","overlay-opacity":"","overlay-gradient":""},"tablet":{"background-color":"var(--ast-global-color-5)","background-image":"","background-repeat":"repeat","background-position":"center center","background-size":"auto","background-attachment":"scroll","background-type":"","background-media":"","overlay-type":"","overlay-color":"","overlay-opacity":"","overlay-gradient":""},"mobile":{"background-color":"var(--ast-global-color-5)","background-image":"","background-repeat":"repeat","background-position":"center center","background-size":"auto","background-attachment":"scroll","background-type":"","background-media":"","overlay-type":"","overlay-color":"","overlay-opacity":"","overlay-gradient":""}}},"product_brand":[],"product_cat":[493],"product_tag":[],"class_list":{"0":"post-6903","1":"product","2":"type-product","3":"status-publish","4":"has-post-thumbnail","6":"product_cat-worki-i-maty-uprawowe","7":"desktop-align-left","8":"tablet-align-left","9":"mobile-align-left","10":"ast-product-gallery-layout-horizontal","11":"ast-product-gallery-with-no-image","12":"ast-product-tabs-layout-horizontal","14":"first","15":"instock","16":"shipping-taxable","17":"product-type-simple"},"_links":{"self":[{"href":"https:\/\/wimar.net\/bg\/wp-json\/wp\/v2\/product\/6903","targetHints":{"allow":["GET"]}}],"collection":[{"href":"https:\/\/wimar.net\/bg\/wp-json\/wp\/v2\/product"}],"about":[{"href":"https:\/\/wimar.net\/bg\/wp-json\/wp\/v2\/types\/product"}],"version-history":[{"count":2,"href":"https:\/\/wimar.net\/bg\/wp-json\/wp\/v2\/product\/6903\/revisions"}],"predecessor-version":[{"id":7279,"href":"https:\/\/wimar.net\/bg\/wp-json\/wp\/v2\/product\/6903\/revisions\/7279"}],"wp:featuredmedia":[{"embeddable":true,"href":"https:\/\/wimar.net\/bg\/wp-json\/wp\/v2\/media\/6904"}],"wp:attachment":[{"href":"https:\/\/wimar.net\/bg\/wp-json\/wp\/v2\/media?parent=6903"}],"wp:term":[{"taxonomy":"product_brand","embeddable":true,"href":"https:\/\/wimar.net\/bg\/wp-json\/wp\/v2\/product_brand?post=6903"},{"taxonomy":"product_cat","embeddable":true,"href":"https:\/\/wimar.net\/bg\/wp-json\/wp\/v2\/product_cat?post=6903"},{"taxonomy":"product_tag","embeddable":true,"href":"https:\/\/wimar.net\/bg\/wp-json\/wp\/v2\/product_tag?post=6903"}],"curies":[{"name":"wp","href":"https:\/\/api.w.org\/{rel}","templated":true}]}}