{"id":2629,"date":"2024-11-19T08:36:54","date_gmt":"2024-11-19T07:36:54","guid":{"rendered":"https:\/\/wimar.net\/?post_type=product&#038;p=2629"},"modified":"2025-03-25T12:14:34","modified_gmt":"2025-03-25T11:14:34","slug":"46x65cm-raschelsack-auf-rolle-fur-kartoffeln-obst-und-gemuse-gelb","status":"publish","type":"product","link":"https:\/\/wimar.net\/de\/produkt\/46x65cm-raschelsack-auf-rolle-fur-kartoffeln-obst-und-gemuse-gelb\/","title":{"rendered":"46x65cm Raschelsack auf Rolle f\u00fcr Gem\u00fcse - gelb"},"content":{"rendered":"<h3 data-start=\"0\" data-end=\"78\"><strong data-start=\"0\" data-end=\"76\">Raschelsack auf Rolle 46\u00d765 cm\u00a0<\/strong><\/h3>\n<p data-start=\"0\" data-end=\"78\">Raschels\u00e4cke bestehen aus robustem, atmungsaktivem Polypropylengewebe, das eine ausreichende Luftzirkulation gew\u00e4hrleistet und die Produkte vor Feuchtigkeit und Schimmel sch\u00fctzt. Damit sind sie ideal f\u00fcr die Lagerung und den Transport von Gem\u00fcse wie Kartoffeln, Zwiebeln und Karotten.<\/p>\n<h3 data-start=\"413\" data-end=\"916\"><strong data-start=\"413\" data-end=\"437\">Wesentliche Merkmale:<\/strong><\/h3>\n<ul>\n<li data-start=\"413\" data-end=\"916\"><strong data-start=\"442\" data-end=\"458\">Bel\u00fcftung<\/strong> - Die Netzkonstruktion l\u00e4sst die Luft zirkulieren und verhindert so den Verderb.<\/li>\n<li data-start=\"413\" data-end=\"916\"><strong data-start=\"553\" data-end=\"565\">Nachhaltigkeit<\/strong> - aus robustem, rei\u00dffestem und feuchtigkeitsbest\u00e4ndigem Material.<\/li>\n<li data-start=\"413\" data-end=\"916\"><strong data-start=\"639\" data-end=\"660\">Einfach zu bedienen<\/strong> - die Rolls\u00e4cke k\u00f6nnen leicht auf die gew\u00fcnschte L\u00e4nge zugeschnitten werden.<\/li>\n<li data-start=\"413\" data-end=\"916\"><strong data-start=\"722\" data-end=\"741\">Vielseitigkeit<\/strong> - ideal f\u00fcr die Verpackung und Lagerung von Gem\u00fcse, Obst und anderen landwirtschaftlichen Produkten.<\/li>\n<li data-start=\"413\" data-end=\"916\"><strong data-start=\"834\" data-end=\"846\">Wirtschaft<\/strong> - wird in Rollen verkauft und ist somit bequem und wirtschaftlich zu verwenden.<\/li>\n<li data-start=\"413\" data-end=\"916\"><strong>Abmessungen<\/strong> - 46 x 65 cm<\/li>\n<li data-start=\"413\" data-end=\"916\"><strong>Nutzlast<\/strong> - 15 kg<\/li>\n<li data-start=\"413\" data-end=\"916\"><strong>Menge pro Rolle<\/strong> - 2500 St\u00fcck<\/li>\n<li><strong>Erh\u00e4ltlich in den Farben<\/strong> - wei\u00df, bordeauxrot, rot, lila, orange, gelb.<\/li>\n<\/ul>\n<h3 data-start=\"918\" data-end=\"1113\"><strong data-start=\"918\" data-end=\"935\">Anwendung:<\/strong><\/h3>\n<ul>\n<li data-start=\"918\" data-end=\"1113\">Lagerung und Transport von Gem\u00fcse (Kartoffeln, Zwiebeln, Karotten, Rote Bete).<\/li>\n<li data-start=\"918\" data-end=\"1113\">Lagerung und Verkauf von landwirtschaftlichen Erzeugnissen.<\/li>\n<\/ul>\n<h3 data-start=\"1115\" data-end=\"1492\"><strong data-start=\"1115\" data-end=\"1156\">Warum Raschels\u00e4cke w\u00e4hlen?<\/strong><\/h3>\n<p>Raschels\u00e4cke sind eine praktische und wirtschaftliche L\u00f6sung f\u00fcr landwirtschaftliche Betriebe und Gem\u00fcseabpackbetriebe. Ihre Atmungsaktivit\u00e4t und St\u00e4rke machen sie ideal f\u00fcr die Lagerung von Produkten, die Luft ben\u00f6tigen. Die Beutel sind mit allen auf dem Markt erh\u00e4ltlichen Raschelmaschinen kompatibel.<\/p>","protected":false},"excerpt":{"rendered":"<p>Worek raszlowy na roli 46&#215;65 cm\u00a0 Worki raszlowe wykonane s\u0105 z wytrzyma\u0142ej, przewiewnej siatki polipropylenowej, co zapewnia odpowiedni\u0105 cyrkulacj\u0119 powietrza i chroni produkty przed wilgoci\u0105 oraz ple\u015bni\u0105. Dzi\u0119ki temu doskonale sprawdzaj\u0105 si\u0119 do przechowywania i transportu warzyw, takich jak ziemniaki, cebula, marchew. Najwa\u017cniejsze cechy: Przewiewno\u015b\u0107 \u2013 konstrukcja siatkowa umo\u017cliwia cyrkulacj\u0119 powietrza, co zapobiega psuciu si\u0119 [&hellip;]<\/p>","protected":false},"featured_media":2595,"template":"","meta":{"site-sidebar-layout":"default","site-content-layout":"","ast-site-content-layout":"default","site-content-style":"default","site-sidebar-style":"default","ast-global-header-display":"","ast-banner-title-visibility":"","ast-main-header-display":"","ast-hfb-above-header-display":"","ast-hfb-below-header-display":"","ast-hfb-mobile-header-display":"","site-post-title":"","ast-breadcrumbs-content":"","ast-featured-img":"","footer-sml-layout":"","theme-transparent-header-meta":"default","adv-header-id-meta":"","stick-header-meta":"default","header-above-stick-meta":"","header-main-stick-meta":"","header-below-stick-meta":"","astra-migrate-meta-layouts":"set","ast-page-background-enabled":"default","ast-page-background-meta":{"desktop":{"background-color":"var(--ast-global-color-4)","background-image":"","background-repeat":"repeat","background-position":"center center","background-size":"auto","background-attachment":"scroll","background-type":"","background-media":"","overlay-type":"","overlay-color":"","overlay-opacity":"","overlay-gradient":""},"tablet":{"background-color":"","background-image":"","background-repeat":"repeat","background-position":"center center","background-size":"auto","background-attachment":"scroll","background-type":"","background-media":"","overlay-type":"","overlay-color":"","overlay-opacity":"","overlay-gradient":""},"mobile":{"background-color":"","background-image":"","background-repeat":"repeat","background-position":"center center","background-size":"auto","background-attachment":"scroll","background-type":"","background-media":"","overlay-type":"","overlay-color":"","overlay-opacity":"","overlay-gradient":""}},"ast-content-background-meta":{"desktop":{"background-color":"var(--ast-global-color-5)","background-image":"","background-repeat":"repeat","background-position":"center center","background-size":"auto","background-attachment":"scroll","background-type":"","background-media":"","overlay-type":"","overlay-color":"","overlay-opacity":"","overlay-gradient":""},"tablet":{"background-color":"var(--ast-global-color-5)","background-image":"","background-repeat":"repeat","background-position":"center center","background-size":"auto","background-attachment":"scroll","background-type":"","background-media":"","overlay-type":"","overlay-color":"","overlay-opacity":"","overlay-gradient":""},"mobile":{"background-color":"var(--ast-global-color-5)","background-image":"","background-repeat":"repeat","background-position":"center center","background-size":"auto","background-attachment":"scroll","background-type":"","background-media":"","overlay-type":"","overlay-color":"","overlay-opacity":"","overlay-gradient":""}}},"product_brand":[],"product_cat":[108],"product_tag":[],"class_list":{"0":"post-2629","1":"product","2":"type-product","3":"status-publish","4":"has-post-thumbnail","6":"product_cat-46x65-2500-szt-rola","7":"desktop-align-left","8":"tablet-align-left","9":"mobile-align-left","10":"ast-product-gallery-layout-horizontal","11":"ast-product-tabs-layout-horizontal","13":"first","14":"instock","15":"shipping-taxable","16":"product-type-simple"},"_links":{"self":[{"href":"https:\/\/wimar.net\/de\/wp-json\/wp\/v2\/product\/2629","targetHints":{"allow":["GET"]}}],"collection":[{"href":"https:\/\/wimar.net\/de\/wp-json\/wp\/v2\/product"}],"about":[{"href":"https:\/\/wimar.net\/de\/wp-json\/wp\/v2\/types\/product"}],"version-history":[{"count":5,"href":"https:\/\/wimar.net\/de\/wp-json\/wp\/v2\/product\/2629\/revisions"}],"predecessor-version":[{"id":6440,"href":"https:\/\/wimar.net\/de\/wp-json\/wp\/v2\/product\/2629\/revisions\/6440"}],"wp:featuredmedia":[{"embeddable":true,"href":"https:\/\/wimar.net\/de\/wp-json\/wp\/v2\/media\/2595"}],"wp:attachment":[{"href":"https:\/\/wimar.net\/de\/wp-json\/wp\/v2\/media?parent=2629"}],"wp:term":[{"taxonomy":"product_brand","embeddable":true,"href":"https:\/\/wimar.net\/de\/wp-json\/wp\/v2\/product_brand?post=2629"},{"taxonomy":"product_cat","embeddable":true,"href":"https:\/\/wimar.net\/de\/wp-json\/wp\/v2\/product_cat?post=2629"},{"taxonomy":"product_tag","embeddable":true,"href":"https:\/\/wimar.net\/de\/wp-json\/wp\/v2\/product_tag?post=2629"}],"curies":[{"name":"wp","href":"https:\/\/api.w.org\/{rel}","templated":true}]}}