{"id":2973,"date":"2024-12-06T10:34:22","date_gmt":"2024-12-06T09:34:22","guid":{"rendered":"https:\/\/wimar.net\/?post_type=product&#038;p=2973"},"modified":"2025-03-17T15:51:56","modified_gmt":"2025-03-17T14:51:56","slug":"plane-pe-verstarkt-leno-transparent-6x10m-100g-m2","status":"publish","type":"product","link":"https:\/\/wimar.net\/de\/produkt\/plane-pe-verstarkt-leno-transparent-6x10m-100g-m2\/","title":{"rendered":"PE-verst\u00e4rkte transparente Dreherspannplane 6x10m 100g\/m2"},"content":{"rendered":"<h3>PE-verst\u00e4rkte Plane<\/h3>\n<p>Die verst\u00e4rkte Plane bietet ein breites Anwendungsspektrum und erm\u00f6glicht den Schutz und die Isolierung einer Vielzahl von Gegenst\u00e4nden, Materialien, Pflanzen und anderen Objekten vor direkten und indirekten Witterungseinfl\u00fcssen.<\/p>\n<p>Mit ihrer Hilfe kann jeder Bereich oder jedes Objekt wirksam von Regen, Feuchtigkeit, niedrigen Temperaturen, Staub, Wind oder Sonnenlicht getrennt und gesch\u00fctzt werden.<\/p>\n<p>Planen werden aus Materialien hergestellt, die gegen Witterungseinfl\u00fcsse, Chemikalien und mechanische Besch\u00e4digungen best\u00e4ndig sind. Daher werden sie auf Baustellen, im Gartenbau, in der Industrie und in anderen privaten und \u00f6ffentlichen Bereichen eingesetzt.<\/p>\n<h3><strong>Spezifikation:<\/strong><\/h3>\n<ul>\n<li><strong>Gr\u00f6\u00dfe:<\/strong> 6\u00d710 m<\/li>\n<li><strong>Grammatur:<\/strong> 100 g\/m\u00b2<\/li>\n<li><strong>Material:<\/strong> Polyethylen (PE)<\/li>\n<li><strong>Farbe:<\/strong> Wei\u00df transparent<\/li>\n<li><strong>Ausr\u00fcstung:<\/strong> Metall-\u00d6sen<\/li>\n<li><strong>Verst\u00e4rkung:<\/strong> Dickere Ecken und Kanten, die mit einer zus\u00e4tzlichen Kunststoffschicht verst\u00e4rkt sind<\/li>\n<li><strong>Toleranz der Abmessungen:<\/strong> +\/- 5%<\/li>\n<\/ul>\n<h3><strong>Produktmerkmale:<\/strong><\/h3>\n<ul>\n<li><strong>Witterungsbest\u00e4ndigkeit:<\/strong> Idealer Schutz vor Regen, Feuchtigkeit, Sonnenlicht, niedrigen Temperaturen, Wind und Staub.<\/li>\n<li><strong>Frostbest\u00e4ndigkeit:<\/strong> Sie sch\u00fctzt auch bei Minusgraden wirksam.<\/li>\n<li><strong>Wasserdicht:<\/strong> Wasserundurchl\u00e4ssig, leicht zu reinigen.<\/li>\n<li><strong>Beharrlichkeit:<\/strong> Widerstandsf\u00e4hig gegen mechanische und chemische Besch\u00e4digungen, f\u00fcr den mehrj\u00e4hrigen Einsatz geeignet.<\/li>\n<li><strong>Vielseitigkeit:<\/strong> Es eignet sich f\u00fcr viele Anwendungen - sowohl zu Hause als auch in der Industrie.<\/li>\n<\/ul>\n<h3><strong>Anwendung:<\/strong><\/h3>\n<ul>\n<li><strong>Konstruktion:<\/strong> Schutz von Holz, Gartenm\u00f6beln und Baumaterialien.<\/li>\n<li><strong>Landwirtschaft und Gartenbau:<\/strong> Schutz von Kulturen, Landmaschinen und Feldfr\u00fcchten.<\/li>\n<li><strong>Automobilindustrie:<\/strong> Versicherungsschutz f\u00fcr Autos, Motorr\u00e4der, Boote oder Anh\u00e4nger.<\/li>\n<li><strong>T\u00e4glicher Bedarf:<\/strong> Abdeckung von Schwimmb\u00e4dern, Unterst\u00e4nden, Terrassen und anderen R\u00e4umen.<\/li>\n<\/ul>\n<h3><strong>Warum unsere Plane w\u00e4hlen?<\/strong><\/h3>\n<p>Dank der hochwertigen Konstruktion aus strapazierf\u00e4higem Polyethylen bietet das Produkt zuverl\u00e4ssigen Schutz vor widrigen Wetterbedingungen und mechanischen Besch\u00e4digungen. Die 6\u00d710 m gro\u00dfe Plane ist die perfekte L\u00f6sung sowohl f\u00fcr den privaten als auch f\u00fcr den professionellen Einsatz.<\/p>","protected":false},"excerpt":{"rendered":"<p>Plandeka PE zbrojona Wzmocniona plandeka oferuje szerokie mo\u017cliwo\u015bci zastosowania, umo\u017cliwiaj\u0105c ochron\u0119 i izolacj\u0119 r\u00f3\u017cnorodnych przedmiot\u00f3w, materia\u0142\u00f3w, ro\u015blin oraz innych obiekt\u00f3w przed wp\u0142ywem czynnik\u00f3w atmosferycznych, zar\u00f3wno bezpo\u015brednich, jak i po\u015brednich. Jej u\u017cycie pozwala skutecznie oddzieli\u0107 i zabezpieczy\u0107 dowolny obszar lub przedmiot przed deszczem, wilgoci\u0105, niskimi temperaturami, kurzem, wiatrem czy promieniowaniem s\u0142onecznym. Plandeki s\u0105 produkowane z materia\u0142\u00f3w [&hellip;]<\/p>","protected":false},"featured_media":2958,"template":"","meta":{"site-sidebar-layout":"default","site-content-layout":"","ast-site-content-layout":"default","site-content-style":"default","site-sidebar-style":"default","ast-global-header-display":"","ast-banner-title-visibility":"","ast-main-header-display":"","ast-hfb-above-header-display":"","ast-hfb-below-header-display":"","ast-hfb-mobile-header-display":"","site-post-title":"","ast-breadcrumbs-content":"","ast-featured-img":"","footer-sml-layout":"","theme-transparent-header-meta":"default","adv-header-id-meta":"","stick-header-meta":"default","header-above-stick-meta":"","header-main-stick-meta":"","header-below-stick-meta":"","astra-migrate-meta-layouts":"set","ast-page-background-enabled":"default","ast-page-background-meta":{"desktop":{"background-color":"var(--ast-global-color-4)","background-image":"","background-repeat":"repeat","background-position":"center center","background-size":"auto","background-attachment":"scroll","background-type":"","background-media":"","overlay-type":"","overlay-color":"","overlay-opacity":"","overlay-gradient":""},"tablet":{"background-color":"","background-image":"","background-repeat":"repeat","background-position":"center center","background-size":"auto","background-attachment":"scroll","background-type":"","background-media":"","overlay-type":"","overlay-color":"","overlay-opacity":"","overlay-gradient":""},"mobile":{"background-color":"","background-image":"","background-repeat":"repeat","background-position":"center center","background-size":"auto","background-attachment":"scroll","background-type":"","background-media":"","overlay-type":"","overlay-color":"","overlay-opacity":"","overlay-gradient":""}},"ast-content-background-meta":{"desktop":{"background-color":"var(--ast-global-color-5)","background-image":"","background-repeat":"repeat","background-position":"center center","background-size":"auto","background-attachment":"scroll","background-type":"","background-media":"","overlay-type":"","overlay-color":"","overlay-opacity":"","overlay-gradient":""},"tablet":{"background-color":"var(--ast-global-color-5)","background-image":"","background-repeat":"repeat","background-position":"center center","background-size":"auto","background-attachment":"scroll","background-type":"","background-media":"","overlay-type":"","overlay-color":"","overlay-opacity":"","overlay-gradient":""},"mobile":{"background-color":"var(--ast-global-color-5)","background-image":"","background-repeat":"repeat","background-position":"center center","background-size":"auto","background-attachment":"scroll","background-type":"","background-media":"","overlay-type":"","overlay-color":"","overlay-opacity":"","overlay-gradient":""}}},"product_brand":[],"product_cat":[180],"product_tag":[],"class_list":{"0":"post-2973","1":"product","2":"type-product","3":"status-publish","4":"has-post-thumbnail","6":"product_cat-plandeka-zbrojona-leno-transparent-100-g-m2","7":"desktop-align-left","8":"tablet-align-left","9":"mobile-align-left","10":"ast-product-gallery-layout-horizontal","11":"ast-product-tabs-layout-horizontal","13":"first","14":"instock","15":"shipping-taxable","16":"product-type-simple"},"_links":{"self":[{"href":"https:\/\/wimar.net\/de\/wp-json\/wp\/v2\/product\/2973","targetHints":{"allow":["GET"]}}],"collection":[{"href":"https:\/\/wimar.net\/de\/wp-json\/wp\/v2\/product"}],"about":[{"href":"https:\/\/wimar.net\/de\/wp-json\/wp\/v2\/types\/product"}],"version-history":[{"count":2,"href":"https:\/\/wimar.net\/de\/wp-json\/wp\/v2\/product\/2973\/revisions"}],"predecessor-version":[{"id":5418,"href":"https:\/\/wimar.net\/de\/wp-json\/wp\/v2\/product\/2973\/revisions\/5418"}],"wp:featuredmedia":[{"embeddable":true,"href":"https:\/\/wimar.net\/de\/wp-json\/wp\/v2\/media\/2958"}],"wp:attachment":[{"href":"https:\/\/wimar.net\/de\/wp-json\/wp\/v2\/media?parent=2973"}],"wp:term":[{"taxonomy":"product_brand","embeddable":true,"href":"https:\/\/wimar.net\/de\/wp-json\/wp\/v2\/product_brand?post=2973"},{"taxonomy":"product_cat","embeddable":true,"href":"https:\/\/wimar.net\/de\/wp-json\/wp\/v2\/product_cat?post=2973"},{"taxonomy":"product_tag","embeddable":true,"href":"https:\/\/wimar.net\/de\/wp-json\/wp\/v2\/product_tag?post=2973"}],"curies":[{"name":"wp","href":"https:\/\/api.w.org\/{rel}","templated":true}]}}