{"id":3083,"date":"2024-12-06T13:26:00","date_gmt":"2024-12-06T12:26:00","guid":{"rendered":"https:\/\/wimar.net\/?post_type=product&#038;p=3083"},"modified":"2025-03-18T09:50:08","modified_gmt":"2025-03-18T08:50:08","slug":"plane-pe-grun-stark-4x4m-110g-m2","status":"publish","type":"product","link":"https:\/\/wimar.net\/de\/produkt\/plane-pe-grun-stark-4x4m-110g-m2\/","title":{"rendered":"PE gr\u00fcne Plane stark 4x4m 110g\/m2"},"content":{"rendered":"<h3>PE-Schwerlast-Plane<\/h3>\n<p>Die verst\u00e4rkte Plane bietet ein breites Anwendungsspektrum und erm\u00f6glicht den Schutz und die Isolierung einer Vielzahl von Gegenst\u00e4nden, Materialien, Pflanzen und anderen Objekten vor direkten und indirekten Witterungseinfl\u00fcssen.<\/p>\n<p>Mit ihrer Hilfe kann jeder Bereich oder jedes Objekt wirksam von Regen, Feuchtigkeit, niedrigen Temperaturen, Staub, Wind oder Sonnenlicht getrennt und gesch\u00fctzt werden.<\/p>\n<p>Planen werden aus Materialien hergestellt, die gegen Witterungseinfl\u00fcsse, Chemikalien und mechanische Besch\u00e4digungen best\u00e4ndig sind. Daher werden sie auf Baustellen, im Gartenbau, in der Industrie und in anderen privaten und \u00f6ffentlichen Bereichen eingesetzt.<\/p>\n<h3><strong>Produktspezifikationen:<\/strong><\/h3>\n<ul>\n<li><strong>Gr\u00f6\u00dfe:<\/strong> 4\u00d74 m<\/li>\n<li><strong>Grammatur:<\/strong> 110 g\/m\u00b2<\/li>\n<li><strong>Material:<\/strong> Hochwertiges Polyethylen - langlebig, wasserfest, besch\u00e4digungs- und witterungsbest\u00e4ndig<\/li>\n<li><strong>Verst\u00e4rkung:<\/strong> Stabile Kanten und Ecken mit dicken Kunststoffeinlagen verst\u00e4rkt<\/li>\n<li><strong>Toleranz der Abmessungen:<\/strong> +\/- 5%<\/li>\n<\/ul>\n<h3><strong>Wesentliche Merkmale:<\/strong><\/h3>\n<ul>\n<li><strong>Vielseitigkeit:<\/strong> Ideal zum Abdecken einer Vielzahl von Gegenst\u00e4nden, Materialien und Objekten.<\/li>\n<li><strong>Witterungsbest\u00e4ndigkeit:<\/strong> Schutz vor Regen, Feuchtigkeit, Staub, Wind und UV-Strahlung.<\/li>\n<li><strong>Frostbest\u00e4ndigkeit:<\/strong> Geeignet f\u00fcr den Einsatz bei Minustemperaturen.<\/li>\n<li><strong>Wasserdicht:<\/strong> Eine wirksame Feuchtigkeitssperre, leicht zu reinigen.<\/li>\n<li><strong>Beharrlichkeit:<\/strong> Die hochwertige Konstruktion gew\u00e4hrleistet eine lange Nutzungsdauer.<\/li>\n<\/ul>\n<h3><strong>Anwendung:<\/strong><\/h3>\n<ul>\n<li>Schutz von Holz, M\u00f6beln und Baumaterialien.<\/li>\n<li>Sicherung von landwirtschaftlichen, gartenbaulichen und obstbaulichen Materialien.<\/li>\n<li>Versichert sind Fahrzeuge, Motorr\u00e4der, Boote und Maschinen.<\/li>\n<li>Abdecken von Unterst\u00e4nden, Schwimmb\u00e4dern und anderen Au\u00dfenbereichen.<\/li>\n<\/ul>\n<h3><strong>Warum diese Plane w\u00e4hlen?<\/strong><\/h3>\n<p>Dank ihrer robusten Konstruktion und ihrer Widerstandsf\u00e4higkeit gegen raue Wetterbedingungen ist die Plane eine zuverl\u00e4ssige L\u00f6sung f\u00fcr Haus, Garten, Baustelle und Industrie. Sie ist einfach zu handhaben und multifunktional und bietet lang anhaltenden Schutz f\u00fcr alle Arten von Objekten.<\/p>","protected":false},"excerpt":{"rendered":"<p>Plandeka PE mocna Wzmocniona plandeka oferuje szerokie mo\u017cliwo\u015bci zastosowania, umo\u017cliwiaj\u0105c ochron\u0119 i izolacj\u0119 r\u00f3\u017cnorodnych przedmiot\u00f3w, materia\u0142\u00f3w, ro\u015blin oraz innych obiekt\u00f3w przed wp\u0142ywem czynnik\u00f3w atmosferycznych, zar\u00f3wno bezpo\u015brednich, jak i po\u015brednich. Jej u\u017cycie pozwala skutecznie oddzieli\u0107 i zabezpieczy\u0107 dowolny obszar lub przedmiot przed deszczem, wilgoci\u0105, niskimi temperaturami, kurzem, wiatrem czy promieniowaniem s\u0142onecznym. Plandeki s\u0105 produkowane z materia\u0142\u00f3w [&hellip;]<\/p>","protected":false},"featured_media":3031,"template":"","meta":{"site-sidebar-layout":"default","site-content-layout":"","ast-site-content-layout":"default","site-content-style":"default","site-sidebar-style":"default","ast-global-header-display":"","ast-banner-title-visibility":"","ast-main-header-display":"","ast-hfb-above-header-display":"","ast-hfb-below-header-display":"","ast-hfb-mobile-header-display":"","site-post-title":"","ast-breadcrumbs-content":"","ast-featured-img":"","footer-sml-layout":"","theme-transparent-header-meta":"default","adv-header-id-meta":"","stick-header-meta":"default","header-above-stick-meta":"","header-main-stick-meta":"","header-below-stick-meta":"","astra-migrate-meta-layouts":"set","ast-page-background-enabled":"default","ast-page-background-meta":{"desktop":{"background-color":"var(--ast-global-color-4)","background-image":"","background-repeat":"repeat","background-position":"center center","background-size":"auto","background-attachment":"scroll","background-type":"","background-media":"","overlay-type":"","overlay-color":"","overlay-opacity":"","overlay-gradient":""},"tablet":{"background-color":"","background-image":"","background-repeat":"repeat","background-position":"center center","background-size":"auto","background-attachment":"scroll","background-type":"","background-media":"","overlay-type":"","overlay-color":"","overlay-opacity":"","overlay-gradient":""},"mobile":{"background-color":"","background-image":"","background-repeat":"repeat","background-position":"center center","background-size":"auto","background-attachment":"scroll","background-type":"","background-media":"","overlay-type":"","overlay-color":"","overlay-opacity":"","overlay-gradient":""}},"ast-content-background-meta":{"desktop":{"background-color":"var(--ast-global-color-5)","background-image":"","background-repeat":"repeat","background-position":"center center","background-size":"auto","background-attachment":"scroll","background-type":"","background-media":"","overlay-type":"","overlay-color":"","overlay-opacity":"","overlay-gradient":""},"tablet":{"background-color":"var(--ast-global-color-5)","background-image":"","background-repeat":"repeat","background-position":"center center","background-size":"auto","background-attachment":"scroll","background-type":"","background-media":"","overlay-type":"","overlay-color":"","overlay-opacity":"","overlay-gradient":""},"mobile":{"background-color":"var(--ast-global-color-5)","background-image":"","background-repeat":"repeat","background-position":"center center","background-size":"auto","background-attachment":"scroll","background-type":"","background-media":"","overlay-type":"","overlay-color":"","overlay-opacity":"","overlay-gradient":""}}},"product_brand":[],"product_cat":[182],"product_tag":[],"class_list":{"0":"post-3083","1":"product","2":"type-product","3":"status-publish","4":"has-post-thumbnail","6":"product_cat-plandeka-zielona-mocna-110-g-m2","7":"desktop-align-left","8":"tablet-align-left","9":"mobile-align-left","10":"ast-product-gallery-layout-horizontal","11":"ast-product-tabs-layout-horizontal","13":"first","14":"instock","15":"shipping-taxable","16":"product-type-simple"},"_links":{"self":[{"href":"https:\/\/wimar.net\/de\/wp-json\/wp\/v2\/product\/3083","targetHints":{"allow":["GET"]}}],"collection":[{"href":"https:\/\/wimar.net\/de\/wp-json\/wp\/v2\/product"}],"about":[{"href":"https:\/\/wimar.net\/de\/wp-json\/wp\/v2\/types\/product"}],"version-history":[{"count":2,"href":"https:\/\/wimar.net\/de\/wp-json\/wp\/v2\/product\/3083\/revisions"}],"predecessor-version":[{"id":5499,"href":"https:\/\/wimar.net\/de\/wp-json\/wp\/v2\/product\/3083\/revisions\/5499"}],"wp:featuredmedia":[{"embeddable":true,"href":"https:\/\/wimar.net\/de\/wp-json\/wp\/v2\/media\/3031"}],"wp:attachment":[{"href":"https:\/\/wimar.net\/de\/wp-json\/wp\/v2\/media?parent=3083"}],"wp:term":[{"taxonomy":"product_brand","embeddable":true,"href":"https:\/\/wimar.net\/de\/wp-json\/wp\/v2\/product_brand?post=3083"},{"taxonomy":"product_cat","embeddable":true,"href":"https:\/\/wimar.net\/de\/wp-json\/wp\/v2\/product_cat?post=3083"},{"taxonomy":"product_tag","embeddable":true,"href":"https:\/\/wimar.net\/de\/wp-json\/wp\/v2\/product_tag?post=3083"}],"curies":[{"name":"wp","href":"https:\/\/api.w.org\/{rel}","templated":true}]}}