{"id":3099,"date":"2024-12-06T13:53:34","date_gmt":"2024-12-06T12:53:34","guid":{"rendered":"https:\/\/wimar.net\/?post_type=product&#038;p=3099"},"modified":"2025-03-18T09:54:32","modified_gmt":"2025-03-18T08:54:32","slug":"plane-pe-silber-braun-dick-4x8m-210g-m2","status":"publish","type":"product","link":"https:\/\/wimar.net\/de\/produkt\/plane-pe-silber-braun-dick-4x8m-210g-m2\/","title":{"rendered":"PE-Plane silber-braun dick 4x8m 210g\/m2"},"content":{"rendered":"<h3>dicke PE-Plane<\/h3>\n<p>Die verst\u00e4rkte Plane bietet ein breites Anwendungsspektrum und erm\u00f6glicht den Schutz und die Isolierung einer Vielzahl von Gegenst\u00e4nden, Materialien, Pflanzen und anderen Objekten vor direkten und indirekten Witterungseinfl\u00fcssen.<\/p>\n<p>Mit ihrer Hilfe kann jeder Bereich oder jedes Objekt wirksam von Regen, Feuchtigkeit, niedrigen Temperaturen, Staub, Wind oder Sonnenlicht getrennt und gesch\u00fctzt werden.<\/p>\n<p>Planen werden aus Materialien hergestellt, die gegen Witterungseinfl\u00fcsse, Chemikalien und mechanische Besch\u00e4digungen best\u00e4ndig sind. Daher werden sie auf Baustellen, im Gartenbau, in der Industrie und in anderen privaten und \u00f6ffentlichen Bereichen eingesetzt.<\/p>\n<h3><strong>Produktspezifikationen:<\/strong><\/h3>\n<ul>\n<li><strong>Gr\u00f6\u00dfe:<\/strong> 4\u00d78 m<\/li>\n<li><strong>Grammatur:<\/strong> 210 g\/m\u00b2 (4 Mal dicker als Standardplanen)<\/li>\n<li><strong>Material:<\/strong> Polyethylen (PE) - langlebig, wasserdicht und wetterfest<\/li>\n<li><strong>Verst\u00e4rkung:<\/strong> Kanten mit zus\u00e4tzlicher Schicht verst\u00e4rkt und Ecken mit dicken Kunststoffeinlagen stabilisiert<\/li>\n<li><strong>Toleranz der Abmessungen:<\/strong> +\/- 5%<\/li>\n<\/ul>\n<h3><strong>Wesentliche Merkmale:<\/strong><\/h3>\n<ul>\n<li><strong>Witterungsbest\u00e4ndigkeit:<\/strong> Sie sch\u00fctzt vor Regen, Feuchtigkeit, Wind, Staub und UV-Strahlung.<\/li>\n<li><strong>Frostbest\u00e4ndigkeit:<\/strong> Es funktioniert perfekt bei niedrigen Temperaturen.<\/li>\n<li><strong>Wasserdicht:<\/strong> Sch\u00fctzt wirksam vor Feuchtigkeit und Auslaufen.<\/li>\n<li><strong>Beharrlichkeit:<\/strong> Die robuste Konstruktion gew\u00e4hrleistet einen zuverl\u00e4ssigen Einsatz \u00fcber mehrere Jahreszeiten hinweg.<\/li>\n<li><strong>Vielseitigkeit:<\/strong> Er eignet sich f\u00fcr eine Vielzahl von Anwendungen in Haus, Garten, Industrie und auf Baustellen.<\/li>\n<li><strong>Leichte Wartung:<\/strong> Leicht zu reinigen, immer einsatzbereit.<\/li>\n<\/ul>\n<h3><strong>Anwendung:<\/strong><\/h3>\n<ul>\n<li>Schutz von Holz, Gartenm\u00f6beln und Baumaterialien.<\/li>\n<li>Sicherung von landwirtschaftlichen, gartenbaulichen und obstbaulichen Materialien.<\/li>\n<li>Versicherungsschutz f\u00fcr Fahrzeuge, Motorr\u00e4der, Boote, Anh\u00e4nger und Maschinen.<\/li>\n<li>\u00dcberdachung von Unterst\u00e4nden, Pavillons, Schwimmb\u00e4dern und anderen Au\u00dfenbereichen.<\/li>\n<\/ul>\n<h3><strong>Warum diese Plane w\u00e4hlen?<\/strong><\/h3>\n<p>Dank ihres h\u00f6heren Gewichts und der Verwendung hochwertiger Materialien bietet die Plane au\u00dfergew\u00f6hnliche Haltbarkeit und zuverl\u00e4ssigen Schutz. Sie ist resistent gegen mechanische Besch\u00e4digungen, chemische Stoffe und raue Witterungsbedingungen und damit die ideale Wahl f\u00fcr eine Vielzahl von Anwendungen.<\/p>\n<p>Sch\u00fctzen Sie Ihre Gegenst\u00e4nde zuverl\u00e4ssig mit einer verst\u00e4rkten Plane - eine L\u00f6sung, die auf Langlebigkeit und Vielseitigkeit ausgelegt ist!<\/p>","protected":false},"excerpt":{"rendered":"<p>Plandeka PE gruba Wzmocniona plandeka oferuje szerokie mo\u017cliwo\u015bci zastosowania, umo\u017cliwiaj\u0105c ochron\u0119 i izolacj\u0119 r\u00f3\u017cnorodnych przedmiot\u00f3w, materia\u0142\u00f3w, ro\u015blin oraz innych obiekt\u00f3w przed wp\u0142ywem czynnik\u00f3w atmosferycznych, zar\u00f3wno bezpo\u015brednich, jak i po\u015brednich. Jej u\u017cycie pozwala skutecznie oddzieli\u0107 i zabezpieczy\u0107 dowolny obszar lub przedmiot przed deszczem, wilgoci\u0105, niskimi temperaturami, kurzem, wiatrem czy promieniowaniem s\u0142onecznym. Plandeki s\u0105 produkowane z materia\u0142\u00f3w [&hellip;]<\/p>","protected":false},"featured_media":3094,"template":"","meta":{"site-sidebar-layout":"default","site-content-layout":"","ast-site-content-layout":"default","site-content-style":"default","site-sidebar-style":"default","ast-global-header-display":"","ast-banner-title-visibility":"","ast-main-header-display":"","ast-hfb-above-header-display":"","ast-hfb-below-header-display":"","ast-hfb-mobile-header-display":"","site-post-title":"","ast-breadcrumbs-content":"","ast-featured-img":"","footer-sml-layout":"","theme-transparent-header-meta":"default","adv-header-id-meta":"","stick-header-meta":"default","header-above-stick-meta":"","header-main-stick-meta":"","header-below-stick-meta":"","astra-migrate-meta-layouts":"set","ast-page-background-enabled":"default","ast-page-background-meta":{"desktop":{"background-color":"var(--ast-global-color-4)","background-image":"","background-repeat":"repeat","background-position":"center center","background-size":"auto","background-attachment":"scroll","background-type":"","background-media":"","overlay-type":"","overlay-color":"","overlay-opacity":"","overlay-gradient":""},"tablet":{"background-color":"","background-image":"","background-repeat":"repeat","background-position":"center center","background-size":"auto","background-attachment":"scroll","background-type":"","background-media":"","overlay-type":"","overlay-color":"","overlay-opacity":"","overlay-gradient":""},"mobile":{"background-color":"","background-image":"","background-repeat":"repeat","background-position":"center center","background-size":"auto","background-attachment":"scroll","background-type":"","background-media":"","overlay-type":"","overlay-color":"","overlay-opacity":"","overlay-gradient":""}},"ast-content-background-meta":{"desktop":{"background-color":"var(--ast-global-color-5)","background-image":"","background-repeat":"repeat","background-position":"center center","background-size":"auto","background-attachment":"scroll","background-type":"","background-media":"","overlay-type":"","overlay-color":"","overlay-opacity":"","overlay-gradient":""},"tablet":{"background-color":"var(--ast-global-color-5)","background-image":"","background-repeat":"repeat","background-position":"center center","background-size":"auto","background-attachment":"scroll","background-type":"","background-media":"","overlay-type":"","overlay-color":"","overlay-opacity":"","overlay-gradient":""},"mobile":{"background-color":"var(--ast-global-color-5)","background-image":"","background-repeat":"repeat","background-position":"center center","background-size":"auto","background-attachment":"scroll","background-type":"","background-media":"","overlay-type":"","overlay-color":"","overlay-opacity":"","overlay-gradient":""}}},"product_brand":[],"product_cat":[184],"product_tag":[],"class_list":{"0":"post-3099","1":"product","2":"type-product","3":"status-publish","4":"has-post-thumbnail","6":"product_cat-plandeka-srebrno-brazowa-gruba-210-g-m2","7":"desktop-align-left","8":"tablet-align-left","9":"mobile-align-left","10":"ast-product-gallery-layout-horizontal","11":"ast-product-tabs-layout-horizontal","13":"first","14":"instock","15":"shipping-taxable","16":"product-type-simple"},"_links":{"self":[{"href":"https:\/\/wimar.net\/de\/wp-json\/wp\/v2\/product\/3099","targetHints":{"allow":["GET"]}}],"collection":[{"href":"https:\/\/wimar.net\/de\/wp-json\/wp\/v2\/product"}],"about":[{"href":"https:\/\/wimar.net\/de\/wp-json\/wp\/v2\/types\/product"}],"version-history":[{"count":3,"href":"https:\/\/wimar.net\/de\/wp-json\/wp\/v2\/product\/3099\/revisions"}],"predecessor-version":[{"id":5506,"href":"https:\/\/wimar.net\/de\/wp-json\/wp\/v2\/product\/3099\/revisions\/5506"}],"wp:featuredmedia":[{"embeddable":true,"href":"https:\/\/wimar.net\/de\/wp-json\/wp\/v2\/media\/3094"}],"wp:attachment":[{"href":"https:\/\/wimar.net\/de\/wp-json\/wp\/v2\/media?parent=3099"}],"wp:term":[{"taxonomy":"product_brand","embeddable":true,"href":"https:\/\/wimar.net\/de\/wp-json\/wp\/v2\/product_brand?post=3099"},{"taxonomy":"product_cat","embeddable":true,"href":"https:\/\/wimar.net\/de\/wp-json\/wp\/v2\/product_cat?post=3099"},{"taxonomy":"product_tag","embeddable":true,"href":"https:\/\/wimar.net\/de\/wp-json\/wp\/v2\/product_tag?post=3099"}],"curies":[{"name":"wp","href":"https:\/\/api.w.org\/{rel}","templated":true}]}}