{"id":3447,"date":"2024-12-09T11:48:12","date_gmt":"2024-12-09T10:48:12","guid":{"rendered":"https:\/\/wimar.net\/?post_type=product&#038;p=3447"},"modified":"2025-03-24T08:18:48","modified_gmt":"2025-03-24T07:18:48","slug":"plane-pe-weis-verstarkt-5x6m-90g-m2","status":"publish","type":"product","link":"https:\/\/wimar.net\/de\/produkt\/plane-pe-weis-verstarkt-5x6m-90g-m2\/","title":{"rendered":"PE-Plane wei\u00df verst\u00e4rkt 5x6m 90g\/m2"},"content":{"rendered":"<h3>PE-Plane verst\u00e4rkt<\/h3>\n<p>Die verst\u00e4rkte PE-Plane (90 g\/m\u00b2) ist eine robuste und vielseitige L\u00f6sung f\u00fcr die Sicherung von Gegenst\u00e4nden im Garten, im Schrebergarten, beim Camping oder bei Bauarbeiten. Sie besteht aus robustem Polyethylen und bietet bei verschiedenen Witterungsbedingungen einen wirksamen Schutz vor Regen, Sonne und Wind.<\/p>\n<h3><strong>Produktspezifikationen:<\/strong><\/h3>\n<ul>\n<li><strong>Abmessungen:<\/strong> 5\u00d76 m<\/li>\n<li><strong>Grammatur:<\/strong> 90 g\/m\u00b2<\/li>\n<li><strong>Material:<\/strong> Hochwertiges Polyethylen - langlebig, wasserfest, besch\u00e4digungs- und witterungsbest\u00e4ndig<\/li>\n<li><strong>Farbe:<\/strong> Wei\u00df, reflektiert perfekt die Sonnenstrahlen<\/li>\n<li><strong>Verst\u00e4rkung:<\/strong> Kordels\u00e4ume f\u00fcr bessere Haltbarkeit<\/li>\n<li><strong>Montage:<\/strong> Aluminium-Durchf\u00fchrungen im Abstand von 1 m<\/li>\n<li><strong>Toleranz der Abmessungen:<\/strong> +\/- 5%<\/li>\n<\/ul>\n<h3><strong>Produktmerkmale:<\/strong><\/h3>\n<ul>\n<li><strong>Wasserdicht:<\/strong> Wirksamer Schutz vor Regen und Feuchtigkeit.<\/li>\n<li><strong>Leichte Reinigung:<\/strong> Eine Oberfl\u00e4che, die leicht sauber zu halten ist.<\/li>\n<li><strong>Schimmelresistent:<\/strong> Sch\u00fctzt vor Schimmelbefall in rauen Umgebungen.<\/li>\n<li><strong>Praktikabilit\u00e4t:<\/strong> Leicht, einfach zu montieren und bequem zu benutzen.<\/li>\n<\/ul>\n<h3><strong>Anwendung:<\/strong><\/h3>\n<ul>\n<li>Schutz von Autos, Anh\u00e4ngern und Booten.<\/li>\n<li>Sicherung von Schuppen, Bau- und landwirtschaftlichen Materialien.<\/li>\n<li>Abdeckungen f\u00fcr Holzlager, Gartenm\u00f6bel und Swimmingpools.<\/li>\n<\/ul>\n<h3><strong>Warum diese Plane w\u00e4hlen?<\/strong><\/h3>\n<p>Dank der Verwendung von langlebigen Materialien und durchdachten L\u00f6sungen ist die Plane in jeder Situation zuverl\u00e4ssig. Die hohe Wasserbest\u00e4ndigkeit, die einfache Reinigung und die robusten Befestigungen sorgen daf\u00fcr, dass das Produkt sowohl den Bed\u00fcrfnissen von Privatpersonen als auch von Profis gerecht wird.<\/p>","protected":false},"excerpt":{"rendered":"<p>Plandeka PE wzmonciona Plandeka PE wzmonciona o gramaturze 90 g\/m\u00b2 to solidne i uniwersalne rozwi\u0105zanie do zabezpieczania przedmiot\u00f3w w ogrodzie, na dzia\u0142ce, podczas biwak\u00f3w czy prac budowlanych. Wykonana z wytrzyma\u0142ego polietylenu, doskonale sprawdza si\u0119 w r\u00f3\u017cnych warunkach atmosferycznych, zapewniaj\u0105c skuteczn\u0105 ochron\u0119 przed deszczem, s\u0142o\u0144cem i wiatrem. Specyfikacja produktu: Wymiary: 5&#215;6 m Gramatura: 90 g\/m\u00b2 Materia\u0142: [&hellip;]<\/p>","protected":false},"featured_media":3432,"template":"","meta":{"site-sidebar-layout":"default","site-content-layout":"","ast-site-content-layout":"default","site-content-style":"default","site-sidebar-style":"default","ast-global-header-display":"","ast-banner-title-visibility":"","ast-main-header-display":"","ast-hfb-above-header-display":"","ast-hfb-below-header-display":"","ast-hfb-mobile-header-display":"","site-post-title":"","ast-breadcrumbs-content":"","ast-featured-img":"","footer-sml-layout":"","theme-transparent-header-meta":"default","adv-header-id-meta":"","stick-header-meta":"default","header-above-stick-meta":"","header-main-stick-meta":"","header-below-stick-meta":"","astra-migrate-meta-layouts":"set","ast-page-background-enabled":"default","ast-page-background-meta":{"desktop":{"background-color":"var(--ast-global-color-4)","background-image":"","background-repeat":"repeat","background-position":"center center","background-size":"auto","background-attachment":"scroll","background-type":"","background-media":"","overlay-type":"","overlay-color":"","overlay-opacity":"","overlay-gradient":""},"tablet":{"background-color":"","background-image":"","background-repeat":"repeat","background-position":"center center","background-size":"auto","background-attachment":"scroll","background-type":"","background-media":"","overlay-type":"","overlay-color":"","overlay-opacity":"","overlay-gradient":""},"mobile":{"background-color":"","background-image":"","background-repeat":"repeat","background-position":"center center","background-size":"auto","background-attachment":"scroll","background-type":"","background-media":"","overlay-type":"","overlay-color":"","overlay-opacity":"","overlay-gradient":""}},"ast-content-background-meta":{"desktop":{"background-color":"var(--ast-global-color-5)","background-image":"","background-repeat":"repeat","background-position":"center center","background-size":"auto","background-attachment":"scroll","background-type":"","background-media":"","overlay-type":"","overlay-color":"","overlay-opacity":"","overlay-gradient":""},"tablet":{"background-color":"var(--ast-global-color-5)","background-image":"","background-repeat":"repeat","background-position":"center center","background-size":"auto","background-attachment":"scroll","background-type":"","background-media":"","overlay-type":"","overlay-color":"","overlay-opacity":"","overlay-gradient":""},"mobile":{"background-color":"var(--ast-global-color-5)","background-image":"","background-repeat":"repeat","background-position":"center center","background-size":"auto","background-attachment":"scroll","background-type":"","background-media":"","overlay-type":"","overlay-color":"","overlay-opacity":"","overlay-gradient":""}}},"product_brand":[],"product_cat":[178],"product_tag":[],"class_list":{"0":"post-3447","1":"product","2":"type-product","3":"status-publish","4":"has-post-thumbnail","6":"product_cat-plandeka-biala-wzmocniona-90-g-m2","7":"desktop-align-left","8":"tablet-align-left","9":"mobile-align-left","10":"ast-product-gallery-layout-horizontal","11":"ast-product-tabs-layout-horizontal","13":"first","14":"instock","15":"shipping-taxable","16":"product-type-simple"},"_links":{"self":[{"href":"https:\/\/wimar.net\/de\/wp-json\/wp\/v2\/product\/3447","targetHints":{"allow":["GET"]}}],"collection":[{"href":"https:\/\/wimar.net\/de\/wp-json\/wp\/v2\/product"}],"about":[{"href":"https:\/\/wimar.net\/de\/wp-json\/wp\/v2\/types\/product"}],"version-history":[{"count":4,"href":"https:\/\/wimar.net\/de\/wp-json\/wp\/v2\/product\/3447\/revisions"}],"predecessor-version":[{"id":6018,"href":"https:\/\/wimar.net\/de\/wp-json\/wp\/v2\/product\/3447\/revisions\/6018"}],"wp:featuredmedia":[{"embeddable":true,"href":"https:\/\/wimar.net\/de\/wp-json\/wp\/v2\/media\/3432"}],"wp:attachment":[{"href":"https:\/\/wimar.net\/de\/wp-json\/wp\/v2\/media?parent=3447"}],"wp:term":[{"taxonomy":"product_brand","embeddable":true,"href":"https:\/\/wimar.net\/de\/wp-json\/wp\/v2\/product_brand?post=3447"},{"taxonomy":"product_cat","embeddable":true,"href":"https:\/\/wimar.net\/de\/wp-json\/wp\/v2\/product_cat?post=3447"},{"taxonomy":"product_tag","embeddable":true,"href":"https:\/\/wimar.net\/de\/wp-json\/wp\/v2\/product_tag?post=3447"}],"curies":[{"name":"wp","href":"https:\/\/api.w.org\/{rel}","templated":true}]}}