{"id":3509,"date":"2024-12-16T09:24:42","date_gmt":"2024-12-16T08:24:42","guid":{"rendered":"https:\/\/wimar.net\/?post_type=product&#038;p=3509"},"modified":"2025-03-17T13:22:04","modified_gmt":"2025-03-17T12:22:04","slug":"jutebeutel-natur-50x55cm","status":"publish","type":"product","link":"https:\/\/wimar.net\/de\/produkt\/jutebeutel-natur-50x55cm\/","title":{"rendered":"Nat\u00fcrlicher Jutebeutel 50x55cm"},"content":{"rendered":"<h3>Jutebeutel 50x55cm<\/h3>\n<p>Die Jutes\u00e4cke sind aus einem robusten, nat\u00fcrlichen 100%-Gewebe hergestellt, das die Luft frei flie\u00dfen l\u00e4sst. Dadurch sind sie ideal f\u00fcr die Lagerung von Obst und Gem\u00fcse wie Kartoffeln, Zwiebeln, \u00c4pfeln oder Roter Bete und halten sie l\u00e4nger frisch.<\/p>\n<h3><strong>Wesentliche Merkmale:<\/strong><\/h3>\n<ul>\n<li><strong>Nat\u00fcrlichkeit:<\/strong> Hergestellt aus biologisch abbaubarer und erneuerbarer Jute - einer Faser, die aus den St\u00e4ngeln von Pflanzen gewonnen wird.<\/li>\n<li><strong>\u00d6kologisch:<\/strong> Sie sind wiederverwendbar und haben keine negativen Auswirkungen auf die Umwelt.<\/li>\n<li><strong>Luftdurchl\u00e4ssigkeit:<\/strong> Ideal f\u00fcr die Lagerung von Produkten, die atmen m\u00fcssen.<\/li>\n<li><strong>Beharrlichkeit:<\/strong> Unterschiedliche Gewebedichten (Gewichte) erm\u00f6glichen es, die Festigkeit der Tasche an ihre Verwendung anzupassen.<\/li>\n<li><strong>Vielseitigkeit:<\/strong> Bei sachgem\u00e4\u00dfer Lagerung behalten sie ihre N\u00fctzlichkeit \u00fcber viele Jahre.<\/li>\n<li><strong>Die Taschen sind bei 40 Grad waschbar.<\/strong><\/li>\n<li><strong>Grammatur:<\/strong> &gt;250 g\/m\u00b2<\/li>\n<\/ul>\n<h3><strong>Anwendung:<\/strong><\/h3>\n<ul>\n<li><strong>Lagerung von Obst und Gem\u00fcse:<\/strong> Ideal f\u00fcr Kartoffeln, Zwiebeln, Rote Bete, \u00c4pfel oder N\u00fcsse.<\/li>\n<li><strong>Lagerung von Brennmaterial:<\/strong> Holz, Pellets, Kohle und Holzsp\u00e4ne.<\/li>\n<li><strong>Pflanzenschutz:<\/strong> Ideal f\u00fcr die \u00dcberwinterung zarter Pflanzen im Garten.<\/li>\n<li><strong>Dekoration:<\/strong> Ein stilvolles Gestaltungselement auf Bauernm\u00e4rkten oder in Naturkostl\u00e4den.<\/li>\n<li><strong>Hochwasserschutz:<\/strong> Wird als Schutzbeutel verwendet.<\/li>\n<\/ul>\n<h3><strong>Warum Jutes\u00e4cke w\u00e4hlen?<\/strong><\/h3>\n<p>Jutes\u00e4cke sind eine umweltfreundliche Alternative zu Plastikverpackungen. Ihr nat\u00fcrliches Aussehen, ihre biologische Abbaubarkeit und ihre Langlebigkeit machen sie zur idealen Wahl sowohl f\u00fcr Haushalte als auch f\u00fcr landwirtschaftliche Betriebe. Ihre Wiederverwendbarkeit und ihre vielf\u00e4ltigen Einsatzm\u00f6glichkeiten machen sie zu einer praktischen L\u00f6sung f\u00fcr die n\u00e4chsten Jahre.<\/p>","protected":false},"excerpt":{"rendered":"<p>Worek jutowy 50x55cm Worki jutowe wykonane s\u0105 z mocnej, w 100% naturalnej tkaniny, kt\u00f3ra pozwala na swobodny przep\u0142yw powietrza. Dzi\u0119ki temu s\u0105 idealnym rozwi\u0105zaniem do przechowywania warzyw i owoc\u00f3w, takich jak ziemniaki, cebula, jab\u0142ka czy buraki, zachowuj\u0105c ich \u015bwie\u017co\u015b\u0107 na d\u0142u\u017cej. Najwa\u017cniejsze cechy: Naturalno\u015b\u0107: Wykonane z biodegradowalnej i odnawialnej juty \u2013 w\u0142\u00f3kna pozyskiwanego z \u0142odyg [&hellip;]<\/p>","protected":false},"featured_media":3510,"template":"","meta":{"site-sidebar-layout":"default","site-content-layout":"","ast-site-content-layout":"default","site-content-style":"default","site-sidebar-style":"default","ast-global-header-display":"","ast-banner-title-visibility":"","ast-main-header-display":"","ast-hfb-above-header-display":"","ast-hfb-below-header-display":"","ast-hfb-mobile-header-display":"","site-post-title":"","ast-breadcrumbs-content":"","ast-featured-img":"","footer-sml-layout":"","theme-transparent-header-meta":"default","adv-header-id-meta":"","stick-header-meta":"default","header-above-stick-meta":"","header-main-stick-meta":"","header-below-stick-meta":"","astra-migrate-meta-layouts":"set","ast-page-background-enabled":"default","ast-page-background-meta":{"desktop":{"background-color":"var(--ast-global-color-4)","background-image":"","background-repeat":"repeat","background-position":"center center","background-size":"auto","background-attachment":"scroll","background-type":"","background-media":"","overlay-type":"","overlay-color":"","overlay-opacity":"","overlay-gradient":""},"tablet":{"background-color":"","background-image":"","background-repeat":"repeat","background-position":"center center","background-size":"auto","background-attachment":"scroll","background-type":"","background-media":"","overlay-type":"","overlay-color":"","overlay-opacity":"","overlay-gradient":""},"mobile":{"background-color":"","background-image":"","background-repeat":"repeat","background-position":"center center","background-size":"auto","background-attachment":"scroll","background-type":"","background-media":"","overlay-type":"","overlay-color":"","overlay-opacity":"","overlay-gradient":""}},"ast-content-background-meta":{"desktop":{"background-color":"var(--ast-global-color-5)","background-image":"","background-repeat":"repeat","background-position":"center center","background-size":"auto","background-attachment":"scroll","background-type":"","background-media":"","overlay-type":"","overlay-color":"","overlay-opacity":"","overlay-gradient":""},"tablet":{"background-color":"var(--ast-global-color-5)","background-image":"","background-repeat":"repeat","background-position":"center center","background-size":"auto","background-attachment":"scroll","background-type":"","background-media":"","overlay-type":"","overlay-color":"","overlay-opacity":"","overlay-gradient":""},"mobile":{"background-color":"var(--ast-global-color-5)","background-image":"","background-repeat":"repeat","background-position":"center center","background-size":"auto","background-attachment":"scroll","background-type":"","background-media":"","overlay-type":"","overlay-color":"","overlay-opacity":"","overlay-gradient":""}}},"product_brand":[],"product_cat":[241,192],"product_tag":[],"class_list":{"0":"post-3509","1":"product","2":"type-product","3":"status-publish","4":"has-post-thumbnail","6":"product_cat-tkaniny-jutowe","7":"product_cat-50x55cm-kolor-naturalny","8":"desktop-align-left","9":"tablet-align-left","10":"mobile-align-left","11":"ast-product-gallery-layout-horizontal","12":"ast-product-tabs-layout-horizontal","14":"first","15":"instock","16":"shipping-taxable","17":"product-type-simple"},"_links":{"self":[{"href":"https:\/\/wimar.net\/de\/wp-json\/wp\/v2\/product\/3509","targetHints":{"allow":["GET"]}}],"collection":[{"href":"https:\/\/wimar.net\/de\/wp-json\/wp\/v2\/product"}],"about":[{"href":"https:\/\/wimar.net\/de\/wp-json\/wp\/v2\/types\/product"}],"version-history":[{"count":3,"href":"https:\/\/wimar.net\/de\/wp-json\/wp\/v2\/product\/3509\/revisions"}],"predecessor-version":[{"id":7453,"href":"https:\/\/wimar.net\/de\/wp-json\/wp\/v2\/product\/3509\/revisions\/7453"}],"wp:featuredmedia":[{"embeddable":true,"href":"https:\/\/wimar.net\/de\/wp-json\/wp\/v2\/media\/3510"}],"wp:attachment":[{"href":"https:\/\/wimar.net\/de\/wp-json\/wp\/v2\/media?parent=3509"}],"wp:term":[{"taxonomy":"product_brand","embeddable":true,"href":"https:\/\/wimar.net\/de\/wp-json\/wp\/v2\/product_brand?post=3509"},{"taxonomy":"product_cat","embeddable":true,"href":"https:\/\/wimar.net\/de\/wp-json\/wp\/v2\/product_cat?post=3509"},{"taxonomy":"product_tag","embeddable":true,"href":"https:\/\/wimar.net\/de\/wp-json\/wp\/v2\/product_tag?post=3509"}],"curies":[{"name":"wp","href":"https:\/\/api.w.org\/{rel}","templated":true}]}}