{"id":3623,"date":"2025-02-06T08:40:14","date_gmt":"2025-02-06T07:40:14","guid":{"rendered":"https:\/\/wimar.net\/?post_type=product&#038;p=3623"},"modified":"2025-03-24T09:42:18","modified_gmt":"2025-03-24T08:42:18","slug":"pp-tasche-60x110cm-mit-pe-innenfutter","status":"publish","type":"product","link":"https:\/\/wimar.net\/de\/produkt\/pp-tasche-60x110cm-mit-pe-innenfutter\/","title":{"rendered":"PP-Beutel 60x110cm mit PE-Folie"},"content":{"rendered":"<h3>PP-Gewebes\u00e4cke<\/h3>\n<p>Gewebte Polypropylens\u00e4cke mit PE-Folie sind extrem haltbare und funktionelle Verpackungen, die die St\u00e4rke von gewebtem Polypropylen mit einer zus\u00e4tzlichen Schutzschicht aus Polyethylen kombinieren. Dadurch bieten sie nicht nur eine hohe Tragf\u00e4higkeit und Rei\u00dffestigkeit, sondern auch eine wirksame Barriere gegen Feuchtigkeit, was sie ideal f\u00fcr die Lagerung und den Transport von Materialien macht, die zus\u00e4tzlichen Schutz ben\u00f6tigen.<\/p>\n<h3><strong>Wesentliche Merkmale:<\/strong><\/h3>\n<ul>\n<li><strong>Robustheit<\/strong> - Die gewebte Struktur des Polypropylens garantiert Widerstandsf\u00e4higkeit gegen mechanische Besch\u00e4digungen und schwere Lasten.<\/li>\n<li><strong>Schutz vor Feuchtigkeit<\/strong> - Die PE-Auskleidung verhindert das Eindringen von Feuchtigkeit und sch\u00fctzt den Inhalt vor Durchn\u00e4ssung und Qualit\u00e4tsverlust.<\/li>\n<li><strong>Vielseitigkeit<\/strong> - Ideal f\u00fcr den Transport und die Lagerung von Sch\u00fcttg\u00fctern, Baumaterialien, Brennstoffen und Abf\u00e4llen.<\/li>\n<li><strong>Durchsickern<\/strong> - Dank der PE-Auskleidung eignen sich die Taschen perfekt f\u00fcr die Lagerung von Materialien, die vor Witterungseinfl\u00fcssen gesch\u00fctzt werden m\u00fcssen.<\/li>\n<li><strong>Gr\u00f6\u00dfe<\/strong> - 60\u00d7110 cm<\/li>\n<li><strong>Kapazit\u00e4t<\/strong> - etwa 50 kg<\/li>\n<\/ul>\n<h3><strong>Warum sollten Sie sich f\u00fcr Polypropylenbeutel mit PE-Folie entscheiden?<\/strong><\/h3>\n<p>Polypropylens\u00e4cke mit PE-Folie sind eine moderne, robuste und wirtschaftliche L\u00f6sung f\u00fcr viele Branchen. Dank der zus\u00e4tzlichen Schicht aus Polyethylen bieten sie einen noch besseren Schutz vor Feuchtigkeit und Staub, was sie f\u00fcr die Lagerung und den Transport empfindlicher Materialien unverzichtbar macht. Sie sind langlebig, wiederverwendbar und widerstandsf\u00e4hig gegen raue Wetterbedingungen.<\/p>","protected":false},"excerpt":{"rendered":"<p>Worki tkane PP Worki polipropylenowe tkane z wk\u0142adk\u0105 PE to wyj\u0105tkowo trwa\u0142e i funkcjonalne opakowania, kt\u00f3re \u0142\u0105cz\u0105 wytrzyma\u0142o\u015b\u0107 tkanego polipropylenu z dodatkow\u0105 warstw\u0105 ochronn\u0105 z polietylenu. Dzi\u0119ki temu zapewniaj\u0105 nie tylko wysok\u0105 no\u015bno\u015b\u0107 i odporno\u015b\u0107 na rozdarcia, ale tak\u017ce skuteczn\u0105 barier\u0119 przed wilgoci\u0105, co czyni je idealnym rozwi\u0105zaniem do przechowywania i transportu materia\u0142\u00f3w wymagaj\u0105cych dodatkowej [&hellip;]<\/p>","protected":false},"featured_media":3618,"template":"","meta":{"site-sidebar-layout":"default","site-content-layout":"","ast-site-content-layout":"default","site-content-style":"default","site-sidebar-style":"default","ast-global-header-display":"","ast-banner-title-visibility":"","ast-main-header-display":"","ast-hfb-above-header-display":"","ast-hfb-below-header-display":"","ast-hfb-mobile-header-display":"","site-post-title":"","ast-breadcrumbs-content":"","ast-featured-img":"","footer-sml-layout":"","theme-transparent-header-meta":"default","adv-header-id-meta":"","stick-header-meta":"default","header-above-stick-meta":"","header-main-stick-meta":"","header-below-stick-meta":"","astra-migrate-meta-layouts":"set","ast-page-background-enabled":"default","ast-page-background-meta":{"desktop":{"background-color":"var(--ast-global-color-4)","background-image":"","background-repeat":"repeat","background-position":"center center","background-size":"auto","background-attachment":"scroll","background-type":"","background-media":"","overlay-type":"","overlay-color":"","overlay-opacity":"","overlay-gradient":""},"tablet":{"background-color":"","background-image":"","background-repeat":"repeat","background-position":"center center","background-size":"auto","background-attachment":"scroll","background-type":"","background-media":"","overlay-type":"","overlay-color":"","overlay-opacity":"","overlay-gradient":""},"mobile":{"background-color":"","background-image":"","background-repeat":"repeat","background-position":"center center","background-size":"auto","background-attachment":"scroll","background-type":"","background-media":"","overlay-type":"","overlay-color":"","overlay-opacity":"","overlay-gradient":""}},"ast-content-background-meta":{"desktop":{"background-color":"var(--ast-global-color-5)","background-image":"","background-repeat":"repeat","background-position":"center center","background-size":"auto","background-attachment":"scroll","background-type":"","background-media":"","overlay-type":"","overlay-color":"","overlay-opacity":"","overlay-gradient":""},"tablet":{"background-color":"var(--ast-global-color-5)","background-image":"","background-repeat":"repeat","background-position":"center center","background-size":"auto","background-attachment":"scroll","background-type":"","background-media":"","overlay-type":"","overlay-color":"","overlay-opacity":"","overlay-gradient":""},"mobile":{"background-color":"var(--ast-global-color-5)","background-image":"","background-repeat":"repeat","background-position":"center center","background-size":"auto","background-attachment":"scroll","background-type":"","background-media":"","overlay-type":"","overlay-color":"","overlay-opacity":"","overlay-gradient":""}}},"product_brand":[],"product_cat":[141],"product_tag":[],"class_list":{"0":"post-3623","1":"product","2":"type-product","3":"status-publish","4":"has-post-thumbnail","6":"product_cat-60x110","7":"desktop-align-left","8":"tablet-align-left","9":"mobile-align-left","10":"ast-product-gallery-layout-horizontal","11":"ast-product-tabs-layout-horizontal","13":"first","14":"instock","15":"shipping-taxable","16":"product-type-simple"},"_links":{"self":[{"href":"https:\/\/wimar.net\/de\/wp-json\/wp\/v2\/product\/3623","targetHints":{"allow":["GET"]}}],"collection":[{"href":"https:\/\/wimar.net\/de\/wp-json\/wp\/v2\/product"}],"about":[{"href":"https:\/\/wimar.net\/de\/wp-json\/wp\/v2\/types\/product"}],"version-history":[{"count":4,"href":"https:\/\/wimar.net\/de\/wp-json\/wp\/v2\/product\/3623\/revisions"}],"predecessor-version":[{"id":5770,"href":"https:\/\/wimar.net\/de\/wp-json\/wp\/v2\/product\/3623\/revisions\/5770"}],"wp:featuredmedia":[{"embeddable":true,"href":"https:\/\/wimar.net\/de\/wp-json\/wp\/v2\/media\/3618"}],"wp:attachment":[{"href":"https:\/\/wimar.net\/de\/wp-json\/wp\/v2\/media?parent=3623"}],"wp:term":[{"taxonomy":"product_brand","embeddable":true,"href":"https:\/\/wimar.net\/de\/wp-json\/wp\/v2\/product_brand?post=3623"},{"taxonomy":"product_cat","embeddable":true,"href":"https:\/\/wimar.net\/de\/wp-json\/wp\/v2\/product_cat?post=3623"},{"taxonomy":"product_tag","embeddable":true,"href":"https:\/\/wimar.net\/de\/wp-json\/wp\/v2\/product_tag?post=3623"}],"curies":[{"name":"wp","href":"https:\/\/api.w.org\/{rel}","templated":true}]}}