{"id":3631,"date":"2025-02-06T09:09:25","date_gmt":"2025-02-06T08:09:25","guid":{"rendered":"https:\/\/wimar.net\/?post_type=product&#038;p=3631"},"modified":"2025-03-24T09:44:18","modified_gmt":"2025-03-24T08:44:18","slug":"pp-tasche-50x80cm-mit-kordelzug-weis","status":"publish","type":"product","link":"https:\/\/wimar.net\/de\/produkt\/pp-tasche-50x80cm-mit-kordelzug-weis\/","title":{"rendered":"PP-Sack 50x80cm mit Zuglasche wei\u00df"},"content":{"rendered":"<h3>PP-Gewebes\u00e4cke<\/h3>\n<p>Gewebte Polypropylens\u00e4cke mit Kordelzug sind extrem haltbare und funktionelle Verpackungen aus hochwertigem Kunststoffgewebe. Dank des praktischen Kordelzugsystems lassen sie sich schnell und bequem verschlie\u00dfen, erh\u00f6hen die Lagersicherheit und erleichtern den Transport von Sch\u00fcttgut und anderen Produkten.<\/p>\n<h3><strong>Wesentliche Merkmale:<\/strong><\/h3>\n<ul>\n<li><strong>Robustheit<\/strong> - Die gewebte Struktur des Polypropylens bietet eine hohe Widerstandsf\u00e4higkeit gegen mechanische Besch\u00e4digungen und Belastungen.<\/li>\n<li><strong>Feuchtigkeitsbest\u00e4ndigkeit<\/strong> - Das Material nimmt kein Wasser auf, so dass die Taschen auch bei rauen Wetterbedingungen verwendet werden k\u00f6nnen.<\/li>\n<li><strong>Anwerbung<\/strong> - Das integrierte Zugsystem erm\u00f6glicht ein schnelles und sicheres Verschlie\u00dfen des Beutels und minimiert das Risiko, dass der Inhalt versch\u00fcttet wird.<\/li>\n<li><strong>Vielseitigkeit<\/strong> - Perfekt f\u00fcr die Lagerung und den Transport von Sch\u00fcttgut, Baumaterialien, Brennstoffen und Abf\u00e4llen.<\/li>\n<li><strong>Luftdurchl\u00e4ssigkeit<\/strong> - Die Struktur des Beutels l\u00e4sst die Luft zirkulieren, was bei der Lagerung bestimmter Rohstoffe wichtig ist.<\/li>\n<li><strong>Gr\u00f6\u00dfe<\/strong> - 50\u00d780 cm<\/li>\n<li><strong>Kapazit\u00e4t<\/strong> - etwa 25 kg<\/li>\n<\/ul>\n<h3><strong>Warum Polypropylen-Kordelzugbeutel?<\/strong><\/h3>\n<p>Die gewebten Polypropylenbeutel mit Kordelzug sind eine moderne und wirtschaftliche L\u00f6sung, die Haltbarkeit, Funktionalit\u00e4t und Bequemlichkeit vereint. Ihre Witterungsbest\u00e4ndigkeit, Wiederverwendbarkeit und ihr praktisches Verschlusssystem machen sie in vielen Branchen unverzichtbar.<\/p>","protected":false},"excerpt":{"rendered":"<p>Worki tkane PP Worki polipropylenowe tkane z zaci\u0105giem to wyj\u0105tkowo wytrzyma\u0142e i funkcjonalne opakowania, wykonane z wysokiej jako\u015bci syntetycznej tkaniny. Dzi\u0119ki zastosowaniu praktycznego systemu zaci\u0105gu, zapewniaj\u0105 szybkie i wygodne zamkni\u0119cie, co zwi\u0119ksza bezpiecze\u0144stwo przechowywania oraz u\u0142atwia transport materia\u0142\u00f3w sypkich i innych produkt\u00f3w. Najwa\u017cniejsze cechy: Wytrzyma\u0142o\u015b\u0107 \u2013 Tkana struktura polipropylenu zapewnia du\u017c\u0105 odporno\u015b\u0107 na uszkodzenia mechaniczne [&hellip;]<\/p>","protected":false},"featured_media":3634,"template":"","meta":{"site-sidebar-layout":"default","site-content-layout":"","ast-site-content-layout":"default","site-content-style":"default","site-sidebar-style":"default","ast-global-header-display":"","ast-banner-title-visibility":"","ast-main-header-display":"","ast-hfb-above-header-display":"","ast-hfb-below-header-display":"","ast-hfb-mobile-header-display":"","site-post-title":"","ast-breadcrumbs-content":"","ast-featured-img":"","footer-sml-layout":"","theme-transparent-header-meta":"default","adv-header-id-meta":"","stick-header-meta":"default","header-above-stick-meta":"","header-main-stick-meta":"","header-below-stick-meta":"","astra-migrate-meta-layouts":"set","ast-page-background-enabled":"default","ast-page-background-meta":{"desktop":{"background-color":"var(--ast-global-color-4)","background-image":"","background-repeat":"repeat","background-position":"center center","background-size":"auto","background-attachment":"scroll","background-type":"","background-media":"","overlay-type":"","overlay-color":"","overlay-opacity":"","overlay-gradient":""},"tablet":{"background-color":"","background-image":"","background-repeat":"repeat","background-position":"center center","background-size":"auto","background-attachment":"scroll","background-type":"","background-media":"","overlay-type":"","overlay-color":"","overlay-opacity":"","overlay-gradient":""},"mobile":{"background-color":"","background-image":"","background-repeat":"repeat","background-position":"center center","background-size":"auto","background-attachment":"scroll","background-type":"","background-media":"","overlay-type":"","overlay-color":"","overlay-opacity":"","overlay-gradient":""}},"ast-content-background-meta":{"desktop":{"background-color":"var(--ast-global-color-5)","background-image":"","background-repeat":"repeat","background-position":"center center","background-size":"auto","background-attachment":"scroll","background-type":"","background-media":"","overlay-type":"","overlay-color":"","overlay-opacity":"","overlay-gradient":""},"tablet":{"background-color":"var(--ast-global-color-5)","background-image":"","background-repeat":"repeat","background-position":"center center","background-size":"auto","background-attachment":"scroll","background-type":"","background-media":"","overlay-type":"","overlay-color":"","overlay-opacity":"","overlay-gradient":""},"mobile":{"background-color":"var(--ast-global-color-5)","background-image":"","background-repeat":"repeat","background-position":"center center","background-size":"auto","background-attachment":"scroll","background-type":"","background-media":"","overlay-type":"","overlay-color":"","overlay-opacity":"","overlay-gradient":""}}},"product_brand":[],"product_cat":[147,138],"product_tag":[],"class_list":{"0":"post-3631","1":"product","2":"type-product","3":"status-publish","4":"has-post-thumbnail","6":"product_cat-worki-na-piasek-przeciwpowodziowe","7":"product_cat-50x80-cm-worki-z-zaciagiem","8":"desktop-align-left","9":"tablet-align-left","10":"mobile-align-left","11":"ast-product-gallery-layout-horizontal","12":"ast-product-tabs-layout-horizontal","14":"first","15":"instock","16":"shipping-taxable","17":"product-type-simple"},"_links":{"self":[{"href":"https:\/\/wimar.net\/de\/wp-json\/wp\/v2\/product\/3631","targetHints":{"allow":["GET"]}}],"collection":[{"href":"https:\/\/wimar.net\/de\/wp-json\/wp\/v2\/product"}],"about":[{"href":"https:\/\/wimar.net\/de\/wp-json\/wp\/v2\/types\/product"}],"version-history":[{"count":3,"href":"https:\/\/wimar.net\/de\/wp-json\/wp\/v2\/product\/3631\/revisions"}],"predecessor-version":[{"id":7449,"href":"https:\/\/wimar.net\/de\/wp-json\/wp\/v2\/product\/3631\/revisions\/7449"}],"wp:featuredmedia":[{"embeddable":true,"href":"https:\/\/wimar.net\/de\/wp-json\/wp\/v2\/media\/3634"}],"wp:attachment":[{"href":"https:\/\/wimar.net\/de\/wp-json\/wp\/v2\/media?parent=3631"}],"wp:term":[{"taxonomy":"product_brand","embeddable":true,"href":"https:\/\/wimar.net\/de\/wp-json\/wp\/v2\/product_brand?post=3631"},{"taxonomy":"product_cat","embeddable":true,"href":"https:\/\/wimar.net\/de\/wp-json\/wp\/v2\/product_cat?post=3631"},{"taxonomy":"product_tag","embeddable":true,"href":"https:\/\/wimar.net\/de\/wp-json\/wp\/v2\/product_tag?post=3631"}],"curies":[{"name":"wp","href":"https:\/\/api.w.org\/{rel}","templated":true}]}}