{"id":3667,"date":"2025-02-07T09:26:15","date_gmt":"2025-02-07T08:26:15","guid":{"rendered":"https:\/\/wimar.net\/?post_type=product&#038;p=3667"},"modified":"2025-03-18T15:00:32","modified_gmt":"2025-03-18T14:00:32","slug":"gewebesack-pp-65x105cm-voll-blau-80g","status":"publish","type":"product","link":"https:\/\/wimar.net\/de\/produkt\/gewebesack-pp-65x105cm-voll-blau-80g\/","title":{"rendered":"PP-Gewebesack 65x105cm einfarbig blau 80g"},"content":{"rendered":"<h3>PP-Gewebes\u00e4cke<\/h3>\n<p>Gewebte Polypropylens\u00e4cke sind \u00e4u\u00dferst robuste Verpackungen aus hochwertigem Kunststoffgewebe. Dank ihrer Struktur bieten sie eine hohe Belastbarkeit und Rei\u00dffestigkeit und sind daher ideal f\u00fcr den Transport und die Lagerung verschiedener Materialien.<\/p>\n<h4><strong>Wesentliche Merkmale:<\/strong><\/h4>\n<ul>\n<li><strong>Robustheit<\/strong> - Die gewebte Struktur des Polypropylens bietet eine hohe Widerstandsf\u00e4higkeit gegen mechanische Besch\u00e4digungen und Belastungen.<\/li>\n<li><strong>Feuchtigkeitsbest\u00e4ndigkeit<\/strong> - Das Material nimmt kein Wasser auf, so dass die Taschen auch bei rauen Wetterbedingungen ihre Eigenschaften behalten.<\/li>\n<li><strong>Vielseitigkeit<\/strong> - Perfekt f\u00fcr die Lagerung und den Transport von Sch\u00fcttgut, Baumaterialien, Brennstoffen und Abf\u00e4llen.<\/li>\n<li><strong>Luftdurchl\u00e4ssigkeit<\/strong> - Dank ihrer Struktur erm\u00f6glichen die S\u00e4cke eine Luftzirkulation, was f\u00fcr die Lagerung bestimmter Materialien wichtig ist.<\/li>\n<li><strong>Gr\u00f6\u00dfe <\/strong>- 65\u00d7105 cm<\/li>\n<\/ul>\n<h4><strong>Anwendung:<\/strong><\/h4>\n<ul>\n<li><strong>Lagerung und Transport von Sch\u00fcttgut<\/strong> - Hervorragend geeignet f\u00fcr Sand, Kies, Getreide, Futter- und D\u00fcngemittel.<\/li>\n<li><strong>Lagerung von Kraftstoff<\/strong> - Kohle, Briketts, Pellets, Brennholz.<\/li>\n<li><strong>Landwirtschaft und Gartenbau<\/strong> - Pflanzenschutz, Pflanzenlagerung, Boden- und D\u00fcngerlagerung.<\/li>\n<li><strong>Industrie und Bauwesen<\/strong> - Transport und Lagerung von Schutt, Sand, Steinen und Industrieabf\u00e4llen.<\/li>\n<li><strong>Schutztaschen<\/strong> - Sie dienen dem Schutz von Gebieten vor \u00dcberschwemmungen und Bodenerosion.<\/li>\n<\/ul>\n<p><strong>Warum sollten Sie sich f\u00fcr Polypropylenbeutel entscheiden?<\/strong><br \/>\nGewebte Polypropylens\u00e4cke sind eine moderne und kosteng\u00fcnstige L\u00f6sung, die Langlebigkeit, Funktionalit\u00e4t und sichere Lagerung bietet. Ihre Witterungsbest\u00e4ndigkeit und Wiederverwendbarkeit machen sie in vielen Branchen unverzichtbar.<\/p>","protected":false},"excerpt":{"rendered":"<p>Worki tkane PP Worki polipropylenowe tkane to wyj\u0105tkowo wytrzyma\u0142e opakowania wykonane z wysokiej jako\u015bci syntetycznej tkaniny. Dzi\u0119ki swojej strukturze zapewniaj\u0105 du\u017c\u0105 no\u015bno\u015b\u0107 i odporno\u015b\u0107 na rozdarcia, co czyni je idealnym rozwi\u0105zaniem do transportu i przechowywania r\u00f3\u017cnych materia\u0142\u00f3w. Najwa\u017cniejsze cechy: Wytrzyma\u0142o\u015b\u0107 \u2013 Tkana struktura polipropylenu zapewnia du\u017c\u0105 odporno\u015b\u0107 na uszkodzenia mechaniczne i obci\u0105\u017cenia. Odporno\u015b\u0107 na wilgo\u0107 [&hellip;]<\/p>","protected":false},"featured_media":3594,"template":"","meta":{"site-sidebar-layout":"default","site-content-layout":"","ast-site-content-layout":"default","site-content-style":"default","site-sidebar-style":"default","ast-global-header-display":"","ast-banner-title-visibility":"","ast-main-header-display":"","ast-hfb-above-header-display":"","ast-hfb-below-header-display":"","ast-hfb-mobile-header-display":"","site-post-title":"","ast-breadcrumbs-content":"","ast-featured-img":"","footer-sml-layout":"","theme-transparent-header-meta":"default","adv-header-id-meta":"","stick-header-meta":"default","header-above-stick-meta":"","header-main-stick-meta":"","header-below-stick-meta":"","astra-migrate-meta-layouts":"set","ast-page-background-enabled":"default","ast-page-background-meta":{"desktop":{"background-color":"var(--ast-global-color-4)","background-image":"","background-repeat":"repeat","background-position":"center center","background-size":"auto","background-attachment":"scroll","background-type":"","background-media":"","overlay-type":"","overlay-color":"","overlay-opacity":"","overlay-gradient":""},"tablet":{"background-color":"","background-image":"","background-repeat":"repeat","background-position":"center center","background-size":"auto","background-attachment":"scroll","background-type":"","background-media":"","overlay-type":"","overlay-color":"","overlay-opacity":"","overlay-gradient":""},"mobile":{"background-color":"","background-image":"","background-repeat":"repeat","background-position":"center center","background-size":"auto","background-attachment":"scroll","background-type":"","background-media":"","overlay-type":"","overlay-color":"","overlay-opacity":"","overlay-gradient":""}},"ast-content-background-meta":{"desktop":{"background-color":"var(--ast-global-color-5)","background-image":"","background-repeat":"repeat","background-position":"center center","background-size":"auto","background-attachment":"scroll","background-type":"","background-media":"","overlay-type":"","overlay-color":"","overlay-opacity":"","overlay-gradient":""},"tablet":{"background-color":"var(--ast-global-color-5)","background-image":"","background-repeat":"repeat","background-position":"center center","background-size":"auto","background-attachment":"scroll","background-type":"","background-media":"","overlay-type":"","overlay-color":"","overlay-opacity":"","overlay-gradient":""},"mobile":{"background-color":"var(--ast-global-color-5)","background-image":"","background-repeat":"repeat","background-position":"center center","background-size":"auto","background-attachment":"scroll","background-type":"","background-media":"","overlay-type":"","overlay-color":"","overlay-opacity":"","overlay-gradient":""}}},"product_brand":[],"product_cat":[128],"product_tag":[],"class_list":{"0":"post-3667","1":"product","2":"type-product","3":"status-publish","4":"has-post-thumbnail","6":"product_cat-65x105-cm-80-g","7":"desktop-align-left","8":"tablet-align-left","9":"mobile-align-left","10":"ast-product-gallery-layout-horizontal","11":"ast-product-tabs-layout-horizontal","13":"first","14":"instock","15":"shipping-taxable","16":"product-type-simple"},"_links":{"self":[{"href":"https:\/\/wimar.net\/de\/wp-json\/wp\/v2\/product\/3667","targetHints":{"allow":["GET"]}}],"collection":[{"href":"https:\/\/wimar.net\/de\/wp-json\/wp\/v2\/product"}],"about":[{"href":"https:\/\/wimar.net\/de\/wp-json\/wp\/v2\/types\/product"}],"version-history":[{"count":2,"href":"https:\/\/wimar.net\/de\/wp-json\/wp\/v2\/product\/3667\/revisions"}],"predecessor-version":[{"id":5783,"href":"https:\/\/wimar.net\/de\/wp-json\/wp\/v2\/product\/3667\/revisions\/5783"}],"wp:featuredmedia":[{"embeddable":true,"href":"https:\/\/wimar.net\/de\/wp-json\/wp\/v2\/media\/3594"}],"wp:attachment":[{"href":"https:\/\/wimar.net\/de\/wp-json\/wp\/v2\/media?parent=3667"}],"wp:term":[{"taxonomy":"product_brand","embeddable":true,"href":"https:\/\/wimar.net\/de\/wp-json\/wp\/v2\/product_brand?post=3667"},{"taxonomy":"product_cat","embeddable":true,"href":"https:\/\/wimar.net\/de\/wp-json\/wp\/v2\/product_cat?post=3667"},{"taxonomy":"product_tag","embeddable":true,"href":"https:\/\/wimar.net\/de\/wp-json\/wp\/v2\/product_tag?post=3667"}],"curies":[{"name":"wp","href":"https:\/\/api.w.org\/{rel}","templated":true}]}}