{"id":3839,"date":"2025-02-07T14:32:02","date_gmt":"2025-02-07T13:32:02","guid":{"rendered":"https:\/\/wimar.net\/?post_type=product&#038;p=3839"},"modified":"2025-03-24T12:43:09","modified_gmt":"2025-03-24T11:43:09","slug":"50x80cm-raschelsack-25-30kg-mit-kordelzug-hellgrun","status":"publish","type":"product","link":"https:\/\/wimar.net\/de\/produkt\/50x80cm-raschelsack-25-30kg-mit-kordelzug-hellgrun\/","title":{"rendered":"50x80cm Raschelsack 25-30kg mit Kordelzug hellgr\u00fcn"},"content":{"rendered":"<p><strong>S\u00e4cke mit Kordelzug - ideal f\u00fcr die Lagerung von Gem\u00fcse<\/strong><\/p>\n<p>Raschels\u00e4cke sind leichte, stabile und luftige Verpackungen, die sich ideal f\u00fcr die Lagerung und den Transport von Gem\u00fcse eignen. Dank ihrer Netzstruktur sorgen sie f\u00fcr eine freie Luftzirkulation, was dazu beitr\u00e4gt, dass das Gem\u00fcse l\u00e4nger frisch bleibt. Sie sind mit einem praktischen Clip ausgestattet, der ein schnelles und bequemes Verschlie\u00dfen des Beutels ohne zus\u00e4tzliches Binden erm\u00f6glicht.<\/p>\n<h3><strong>Wesentliche Merkmale:<\/strong><\/h3>\n<ul>\n<li><strong>Bel\u00fcftung<\/strong> - l\u00e4sst die Luft zirkulieren, verhindert die Ansammlung von Feuchtigkeit und verl\u00e4ngert die Haltbarkeit der gelagerten Produkte.<\/li>\n<li><strong>Nachhaltigkeit<\/strong> - aus strapazierf\u00e4higem Material, resistent gegen Dehnung und mechanische Besch\u00e4digung.<\/li>\n<li><strong>Praktikabilit\u00e4t<\/strong> - Dank der eingebauten Zugvorrichtung l\u00e4sst sich der Inhalt der Tasche leicht sichern.<\/li>\n<li><strong>Vielseitigkeit<\/strong> - ideal f\u00fcr Kartoffeln, Zwiebeln, Karotten, Kohl und andere landwirtschaftliche Produkte.<\/li>\n<li><strong>Kapazit\u00e4t<\/strong> - 25-30 kg<\/li>\n<li><strong>Gr\u00f6\u00dfe<\/strong> - 50\u00d780 cm<\/li>\n<li><strong>Erh\u00e4ltlich in den Farben<\/strong> - wei\u00df, bordeauxrot, dunkelorange, rot, lila, hellgr\u00fcn, orange, gr\u00fcn, gelb.<\/li>\n<\/ul>\n<p>Raschels\u00e4cke mit Kordelzug sind eine bequeme, wirtschaftliche und funktionelle L\u00f6sung f\u00fcr Haushalte sowie f\u00fcr landwirtschaftliche oder gewerbliche Betriebe.<\/p>","protected":false},"excerpt":{"rendered":"<p>Worki raszlowe z zaci\u0105giem \u2013 idealne do przechowywania warzyw Worki raszlowe to lekkie, wytrzyma\u0142e i przewiewne opakowania, kt\u00f3re doskonale sprawdzaj\u0105 si\u0119 w przechowywaniu i transporcie warzyw. Dzi\u0119ki strukturze siatki zapewniaj\u0105 swobodny przep\u0142yw powietrza, co pomaga utrzyma\u0107 \u015bwie\u017co\u015b\u0107 produkt\u00f3w przez d\u0142u\u017cszy czas. Wyposa\u017cone w praktyczny zaci\u0105g, u\u0142atwiaj\u0105 szybkie i wygodne zamykanie worka bez konieczno\u015bci u\u017cywania dodatkowych [&hellip;]<\/p>","protected":false},"featured_media":3841,"template":"","meta":{"site-sidebar-layout":"default","site-content-layout":"","ast-site-content-layout":"default","site-content-style":"default","site-sidebar-style":"default","ast-global-header-display":"","ast-banner-title-visibility":"","ast-main-header-display":"","ast-hfb-above-header-display":"","ast-hfb-below-header-display":"","ast-hfb-mobile-header-display":"","site-post-title":"","ast-breadcrumbs-content":"","ast-featured-img":"","footer-sml-layout":"","theme-transparent-header-meta":"default","adv-header-id-meta":"","stick-header-meta":"default","header-above-stick-meta":"","header-main-stick-meta":"","header-below-stick-meta":"","astra-migrate-meta-layouts":"set","ast-page-background-enabled":"default","ast-page-background-meta":{"desktop":{"background-color":"var(--ast-global-color-4)","background-image":"","background-repeat":"repeat","background-position":"center center","background-size":"auto","background-attachment":"scroll","background-type":"","background-media":"","overlay-type":"","overlay-color":"","overlay-opacity":"","overlay-gradient":""},"tablet":{"background-color":"","background-image":"","background-repeat":"repeat","background-position":"center center","background-size":"auto","background-attachment":"scroll","background-type":"","background-media":"","overlay-type":"","overlay-color":"","overlay-opacity":"","overlay-gradient":""},"mobile":{"background-color":"","background-image":"","background-repeat":"repeat","background-position":"center center","background-size":"auto","background-attachment":"scroll","background-type":"","background-media":"","overlay-type":"","overlay-color":"","overlay-opacity":"","overlay-gradient":""}},"ast-content-background-meta":{"desktop":{"background-color":"var(--ast-global-color-5)","background-image":"","background-repeat":"repeat","background-position":"center center","background-size":"auto","background-attachment":"scroll","background-type":"","background-media":"","overlay-type":"","overlay-color":"","overlay-opacity":"","overlay-gradient":""},"tablet":{"background-color":"var(--ast-global-color-5)","background-image":"","background-repeat":"repeat","background-position":"center center","background-size":"auto","background-attachment":"scroll","background-type":"","background-media":"","overlay-type":"","overlay-color":"","overlay-opacity":"","overlay-gradient":""},"mobile":{"background-color":"var(--ast-global-color-5)","background-image":"","background-repeat":"repeat","background-position":"center center","background-size":"auto","background-attachment":"scroll","background-type":"","background-media":"","overlay-type":"","overlay-color":"","overlay-opacity":"","overlay-gradient":""}}},"product_brand":[],"product_cat":[100],"product_tag":[],"class_list":{"0":"post-3839","1":"product","2":"type-product","3":"status-publish","4":"has-post-thumbnail","6":"product_cat-50x80-cm","7":"desktop-align-left","8":"tablet-align-left","9":"mobile-align-left","10":"ast-product-gallery-layout-horizontal","11":"ast-product-tabs-layout-horizontal","13":"first","14":"instock","15":"shipping-taxable","16":"product-type-simple"},"_links":{"self":[{"href":"https:\/\/wimar.net\/de\/wp-json\/wp\/v2\/product\/3839","targetHints":{"allow":["GET"]}}],"collection":[{"href":"https:\/\/wimar.net\/de\/wp-json\/wp\/v2\/product"}],"about":[{"href":"https:\/\/wimar.net\/de\/wp-json\/wp\/v2\/types\/product"}],"version-history":[{"count":3,"href":"https:\/\/wimar.net\/de\/wp-json\/wp\/v2\/product\/3839\/revisions"}],"predecessor-version":[{"id":7441,"href":"https:\/\/wimar.net\/de\/wp-json\/wp\/v2\/product\/3839\/revisions\/7441"}],"wp:featuredmedia":[{"embeddable":true,"href":"https:\/\/wimar.net\/de\/wp-json\/wp\/v2\/media\/3841"}],"wp:attachment":[{"href":"https:\/\/wimar.net\/de\/wp-json\/wp\/v2\/media?parent=3839"}],"wp:term":[{"taxonomy":"product_brand","embeddable":true,"href":"https:\/\/wimar.net\/de\/wp-json\/wp\/v2\/product_brand?post=3839"},{"taxonomy":"product_cat","embeddable":true,"href":"https:\/\/wimar.net\/de\/wp-json\/wp\/v2\/product_cat?post=3839"},{"taxonomy":"product_tag","embeddable":true,"href":"https:\/\/wimar.net\/de\/wp-json\/wp\/v2\/product_tag?post=3839"}],"curies":[{"name":"wp","href":"https:\/\/api.w.org\/{rel}","templated":true}]}}