{"id":3901,"date":"2025-02-10T10:02:32","date_gmt":"2025-02-10T09:02:32","guid":{"rendered":"https:\/\/wimar.net\/?post_type=product&#038;p=3901"},"modified":"2025-06-18T11:48:07","modified_gmt":"2025-06-18T09:48:07","slug":"jute-tragetuch-natur-90x90cm-105g","status":"publish","type":"product","link":"https:\/\/wimar.net\/de\/produkt\/jute-tragetuch-natur-90x90cm-105g\/","title":{"rendered":"Juteschlinge (Tuch) natur 90x90cm 120g"},"content":{"rendered":"<h3><strong>Tragetuch aus Jute - nat\u00fcrlich und \u00f6kologisch<\/strong><\/h3>\n<p>Jutefolien sind ein vielseitiges Produkt, das aus einem starken, 100% nat\u00fcrlichen, biologisch abbaubaren Gewebe hergestellt wird, das die Luft frei flie\u00dfen l\u00e4sst. Dadurch ist es ideal f\u00fcr viele Anwendungen, aber sein Hauptzweck ist der Schutz der Wurzelballen von Pflanzen, die in G\u00e4rtnereien verkauft werden.<\/p>\n<h3><strong>Wesentliche Merkmale:<\/strong><\/h3>\n<ul>\n<li><strong>Nat\u00fcrlichkeit<\/strong> - Hergestellt aus biologisch abbaubarer und erneuerbarer Jute, die aus Pflanzenfasern gewonnen wird.<\/li>\n<li><strong>Eine \u00f6kologische L\u00f6sung<\/strong> - Wiederverwendbar, umweltfreundlich.<\/li>\n<li><strong>Luftdurchl\u00e4ssigkeit<\/strong> - Sie l\u00e4sst die Produkte atmen, was Feuchtigkeit verhindert.<\/li>\n<li><strong>Leichtigkeit und Flexibilit\u00e4t<\/strong> - Die Grammatur von 120 g\/m\u00b2 bietet eine gute Passform f\u00fcr eine Vielzahl von Anwendungen.<\/li>\n<li><strong>Vielseitigkeit<\/strong> - Es kann im Haus, im Garten, in der Landwirtschaft und zur Dekoration verwendet werden.<\/li>\n<li><strong>Gr\u00f6\u00dfe -<\/strong> 90\u00d790 cm<\/li>\n<\/ul>\n<h3><strong>Anwendung:<\/strong><\/h3>\n<ul>\n<li><strong>Verpackung und Schutz<\/strong> - Ideal zum Einwickeln empfindlicher Gegenst\u00e4nde und zum Schutz von Pflanzen.<\/li>\n<li><strong>Landwirtschaft und Gartenbau<\/strong> - Kann als Abdeckung f\u00fcr \u00fcberwinternde Pflanzen, zum Auskleiden von Erntek\u00f6rben oder zum Schutz des Wurzelballens von verpflanzten Pflanzen verwendet werden.<\/li>\n<\/ul>\n<p><strong>Jutetuch 90\u00d790 cm<\/strong> ist eine praktische, dauerhafte und umweltfreundliche L\u00f6sung f\u00fcr jeden Haushalt, Garten oder Laden.<\/p>","protected":false},"excerpt":{"rendered":"<p>Chusta jutowa \u2013 naturalna i ekologiczna P\u0142achta jutowa to wszechstronny produkt wykonany z mocnej, w 100% naturalnej biodegradowalnej tkaniny, kt\u00f3ra pozwala na swobodny przep\u0142yw powietrza. Dzi\u0119ki temu doskonale sprawdza si\u0119 w wielu zastosowaniach lecz jej g\u0142\u00f3wnym przeznaczeniem jest zabezpieczanie bry\u0142 korzeniowych ro\u015blin przeznaczonych do sprzeda\u017cy w szk\u00f3\u0142kach ro\u015blin. Najwa\u017cniejsze cechy: Naturalno\u015b\u0107 \u2013 Wykonana z biodegradowalnej [&hellip;]<\/p>","protected":false},"featured_media":3903,"template":"","meta":{"site-sidebar-layout":"default","site-content-layout":"","ast-site-content-layout":"default","site-content-style":"default","site-sidebar-style":"default","ast-global-header-display":"","ast-banner-title-visibility":"","ast-main-header-display":"","ast-hfb-above-header-display":"","ast-hfb-below-header-display":"","ast-hfb-mobile-header-display":"","site-post-title":"","ast-breadcrumbs-content":"","ast-featured-img":"","footer-sml-layout":"","theme-transparent-header-meta":"default","adv-header-id-meta":"","stick-header-meta":"default","header-above-stick-meta":"","header-main-stick-meta":"","header-below-stick-meta":"","astra-migrate-meta-layouts":"set","ast-page-background-enabled":"default","ast-page-background-meta":{"desktop":{"background-color":"var(--ast-global-color-4)","background-image":"","background-repeat":"repeat","background-position":"center center","background-size":"auto","background-attachment":"scroll","background-type":"","background-media":"","overlay-type":"","overlay-color":"","overlay-opacity":"","overlay-gradient":""},"tablet":{"background-color":"","background-image":"","background-repeat":"repeat","background-position":"center center","background-size":"auto","background-attachment":"scroll","background-type":"","background-media":"","overlay-type":"","overlay-color":"","overlay-opacity":"","overlay-gradient":""},"mobile":{"background-color":"","background-image":"","background-repeat":"repeat","background-position":"center center","background-size":"auto","background-attachment":"scroll","background-type":"","background-media":"","overlay-type":"","overlay-color":"","overlay-opacity":"","overlay-gradient":""}},"ast-content-background-meta":{"desktop":{"background-color":"var(--ast-global-color-5)","background-image":"","background-repeat":"repeat","background-position":"center center","background-size":"auto","background-attachment":"scroll","background-type":"","background-media":"","overlay-type":"","overlay-color":"","overlay-opacity":"","overlay-gradient":""},"tablet":{"background-color":"var(--ast-global-color-5)","background-image":"","background-repeat":"repeat","background-position":"center center","background-size":"auto","background-attachment":"scroll","background-type":"","background-media":"","overlay-type":"","overlay-color":"","overlay-opacity":"","overlay-gradient":""},"mobile":{"background-color":"var(--ast-global-color-5)","background-image":"","background-repeat":"repeat","background-position":"center center","background-size":"auto","background-attachment":"scroll","background-type":"","background-media":"","overlay-type":"","overlay-color":"","overlay-opacity":"","overlay-gradient":""}}},"product_brand":[],"product_cat":[241,200],"product_tag":[],"class_list":{"0":"post-3901","1":"product","2":"type-product","3":"status-publish","4":"has-post-thumbnail","6":"product_cat-tkaniny-jutowe","7":"product_cat-90x90cm","8":"desktop-align-left","9":"tablet-align-left","10":"mobile-align-left","11":"ast-product-gallery-layout-horizontal","12":"ast-product-tabs-layout-horizontal","14":"first","15":"instock","16":"shipping-taxable","17":"product-type-simple"},"_links":{"self":[{"href":"https:\/\/wimar.net\/de\/wp-json\/wp\/v2\/product\/3901","targetHints":{"allow":["GET"]}}],"collection":[{"href":"https:\/\/wimar.net\/de\/wp-json\/wp\/v2\/product"}],"about":[{"href":"https:\/\/wimar.net\/de\/wp-json\/wp\/v2\/types\/product"}],"version-history":[{"count":5,"href":"https:\/\/wimar.net\/de\/wp-json\/wp\/v2\/product\/3901\/revisions"}],"predecessor-version":[{"id":6795,"href":"https:\/\/wimar.net\/de\/wp-json\/wp\/v2\/product\/3901\/revisions\/6795"}],"wp:featuredmedia":[{"embeddable":true,"href":"https:\/\/wimar.net\/de\/wp-json\/wp\/v2\/media\/3903"}],"wp:attachment":[{"href":"https:\/\/wimar.net\/de\/wp-json\/wp\/v2\/media?parent=3901"}],"wp:term":[{"taxonomy":"product_brand","embeddable":true,"href":"https:\/\/wimar.net\/de\/wp-json\/wp\/v2\/product_brand?post=3901"},{"taxonomy":"product_cat","embeddable":true,"href":"https:\/\/wimar.net\/de\/wp-json\/wp\/v2\/product_cat?post=3901"},{"taxonomy":"product_tag","embeddable":true,"href":"https:\/\/wimar.net\/de\/wp-json\/wp\/v2\/product_tag?post=3901"}],"curies":[{"name":"wp","href":"https:\/\/api.w.org\/{rel}","templated":true}]}}