{"id":3920,"date":"2025-02-10T10:34:21","date_gmt":"2025-02-10T09:34:21","guid":{"rendered":"https:\/\/wimar.net\/?post_type=product&#038;p=3920"},"modified":"2025-03-21T14:24:44","modified_gmt":"2025-03-21T13:24:44","slug":"schulstoff-aus-jute-auf-rolle-natur-70x100cm-105g","status":"publish","type":"product","link":"https:\/\/wimar.net\/de\/produkt\/schulstoff-aus-jute-auf-rolle-natur-70x100cm-105g\/","title":{"rendered":"Kinderzimmer Jute (Jutegewebe) auf Rolle natur 70x100cm 105g"},"content":{"rendered":"<p><strong>Kinderzimmer Jute - nat\u00fcrlich und biologisch<\/strong><\/p>\n<p>Jutegewebe ist in 100% ein nat\u00fcrliches, biologisch abbaubares Material, das sehr luftdurchl\u00e4ssig und umweltfreundlich ist. Dank seiner Struktur ist es leicht, biologisch abbaubar und vielseitig einsetzbar.<\/p>\n<h3><strong>Wesentliche Merkmale:<\/strong><\/h3>\n<ul>\n<li><strong>Nat\u00fcrlichkeit<\/strong> - Hergestellt aus biologisch abbaubarer und erneuerbarer Jute, die aus Pflanzenfasern gewonnen wird.<\/li>\n<li><strong>Eine \u00f6kologische L\u00f6sung<\/strong> - Umweltfreundlich.<\/li>\n<li><strong>Luftdurchl\u00e4ssigkeit<\/strong> - Sie l\u00e4sst die Produkte atmen, was Feuchtigkeit verhindert.<\/li>\n<li><strong>Leichtigkeit und Flexibilit\u00e4t<\/strong> - Mit einer Grammatur von 105 g\/m\u00b2 l\u00e4sst es sich leicht f\u00fcr verschiedene Anwendungen einsetzen.<\/li>\n<li><strong>Vielseitigkeit<\/strong> - Es kann im Haus, im Garten, in der Landwirtschaft und zur Dekoration verwendet werden.<\/li>\n<li><strong>Gr\u00f6\u00dfe -<\/strong> 70\u00d7100 cm<\/li>\n<\/ul>\n<h3><strong>Anwendung:<\/strong><\/h3>\n<ul>\n<li><strong>Verpackung und Schutz<\/strong> - Ideal zum Einwickeln empfindlicher Gegenst\u00e4nde und zum Schutz von Pflanzen.<\/li>\n<li><strong>Dekoration<\/strong> - Hervorragend geeignet f\u00fcr rustikale Dekorationen, Ornamente auf M\u00e4rkten und in Biol\u00e4den.<\/li>\n<li><strong>Landwirtschaft und Gartenbau<\/strong> - Kann als Abdeckung f\u00fcr \u00fcberwinternde Pflanzen, zum Auskleiden von Erntek\u00f6rben oder zum Schutz des Wurzelballens von verpflanzten Pflanzen verwendet werden.<\/li>\n<\/ul>\n<p>Jutegewebe auf Rolle, Gr\u00f6\u00dfe 7<strong>0x100 cm<\/strong> und Gewicht <strong>105 g\/m\u00b2<\/strong> ist die ideale Wahl f\u00fcr alle, die ein leichtes, nat\u00fcrliches und \u00f6kologisches Material mit einer Vielzahl von Anwendungsm\u00f6glichkeiten suchen<\/p>","protected":false},"excerpt":{"rendered":"<p>Juta szk\u00f3\u0142karska \u2013 naturalna i ekologiczna Tkanina jutowa to w 100% naturalny biodegradowalny materia\u0142, kt\u00f3ry cechuje si\u0119 wysok\u0105 przepuszczalno\u015bci\u0105 powietrza i ekologicznym charakterem. Dzi\u0119ki swojej strukturze jest lekka, biodegradowalna i wszechstronna w zastosowaniu. Najwa\u017cniejsze cechy: Naturalno\u015b\u0107 \u2013 Wykonana z biodegradowalnej i odnawialnej juty, pochodz\u0105cej z w\u0142\u00f3kien ro\u015blinnych. Ekologiczne rozwi\u0105zanie \u2013 Przyjazna dla \u015brodowiska. Przepuszczalno\u015b\u0107 powietrza [&hellip;]<\/p>","protected":false},"featured_media":3913,"template":"","meta":{"site-sidebar-layout":"default","site-content-layout":"","ast-site-content-layout":"default","site-content-style":"default","site-sidebar-style":"default","ast-global-header-display":"","ast-banner-title-visibility":"","ast-main-header-display":"","ast-hfb-above-header-display":"","ast-hfb-below-header-display":"","ast-hfb-mobile-header-display":"","site-post-title":"","ast-breadcrumbs-content":"","ast-featured-img":"","footer-sml-layout":"","theme-transparent-header-meta":"default","adv-header-id-meta":"","stick-header-meta":"default","header-above-stick-meta":"","header-main-stick-meta":"","header-below-stick-meta":"","astra-migrate-meta-layouts":"set","ast-page-background-enabled":"default","ast-page-background-meta":{"desktop":{"background-color":"var(--ast-global-color-4)","background-image":"","background-repeat":"repeat","background-position":"center center","background-size":"auto","background-attachment":"scroll","background-type":"","background-media":"","overlay-type":"","overlay-color":"","overlay-opacity":"","overlay-gradient":""},"tablet":{"background-color":"","background-image":"","background-repeat":"repeat","background-position":"center center","background-size":"auto","background-attachment":"scroll","background-type":"","background-media":"","overlay-type":"","overlay-color":"","overlay-opacity":"","overlay-gradient":""},"mobile":{"background-color":"","background-image":"","background-repeat":"repeat","background-position":"center center","background-size":"auto","background-attachment":"scroll","background-type":"","background-media":"","overlay-type":"","overlay-color":"","overlay-opacity":"","overlay-gradient":""}},"ast-content-background-meta":{"desktop":{"background-color":"var(--ast-global-color-5)","background-image":"","background-repeat":"repeat","background-position":"center center","background-size":"auto","background-attachment":"scroll","background-type":"","background-media":"","overlay-type":"","overlay-color":"","overlay-opacity":"","overlay-gradient":""},"tablet":{"background-color":"var(--ast-global-color-5)","background-image":"","background-repeat":"repeat","background-position":"center center","background-size":"auto","background-attachment":"scroll","background-type":"","background-media":"","overlay-type":"","overlay-color":"","overlay-opacity":"","overlay-gradient":""},"mobile":{"background-color":"var(--ast-global-color-5)","background-image":"","background-repeat":"repeat","background-position":"center center","background-size":"auto","background-attachment":"scroll","background-type":"","background-media":"","overlay-type":"","overlay-color":"","overlay-opacity":"","overlay-gradient":""}}},"product_brand":[],"product_cat":[241,204],"product_tag":[],"class_list":{"0":"post-3920","1":"product","2":"type-product","3":"status-publish","4":"has-post-thumbnail","6":"product_cat-tkaniny-jutowe","7":"product_cat-70x100m","8":"desktop-align-left","9":"tablet-align-left","10":"mobile-align-left","11":"ast-product-gallery-layout-horizontal","12":"ast-product-tabs-layout-horizontal","14":"first","15":"instock","16":"shipping-taxable","17":"product-type-simple"},"_links":{"self":[{"href":"https:\/\/wimar.net\/de\/wp-json\/wp\/v2\/product\/3920","targetHints":{"allow":["GET"]}}],"collection":[{"href":"https:\/\/wimar.net\/de\/wp-json\/wp\/v2\/product"}],"about":[{"href":"https:\/\/wimar.net\/de\/wp-json\/wp\/v2\/types\/product"}],"version-history":[{"count":3,"href":"https:\/\/wimar.net\/de\/wp-json\/wp\/v2\/product\/3920\/revisions"}],"predecessor-version":[{"id":7438,"href":"https:\/\/wimar.net\/de\/wp-json\/wp\/v2\/product\/3920\/revisions\/7438"}],"wp:featuredmedia":[{"embeddable":true,"href":"https:\/\/wimar.net\/de\/wp-json\/wp\/v2\/media\/3913"}],"wp:attachment":[{"href":"https:\/\/wimar.net\/de\/wp-json\/wp\/v2\/media?parent=3920"}],"wp:term":[{"taxonomy":"product_brand","embeddable":true,"href":"https:\/\/wimar.net\/de\/wp-json\/wp\/v2\/product_brand?post=3920"},{"taxonomy":"product_cat","embeddable":true,"href":"https:\/\/wimar.net\/de\/wp-json\/wp\/v2\/product_cat?post=3920"},{"taxonomy":"product_tag","embeddable":true,"href":"https:\/\/wimar.net\/de\/wp-json\/wp\/v2\/product_tag?post=3920"}],"curies":[{"name":"wp","href":"https:\/\/api.w.org\/{rel}","templated":true}]}}