{"id":4128,"date":"2025-02-11T10:32:10","date_gmt":"2025-02-11T09:32:10","guid":{"rendered":"https:\/\/wimar.net\/?post_type=product&#038;p=4128"},"modified":"2025-02-11T13:21:34","modified_gmt":"2025-02-11T12:21:34","slug":"agrotkanina-mulchbundel-11x10m-schwarz-grun-gestreift-70g","status":"publish","type":"product","link":"https:\/\/wimar.net\/de\/produkt\/agrotkanina-mulchbundel-11x10m-schwarz-grun-gestreift-70g\/","title":{"rendered":"Agro-Mulchgewebe B\u00fcndel 1,1x10m schwarz, gr\u00fcn gestreift 70g"},"content":{"rendered":"<p data-start=\"0\" data-end=\"68\"><strong data-start=\"0\" data-end=\"66\">Agrotextil-Mulchgewebe in gr\u00fcnen Streifen alle 20 cm - dauerhafter Schutz und Unterst\u00fctzung f\u00fcr Pflanzen<\/strong><\/p>\n<p data-start=\"70\" data-end=\"406\">Agrotextile-Mulchgewebe ist ein langlebiges Material, das im Gartenbau und in der Landwirtschaft eingesetzt wird und das Unkrautwachstum wirksam reduziert, die Bodenbedingungen verbessert und das Pflanzenwachstum f\u00f6rdert. Es wird aus hochwertigem Polypropylen hergestellt und bietet eine optimale Luft- und Wasserdurchl\u00e4ssigkeit, w\u00e4hrend es den Boden vor \u00fcberm\u00e4\u00dfigem Austrocknen sch\u00fctzt.<\/p>\n<h3 data-start=\"408\" data-end=\"438\"><strong data-start=\"412\" data-end=\"436\">Wesentliche Merkmale:<\/strong><\/h3>\n<ul>\n<li data-start=\"440\" data-end=\"1121\"><strong data-start=\"442\" data-end=\"454\">Nachhaltigkeit<\/strong> - Hergestellt aus UV-best\u00e4ndigem Polypropylen, um eine lange Lebensdauer und Wirksamkeit f\u00fcr viele Jahreszeiten zu gew\u00e4hrleisten.<\/li>\n<li data-start=\"440\" data-end=\"1121\"><strong data-start=\"581\" data-end=\"608\">Schutz gegen Unkraut<\/strong> - Schafft eine Barriere f\u00fcr Unkr\u00e4uter und reduziert deren Wachstum ohne den Einsatz von Chemikalien.<\/li>\n<li data-start=\"440\" data-end=\"1121\"><strong data-start=\"717\" data-end=\"754\">Wasser- und Luftdurchl\u00e4ssigkeit<\/strong> - So kann das Wasser ungehindert zu den Wurzeln der Pflanzen flie\u00dfen, was F\u00e4ulnis verhindert und eine ausreichende Bodenfeuchtigkeit gew\u00e4hrleistet.<\/li>\n<li data-start=\"440\" data-end=\"1121\"><strong data-start=\"884\" data-end=\"918\">Stabilisierung der Bodentemperatur<\/strong> - Es reduziert die Bodenerw\u00e4rmung im Sommer und h\u00e4lt den Boden in den k\u00e4lteren Monaten warm.<\/li>\n<li data-start=\"440\" data-end=\"1121\"><strong data-start=\"1014\" data-end=\"1046\">Vielseitigkeit der Anwendung<\/strong> - Ideal f\u00fcr den Anbau von Gem\u00fcse, Obst, Zierpflanzen und im Gartenbau.<\/li>\n<li data-start=\"440\" data-end=\"1121\"><strong>Gr\u00f6\u00dfe<\/strong> - 1,1m x 10m<\/li>\n<li data-start=\"440\" data-end=\"1121\"><strong>Grammatur<\/strong> - 70g\/m2<\/li>\n<\/ul>\n<h3 data-start=\"1123\" data-end=\"1146\"><strong data-start=\"1127\" data-end=\"1144\">Anwendung:<\/strong><\/h3>\n<ul>\n<li data-start=\"1148\" data-end=\"1638\"><strong data-start=\"1151\" data-end=\"1179\">Anzucht von Gartenpflanzen<\/strong> - Ideal f\u00fcr Erdbeeren, Himbeeren, Heidelbeeren und Gem\u00fcse wie Tomaten und Gurken.<\/li>\n<li data-start=\"1148\" data-end=\"1638\"><strong data-start=\"1272\" data-end=\"1302\">Obstplantagen und Baumschulen<\/strong> - Sch\u00fctzt junge Obstb\u00e4ume und Str\u00e4ucher vor Unkraut und verbessert ihr Wachstum.<\/li>\n<li data-start=\"1148\" data-end=\"1638\"><strong data-start=\"1389\" data-end=\"1425\">Schutz von Gr\u00fcnfl\u00e4chen<\/strong> - Ideal f\u00fcr den Einsatz in G\u00e4rten, Parks, an H\u00e4ngen und unter Rinde und dekorativen Steinen.<\/li>\n<li data-start=\"1148\" data-end=\"1638\"><strong data-start=\"1530\" data-end=\"1566\">Mulchen unter Blumenbeeten und Alleen<\/strong> - Es sorgt f\u00fcr ein \u00e4sthetisch ansprechendes Erscheinungsbild und verringert die Notwendigkeit des h\u00e4ufigen J\u00e4tens.<\/li>\n<\/ul>\n<h3 data-start=\"1640\" data-end=\"1696\"><strong data-start=\"1644\" data-end=\"1694\">Warum sollten Sie sich f\u00fcr Mulch-Agrotextilien entscheiden?<\/strong><\/h3>\n<p data-start=\"1698\" data-end=\"1981\">Agrotextil ist eine \u00f6kologische und wirtschaftliche L\u00f6sung, die die Anbaubedingungen verbessert, ohne dass Herbizide eingesetzt werden m\u00fcssen. Seine Langlebigkeit, Witterungsbest\u00e4ndigkeit und sein breites Anwendungsspektrum machen es zu einer unsch\u00e4tzbaren Unterst\u00fctzung f\u00fcr Landwirte und G\u00e4rtner.<\/p>","protected":false},"excerpt":{"rendered":"<p>Agrotkanina \u015bci\u00f3\u0142kuj\u0105ca w zielone pasy co 20cm \u2013 trwa\u0142a ochrona i wsparcie dla ro\u015blin Agrotkanina \u015bci\u00f3\u0142kuj\u0105ca to wytrzyma\u0142y materia\u0142 stosowany w ogrodnictwie i rolnictwie, kt\u00f3ry skutecznie ogranicza wzrost chwast\u00f3w, poprawia warunki glebowe i wspiera rozw\u00f3j ro\u015blin. Wykonana z wysokiej jako\u015bci polipropylenu, zapewnia optymaln\u0105 przepuszczalno\u015b\u0107 powietrza i wody, jednocze\u015bnie chroni\u0105c gleb\u0119 przed nadmiernym wysychaniem. Najwa\u017cniejsze cechy: [&hellip;]<\/p>","protected":false},"featured_media":4129,"template":"","meta":{"site-sidebar-layout":"default","site-content-layout":"","ast-site-content-layout":"default","site-content-style":"default","site-sidebar-style":"default","ast-global-header-display":"","ast-banner-title-visibility":"","ast-main-header-display":"","ast-hfb-above-header-display":"","ast-hfb-below-header-display":"","ast-hfb-mobile-header-display":"","site-post-title":"","ast-breadcrumbs-content":"","ast-featured-img":"","footer-sml-layout":"","theme-transparent-header-meta":"default","adv-header-id-meta":"","stick-header-meta":"default","header-above-stick-meta":"","header-main-stick-meta":"","header-below-stick-meta":"","astra-migrate-meta-layouts":"set","ast-page-background-enabled":"default","ast-page-background-meta":{"desktop":{"background-color":"var(--ast-global-color-4)","background-image":"","background-repeat":"repeat","background-position":"center center","background-size":"auto","background-attachment":"scroll","background-type":"","background-media":"","overlay-type":"","overlay-color":"","overlay-opacity":"","overlay-gradient":""},"tablet":{"background-color":"","background-image":"","background-repeat":"repeat","background-position":"center center","background-size":"auto","background-attachment":"scroll","background-type":"","background-media":"","overlay-type":"","overlay-color":"","overlay-opacity":"","overlay-gradient":""},"mobile":{"background-color":"","background-image":"","background-repeat":"repeat","background-position":"center center","background-size":"auto","background-attachment":"scroll","background-type":"","background-media":"","overlay-type":"","overlay-color":"","overlay-opacity":"","overlay-gradient":""}},"ast-content-background-meta":{"desktop":{"background-color":"var(--ast-global-color-5)","background-image":"","background-repeat":"repeat","background-position":"center center","background-size":"auto","background-attachment":"scroll","background-type":"","background-media":"","overlay-type":"","overlay-color":"","overlay-opacity":"","overlay-gradient":""},"tablet":{"background-color":"var(--ast-global-color-5)","background-image":"","background-repeat":"repeat","background-position":"center center","background-size":"auto","background-attachment":"scroll","background-type":"","background-media":"","overlay-type":"","overlay-color":"","overlay-opacity":"","overlay-gradient":""},"mobile":{"background-color":"var(--ast-global-color-5)","background-image":"","background-repeat":"repeat","background-position":"center center","background-size":"auto","background-attachment":"scroll","background-type":"","background-media":"","overlay-type":"","overlay-color":"","overlay-opacity":"","overlay-gradient":""}}},"product_brand":[],"product_cat":[239],"product_tag":[],"class_list":{"0":"post-4128","1":"product","2":"type-product","3":"status-publish","4":"has-post-thumbnail","6":"product_cat-agrotkaniny-agrotekstylia","7":"desktop-align-left","8":"tablet-align-left","9":"mobile-align-left","10":"ast-product-gallery-layout-horizontal","11":"ast-product-tabs-layout-horizontal","13":"first","14":"instock","15":"shipping-taxable","16":"product-type-simple"},"_links":{"self":[{"href":"https:\/\/wimar.net\/de\/wp-json\/wp\/v2\/product\/4128","targetHints":{"allow":["GET"]}}],"collection":[{"href":"https:\/\/wimar.net\/de\/wp-json\/wp\/v2\/product"}],"about":[{"href":"https:\/\/wimar.net\/de\/wp-json\/wp\/v2\/types\/product"}],"version-history":[{"count":1,"href":"https:\/\/wimar.net\/de\/wp-json\/wp\/v2\/product\/4128\/revisions"}],"predecessor-version":[{"id":4133,"href":"https:\/\/wimar.net\/de\/wp-json\/wp\/v2\/product\/4128\/revisions\/4133"}],"wp:featuredmedia":[{"embeddable":true,"href":"https:\/\/wimar.net\/de\/wp-json\/wp\/v2\/media\/4129"}],"wp:attachment":[{"href":"https:\/\/wimar.net\/de\/wp-json\/wp\/v2\/media?parent=4128"}],"wp:term":[{"taxonomy":"product_brand","embeddable":true,"href":"https:\/\/wimar.net\/de\/wp-json\/wp\/v2\/product_brand?post=4128"},{"taxonomy":"product_cat","embeddable":true,"href":"https:\/\/wimar.net\/de\/wp-json\/wp\/v2\/product_cat?post=4128"},{"taxonomy":"product_tag","embeddable":true,"href":"https:\/\/wimar.net\/de\/wp-json\/wp\/v2\/product_tag?post=4128"}],"curies":[{"name":"wp","href":"https:\/\/api.w.org\/{rel}","templated":true}]}}