{"id":4151,"date":"2025-02-13T11:57:09","date_gmt":"2025-02-13T10:57:09","guid":{"rendered":"https:\/\/wimar.net\/?post_type=product&#038;p=4151"},"modified":"2025-02-13T13:13:05","modified_gmt":"2025-02-13T12:13:05","slug":"nahgarn-fur-manuelle-nahmaschinen-spule-200g","status":"publish","type":"product","link":"https:\/\/wimar.net\/de\/produkt\/nahgarn-fur-manuelle-nahmaschinen-spule-200g\/","title":{"rendered":"Handn\u00e4hmaschinengarn 200g Spule"},"content":{"rendered":"<p data-start=\"0\" data-end=\"59\"><strong data-start=\"0\" data-end=\"57\">F\u00e4den f\u00fcr handgef\u00fchrte N\u00e4hmaschinen - Langlebigkeit und Zuverl\u00e4ssigkeit<\/strong><\/p>\n<p data-start=\"61\" data-end=\"341\">Handn\u00e4hmaschinenf\u00e4den sind ein hochwertiges Produkt, das f\u00fcr das schnelle und effektive Verschlie\u00dfen von S\u00e4cken aus verschiedenen Materialien entwickelt wurde. Sie bestehen aus robusten Fasern und sorgen f\u00fcr starke und dauerhafte N\u00e4hte, die die Sicherheit der transportierten und gelagerten Produkte gew\u00e4hrleisten.<\/p>\n<h3 data-start=\"343\" data-end=\"373\"><strong data-start=\"347\" data-end=\"371\">Wesentliche Merkmale:<\/strong><\/h3>\n<ul>\n<li data-start=\"375\" data-end=\"921\"><strong data-start=\"377\" data-end=\"393\">Robustheit<\/strong> - Die F\u00e4den zeichnen sich durch eine hohe Rei\u00dffestigkeit aus, die einen festen Verschluss der Beutel gew\u00e4hrleistet.<\/li>\n<li data-start=\"375\" data-end=\"921\"><strong data-start=\"495\" data-end=\"530\">Widerstandsf\u00e4higkeit gegen\u00fcber \u00e4u\u00dferen Bedingungen<\/strong> - werden nicht leicht durch Feuchtigkeit, UV-Strahlung oder Temperaturen beeintr\u00e4chtigt.<\/li>\n<li data-start=\"375\" data-end=\"921\"><strong data-start=\"608\" data-end=\"625\">Vielseitigkeit<\/strong> - Geeignet zum N\u00e4hen von S\u00e4cken aus Jute, Papier, Polypropylen und Leinen.<\/li>\n<li><strong>Die F\u00e4den enthalten keine sch\u00e4dlichen Verbindungen<\/strong> - kann in der Lebensmittelindustrie verwendet werden<\/li>\n<li><strong>Starke Polyesterfasern<\/strong> mit zus\u00e4tzlicher Wachsbeschichtung<\/li>\n<li><strong>Spule<\/strong> - 200g<\/li>\n<\/ul>\n<h3 data-start=\"923\" data-end=\"946\"><strong data-start=\"927\" data-end=\"944\">Anwendung:<\/strong><\/h3>\n<ul>\n<li data-start=\"948\" data-end=\"1377\"><strong data-start=\"951\" data-end=\"993\">Verschlie\u00dfen von Beuteln mit Obst und Gem\u00fcse<\/strong> - ideal zum Verschlie\u00dfen von S\u00e4cken mit Kartoffeln, Zwiebeln, \u00c4pfeln oder Roter Bete.<\/li>\n<li data-start=\"948\" data-end=\"1377\"><strong data-start=\"1076\" data-end=\"1110\">Verpackung von Brennmaterial<\/strong> - Holz, Pellets, Kohle und andere Produkte.<\/li>\n<li data-start=\"948\" data-end=\"1377\"><strong data-start=\"1161\" data-end=\"1215\">Sicherung von Bau- und landwirtschaftlichen Materialien<\/strong> - effektives Verschlie\u00dfen von S\u00e4cken mit Futtermitteln, D\u00fcnger und Getreide.<\/li>\n<li data-start=\"948\" data-end=\"1377\"><strong data-start=\"1281\" data-end=\"1305\">Industrie und Logistik<\/strong> - Weit verbreitet in Lagern und bei der Bef\u00f6rderung von Sch\u00fcttgut.<\/li>\n<\/ul>\n<h3 data-start=\"1379\" data-end=\"1445\"><strong data-start=\"1383\" data-end=\"1443\">Warum sollten Sie unsere F\u00e4den f\u00fcr Handn\u00e4hmaschinen w\u00e4hlen?<\/strong><\/h3>\n<p data-start=\"1447\" data-end=\"1874\" data-is-last-node=\"\">Handn\u00e4hmaschinenf\u00e4den sind eine zuverl\u00e4ssige L\u00f6sung f\u00fcr die Landwirtschaft, die Lebensmittel- und die Transportindustrie. Ihre Langlebigkeit, ihre Widerstandsf\u00e4higkeit gegen Besch\u00e4digungen und ihr breites Anwendungsspektrum machen sie zu einem Schl\u00fcsselelement im Prozess der Verpackung und Sicherung von Produkten. Dank ihrer hochwertigen Materialien gew\u00e4hrleisten sie eine solide Abdichtung der S\u00e4cke, was sich in einer l\u00e4ngeren Nutzungsdauer und der Sicherheit der gelagerten Waren niederschl\u00e4gt.<\/p>","protected":false},"excerpt":{"rendered":"<p>Nici do zaszywarek r\u0119cznych \u2013 trwa\u0142o\u015b\u0107 i niezawodno\u015b\u0107 Nici do zaszywarek r\u0119cznych to wysokiej jako\u015bci produkt przeznaczony do szybkiego i skutecznego zamykania work\u00f3w z r\u00f3\u017cnymi materia\u0142ami. Wykonane z wytrzyma\u0142ych w\u0142\u00f3kien, zapewniaj\u0105 mocne i trwa\u0142e szwy, kt\u00f3re gwarantuj\u0105 bezpiecze\u0144stwo transportowanych i przechowywanych produkt\u00f3w. Najwa\u017cniejsze cechy: Wytrzyma\u0142o\u015b\u0107 \u2013 nici charakteryzuj\u0105 si\u0119 wysok\u0105 odporno\u015bci\u0105 na zrywanie, co zapewnia [&hellip;]<\/p>","protected":false},"featured_media":4157,"template":"","meta":{"site-sidebar-layout":"default","site-content-layout":"","ast-site-content-layout":"default","site-content-style":"default","site-sidebar-style":"default","ast-global-header-display":"","ast-banner-title-visibility":"","ast-main-header-display":"","ast-hfb-above-header-display":"","ast-hfb-below-header-display":"","ast-hfb-mobile-header-display":"","site-post-title":"","ast-breadcrumbs-content":"","ast-featured-img":"","footer-sml-layout":"","theme-transparent-header-meta":"default","adv-header-id-meta":"","stick-header-meta":"default","header-above-stick-meta":"","header-main-stick-meta":"","header-below-stick-meta":"","astra-migrate-meta-layouts":"set","ast-page-background-enabled":"default","ast-page-background-meta":{"desktop":{"background-color":"var(--ast-global-color-4)","background-image":"","background-repeat":"repeat","background-position":"center center","background-size":"auto","background-attachment":"scroll","background-type":"","background-media":"","overlay-type":"","overlay-color":"","overlay-opacity":"","overlay-gradient":""},"tablet":{"background-color":"","background-image":"","background-repeat":"repeat","background-position":"center center","background-size":"auto","background-attachment":"scroll","background-type":"","background-media":"","overlay-type":"","overlay-color":"","overlay-opacity":"","overlay-gradient":""},"mobile":{"background-color":"","background-image":"","background-repeat":"repeat","background-position":"center center","background-size":"auto","background-attachment":"scroll","background-type":"","background-media":"","overlay-type":"","overlay-color":"","overlay-opacity":"","overlay-gradient":""}},"ast-content-background-meta":{"desktop":{"background-color":"var(--ast-global-color-5)","background-image":"","background-repeat":"repeat","background-position":"center center","background-size":"auto","background-attachment":"scroll","background-type":"","background-media":"","overlay-type":"","overlay-color":"","overlay-opacity":"","overlay-gradient":""},"tablet":{"background-color":"var(--ast-global-color-5)","background-image":"","background-repeat":"repeat","background-position":"center center","background-size":"auto","background-attachment":"scroll","background-type":"","background-media":"","overlay-type":"","overlay-color":"","overlay-opacity":"","overlay-gradient":""},"mobile":{"background-color":"var(--ast-global-color-5)","background-image":"","background-repeat":"repeat","background-position":"center center","background-size":"auto","background-attachment":"scroll","background-type":"","background-media":"","overlay-type":"","overlay-color":"","overlay-opacity":"","overlay-gradient":""}}},"product_brand":[],"product_cat":[150],"product_tag":[],"class_list":{"0":"post-4151","1":"product","2":"type-product","3":"status-publish","4":"has-post-thumbnail","6":"product_cat-nici-do-zaszywania-workow","7":"desktop-align-left","8":"tablet-align-left","9":"mobile-align-left","10":"ast-product-gallery-layout-horizontal","11":"ast-product-tabs-layout-horizontal","13":"first","14":"instock","15":"shipping-taxable","16":"product-type-simple"},"_links":{"self":[{"href":"https:\/\/wimar.net\/de\/wp-json\/wp\/v2\/product\/4151","targetHints":{"allow":["GET"]}}],"collection":[{"href":"https:\/\/wimar.net\/de\/wp-json\/wp\/v2\/product"}],"about":[{"href":"https:\/\/wimar.net\/de\/wp-json\/wp\/v2\/types\/product"}],"version-history":[{"count":2,"href":"https:\/\/wimar.net\/de\/wp-json\/wp\/v2\/product\/4151\/revisions"}],"predecessor-version":[{"id":4166,"href":"https:\/\/wimar.net\/de\/wp-json\/wp\/v2\/product\/4151\/revisions\/4166"}],"wp:featuredmedia":[{"embeddable":true,"href":"https:\/\/wimar.net\/de\/wp-json\/wp\/v2\/media\/4157"}],"wp:attachment":[{"href":"https:\/\/wimar.net\/de\/wp-json\/wp\/v2\/media?parent=4151"}],"wp:term":[{"taxonomy":"product_brand","embeddable":true,"href":"https:\/\/wimar.net\/de\/wp-json\/wp\/v2\/product_brand?post=4151"},{"taxonomy":"product_cat","embeddable":true,"href":"https:\/\/wimar.net\/de\/wp-json\/wp\/v2\/product_cat?post=4151"},{"taxonomy":"product_tag","embeddable":true,"href":"https:\/\/wimar.net\/de\/wp-json\/wp\/v2\/product_tag?post=4151"}],"curies":[{"name":"wp","href":"https:\/\/api.w.org\/{rel}","templated":true}]}}