{"id":4173,"date":"2025-02-13T14:16:17","date_gmt":"2025-02-13T13:16:17","guid":{"rendered":"https:\/\/wimar.net\/?post_type=product&#038;p=4173"},"modified":"2025-02-13T14:16:52","modified_gmt":"2025-02-13T13:16:52","slug":"palettennetzsack-fur-brennholz-140x225cm-15m3","status":"publish","type":"product","link":"https:\/\/wimar.net\/de\/produkt\/palettennetzsack-fur-brennholz-140x225cm-15m3\/","title":{"rendered":"Palettennetzbeutel f\u00fcr Brennholz 140x225cm 1.5m^3"},"content":{"rendered":"<p data-start=\"0\" data-end=\"49\"><strong data-start=\"0\" data-end=\"47\">Palettennetzs\u00e4cke f\u00fcr Brennholz<\/strong><\/p>\n<p data-start=\"51\" data-end=\"323\">Palettennetzs\u00e4cke sind eine robuste und funktionelle L\u00f6sung f\u00fcr die Lagerung und den Transport von Brennholz. Sie bestehen aus strapazierf\u00e4higem Polypropylengewebe und sorgen f\u00fcr eine hervorragende Luftzirkulation, die den Trocknungsprozess des Holzes unterst\u00fctzt und Schimmel verhindert.<\/p>\n<h3 data-start=\"325\" data-end=\"355\"><strong data-start=\"329\" data-end=\"353\">Wesentliche Merkmale:<\/strong><\/h3>\n<ul>\n<li data-start=\"356\" data-end=\"982\"><strong data-start=\"358\" data-end=\"374\">Robustheit<\/strong> - Die robuste Konstruktion des Netzes erm\u00f6glicht den Transport und die Lagerung gro\u00dfer Holzmengen.<\/li>\n<li data-start=\"356\" data-end=\"982\"><strong data-start=\"465\" data-end=\"495\">Luftdurchl\u00e4ssigkeit<\/strong> - Es erm\u00f6glicht eine effektive Trocknung des Holzes und verhindert Feuchtigkeitsstau.<\/li>\n<li data-start=\"356\" data-end=\"982\"><strong data-start=\"574\" data-end=\"591\">Umweltfreundlichkeit<\/strong> - Wiederverwendbar und recycelbar.<\/li>\n<li data-start=\"356\" data-end=\"982\"><strong data-start=\"646\" data-end=\"665\">Vielseitigkeit<\/strong> - Geeignet f\u00fcr die Lagerung und den Transport von Brennholz, Pellets und Holzsp\u00e4nen.<\/li>\n<li data-start=\"356\" data-end=\"982\"><strong data-start=\"764\" data-end=\"790\">Leichte Lagerung<\/strong> - Die S\u00e4cke k\u00f6nnen auf Paletten gelagert werden, um den Transport zu erleichtern und den Raum zu organisieren.<\/li>\n<li><strong>UV-Stabilisierung<\/strong> - 180KLy\/Jahr<\/li>\n<li data-start=\"356\" data-end=\"982\"><strong>Kapazit\u00e4t<\/strong> - 1,5 m^3<\/li>\n<li data-start=\"356\" data-end=\"982\"><strong>Farbe<\/strong> - normal<\/li>\n<li data-start=\"356\" data-end=\"982\">Gr\u00f6\u00dfe - 140x225cm f\u00fcr EURO-Palette<\/li>\n<\/ul>\n<h3 data-start=\"984\" data-end=\"1007\"><strong data-start=\"988\" data-end=\"1005\">Anwendung:<\/strong><\/h3>\n<ul>\n<li data-start=\"1008\" data-end=\"1413\"><strong data-start=\"1011\" data-end=\"1048\">Lagerung von Brennholz<\/strong> - Ideal f\u00fcr die geordnete und bel\u00fcftete Lagerung von Holz.<\/li>\n<li data-start=\"1008\" data-end=\"1413\"><strong data-start=\"1125\" data-end=\"1144\">Transport von Brennholz<\/strong> - Erleichtert den Transport von Holz in gro\u00dfen Mengen.<\/li>\n<li data-start=\"1008\" data-end=\"1413\"><strong data-start=\"1199\" data-end=\"1218\">Holztrocknung<\/strong> - Die offene Netzstruktur sorgt f\u00fcr einen effektiven Feuchtigkeitstransport.<\/li>\n<li data-start=\"1008\" data-end=\"1413\"><strong data-start=\"1295\" data-end=\"1333\">Lagerung von Brennmaterial<\/strong> - Er eignet sich auch f\u00fcr die Lagerung von Pellets, Kohle und Holzsp\u00e4nen.<\/li>\n<\/ul>\n<h3 data-start=\"1415\" data-end=\"1471\"><strong data-start=\"1419\" data-end=\"1469\">Warum sollten Sie sich f\u00fcr Palettennetzs\u00e4cke entscheiden?<\/strong><\/h3>\n<p data-start=\"1472\" data-end=\"1823\" data-is-last-node=\"\">Palettennetzs\u00e4cke sind eine praktische und \u00f6kologische L\u00f6sung f\u00fcr die Lagerung von Brennholz. Dank ihrer hohen Luftdurchl\u00e4ssigkeit bleibt das Holz trocken und einsatzbereit, und die robuste Konstruktion sorgt f\u00fcr Langlebigkeit und Komfort. Ideal sowohl f\u00fcr Haushalte als auch f\u00fcr Unternehmen, die Brennholz verkaufen.<\/p>","protected":false},"excerpt":{"rendered":"<p>Worki siatkowe paletowe na drewno kominkowe Worki siatkowe paletowe to solidne i funkcjonalne rozwi\u0105zanie do przechowywania oraz transportu drewna kominkowego. Wykonane z wytrzyma\u0142ej siatki polipropylenowej, zapewniaj\u0105 doskona\u0142\u0105 cyrkulacj\u0119 powietrza, co wspomaga proces suszenia drewna i zapobiega jego ple\u015bnieniu. Najwa\u017cniejsze cechy: Wytrzyma\u0142o\u015b\u0107 \u2013 Mocna konstrukcja siatki umo\u017cliwia transport i przechowywanie du\u017cych ilo\u015bci drewna. Przepuszczalno\u015b\u0107 powietrza \u2013 [&hellip;]<\/p>","protected":false},"featured_media":4170,"template":"","meta":{"site-sidebar-layout":"default","site-content-layout":"","ast-site-content-layout":"default","site-content-style":"default","site-sidebar-style":"default","ast-global-header-display":"","ast-banner-title-visibility":"","ast-main-header-display":"","ast-hfb-above-header-display":"","ast-hfb-below-header-display":"","ast-hfb-mobile-header-display":"","site-post-title":"","ast-breadcrumbs-content":"","ast-featured-img":"","footer-sml-layout":"","theme-transparent-header-meta":"default","adv-header-id-meta":"","stick-header-meta":"default","header-above-stick-meta":"","header-main-stick-meta":"","header-below-stick-meta":"","astra-migrate-meta-layouts":"set","ast-page-background-enabled":"default","ast-page-background-meta":{"desktop":{"background-color":"var(--ast-global-color-4)","background-image":"","background-repeat":"repeat","background-position":"center center","background-size":"auto","background-attachment":"scroll","background-type":"","background-media":"","overlay-type":"","overlay-color":"","overlay-opacity":"","overlay-gradient":""},"tablet":{"background-color":"","background-image":"","background-repeat":"repeat","background-position":"center center","background-size":"auto","background-attachment":"scroll","background-type":"","background-media":"","overlay-type":"","overlay-color":"","overlay-opacity":"","overlay-gradient":""},"mobile":{"background-color":"","background-image":"","background-repeat":"repeat","background-position":"center center","background-size":"auto","background-attachment":"scroll","background-type":"","background-media":"","overlay-type":"","overlay-color":"","overlay-opacity":"","overlay-gradient":""}},"ast-content-background-meta":{"desktop":{"background-color":"var(--ast-global-color-5)","background-image":"","background-repeat":"repeat","background-position":"center center","background-size":"auto","background-attachment":"scroll","background-type":"","background-media":"","overlay-type":"","overlay-color":"","overlay-opacity":"","overlay-gradient":""},"tablet":{"background-color":"var(--ast-global-color-5)","background-image":"","background-repeat":"repeat","background-position":"center center","background-size":"auto","background-attachment":"scroll","background-type":"","background-media":"","overlay-type":"","overlay-color":"","overlay-opacity":"","overlay-gradient":""},"mobile":{"background-color":"var(--ast-global-color-5)","background-image":"","background-repeat":"repeat","background-position":"center center","background-size":"auto","background-attachment":"scroll","background-type":"","background-media":"","overlay-type":"","overlay-color":"","overlay-opacity":"","overlay-gradient":""}}},"product_brand":[],"product_cat":[227],"product_tag":[],"class_list":{"0":"post-4173","1":"product","2":"type-product","3":"status-publish","4":"has-post-thumbnail","6":"product_cat-worki-pp-duze-siatkowe-kontnerowe","7":"desktop-align-left","8":"tablet-align-left","9":"mobile-align-left","10":"ast-product-gallery-layout-horizontal","11":"ast-product-tabs-layout-horizontal","13":"first","14":"instock","15":"shipping-taxable","16":"product-type-simple"},"_links":{"self":[{"href":"https:\/\/wimar.net\/de\/wp-json\/wp\/v2\/product\/4173","targetHints":{"allow":["GET"]}}],"collection":[{"href":"https:\/\/wimar.net\/de\/wp-json\/wp\/v2\/product"}],"about":[{"href":"https:\/\/wimar.net\/de\/wp-json\/wp\/v2\/types\/product"}],"version-history":[{"count":2,"href":"https:\/\/wimar.net\/de\/wp-json\/wp\/v2\/product\/4173\/revisions"}],"predecessor-version":[{"id":7414,"href":"https:\/\/wimar.net\/de\/wp-json\/wp\/v2\/product\/4173\/revisions\/7414"}],"wp:featuredmedia":[{"embeddable":true,"href":"https:\/\/wimar.net\/de\/wp-json\/wp\/v2\/media\/4170"}],"wp:attachment":[{"href":"https:\/\/wimar.net\/de\/wp-json\/wp\/v2\/media?parent=4173"}],"wp:term":[{"taxonomy":"product_brand","embeddable":true,"href":"https:\/\/wimar.net\/de\/wp-json\/wp\/v2\/product_brand?post=4173"},{"taxonomy":"product_cat","embeddable":true,"href":"https:\/\/wimar.net\/de\/wp-json\/wp\/v2\/product_cat?post=4173"},{"taxonomy":"product_tag","embeddable":true,"href":"https:\/\/wimar.net\/de\/wp-json\/wp\/v2\/product_tag?post=4173"}],"curies":[{"name":"wp","href":"https:\/\/api.w.org\/{rel}","templated":true}]}}