{"id":4311,"date":"2025-02-18T14:31:57","date_gmt":"2025-02-18T13:31:57","guid":{"rendered":"https:\/\/wimar.net\/?post_type=product&#038;p=4311"},"modified":"2025-03-24T14:04:27","modified_gmt":"2025-03-24T13:04:27","slug":"gummiband-25x12mm-grun-60-gummi","status":"publish","type":"product","link":"https:\/\/wimar.net\/de\/produkt\/gummiband-25x12mm-grun-60-gummi\/","title":{"rendered":"Auffanggummi 25\u00d71,2mm gr\u00fcn 60% Gummi"},"content":{"rendered":"<p data-start=\"0\" data-end=\"55\"><strong data-start=\"0\" data-end=\"53\">Auffanggummi 25\u00d71,2 mm gr\u00fcn - 60% Gummi<\/strong><\/p>\n<p data-start=\"0\" data-end=\"55\">Elastische Schlaufe aus Gummi, die zur Befestigung und Sicherung von Gegenst\u00e4nden verwendet wird. Dank ihrer Dehnbarkeit und Festigkeit wird sie in B\u00fcro, Haushalt, Industrie und Handwerk eingesetzt.<\/p>\n<p data-start=\"57\" data-end=\"83\"><strong data-start=\"57\" data-end=\"81\">Wesentliche Merkmale:<\/strong><\/p>\n<ul>\n<li data-start=\"85\" data-end=\"607\"><strong data-start=\"87\" data-end=\"103\">Flexibilit\u00e4t<\/strong> - Hergestellt aus 60% Naturkautschuk f\u00fcr hervorragende Dehnbarkeit und Rissbest\u00e4ndigkeit.<\/li>\n<li data-start=\"85\" data-end=\"607\"><strong data-start=\"209\" data-end=\"225\">Robustheit<\/strong> - Die hohe Qualit\u00e4t des Materials macht das Gummiband widerstandsf\u00e4hig gegen wiederholtes Dehnen.<\/li>\n<li data-start=\"85\" data-end=\"607\"><strong data-start=\"315\" data-end=\"339\">Wiederverwendbar<\/strong> - Es ist f\u00fcr den wiederholten Gebrauch geeignet, ohne seine Eigenschaften zu verlieren.<\/li>\n<li data-start=\"85\" data-end=\"607\"><strong data-start=\"409\" data-end=\"426\">Vielseitigkeit<\/strong> - Es kann im B\u00fcro, zu Hause, im Lager sowie im Handwerk und bei der Verpackung verwendet werden.<\/li>\n<li data-start=\"85\" data-end=\"607\"><strong>Durchmesser<\/strong> - 25mm<\/li>\n<li data-start=\"85\" data-end=\"607\"><strong>Breite<\/strong> - 1,2 mm<\/li>\n<li><strong>Erh\u00e4ltlich in den Farben<\/strong> - rot, gr\u00fcn.<\/li>\n<\/ul>","protected":false},"excerpt":{"rendered":"<p>Gumka recepturka 25&#215;1,2 mm zielona \u2013 60% kauczuku Gumka recepturka elastyczna p\u0119telka wykonana z kauczuku, u\u017cywana do spinania i zabezpieczania przedmiot\u00f3w. Dzi\u0119ki swojej rozci\u0105gliwo\u015bci i wytrzyma\u0142o\u015bci znajduje zastosowanie w biurze, domu, przemy\u015ble i r\u0119kodziele. Najwa\u017cniejsze cechy: Elastyczno\u015b\u0107 \u2013 Wykonana w 60% z kauczuku naturalnego, co zapewnia doskona\u0142\u0105 rozci\u0105gliwo\u015b\u0107 i odporno\u015b\u0107 na p\u0119kanie. Wytrzyma\u0142o\u015b\u0107 \u2013 Wysoka [&hellip;]<\/p>","protected":false},"featured_media":4240,"template":"","meta":{"site-sidebar-layout":"default","site-content-layout":"","ast-site-content-layout":"default","site-content-style":"default","site-sidebar-style":"default","ast-global-header-display":"","ast-banner-title-visibility":"","ast-main-header-display":"","ast-hfb-above-header-display":"","ast-hfb-below-header-display":"","ast-hfb-mobile-header-display":"","site-post-title":"","ast-breadcrumbs-content":"","ast-featured-img":"","footer-sml-layout":"","theme-transparent-header-meta":"default","adv-header-id-meta":"","stick-header-meta":"default","header-above-stick-meta":"","header-main-stick-meta":"","header-below-stick-meta":"","astra-migrate-meta-layouts":"set","ast-page-background-enabled":"default","ast-page-background-meta":{"desktop":{"background-color":"var(--ast-global-color-4)","background-image":"","background-repeat":"repeat","background-position":"center center","background-size":"auto","background-attachment":"scroll","background-type":"","background-media":"","overlay-type":"","overlay-color":"","overlay-opacity":"","overlay-gradient":""},"tablet":{"background-color":"","background-image":"","background-repeat":"repeat","background-position":"center center","background-size":"auto","background-attachment":"scroll","background-type":"","background-media":"","overlay-type":"","overlay-color":"","overlay-opacity":"","overlay-gradient":""},"mobile":{"background-color":"","background-image":"","background-repeat":"repeat","background-position":"center center","background-size":"auto","background-attachment":"scroll","background-type":"","background-media":"","overlay-type":"","overlay-color":"","overlay-opacity":"","overlay-gradient":""}},"ast-content-background-meta":{"desktop":{"background-color":"var(--ast-global-color-5)","background-image":"","background-repeat":"repeat","background-position":"center center","background-size":"auto","background-attachment":"scroll","background-type":"","background-media":"","overlay-type":"","overlay-color":"","overlay-opacity":"","overlay-gradient":""},"tablet":{"background-color":"var(--ast-global-color-5)","background-image":"","background-repeat":"repeat","background-position":"center center","background-size":"auto","background-attachment":"scroll","background-type":"","background-media":"","overlay-type":"","overlay-color":"","overlay-opacity":"","overlay-gradient":""},"mobile":{"background-color":"var(--ast-global-color-5)","background-image":"","background-repeat":"repeat","background-position":"center center","background-size":"auto","background-attachment":"scroll","background-type":"","background-media":"","overlay-type":"","overlay-color":"","overlay-opacity":"","overlay-gradient":""}}},"product_brand":[],"product_cat":[232],"product_tag":[],"class_list":{"0":"post-4311","1":"product","2":"type-product","3":"status-publish","4":"has-post-thumbnail","6":"product_cat-gumki-kauczukowe","7":"desktop-align-left","8":"tablet-align-left","9":"mobile-align-left","10":"ast-product-gallery-layout-horizontal","11":"ast-product-tabs-layout-horizontal","13":"first","14":"instock","15":"shipping-taxable","16":"product-type-simple"},"_links":{"self":[{"href":"https:\/\/wimar.net\/de\/wp-json\/wp\/v2\/product\/4311","targetHints":{"allow":["GET"]}}],"collection":[{"href":"https:\/\/wimar.net\/de\/wp-json\/wp\/v2\/product"}],"about":[{"href":"https:\/\/wimar.net\/de\/wp-json\/wp\/v2\/types\/product"}],"version-history":[{"count":3,"href":"https:\/\/wimar.net\/de\/wp-json\/wp\/v2\/product\/4311\/revisions"}],"predecessor-version":[{"id":7407,"href":"https:\/\/wimar.net\/de\/wp-json\/wp\/v2\/product\/4311\/revisions\/7407"}],"wp:featuredmedia":[{"embeddable":true,"href":"https:\/\/wimar.net\/de\/wp-json\/wp\/v2\/media\/4240"}],"wp:attachment":[{"href":"https:\/\/wimar.net\/de\/wp-json\/wp\/v2\/media?parent=4311"}],"wp:term":[{"taxonomy":"product_brand","embeddable":true,"href":"https:\/\/wimar.net\/de\/wp-json\/wp\/v2\/product_brand?post=4311"},{"taxonomy":"product_cat","embeddable":true,"href":"https:\/\/wimar.net\/de\/wp-json\/wp\/v2\/product_cat?post=4311"},{"taxonomy":"product_tag","embeddable":true,"href":"https:\/\/wimar.net\/de\/wp-json\/wp\/v2\/product_tag?post=4311"}],"curies":[{"name":"wp","href":"https:\/\/api.w.org\/{rel}","templated":true}]}}