{"id":4397,"date":"2025-02-19T10:56:26","date_gmt":"2025-02-19T09:56:26","guid":{"rendered":"https:\/\/wimar.net\/?post_type=product&#038;p=4397"},"modified":"2025-03-17T14:15:25","modified_gmt":"2025-03-17T13:15:25","slug":"handpalettiernetz-flexibel-40-farblos-500mb","status":"publish","type":"product","link":"https:\/\/wimar.net\/de\/produkt\/handpalettiernetz-flexibel-40-farblos-500mb\/","title":{"rendered":"Handpalettennetz, klar 500mb"},"content":{"rendered":"<h3 data-start=\"0\" data-end=\"65\">Handpalettennetz<\/h3>\n<p data-start=\"67\" data-end=\"309\">Handpalettennetze sind eine flexible und bequeme L\u00f6sung zur Stabilisierung von Lasten auf Paletten. Dank seiner Struktur l\u00e4sst es die Luft frei flie\u00dfen, was bei der Lagerung von Produkten, die bel\u00fcftet werden m\u00fcssen, wichtig ist.<\/p>\n<h3 data-start=\"311\" data-end=\"337\">Wesentliche Merkmale:<\/h3>\n<ul>\n<li data-start=\"338\" data-end=\"980\"><strong data-start=\"340\" data-end=\"356\">Flexibilit\u00e4t<\/strong> - Mit einer Dehnung von bis zu 20% passt sich das Netz perfekt an die Form der palettierten Ladung an und gew\u00e4hrleistet Stabilit\u00e4t.<\/li>\n<li data-start=\"338\" data-end=\"980\"><strong data-start=\"478\" data-end=\"497\">Transparenz<\/strong> - Die farblose Struktur erm\u00f6glicht eine einfache Identifizierung der Waren, ohne dass sie abgewickelt werden m\u00fcssen.<\/li>\n<li data-start=\"338\" data-end=\"980\"><strong data-start=\"589\" data-end=\"609\">Gute Bel\u00fcftung<\/strong> - Das offene Netzdesign gew\u00e4hrleistet die Luftzirkulation, was besonders wichtig f\u00fcr Produkte ist, die atmen m\u00fcssen, wie Obst, Gem\u00fcse und Holz.<\/li>\n<li data-start=\"338\" data-end=\"980\"><strong data-start=\"895\" data-end=\"914\">Einfache Anwendung<\/strong> - Perfekt f\u00fcr die manuelle Palettierung ohne Maschineneinsatz.<\/li>\n<li data-start=\"338\" data-end=\"980\"><strong>L\u00e4nge<\/strong> - 500 mb<\/li>\n<li data-start=\"338\" data-end=\"980\"><strong>Breite der Rolle<\/strong> - 50 cm<\/li>\n<li><strong>Dicke<\/strong> - 3,1 g\/mb<\/li>\n<\/ul>\n<h3 data-start=\"982\" data-end=\"1001\">Anwendung:<\/h3>\n<ul>\n<li data-start=\"1002\" data-end=\"1434\"><strong data-start=\"1005\" data-end=\"1030\">Stabilisierung der Ladung<\/strong> - Gew\u00e4hrleistet den sicheren Transport von Waren auf Paletten.<\/li>\n<li data-start=\"1002\" data-end=\"1434\"><strong data-start=\"1095\" data-end=\"1135\">Lagerung von Lebensmitteln<\/strong> - Ideal f\u00fcr Obst, Gem\u00fcse und andere Gegenst\u00e4nde, die eine Bel\u00fcftung ben\u00f6tigen.<\/li>\n<li data-start=\"1002\" data-end=\"1434\"><strong data-start=\"1213\" data-end=\"1251\">Lagerung von Brennmaterial<\/strong> - Hervorragend geeignet f\u00fcr Holz, Kohle und Pellets, verhindert die Ansammlung von Feuchtigkeit.<\/li>\n<li data-start=\"1002\" data-end=\"1434\"><strong data-start=\"1335\" data-end=\"1359\">Industrie und Logistik<\/strong> - Einsatz in Lagerh\u00e4usern, Lagerhallen und Produktionsst\u00e4tten.<\/li>\n<\/ul>\n<h3 data-start=\"1436\" data-end=\"1477\">Warum sollten Sie unser Netz w\u00e4hlen?<\/h3>\n<p data-start=\"1478\" data-end=\"1731\" data-is-last-node=\"\">Handpalettennetze sind eine wirtschaftliche und praktische L\u00f6sung f\u00fcr Transportunternehmen, Lagerh\u00e4user und Lebensmittelhersteller. Dank seiner Flexibilit\u00e4t und Bel\u00fcftung sch\u00fctzt es die Waren wirksam, ohne ihren Zugang zur Luft einzuschr\u00e4nken.<\/p>","protected":false},"excerpt":{"rendered":"<p>Siatka do paletowania r\u0119cznego Siatka do paletowania r\u0119cznego to elastyczne i wygodne rozwi\u0105zanie do stabilizacji \u0142adunk\u00f3w na paletach. Dzi\u0119ki swojej strukturze pozwala na swobodny przep\u0142yw powietrza, co jest istotne przy przechowywaniu produkt\u00f3w wymagaj\u0105cych wentylacji. Najwa\u017cniejsze cechy: Elastyczno\u015b\u0107 \u2013 Siatka o rozci\u0105gliwo\u015bci do 20% idealnie dopasowuje si\u0119 do kszta\u0142tu paletowanego \u0142adunku, zapewniaj\u0105c jego stabilno\u015b\u0107. Przezroczysto\u015b\u0107 \u2013 [&hellip;]<\/p>","protected":false},"featured_media":4400,"template":"","meta":{"site-sidebar-layout":"default","site-content-layout":"","ast-site-content-layout":"default","site-content-style":"default","site-sidebar-style":"default","ast-global-header-display":"","ast-banner-title-visibility":"","ast-main-header-display":"","ast-hfb-above-header-display":"","ast-hfb-below-header-display":"","ast-hfb-mobile-header-display":"","site-post-title":"","ast-breadcrumbs-content":"","ast-featured-img":"","footer-sml-layout":"","theme-transparent-header-meta":"default","adv-header-id-meta":"","stick-header-meta":"default","header-above-stick-meta":"","header-main-stick-meta":"","header-below-stick-meta":"","astra-migrate-meta-layouts":"set","ast-page-background-enabled":"default","ast-page-background-meta":{"desktop":{"background-color":"var(--ast-global-color-4)","background-image":"","background-repeat":"repeat","background-position":"center center","background-size":"auto","background-attachment":"scroll","background-type":"","background-media":"","overlay-type":"","overlay-color":"","overlay-opacity":"","overlay-gradient":""},"tablet":{"background-color":"","background-image":"","background-repeat":"repeat","background-position":"center center","background-size":"auto","background-attachment":"scroll","background-type":"","background-media":"","overlay-type":"","overlay-color":"","overlay-opacity":"","overlay-gradient":""},"mobile":{"background-color":"","background-image":"","background-repeat":"repeat","background-position":"center center","background-size":"auto","background-attachment":"scroll","background-type":"","background-media":"","overlay-type":"","overlay-color":"","overlay-opacity":"","overlay-gradient":""}},"ast-content-background-meta":{"desktop":{"background-color":"var(--ast-global-color-5)","background-image":"","background-repeat":"repeat","background-position":"center center","background-size":"auto","background-attachment":"scroll","background-type":"","background-media":"","overlay-type":"","overlay-color":"","overlay-opacity":"","overlay-gradient":""},"tablet":{"background-color":"var(--ast-global-color-5)","background-image":"","background-repeat":"repeat","background-position":"center center","background-size":"auto","background-attachment":"scroll","background-type":"","background-media":"","overlay-type":"","overlay-color":"","overlay-opacity":"","overlay-gradient":""},"mobile":{"background-color":"var(--ast-global-color-5)","background-image":"","background-repeat":"repeat","background-position":"center center","background-size":"auto","background-attachment":"scroll","background-type":"","background-media":"","overlay-type":"","overlay-color":"","overlay-opacity":"","overlay-gradient":""}}},"product_brand":[],"product_cat":[230,169],"product_tag":[],"class_list":{"0":"post-4397","1":"product","2":"type-product","3":"status-publish","4":"has-post-thumbnail","6":"product_cat-siatka-do-paletowania","7":"product_cat-500m-standard","8":"desktop-align-left","9":"tablet-align-left","10":"mobile-align-left","11":"ast-product-gallery-layout-horizontal","12":"ast-product-tabs-layout-horizontal","14":"first","15":"instock","16":"shipping-taxable","17":"product-type-simple"},"_links":{"self":[{"href":"https:\/\/wimar.net\/de\/wp-json\/wp\/v2\/product\/4397","targetHints":{"allow":["GET"]}}],"collection":[{"href":"https:\/\/wimar.net\/de\/wp-json\/wp\/v2\/product"}],"about":[{"href":"https:\/\/wimar.net\/de\/wp-json\/wp\/v2\/types\/product"}],"version-history":[{"count":3,"href":"https:\/\/wimar.net\/de\/wp-json\/wp\/v2\/product\/4397\/revisions"}],"predecessor-version":[{"id":4404,"href":"https:\/\/wimar.net\/de\/wp-json\/wp\/v2\/product\/4397\/revisions\/4404"}],"wp:featuredmedia":[{"embeddable":true,"href":"https:\/\/wimar.net\/de\/wp-json\/wp\/v2\/media\/4400"}],"wp:attachment":[{"href":"https:\/\/wimar.net\/de\/wp-json\/wp\/v2\/media?parent=4397"}],"wp:term":[{"taxonomy":"product_brand","embeddable":true,"href":"https:\/\/wimar.net\/de\/wp-json\/wp\/v2\/product_brand?post=4397"},{"taxonomy":"product_cat","embeddable":true,"href":"https:\/\/wimar.net\/de\/wp-json\/wp\/v2\/product_cat?post=4397"},{"taxonomy":"product_tag","embeddable":true,"href":"https:\/\/wimar.net\/de\/wp-json\/wp\/v2\/product_tag?post=4397"}],"curies":[{"name":"wp","href":"https:\/\/api.w.org\/{rel}","templated":true}]}}