{"id":4443,"date":"2025-02-20T12:39:54","date_gmt":"2025-02-20T11:39:54","guid":{"rendered":"https:\/\/wimar.net\/?post_type=product&#038;p=4443"},"modified":"2025-02-20T13:29:01","modified_gmt":"2025-02-20T12:29:01","slug":"ballennetz-maglia-grande-premium-plus-123cmx2000m-auf-bestellung","status":"publish","type":"product","link":"https:\/\/wimar.net\/de\/produkt\/ballennetz-maglia-grande-premium-plus-123cmx2000m-auf-bestellung\/","title":{"rendered":"Maglia Grande Premium Plus Strohballennetz - ON ORDER"},"content":{"rendered":"<h3 data-start=\"0\" data-end=\"65\">Maglia Grande Ballenwickelnetz - NUR AUF BESTELLUNG<\/h3>\n<p data-start=\"58\" data-end=\"381\">Das Ballenwickelnetz Maglia Grande ist dank seiner weiten Maschen mit 25 verst\u00e4rkten Ketten eines der st\u00e4rksten Ballenwickelnetze. Es ist die ideale L\u00f6sung f\u00fcr jeden Landwirt, der Wert auf Qualit\u00e4t und Effizienz legt. Dank seiner leichten Konstruktion ist das Netz nicht nur wirtschaftlich, sondern auch \u00e4u\u00dferst einfach zu handhaben. Es sorgt f\u00fcr eine vollst\u00e4ndige, gleichm\u00e4\u00dfige und reproduzierbare Ballenabdeckung und erm\u00f6glicht gleichzeitig einen schnellen Pressvorgang. Es eignet sich f\u00fcr alle Arten von Erntegut (Heulage, Heu, Stroh, Maisst\u00e4ngel, Mais) und funktioniert unter allen Wetterbedingungen.<\/p>\n<h3 data-start=\"383\" data-end=\"413\"><strong data-start=\"387\" data-end=\"411\">Wesentliche Merkmale:<\/strong><\/h3>\n<ul>\n<li><strong data-start=\"362\" data-end=\"375\">Beharrlichkeit:<\/strong> Hergestellt aus hochwertigen Polypropylenfasern, bruchfest und witterungsbest\u00e4ndig.<\/li>\n<li><strong data-start=\"482\" data-end=\"513\">Luftdurchl\u00e4ssigkeit:<\/strong> Sie sorgt f\u00fcr eine gute Bel\u00fcftung und verhindert, dass das Heu feucht wird.<\/li>\n<li><strong data-start=\"581\" data-end=\"605\">Sparsamer Verbrauch:<\/strong> Optimierte Netzstruktur und s<span class=\"elementor-icon-list-text\">System zur Warnung vor dem Rollenende auf den verbleibenden 50 m, <\/span>erm\u00f6glicht ein gleichm\u00e4\u00dfiges und stabiles Umwickeln des Ballens, wodurch Futterverluste reduziert werden.<\/li>\n<li><strong data-start=\"807\" data-end=\"849\">Schutz vor \u00e4u\u00dferen Einfl\u00fcssen:<\/strong> Sch\u00fctzt das Heu vor Regen, Schnee und Wind und verl\u00e4ngert seine Haltbarkeit. UV-Stabilisierung<\/li>\n<li><strong>Resilienz:<\/strong> 290 kg<\/li>\n<li><strong>Gr\u00f6\u00dfen:<\/strong> 123cm x 2000m (32 Rollen pro Palette) oder 125cm x 3000m (28 Rollen pro Palette)<\/li>\n<li><strong>NUR AUF ANFRAGE ERH\u00c4LTLICH<\/strong><\/li>\n<\/ul>\n<h3 data-start=\"890\" data-end=\"913\"><strong data-start=\"894\" data-end=\"911\">Anwendung:<\/strong><\/h3>\n<ul>\n<li><strong data-start=\"955\" data-end=\"985\">Heu- und Strohballen wickeln<\/strong> - gew\u00e4hrleistet die Stabilit\u00e4t und den Schutz des Futters w\u00e4hrend Lagerung und Transport.<\/li>\n<li><strong data-start=\"1067\" data-end=\"1096\">Minimierung von Futtermittelverlusten<\/strong> - reduziert das Versch\u00fctten von Heu, was zu einer h\u00f6heren Effizienz in der Landwirtschaft f\u00fchrt.<\/li>\n<li><strong data-start=\"1194\" data-end=\"1211\">Vielseitigkeit<\/strong> - k<span class=\"elementor-icon-list-text\">Kompatibel mit allen Rundballenpressen<\/span><\/li>\n<li><strong data-start=\"1266\" data-end=\"1295\" data-is-only-node=\"\">Schutz vor Sch\u00e4dlingen<\/strong> - reduziert den Zugang zu Futtermitteln f\u00fcr Nagetiere und V\u00f6gel.<\/li>\n<\/ul>\n<h3 data-start=\"1344\" data-end=\"1399\"><strong data-start=\"1348\" data-end=\"1397\">Warum sollte man sich f\u00fcr Ballenverpackungsnetze entscheiden?<\/strong><\/h3>\n<p data-start=\"1400\" data-end=\"1724\">Ballennetze sind ein wichtiger Bestandteil eines jeden landwirtschaftlichen Betriebs. Es spart Zeit, verringert Futterverluste und erleichtert die Heulagerung. Dank seiner Strapazierf\u00e4higkeit und Witterungsbest\u00e4ndigkeit garantiert es einen lang anhaltenden Schutz des Futters und ist dank seiner leichten, aber stabilen Struktur bequem zu handhaben.<\/p>","protected":false},"excerpt":{"rendered":"<p>Siatka do owijania bel Maglia Grande &#8211; TYLKO NA ZAM\u00d3WIENIE Siatka do owijania bel Maglia Grande to jedna z najmocniejszych siatek do zwijania bel, dzi\u0119ki szerokim oczkom z 25 wzmocnionymi \u0142a\u0144cuchami. Jest idealnym rozwi\u0105zaniem dla ka\u017cdego rolnika, kt\u00f3ry ceni sobie jako\u015b\u0107 i efektywno\u015b\u0107. Dzi\u0119ki swojej lekkiej konstrukcji, siatka jest nie tylko ekonomiczna, ale tak\u017ce niezwykle [&hellip;]<\/p>","protected":false},"featured_media":4450,"template":"","meta":{"site-sidebar-layout":"default","site-content-layout":"","ast-site-content-layout":"default","site-content-style":"default","site-sidebar-style":"default","ast-global-header-display":"","ast-banner-title-visibility":"","ast-main-header-display":"","ast-hfb-above-header-display":"","ast-hfb-below-header-display":"","ast-hfb-mobile-header-display":"","site-post-title":"","ast-breadcrumbs-content":"","ast-featured-img":"","footer-sml-layout":"","theme-transparent-header-meta":"default","adv-header-id-meta":"","stick-header-meta":"default","header-above-stick-meta":"","header-main-stick-meta":"","header-below-stick-meta":"","astra-migrate-meta-layouts":"set","ast-page-background-enabled":"default","ast-page-background-meta":{"desktop":{"background-color":"var(--ast-global-color-4)","background-image":"","background-repeat":"repeat","background-position":"center center","background-size":"auto","background-attachment":"scroll","background-type":"","background-media":"","overlay-type":"","overlay-color":"","overlay-opacity":"","overlay-gradient":""},"tablet":{"background-color":"","background-image":"","background-repeat":"repeat","background-position":"center center","background-size":"auto","background-attachment":"scroll","background-type":"","background-media":"","overlay-type":"","overlay-color":"","overlay-opacity":"","overlay-gradient":""},"mobile":{"background-color":"","background-image":"","background-repeat":"repeat","background-position":"center center","background-size":"auto","background-attachment":"scroll","background-type":"","background-media":"","overlay-type":"","overlay-color":"","overlay-opacity":"","overlay-gradient":""}},"ast-content-background-meta":{"desktop":{"background-color":"var(--ast-global-color-5)","background-image":"","background-repeat":"repeat","background-position":"center center","background-size":"auto","background-attachment":"scroll","background-type":"","background-media":"","overlay-type":"","overlay-color":"","overlay-opacity":"","overlay-gradient":""},"tablet":{"background-color":"var(--ast-global-color-5)","background-image":"","background-repeat":"repeat","background-position":"center center","background-size":"auto","background-attachment":"scroll","background-type":"","background-media":"","overlay-type":"","overlay-color":"","overlay-opacity":"","overlay-gradient":""},"mobile":{"background-color":"var(--ast-global-color-5)","background-image":"","background-repeat":"repeat","background-position":"center center","background-size":"auto","background-attachment":"scroll","background-type":"","background-media":"","overlay-type":"","overlay-color":"","overlay-opacity":"","overlay-gradient":""}}},"product_brand":[],"product_cat":[213],"product_tag":[],"class_list":{"0":"post-4443","1":"product","2":"type-product","3":"status-publish","4":"has-post-thumbnail","6":"product_cat-siatka-rolnicza-do-owijania-bel-siana-i-slomy","7":"desktop-align-left","8":"tablet-align-left","9":"mobile-align-left","10":"ast-product-gallery-layout-horizontal","11":"ast-product-tabs-layout-horizontal","13":"first","14":"instock","15":"shipping-taxable","16":"product-type-simple"},"_links":{"self":[{"href":"https:\/\/wimar.net\/de\/wp-json\/wp\/v2\/product\/4443","targetHints":{"allow":["GET"]}}],"collection":[{"href":"https:\/\/wimar.net\/de\/wp-json\/wp\/v2\/product"}],"about":[{"href":"https:\/\/wimar.net\/de\/wp-json\/wp\/v2\/types\/product"}],"version-history":[{"count":5,"href":"https:\/\/wimar.net\/de\/wp-json\/wp\/v2\/product\/4443\/revisions"}],"predecessor-version":[{"id":4453,"href":"https:\/\/wimar.net\/de\/wp-json\/wp\/v2\/product\/4443\/revisions\/4453"}],"wp:featuredmedia":[{"embeddable":true,"href":"https:\/\/wimar.net\/de\/wp-json\/wp\/v2\/media\/4450"}],"wp:attachment":[{"href":"https:\/\/wimar.net\/de\/wp-json\/wp\/v2\/media?parent=4443"}],"wp:term":[{"taxonomy":"product_brand","embeddable":true,"href":"https:\/\/wimar.net\/de\/wp-json\/wp\/v2\/product_brand?post=4443"},{"taxonomy":"product_cat","embeddable":true,"href":"https:\/\/wimar.net\/de\/wp-json\/wp\/v2\/product_cat?post=4443"},{"taxonomy":"product_tag","embeddable":true,"href":"https:\/\/wimar.net\/de\/wp-json\/wp\/v2\/product_tag?post=4443"}],"curies":[{"name":"wp","href":"https:\/\/api.w.org\/{rel}","templated":true}]}}