{"id":4490,"date":"2025-02-21T13:43:12","date_gmt":"2025-02-21T12:43:12","guid":{"rendered":"https:\/\/wimar.net\/?post_type=product&#038;p=4490"},"modified":"2025-11-12T14:19:56","modified_gmt":"2025-11-12T13:19:56","slug":"kordelzug-sack-27x120cm-fur-vlies-silagehaufen","status":"publish","type":"product","link":"https:\/\/wimar.net\/de\/produkt\/kordelzug-sack-27x120cm-fur-vlies-silagehaufen\/","title":{"rendered":"Gewichtssack mit Schnur 27x120cm f\u00fcr Haufen, Silage, Vlies"},"content":{"rendered":"<h3 data-start=\"88\" data-end=\"173\">Gewichtssack mit Kordelzug 27\u00d7120 cm<\/h3>\n<p data-start=\"175\" data-end=\"469\">Ein Gewichtssack aus robustem Gewebe, der zum Schutz von Haufen, Silage und Vlies dient. Dank seiner Konstruktion und seines hochwertigen Materials bietet er eine effektive Beladung und sch\u00fctzt vor Wind und anderen \u00e4u\u00dferen Einfl\u00fcssen. Die beste Beladung des Schutznetzes wird erreicht, wenn die S\u00e4cke in einem Abstand von 5 Metern kreuzweise auf dem Silo platziert werden.<\/p>\n<h4 data-start=\"471\" data-end=\"502\"><strong data-start=\"476\" data-end=\"500\">Wesentliche Merkmale:<\/strong><\/h4>\n<ul>\n<li data-start=\"504\" data-end=\"1161\"><strong data-start=\"506\" data-end=\"523\">Resilienz:<\/strong> Das hohe Fl\u00e4chengewicht und die robuste Struktur gew\u00e4hrleisten eine hohe Widerstandsf\u00e4higkeit und eine lange Lebensdauer.<\/li>\n<li data-start=\"504\" data-end=\"1161\"><strong data-start=\"827\" data-end=\"860\" data-is-only-node=\"\">Vielseitigkeit der Anwendung:<\/strong> Ideal zum Einklemmen von Folien in Silos, zum Abdecken von Haufen und als Wetterschutz, UV-Schutz.<\/li>\n<li data-start=\"504\" data-end=\"1161\"><strong data-start=\"961\" data-end=\"980\">Benutzerfreundlichkeit:<\/strong> Die Tasche ist mit einem Kordelzug ausgestattet, der das Schlie\u00dfen und Stabilisieren der Tasche erleichtert.<\/li>\n<li data-start=\"504\" data-end=\"1161\"><strong data-start=\"1051\" data-end=\"1086\">Wiederverwendbar:<\/strong> Langlebig und strapazierf\u00e4hig und damit eine kosteng\u00fcnstige L\u00f6sung.<\/li>\n<li data-start=\"504\" data-end=\"1161\"><strong>Auszuf\u00fcllen<\/strong> Schotter oder Sand.<\/li>\n<li data-start=\"504\" data-end=\"1161\"><strong>L\u00e4nge:<\/strong> 120cm<\/li>\n<li data-start=\"504\" data-end=\"1161\"><strong>Breite:<\/strong> 27cm<\/li>\n<\/ul>\n<h4 data-start=\"1163\" data-end=\"1187\"><strong data-start=\"1168\" data-end=\"1185\">Anwendung:<\/strong><\/h4>\n<ul>\n<li data-start=\"1189\" data-end=\"1604\"><strong data-start=\"1192\" data-end=\"1228\">Sicherung von Haufen und Silage:<\/strong> Sch\u00fctzt die Folien vor Auftrieb und Besch\u00e4digung.<\/li>\n<li data-start=\"1189\" data-end=\"1604\"><strong data-start=\"1283\" data-end=\"1315\">Stabilisierung:<\/strong> Ideal, um landwirtschaftlichen Abdeckungen mehr Gewicht und Schutz zu verleihen.<\/li>\n<\/ul>\n<h4 data-start=\"1606\" data-end=\"1860\">Warum sollte man sich f\u00fcr einen Beutel mit Kordelzug entscheiden?<\/h4>\n<p data-start=\"1606\" data-end=\"1860\" data-is-last-node=\"\" data-is-only-node=\"\">Der 27\u00d7120 cm gro\u00dfe Gewichtssack ist eine zuverl\u00e4ssige L\u00f6sung f\u00fcr Landwirte und G\u00e4rtner, die eine wirksame und \u00f6kologische L\u00f6sung f\u00fcr den Schutz ihrer Kulturen und Futtermittel suchen. Dank seines robusten Designs und seiner praktischen Abmessungen ist er einfach und effizient zu verwenden.<\/p>","protected":false},"excerpt":{"rendered":"<p>Worek obci\u0105\u017ceniowy ze sznurkiem 27&#215;120 cm Worek obci\u0105\u017ceniowy wykonany z wytrzyma\u0142ej tkaniny, przeznaczony do zabezpieczania pryzm, kiszonek, flizu. Dzi\u0119ki swojej konstrukcji oraz wysokiej jako\u015bci materia\u0142owi zapewnia skuteczne doci\u0105\u017cenie, chroni\u0105c przed wiatrem i innymi czynnikami zewn\u0119trznymi. Najlepsze obci\u0105\u017cenie siatki ochronnej\u00a0 uzyskuje si\u0119 przez u\u0142o\u017cenie work\u00f3w w poprzek na silosie w odleg\u0142o\u015bci co 5 metr\u00f3w Najwa\u017cniejsze cechy: [&hellip;]<\/p>","protected":false},"featured_media":7170,"template":"","meta":{"site-sidebar-layout":"default","site-content-layout":"","ast-site-content-layout":"default","site-content-style":"default","site-sidebar-style":"default","ast-global-header-display":"","ast-banner-title-visibility":"","ast-main-header-display":"","ast-hfb-above-header-display":"","ast-hfb-below-header-display":"","ast-hfb-mobile-header-display":"","site-post-title":"","ast-breadcrumbs-content":"","ast-featured-img":"","footer-sml-layout":"","theme-transparent-header-meta":"default","adv-header-id-meta":"","stick-header-meta":"default","header-above-stick-meta":"","header-main-stick-meta":"","header-below-stick-meta":"","astra-migrate-meta-layouts":"set","ast-page-background-enabled":"default","ast-page-background-meta":{"desktop":{"background-color":"var(--ast-global-color-4)","background-image":"","background-repeat":"repeat","background-position":"center center","background-size":"auto","background-attachment":"scroll","background-type":"","background-media":"","overlay-type":"","overlay-color":"","overlay-opacity":"","overlay-gradient":""},"tablet":{"background-color":"","background-image":"","background-repeat":"repeat","background-position":"center center","background-size":"auto","background-attachment":"scroll","background-type":"","background-media":"","overlay-type":"","overlay-color":"","overlay-opacity":"","overlay-gradient":""},"mobile":{"background-color":"","background-image":"","background-repeat":"repeat","background-position":"center center","background-size":"auto","background-attachment":"scroll","background-type":"","background-media":"","overlay-type":"","overlay-color":"","overlay-opacity":"","overlay-gradient":""}},"ast-content-background-meta":{"desktop":{"background-color":"var(--ast-global-color-5)","background-image":"","background-repeat":"repeat","background-position":"center center","background-size":"auto","background-attachment":"scroll","background-type":"","background-media":"","overlay-type":"","overlay-color":"","overlay-opacity":"","overlay-gradient":""},"tablet":{"background-color":"var(--ast-global-color-5)","background-image":"","background-repeat":"repeat","background-position":"center center","background-size":"auto","background-attachment":"scroll","background-type":"","background-media":"","overlay-type":"","overlay-color":"","overlay-opacity":"","overlay-gradient":""},"mobile":{"background-color":"var(--ast-global-color-5)","background-image":"","background-repeat":"repeat","background-position":"center center","background-size":"auto","background-attachment":"scroll","background-type":"","background-media":"","overlay-type":"","overlay-color":"","overlay-opacity":"","overlay-gradient":""}}},"product_brand":[],"product_cat":[216],"product_tag":[],"class_list":{"0":"post-4490","1":"product","2":"type-product","3":"status-publish","4":"has-post-thumbnail","6":"product_cat-worki-obciazeniowe-na-pryzmy-i-fliz-ochronny","7":"desktop-align-left","8":"tablet-align-left","9":"mobile-align-left","10":"ast-product-gallery-layout-horizontal","11":"ast-product-tabs-layout-horizontal","13":"first","14":"instock","15":"shipping-taxable","16":"product-type-simple"},"_links":{"self":[{"href":"https:\/\/wimar.net\/de\/wp-json\/wp\/v2\/product\/4490","targetHints":{"allow":["GET"]}}],"collection":[{"href":"https:\/\/wimar.net\/de\/wp-json\/wp\/v2\/product"}],"about":[{"href":"https:\/\/wimar.net\/de\/wp-json\/wp\/v2\/types\/product"}],"version-history":[{"count":2,"href":"https:\/\/wimar.net\/de\/wp-json\/wp\/v2\/product\/4490\/revisions"}],"predecessor-version":[{"id":7395,"href":"https:\/\/wimar.net\/de\/wp-json\/wp\/v2\/product\/4490\/revisions\/7395"}],"wp:featuredmedia":[{"embeddable":true,"href":"https:\/\/wimar.net\/de\/wp-json\/wp\/v2\/media\/7170"}],"wp:attachment":[{"href":"https:\/\/wimar.net\/de\/wp-json\/wp\/v2\/media?parent=4490"}],"wp:term":[{"taxonomy":"product_brand","embeddable":true,"href":"https:\/\/wimar.net\/de\/wp-json\/wp\/v2\/product_brand?post=4490"},{"taxonomy":"product_cat","embeddable":true,"href":"https:\/\/wimar.net\/de\/wp-json\/wp\/v2\/product_cat?post=4490"},{"taxonomy":"product_tag","embeddable":true,"href":"https:\/\/wimar.net\/de\/wp-json\/wp\/v2\/product_tag?post=4490"}],"curies":[{"name":"wp","href":"https:\/\/api.w.org\/{rel}","templated":true}]}}