{"id":4508,"date":"2025-02-24T11:36:27","date_gmt":"2025-02-24T10:36:27","guid":{"rendered":"https:\/\/wimar.net\/?post_type=product&#038;p=4508"},"modified":"2025-02-24T12:13:28","modified_gmt":"2025-02-24T11:13:28","slug":"dubel-15cm-zur-befestigung-von-agrotextilien-an-agroblocken","status":"publish","type":"product","link":"https:\/\/wimar.net\/de\/produkt\/dubel-15cm-zur-befestigung-von-agrotextilien-an-agroblocken\/","title":{"rendered":"Anker 15cm zur Befestigung von Agro-Textilien, Agro-Gewebe"},"content":{"rendered":"<h3 data-start=\"88\" data-end=\"173\">D\u00fcbel zur Befestigung von Agrotextilien - eine robuste und dauerhafte L\u00f6sung<\/h3>\n<p data-start=\"0\" data-end=\"335\">Verankerungen zur Befestigung von Agrotextilien und Agrogeweben sind ein \u00e4u\u00dferst praktisches Zubeh\u00f6r, das eine stabile und dauerhafte Befestigung von Mulchmaterialien am Boden gew\u00e4hrleistet. Dank ihnen bewegen sich die Agrotextilien und Agrogewebe nicht unter dem Einfluss von Wind und Wetter, was ihre Wirksamkeit beim Schutz von Pflanzen und Boden erh\u00f6ht.<\/p>\n<h3 data-start=\"337\" data-end=\"367\"><strong data-start=\"341\" data-end=\"365\">Wesentliche Merkmale:<\/strong><\/h3>\n<ul>\n<li data-start=\"369\" data-end=\"1057\"><strong data-start=\"371\" data-end=\"388\">Resilienz:<\/strong> Hergestellt aus robusten, wetterfesten Materialien, um eine lange Lebensdauer zu gew\u00e4hrleisten.<\/li>\n<li data-start=\"369\" data-end=\"1057\"><strong data-start=\"635\" data-end=\"655\">Einfacher Einbau:<\/strong> Einfache Anwendung - schlagen Sie den Anker einfach in den Boden, um das Agro-Textil oder das Agro-Textil fest zu fixieren.<\/li>\n<li data-start=\"369\" data-end=\"1057\"><strong data-start=\"765\" data-end=\"780\">Stabilit\u00e4t:<\/strong> Sie verhindern das Anheben und Verrutschen von Abdeckungen, was die Wirksamkeit des Pflanzenschutzes gegen Unkraut und widrige Wetterbedingungen erh\u00f6ht.<\/li>\n<li data-start=\"369\" data-end=\"1057\"><strong data-start=\"953\" data-end=\"971\">Vielseitigkeit:<\/strong> Sie eignen sich f\u00fcr die Befestigung verschiedener Arten von Agro-Textilien und Agro-Textilien mit unterschiedlichen Gewichten.<\/li>\n<li data-start=\"369\" data-end=\"1057\"><strong>L\u00e4nge:<\/strong> 150 mm<\/li>\n<li data-start=\"369\" data-end=\"1057\"><strong>Verpackung:<\/strong> 100 St\u00fcck<\/li>\n<\/ul>\n<h3 data-start=\"1059\" data-end=\"1082\"><strong data-start=\"1063\" data-end=\"1080\">Anwendung:<\/strong><\/h3>\n<ul>\n<li data-start=\"1084\" data-end=\"1574\"><strong data-start=\"1087\" data-end=\"1132\">Schutz von Agro-Textilien und Agro-Textilien<\/strong> - wirksame Befestigung am Boden, die verhindert, dass sie vom Wind weggetragen werden.<\/li>\n<li data-start=\"1084\" data-end=\"1574\"><strong data-start=\"1337\" data-end=\"1364\">Entwicklung des Gartens<\/strong> - Stabilisierung von Mulchmaterial in Blumenbeeten und Plastiktunneln.<\/li>\n<li data-start=\"1084\" data-end=\"1574\"><strong data-start=\"1443\" data-end=\"1460\">Schutz des Bodens<\/strong> - das im Gartenbau und in der Landwirtschaft verwendet wird, tr\u00e4gt dazu bei, die Bodenstruktur zu erhalten und die Bodenerosion zu verringern.<\/li>\n<\/ul>\n<h3 data-start=\"1576\" data-end=\"1656\"><strong data-start=\"1580\" data-end=\"1654\">Warum sollte man sich f\u00fcr D\u00fcbel zur Befestigung von Agrotextilien entscheiden?<\/strong><\/h3>\n<p data-start=\"1657\" data-end=\"1975\" data-is-last-node=\"\" data-is-only-node=\"\">Verankerungen sorgen f\u00fcr die Stabilit\u00e4t und Wirksamkeit von sch\u00fctzenden Mulchmaterialien f\u00fcr den effektiven Einsatz im Gartenbau und in der Landwirtschaft. Sie sind langlebig, wiederverwendbar und einfach zu installieren. Das macht sie zu einem unverzichtbaren Element f\u00fcr alle, die ihre Pflanzen auf professionelle und umweltfreundliche Weise pflegen wollen.<\/p>","protected":false},"excerpt":{"rendered":"<p>Kotwica do mocowania agrow\u0142\u00f3kniny \u2013 solidne i trwa\u0142e rozwi\u0105zanie Kotwice do mocowania agrow\u0142\u00f3kniny i agrotkaniny to niezwykle praktyczne akcesoria, kt\u00f3re zapewniaj\u0105 stabilne i trwa\u0142e przymocowanie materia\u0142\u00f3w \u015bci\u00f3\u0142kuj\u0105cych do pod\u0142o\u017ca. Dzi\u0119ki nim agrow\u0142\u00f3knina oraz agrotkanina nie przesuwaj\u0105 si\u0119 pod wp\u0142ywem wiatru ani czynnik\u00f3w atmosferycznych, co zwi\u0119ksza ich skuteczno\u015b\u0107 w ochronie ro\u015blin i gleby. Najwa\u017cniejsze cechy: Wytrzyma\u0142o\u015b\u0107: [&hellip;]<\/p>","protected":false},"featured_media":4510,"template":"","meta":{"site-sidebar-layout":"default","site-content-layout":"","ast-site-content-layout":"default","site-content-style":"default","site-sidebar-style":"default","ast-global-header-display":"","ast-banner-title-visibility":"","ast-main-header-display":"","ast-hfb-above-header-display":"","ast-hfb-below-header-display":"","ast-hfb-mobile-header-display":"","site-post-title":"","ast-breadcrumbs-content":"","ast-featured-img":"","footer-sml-layout":"","theme-transparent-header-meta":"default","adv-header-id-meta":"","stick-header-meta":"default","header-above-stick-meta":"","header-main-stick-meta":"","header-below-stick-meta":"","astra-migrate-meta-layouts":"set","ast-page-background-enabled":"default","ast-page-background-meta":{"desktop":{"background-color":"var(--ast-global-color-4)","background-image":"","background-repeat":"repeat","background-position":"center center","background-size":"auto","background-attachment":"scroll","background-type":"","background-media":"","overlay-type":"","overlay-color":"","overlay-opacity":"","overlay-gradient":""},"tablet":{"background-color":"","background-image":"","background-repeat":"repeat","background-position":"center center","background-size":"auto","background-attachment":"scroll","background-type":"","background-media":"","overlay-type":"","overlay-color":"","overlay-opacity":"","overlay-gradient":""},"mobile":{"background-color":"","background-image":"","background-repeat":"repeat","background-position":"center center","background-size":"auto","background-attachment":"scroll","background-type":"","background-media":"","overlay-type":"","overlay-color":"","overlay-opacity":"","overlay-gradient":""}},"ast-content-background-meta":{"desktop":{"background-color":"var(--ast-global-color-5)","background-image":"","background-repeat":"repeat","background-position":"center center","background-size":"auto","background-attachment":"scroll","background-type":"","background-media":"","overlay-type":"","overlay-color":"","overlay-opacity":"","overlay-gradient":""},"tablet":{"background-color":"var(--ast-global-color-5)","background-image":"","background-repeat":"repeat","background-position":"center center","background-size":"auto","background-attachment":"scroll","background-type":"","background-media":"","overlay-type":"","overlay-color":"","overlay-opacity":"","overlay-gradient":""},"mobile":{"background-color":"var(--ast-global-color-5)","background-image":"","background-repeat":"repeat","background-position":"center center","background-size":"auto","background-attachment":"scroll","background-type":"","background-media":"","overlay-type":"","overlay-color":"","overlay-opacity":"","overlay-gradient":""}}},"product_brand":[],"product_cat":[244],"product_tag":[],"class_list":{"0":"post-4508","1":"product","2":"type-product","3":"status-publish","4":"has-post-thumbnail","6":"product_cat-kotwice-i-szpilki-do-mocowania","7":"desktop-align-left","8":"tablet-align-left","9":"mobile-align-left","10":"ast-product-gallery-layout-horizontal","11":"ast-product-tabs-layout-horizontal","13":"first","14":"instock","15":"shipping-taxable","16":"product-type-simple"},"_links":{"self":[{"href":"https:\/\/wimar.net\/de\/wp-json\/wp\/v2\/product\/4508","targetHints":{"allow":["GET"]}}],"collection":[{"href":"https:\/\/wimar.net\/de\/wp-json\/wp\/v2\/product"}],"about":[{"href":"https:\/\/wimar.net\/de\/wp-json\/wp\/v2\/types\/product"}],"version-history":[{"count":2,"href":"https:\/\/wimar.net\/de\/wp-json\/wp\/v2\/product\/4508\/revisions"}],"predecessor-version":[{"id":4519,"href":"https:\/\/wimar.net\/de\/wp-json\/wp\/v2\/product\/4508\/revisions\/4519"}],"wp:featuredmedia":[{"embeddable":true,"href":"https:\/\/wimar.net\/de\/wp-json\/wp\/v2\/media\/4510"}],"wp:attachment":[{"href":"https:\/\/wimar.net\/de\/wp-json\/wp\/v2\/media?parent=4508"}],"wp:term":[{"taxonomy":"product_brand","embeddable":true,"href":"https:\/\/wimar.net\/de\/wp-json\/wp\/v2\/product_brand?post=4508"},{"taxonomy":"product_cat","embeddable":true,"href":"https:\/\/wimar.net\/de\/wp-json\/wp\/v2\/product_cat?post=4508"},{"taxonomy":"product_tag","embeddable":true,"href":"https:\/\/wimar.net\/de\/wp-json\/wp\/v2\/product_tag?post=4508"}],"curies":[{"name":"wp","href":"https:\/\/api.w.org\/{rel}","templated":true}]}}