{"id":4515,"date":"2025-02-24T11:54:38","date_gmt":"2025-02-24T10:54:38","guid":{"rendered":"https:\/\/wimar.net\/?post_type=product&#038;p=4515"},"modified":"2025-02-24T12:15:03","modified_gmt":"2025-02-24T11:15:03","slug":"19cm-stifte-zur-befestigung-von-agro-textilien-agro-blocs","status":"publish","type":"product","link":"https:\/\/wimar.net\/de\/produkt\/19cm-stifte-zur-befestigung-von-agro-textilien-agro-blocs\/","title":{"rendered":"19cm Stecknadeln zur Befestigung von Agro-Textilien, Agro-Gewebe"},"content":{"rendered":"<h3 data-start=\"92\" data-end=\"145\"><strong data-start=\"92\" data-end=\"143\">Nadeln zur Befestigung von Agrotextilien und Agrotextiliengewebe<\/strong><\/h3>\n<p data-start=\"147\" data-end=\"465\">Gartenstecknadeln sind ein robustes und praktisches Zubeh\u00f6r, mit dem Agrotextilien, Agrartextilien und andere Schutzmaterialien sicher am Boden befestigt werden k\u00f6nnen. Dank ihnen bleiben die Textilien auch bei schwierigen Witterungsbedingungen an Ort und Stelle und verhindern Windverwehungen und Bewegungen.<\/p>\n<h3 data-start=\"467\" data-end=\"493\"><strong data-start=\"467\" data-end=\"491\">Wesentliche Merkmale:<\/strong><\/h3>\n<ul data-start=\"495\" data-end=\"1062\">\n<li data-start=\"495\" data-end=\"590\"><strong data-start=\"497\" data-end=\"514\">Resilienz:<\/strong> Hergestellt aus robustem pp-Kunststoff, resistent gegen Besch\u00e4digung und Korrosion.<\/li>\n<li data-start=\"591\" data-end=\"705\"><strong data-start=\"593\" data-end=\"608\">Stabilit\u00e4t:<\/strong> Die scharfe Spitze erleichtert das Einstechen in den Boden und der breite Kopf sorgt f\u00fcr einen besseren Halt auf dem Stoff.<\/li>\n<li data-start=\"706\" data-end=\"823\"><strong data-start=\"708\" data-end=\"726\">Vielseitigkeit:<\/strong> Geeignet f\u00fcr die Befestigung von Agro-Textilien, Agro-Textilien-Gewebe.<\/li>\n<li data-start=\"824\" data-end=\"943\"><strong data-start=\"826\" data-end=\"865\">Witterungsbest\u00e4ndigkeit:<\/strong> Unver\u00e4nderte Funktionalit\u00e4t unabh\u00e4ngig von Regen, Frost oder starker Sonne.<\/li>\n<li data-start=\"944\" data-end=\"1062\"><strong data-start=\"946\" data-end=\"971\">Wiederverwendbar:<\/strong> Wiederverwendbar, daher eine wirtschaftliche und umweltfreundliche L\u00f6sung.<\/li>\n<li data-start=\"944\" data-end=\"1062\"><strong>L\u00e4nge:<\/strong> 190 mm<\/li>\n<li data-start=\"944\" data-end=\"1062\"><strong>Verpackung:<\/strong> 100 St\u00fcck<\/li>\n<\/ul>\n<h3 data-start=\"1064\" data-end=\"1083\"><strong data-start=\"1064\" data-end=\"1081\">Anwendung:<\/strong><\/h3>\n<ul data-start=\"1085\" data-end=\"1478\">\n<li data-start=\"1085\" data-end=\"1203\"><strong>Fixierung von Agrotextilien und Agrogeweben <\/strong>- verhindert die Bewegung des Gewebes und erm\u00f6glicht einen wirksamen Pflanzenschutz.<\/li>\n<li data-start=\"1204\" data-end=\"1289\"><strong>Stabilisierung von Sonnenschutznetzen und -folien<\/strong> - macht es einfacher, sie an ihrem Platz zu halten.<\/li>\n<li data-start=\"1290\" data-end=\"1380\"><strong>Pflege von Mulchmatten<\/strong> - sch\u00fctzt wirksam vor Unkraut und Bodenerosion.<\/li>\n<li data-start=\"1381\" data-end=\"1478\"><strong>Befestigung von dekorativen Elementen im Garten<\/strong> - z. B. leichte Z\u00e4une oder dekorative Einfassungen.<\/li>\n<\/ul>\n<p data-start=\"1480\" data-end=\"1933\"><strong data-start=\"1480\" data-end=\"1531\">Warum sollten Sie sich f\u00fcr unsere Gartennadeln entscheiden?<\/strong><br data-start=\"1531\" data-end=\"1534\" \/>Stecknadeln zum Befestigen von Agrofasern und Agrogewebe sind ein unverzichtbares Werkzeug in jedem Garten. Dank ihrer Langlebigkeit, Witterungsbest\u00e4ndigkeit und einfachen Handhabung sind sie sowohl f\u00fcr Hobbyg\u00e4rtner als auch f\u00fcr professionelle G\u00e4rtner ideal. Sie halten die Schutzgewebe lange an Ort und Stelle, bieten einen wirksamen Pflanzenschutz und reduzieren das Unkrautwachstum.<\/p>","protected":false},"excerpt":{"rendered":"<p>Szpilki do mocowania agrow\u0142\u00f3kniny i agrotkaniny Szpilki ogrodnicze to solidne i praktyczne akcesoria, kt\u00f3re umo\u017cliwiaj\u0105 stabilne przymocowanie agrow\u0142\u00f3kniny, agrotkaniny oraz innych materia\u0142\u00f3w ochronnych do pod\u0142o\u017ca. Dzi\u0119ki nim tkaniny pozostaj\u0105 na swoim miejscu nawet w trudnych warunkach atmosferycznych, zapobiegaj\u0105c podwiewaniu przez wiatr i przemieszczaniu si\u0119. Najwa\u017cniejsze cechy: Wytrzyma\u0142o\u015b\u0107: Wykonane z mocnego tworzywa pp, odporne na uszkodzenia [&hellip;]<\/p>","protected":false},"featured_media":4518,"template":"","meta":{"site-sidebar-layout":"default","site-content-layout":"","ast-site-content-layout":"default","site-content-style":"default","site-sidebar-style":"default","ast-global-header-display":"","ast-banner-title-visibility":"","ast-main-header-display":"","ast-hfb-above-header-display":"","ast-hfb-below-header-display":"","ast-hfb-mobile-header-display":"","site-post-title":"","ast-breadcrumbs-content":"","ast-featured-img":"","footer-sml-layout":"","theme-transparent-header-meta":"default","adv-header-id-meta":"","stick-header-meta":"default","header-above-stick-meta":"","header-main-stick-meta":"","header-below-stick-meta":"","astra-migrate-meta-layouts":"set","ast-page-background-enabled":"default","ast-page-background-meta":{"desktop":{"background-color":"var(--ast-global-color-4)","background-image":"","background-repeat":"repeat","background-position":"center center","background-size":"auto","background-attachment":"scroll","background-type":"","background-media":"","overlay-type":"","overlay-color":"","overlay-opacity":"","overlay-gradient":""},"tablet":{"background-color":"","background-image":"","background-repeat":"repeat","background-position":"center center","background-size":"auto","background-attachment":"scroll","background-type":"","background-media":"","overlay-type":"","overlay-color":"","overlay-opacity":"","overlay-gradient":""},"mobile":{"background-color":"","background-image":"","background-repeat":"repeat","background-position":"center center","background-size":"auto","background-attachment":"scroll","background-type":"","background-media":"","overlay-type":"","overlay-color":"","overlay-opacity":"","overlay-gradient":""}},"ast-content-background-meta":{"desktop":{"background-color":"var(--ast-global-color-5)","background-image":"","background-repeat":"repeat","background-position":"center center","background-size":"auto","background-attachment":"scroll","background-type":"","background-media":"","overlay-type":"","overlay-color":"","overlay-opacity":"","overlay-gradient":""},"tablet":{"background-color":"var(--ast-global-color-5)","background-image":"","background-repeat":"repeat","background-position":"center center","background-size":"auto","background-attachment":"scroll","background-type":"","background-media":"","overlay-type":"","overlay-color":"","overlay-opacity":"","overlay-gradient":""},"mobile":{"background-color":"var(--ast-global-color-5)","background-image":"","background-repeat":"repeat","background-position":"center center","background-size":"auto","background-attachment":"scroll","background-type":"","background-media":"","overlay-type":"","overlay-color":"","overlay-opacity":"","overlay-gradient":""}}},"product_brand":[],"product_cat":[244],"product_tag":[],"class_list":{"0":"post-4515","1":"product","2":"type-product","3":"status-publish","4":"has-post-thumbnail","6":"product_cat-kotwice-i-szpilki-do-mocowania","7":"desktop-align-left","8":"tablet-align-left","9":"mobile-align-left","10":"ast-product-gallery-layout-horizontal","11":"ast-product-tabs-layout-horizontal","13":"first","14":"instock","15":"shipping-taxable","16":"product-type-simple"},"_links":{"self":[{"href":"https:\/\/wimar.net\/de\/wp-json\/wp\/v2\/product\/4515","targetHints":{"allow":["GET"]}}],"collection":[{"href":"https:\/\/wimar.net\/de\/wp-json\/wp\/v2\/product"}],"about":[{"href":"https:\/\/wimar.net\/de\/wp-json\/wp\/v2\/types\/product"}],"version-history":[{"count":1,"href":"https:\/\/wimar.net\/de\/wp-json\/wp\/v2\/product\/4515\/revisions"}],"predecessor-version":[{"id":4520,"href":"https:\/\/wimar.net\/de\/wp-json\/wp\/v2\/product\/4515\/revisions\/4520"}],"wp:featuredmedia":[{"embeddable":true,"href":"https:\/\/wimar.net\/de\/wp-json\/wp\/v2\/media\/4518"}],"wp:attachment":[{"href":"https:\/\/wimar.net\/de\/wp-json\/wp\/v2\/media?parent=4515"}],"wp:term":[{"taxonomy":"product_brand","embeddable":true,"href":"https:\/\/wimar.net\/de\/wp-json\/wp\/v2\/product_brand?post=4515"},{"taxonomy":"product_cat","embeddable":true,"href":"https:\/\/wimar.net\/de\/wp-json\/wp\/v2\/product_cat?post=4515"},{"taxonomy":"product_tag","embeddable":true,"href":"https:\/\/wimar.net\/de\/wp-json\/wp\/v2\/product_tag?post=4515"}],"curies":[{"name":"wp","href":"https:\/\/api.w.org\/{rel}","templated":true}]}}