{"id":4612,"date":"2025-02-25T10:17:24","date_gmt":"2025-02-25T09:17:24","guid":{"rendered":"https:\/\/wimar.net\/?post_type=product&#038;p=4612"},"modified":"2025-03-25T08:58:48","modified_gmt":"2025-03-25T07:58:48","slug":"max-band-10-fur-bandagierer-zum-binden-von-pflanzen","status":"publish","type":"product","link":"https:\/\/wimar.net\/de\/produkt\/max-band-10-fur-bandagierer-zum-binden-von-pflanzen\/","title":{"rendered":"Max Tape-10 f\u00fcr Tapeners"},"content":{"rendered":"<h3 data-start=\"0\" data-end=\"51\">Max Band f\u00fcr Tapener HT-R Serie<\/h3>\n<p data-start=\"53\" data-end=\"271\">Dieses Band ist ein hochwertiges Band, das f\u00fcr die HT-R-Serie (HT-R1; HT-R45C) entwickelt wurde und ideal f\u00fcr die schnelle und effiziente Befestigung von Pflanzen ist. Dank seiner Langlebigkeit und Flexibilit\u00e4t erleichtert es die Bewirtschaftung und die Organisation des Gartens.<\/p>\n<h3 data-start=\"273\" data-end=\"299\">Wesentliche Merkmale:<\/h3>\n<ul>\n<li data-start=\"300\" data-end=\"720\"><strong data-start=\"302\" data-end=\"318\">Robustheit<\/strong> - Das starke und flexible Gurtband sorgt daf\u00fcr, dass die Pflanzen sicher und dauerhaft angebunden sind.<\/li>\n<li data-start=\"300\" data-end=\"720\"><strong data-start=\"391\" data-end=\"417\">Passgenauigkeit<\/strong> - Die geeignete Breite (11 mm) und L\u00e4nge (40 m) erm\u00f6glichen eine effiziente Nutzung.<\/li>\n<li data-start=\"300\" data-end=\"720\"><strong data-start=\"507\" data-end=\"536\">Sicherheit f\u00fcr Pflanzen<\/strong> - Die zarte Struktur des Bandes besch\u00e4digt die St\u00e4mme nicht und erm\u00f6glicht ein gesundes Wachstum.<\/li>\n<li data-start=\"300\" data-end=\"720\"><strong data-start=\"617\" data-end=\"637\">Schnelle Anwendung<\/strong> - Speziell f\u00fcr die Gewindebohrer der HT-R-Serie (HT-R1; HT-R45C) f\u00fcr mehr Komfort und Zeitersparnis.<\/li>\n<li data-start=\"300\" data-end=\"720\"><strong>L\u00e4nge der Rolle<\/strong> - 40 m<\/li>\n<li data-start=\"300\" data-end=\"720\"><strong>Dicke des G\u00fcrtels<\/strong> - 0,10 mm<\/li>\n<li data-start=\"300\" data-end=\"720\"><strong>Breite des G\u00fcrtels<\/strong> - 11 mm<\/li>\n<\/ul>\n<h3 data-start=\"722\" data-end=\"741\">Anwendung:<\/h3>\n<ul>\n<li data-start=\"742\" data-end=\"1048\"><strong data-start=\"745\" data-end=\"769\">Binden von Pflanzen<\/strong> - Ideal f\u00fcr Tomaten, Weinreben, Gurken und andere Kletterpflanzen.<\/li>\n<li data-start=\"742\" data-end=\"1048\"><strong data-start=\"838\" data-end=\"865\">Obstanbau und Landwirtschaft<\/strong> - Unentbehrlich f\u00fcr Baumschulen und Obstkulturen.<\/li>\n<li data-start=\"742\" data-end=\"1048\"><strong data-start=\"930\" data-end=\"967\">Gartenbau und Hobbykulturen<\/strong> - Erleichtert die Organisation und Pflege von Pflanzen in Kunststofftunneln und G\u00e4rten.<\/li>\n<\/ul>\n<h3 data-start=\"1050\" data-end=\"1089\">Warum Max Tape w\u00e4hlen?<\/h3>\n<p data-start=\"1090\" data-end=\"1397\" data-is-last-node=\"\" data-is-only-node=\"\">Dieses Band ist eine zuverl\u00e4ssige L\u00f6sung f\u00fcr Landwirte, G\u00e4rtner und Obstbauern. Es erm\u00f6glicht ein schnelles und bequemes Anbinden von Pflanzen und verbessert deren Wachstum und Stabilit\u00e4t. Die Kompatibilit\u00e4t mit den HT-R-Bandaggregaten macht es zu einem praktischen und effektiven Werkzeug zur Verbesserung Ihrer Arbeit im Garten oder auf der Plantage.<\/p>","protected":false},"excerpt":{"rendered":"<p>Ta\u015bma Max do Tapenera serii HT-R Ta\u015bma ta to wysokiej jako\u015bci ta\u015bma przeznaczona do tapener\u00f3w serii HT-R (HT-R1; HT-R45C), idealna do szybkiego i efektywnego mocowania ro\u015blin. Dzi\u0119ki swojej trwa\u0142o\u015bci i elastyczno\u015bci u\u0142atwia prowadzenie upraw i organizacj\u0119 ogrodu. Najwa\u017cniejsze cechy: Wytrzyma\u0142o\u015b\u0107 \u2013 Mocna i elastyczna ta\u015bma zapewnia pewne i trwa\u0142e wi\u0105zanie ro\u015blin. Precyzyjne dopasowanie \u2013 Odpowiednia [&hellip;]<\/p>","protected":false},"featured_media":4614,"template":"","meta":{"site-sidebar-layout":"default","site-content-layout":"","ast-site-content-layout":"default","site-content-style":"default","site-sidebar-style":"default","ast-global-header-display":"","ast-banner-title-visibility":"","ast-main-header-display":"","ast-hfb-above-header-display":"","ast-hfb-below-header-display":"","ast-hfb-mobile-header-display":"","site-post-title":"","ast-breadcrumbs-content":"","ast-featured-img":"","footer-sml-layout":"","theme-transparent-header-meta":"default","adv-header-id-meta":"","stick-header-meta":"default","header-above-stick-meta":"","header-main-stick-meta":"","header-below-stick-meta":"","astra-migrate-meta-layouts":"set","ast-page-background-enabled":"default","ast-page-background-meta":{"desktop":{"background-color":"var(--ast-global-color-4)","background-image":"","background-repeat":"repeat","background-position":"center center","background-size":"auto","background-attachment":"scroll","background-type":"","background-media":"","overlay-type":"","overlay-color":"","overlay-opacity":"","overlay-gradient":""},"tablet":{"background-color":"","background-image":"","background-repeat":"repeat","background-position":"center center","background-size":"auto","background-attachment":"scroll","background-type":"","background-media":"","overlay-type":"","overlay-color":"","overlay-opacity":"","overlay-gradient":""},"mobile":{"background-color":"","background-image":"","background-repeat":"repeat","background-position":"center center","background-size":"auto","background-attachment":"scroll","background-type":"","background-media":"","overlay-type":"","overlay-color":"","overlay-opacity":"","overlay-gradient":""}},"ast-content-background-meta":{"desktop":{"background-color":"var(--ast-global-color-5)","background-image":"","background-repeat":"repeat","background-position":"center center","background-size":"auto","background-attachment":"scroll","background-type":"","background-media":"","overlay-type":"","overlay-color":"","overlay-opacity":"","overlay-gradient":""},"tablet":{"background-color":"var(--ast-global-color-5)","background-image":"","background-repeat":"repeat","background-position":"center center","background-size":"auto","background-attachment":"scroll","background-type":"","background-media":"","overlay-type":"","overlay-color":"","overlay-opacity":"","overlay-gradient":""},"mobile":{"background-color":"var(--ast-global-color-5)","background-image":"","background-repeat":"repeat","background-position":"center center","background-size":"auto","background-attachment":"scroll","background-type":"","background-media":"","overlay-type":"","overlay-color":"","overlay-opacity":"","overlay-gradient":""}}},"product_brand":[],"product_cat":[331],"product_tag":[],"class_list":{"0":"post-4612","1":"product","2":"type-product","3":"status-publish","4":"has-post-thumbnail","6":"product_cat-tasma-10","7":"desktop-align-left","8":"tablet-align-left","9":"mobile-align-left","10":"ast-product-gallery-layout-horizontal","11":"ast-product-tabs-layout-horizontal","13":"first","14":"instock","15":"shipping-taxable","16":"product-type-simple"},"_links":{"self":[{"href":"https:\/\/wimar.net\/de\/wp-json\/wp\/v2\/product\/4612","targetHints":{"allow":["GET"]}}],"collection":[{"href":"https:\/\/wimar.net\/de\/wp-json\/wp\/v2\/product"}],"about":[{"href":"https:\/\/wimar.net\/de\/wp-json\/wp\/v2\/types\/product"}],"version-history":[{"count":3,"href":"https:\/\/wimar.net\/de\/wp-json\/wp\/v2\/product\/4612\/revisions"}],"predecessor-version":[{"id":6392,"href":"https:\/\/wimar.net\/de\/wp-json\/wp\/v2\/product\/4612\/revisions\/6392"}],"wp:featuredmedia":[{"embeddable":true,"href":"https:\/\/wimar.net\/de\/wp-json\/wp\/v2\/media\/4614"}],"wp:attachment":[{"href":"https:\/\/wimar.net\/de\/wp-json\/wp\/v2\/media?parent=4612"}],"wp:term":[{"taxonomy":"product_brand","embeddable":true,"href":"https:\/\/wimar.net\/de\/wp-json\/wp\/v2\/product_brand?post=4612"},{"taxonomy":"product_cat","embeddable":true,"href":"https:\/\/wimar.net\/de\/wp-json\/wp\/v2\/product_cat?post=4612"},{"taxonomy":"product_tag","embeddable":true,"href":"https:\/\/wimar.net\/de\/wp-json\/wp\/v2\/product_tag?post=4612"}],"curies":[{"name":"wp","href":"https:\/\/api.w.org\/{rel}","templated":true}]}}