{"id":4691,"date":"2025-02-26T08:17:26","date_gmt":"2025-02-26T07:17:26","guid":{"rendered":"https:\/\/wimar.net\/?post_type=product&#038;p=4691"},"modified":"2025-09-03T14:38:22","modified_gmt":"2025-09-03T12:38:22","slug":"obstgartenschlauch-elastisch-4x05mm-gelb-5kg-rolle","status":"publish","type":"product","link":"https:\/\/wimar.net\/de\/produkt\/obstgartenschlauch-elastisch-4x05mm-gelb-5kg-rolle\/","title":{"rendered":"Gartenschlauch elastisch 4\u00d70,5mm gelbe Rolle 5kg"},"content":{"rendered":"<h3 data-start=\"0\" data-end=\"31\">Orchard-Schlauch 4\u00d70,5 mm<\/h3>\n<p data-start=\"0\" data-end=\"31\">Der Obstgartenschlauch 4\u00d70,5 mm ist eine flexible und robuste L\u00f6sung f\u00fcr die Befestigung und Unterst\u00fctzung von Pflanzen in Obstg\u00e4rten, G\u00e4rten und Baumschulen. Mit ausreichender Flexibilit\u00e4t und Witterungsbest\u00e4ndigkeit bietet er den Pflanzen Stabilit\u00e4t, ohne sie zu besch\u00e4digen.<\/p>\n<h3><strong data-start=\"326\" data-end=\"350\">Wesentliche Merkmale:<\/strong><\/h3>\n<ul>\n<li data-start=\"326\" data-end=\"937\"><strong data-start=\"355\" data-end=\"372\">Resilienz:<\/strong> Hergestellt aus flexiblem, witterungsbest\u00e4ndigem Material f\u00fcr eine lange Lebensdauer.<\/li>\n<li data-start=\"326\" data-end=\"937\"><strong data-start=\"477\" data-end=\"494\">Flexibilit\u00e4t:<\/strong> Er passt sich der Pflanze an, ohne sie zu sch\u00e4digen oder unter Druck zu setzen.<\/li>\n<li data-start=\"326\" data-end=\"937\"><strong data-start=\"567\" data-end=\"606\">Witterungsbest\u00e4ndigkeit:<\/strong> Unver\u00e4nderte Qualit\u00e4t auch bei l\u00e4ngerer Einwirkung von Sonne, Regen und Frost.<\/li>\n<li data-start=\"326\" data-end=\"937\"><strong data-start=\"690\" data-end=\"714\">Benutzerfreundlichkeit:<\/strong> Wiederverwendbar, leicht auf die gew\u00fcnschte L\u00e4nge zu schneiden.<\/li>\n<li data-start=\"326\" data-end=\"937\"><strong data-start=\"795\" data-end=\"813\">Vielseitigkeit:<\/strong> Geeignet f\u00fcr den Einsatz in Obst- und Gem\u00fcseg\u00e4rten, Weinreben und anderen Pflanzen, die stabilisiert werden m\u00fcssen.<\/li>\n<li data-start=\"326\" data-end=\"937\"><strong>Durchmesser:<\/strong> 4 mm<\/li>\n<li data-start=\"326\" data-end=\"937\"><strong>Wandst\u00e4rke:<\/strong> 0,5 mm<\/li>\n<li data-start=\"326\" data-end=\"937\"><strong>Leistung:<\/strong> 520mb<\/li>\n<\/ul>\n<h3><strong data-start=\"939\" data-end=\"956\">Anwendung:<\/strong><\/h3>\n<ul>\n<li data-start=\"939\" data-end=\"1369\"><strong data-start=\"962\" data-end=\"1007\">Anpflanzungen von Obstb\u00e4umen und -str\u00e4uchern<\/strong> - ideal zur Stabilisierung von \u00c4pfeln, Birnen, Kirschen und anderen Pflanzen.<\/li>\n<li data-start=\"939\" data-end=\"1369\"><strong data-start=\"1083\" data-end=\"1115\">Weinbau und Tomatenanbau<\/strong> - st\u00fctzt Kletterpflanzen, ohne sie zu besch\u00e4digen.<\/li>\n<li data-start=\"939\" data-end=\"1369\"><strong data-start=\"1175\" data-end=\"1202\">Gartenbaubetriebe und Baumschulen<\/strong> - hilft bei der Bildung von Jungpflanzen und ihrem richtigen Wachstum.<\/li>\n<li data-start=\"939\" data-end=\"1369\"><strong data-start=\"1273\" data-end=\"1307\">Befestigung von Bauteilen im Garten<\/strong> - auch f\u00fcr die Befestigung von leichten Strukturen und Abdeckungen geeignet.<\/li>\n<\/ul>\n<h3 data-start=\"1371\" data-end=\"1687\"><strong data-start=\"1371\" data-end=\"1423\">Warum sollten Sie sich f\u00fcr einen 4\u00d70,5 mm Obstgartenschlauch entscheiden?<\/strong><\/h3>\n<p data-start=\"1371\" data-end=\"1687\">Er ist eine praktische, langlebige und umweltfreundliche L\u00f6sung, die die Pflege der Pflanzen erleichtert und ihr gutes Wachstum sicherstellt. Dank seiner hochwertigen Verarbeitung kann der Schlauch immer wieder verwendet werden, was ihn zu einer wirtschaftlichen Wahl f\u00fcr Obstbauern, G\u00e4rtner und Hobbyisten macht.<\/p>","protected":false},"excerpt":{"rendered":"<p>W\u0105\u017c sadowniczy 4&#215;0,5 mm W\u0119\u017cyk sadowniczy 4&#215;0,5 mm to elastyczne i wytrzyma\u0142e rozwi\u0105zanie przeznaczone do mocowania i podtrzymywania ro\u015blin w sadach, ogrodach oraz szk\u00f3\u0142kach. Dzi\u0119ki odpowiedniej gi\u0119tko\u015bci i odporno\u015bci na warunki atmosferyczne, zapewnia stabilno\u015b\u0107 ro\u015blinom bez ich uszkadzania. Najwa\u017cniejsze cechy: Wytrzyma\u0142o\u015b\u0107: Wykonany z elastycznego, odpornego na warunki zewn\u0119trzne materia\u0142u, kt\u00f3ry zapewnia d\u0142ug\u0105 \u017cywotno\u015b\u0107. Elastyczno\u015b\u0107: Dopasowuje [&hellip;]<\/p>","protected":false},"featured_media":6844,"template":"","meta":{"site-sidebar-layout":"default","site-content-layout":"","ast-site-content-layout":"default","site-content-style":"default","site-sidebar-style":"default","ast-global-header-display":"","ast-banner-title-visibility":"","ast-main-header-display":"","ast-hfb-above-header-display":"","ast-hfb-below-header-display":"","ast-hfb-mobile-header-display":"","site-post-title":"","ast-breadcrumbs-content":"","ast-featured-img":"","footer-sml-layout":"","theme-transparent-header-meta":"default","adv-header-id-meta":"","stick-header-meta":"default","header-above-stick-meta":"","header-main-stick-meta":"","header-below-stick-meta":"","astra-migrate-meta-layouts":"set","ast-page-background-enabled":"default","ast-page-background-meta":{"desktop":{"background-color":"var(--ast-global-color-4)","background-image":"","background-repeat":"repeat","background-position":"center center","background-size":"auto","background-attachment":"scroll","background-type":"","background-media":"","overlay-type":"","overlay-color":"","overlay-opacity":"","overlay-gradient":""},"tablet":{"background-color":"","background-image":"","background-repeat":"repeat","background-position":"center center","background-size":"auto","background-attachment":"scroll","background-type":"","background-media":"","overlay-type":"","overlay-color":"","overlay-opacity":"","overlay-gradient":""},"mobile":{"background-color":"","background-image":"","background-repeat":"repeat","background-position":"center center","background-size":"auto","background-attachment":"scroll","background-type":"","background-media":"","overlay-type":"","overlay-color":"","overlay-opacity":"","overlay-gradient":""}},"ast-content-background-meta":{"desktop":{"background-color":"var(--ast-global-color-5)","background-image":"","background-repeat":"repeat","background-position":"center center","background-size":"auto","background-attachment":"scroll","background-type":"","background-media":"","overlay-type":"","overlay-color":"","overlay-opacity":"","overlay-gradient":""},"tablet":{"background-color":"var(--ast-global-color-5)","background-image":"","background-repeat":"repeat","background-position":"center center","background-size":"auto","background-attachment":"scroll","background-type":"","background-media":"","overlay-type":"","overlay-color":"","overlay-opacity":"","overlay-gradient":""},"mobile":{"background-color":"var(--ast-global-color-5)","background-image":"","background-repeat":"repeat","background-position":"center center","background-size":"auto","background-attachment":"scroll","background-type":"","background-media":"","overlay-type":"","overlay-color":"","overlay-opacity":"","overlay-gradient":""}}},"product_brand":[],"product_cat":[290],"product_tag":[],"class_list":{"0":"post-4691","1":"product","2":"type-product","3":"status-publish","4":"has-post-thumbnail","6":"product_cat-waz-4x05-elastic-zolty-rolka-5kg","7":"desktop-align-left","8":"tablet-align-left","9":"mobile-align-left","10":"ast-product-gallery-layout-horizontal","11":"ast-product-tabs-layout-horizontal","13":"first","14":"instock","15":"shipping-taxable","16":"product-type-simple"},"_links":{"self":[{"href":"https:\/\/wimar.net\/de\/wp-json\/wp\/v2\/product\/4691","targetHints":{"allow":["GET"]}}],"collection":[{"href":"https:\/\/wimar.net\/de\/wp-json\/wp\/v2\/product"}],"about":[{"href":"https:\/\/wimar.net\/de\/wp-json\/wp\/v2\/types\/product"}],"version-history":[{"count":1,"href":"https:\/\/wimar.net\/de\/wp-json\/wp\/v2\/product\/4691\/revisions"}],"predecessor-version":[{"id":4694,"href":"https:\/\/wimar.net\/de\/wp-json\/wp\/v2\/product\/4691\/revisions\/4694"}],"wp:featuredmedia":[{"embeddable":true,"href":"https:\/\/wimar.net\/de\/wp-json\/wp\/v2\/media\/6844"}],"wp:attachment":[{"href":"https:\/\/wimar.net\/de\/wp-json\/wp\/v2\/media?parent=4691"}],"wp:term":[{"taxonomy":"product_brand","embeddable":true,"href":"https:\/\/wimar.net\/de\/wp-json\/wp\/v2\/product_brand?post=4691"},{"taxonomy":"product_cat","embeddable":true,"href":"https:\/\/wimar.net\/de\/wp-json\/wp\/v2\/product_cat?post=4691"},{"taxonomy":"product_tag","embeddable":true,"href":"https:\/\/wimar.net\/de\/wp-json\/wp\/v2\/product_tag?post=4691"}],"curies":[{"name":"wp","href":"https:\/\/api.w.org\/{rel}","templated":true}]}}