{"id":4714,"date":"2025-02-26T10:49:32","date_gmt":"2025-02-26T09:49:32","guid":{"rendered":"https:\/\/wimar.net\/?post_type=product&#038;p=4714"},"modified":"2025-03-14T14:46:40","modified_gmt":"2025-03-14T13:46:40","slug":"kunststoff-spannzange-gripple","status":"publish","type":"product","link":"https:\/\/wimar.net\/de\/produkt\/kunststoff-spannzange-gripple\/","title":{"rendered":"Gripple Kunststoff-Spannzangen-Set + 50 Schnellverschlusskupplungen Medium"},"content":{"rendered":"<h3 data-start=\"0\" data-end=\"52\"><strong data-start=\"0\" data-end=\"50\">Gripple-Zange aus Kunststoff zum Spannen von Dr\u00e4hten<\/strong><\/h3>\n<p data-start=\"54\" data-end=\"362\">Gripple Kunststoffzangen sind eine innovative und dauerhafte L\u00f6sung f\u00fcr das schnelle und einfache Spannen von Dr\u00e4hten im Gartenbau, in der Landwirtschaft und im Bauwesen. Dank ihrer fortschrittlichen selbstverriegelnden Technologie bieten sie eine solide und sichere Verbindung und machen herk\u00f6mmliche Knoten oder Klemmen \u00fcberfl\u00fcssig.<\/p>\n<h3 data-start=\"364\" data-end=\"394\"><strong data-start=\"368\" data-end=\"392\">Wesentliche Merkmale:<\/strong><\/h3>\n<ul>\n<li data-start=\"396\" data-end=\"1028\"><strong data-start=\"398\" data-end=\"415\">Resilienz:<\/strong> Aus hochwertigem wetter- und UV-best\u00e4ndigem Kunststoff.<\/li>\n<li data-start=\"396\" data-end=\"1028\"><strong data-start=\"671\" data-end=\"689\">Vielseitigkeit:<\/strong> Sie passen f\u00fcr Dr\u00e4hte mit einem Durchmesser von 1,4 mm bis 6,0 mm und sind damit eine vielseitige L\u00f6sung f\u00fcr viele Anwendungen.<\/li>\n<li data-start=\"396\" data-end=\"1028\"><strong data-start=\"927\" data-end=\"940\">Beharrlichkeit:<\/strong> Sie sorgen f\u00fcr eine dauerhafte und stabile Befestigung, so dass weniger h\u00e4ufige Anpassungen erforderlich sind.<\/li>\n<li><strong>Aktivieren Sie<\/strong> Drahtspannung bis zu 400 kg mit minimalem Kraftaufwand<\/li>\n<li><strong>Leichtes Ziehen<\/strong> mit einem 6:1-\u00dcbersetzungsmechanismus<\/li>\n<li><strong>Eingebauter Indikator<\/strong> f\u00fcr pr\u00e4zises Spannen bis zu 100 kg<\/li>\n<\/ul>\n<h3 data-start=\"0\" data-end=\"63\"><strong data-start=\"0\" data-end=\"61\">Gripple Plus Medium 2.00-3.25mm Beschl\u00e4ge max 400kg f\u00fcr Draht<\/strong><\/h3>\n<p data-start=\"65\" data-end=\"331\">Die Gripple Plus Medium-Verbinder sind eine robuste und einfach zu handhabende L\u00f6sung f\u00fcr das Verbinden und Spannen von Dr\u00e4hten in der Landwirtschaft, im Gartenbau und im Zaunbau. Dank ihres fortschrittlichen Designs erm\u00f6glichen sie eine schnelle Installation und bieten langlebige, dauerhafte Verbindungen.<\/p>\n<h3 data-start=\"333\" data-end=\"363\"><strong data-start=\"337\" data-end=\"361\">Wesentliche Merkmale:<\/strong><\/h3>\n<ul>\n<li data-start=\"364\" data-end=\"907\"><strong data-start=\"366\" data-end=\"383\">Resilienz:<\/strong> Maximale Belastung bis zu 4<strong data-start=\"409\" data-end=\"419\">00 kg<\/strong>f\u00fcr solide und dauerhafte Verbindungen.<\/li>\n<li data-start=\"364\" data-end=\"907\"><strong data-start=\"467\" data-end=\"492\">Bereich der Drahtdurchmesser:<\/strong> Kompatibel mit Drahtdurchmessern <strong>2,00-3,25 mm<\/strong>was eine breite Palette von Anwendungen erm\u00f6glicht.<\/li>\n<li data-start=\"364\" data-end=\"907\"><strong data-start=\"586\" data-end=\"605\">Benutzerfreundlichkeit:<\/strong> Problemlose und schnelle Installation ohne Knoten oder Klammern.<\/li>\n<li data-start=\"364\" data-end=\"907\"><strong data-start=\"685\" data-end=\"703\">Selbstregulierung:<\/strong> Der automatische Verriegelungsmechanismus erm\u00f6glicht eine pr\u00e4zise Spannungseinstellung.<\/li>\n<li data-start=\"364\" data-end=\"907\"><strong data-start=\"787\" data-end=\"812\">Korrosionsbest\u00e4ndigkeit:<\/strong> Hochwertige Materialien sorgen f\u00fcr Langlebigkeit auch bei rauen Wetterbedingungen.<\/li>\n<li data-start=\"364\" data-end=\"907\"><strong>Verpackung:<\/strong> 400 St\u00fcck.<\/li>\n<\/ul>\n<h3 data-start=\"1458\" data-end=\"1518\"><strong data-start=\"1462\" data-end=\"1516\">Warum eine Gripple Kunststoffzange im Set mit Medium-Verbindern?<\/strong><\/h3>\n<p data-start=\"1520\" data-end=\"1836\" data-is-last-node=\"\" data-is-only-node=\"\">Die Gripple-Kunststoffzangen sind eine moderne Alternative zu den traditionellen Methoden zum Spannen von Draht. Ihre Langlebigkeit, Korrosionsbest\u00e4ndigkeit und Benutzerfreundlichkeit machen sie zu einer idealen Wahl f\u00fcr Profis und Hobbyisten gleicherma\u00dfen. Sie rationalisieren die Installationsarbeiten und bieten eine dauerhafte und \u00e4sthetisch ansprechende L\u00f6sung f\u00fcr die kommenden Jahre. Die Gripple Plus Medium-Verbinder sind eine innovative L\u00f6sung, die die Arbeitszeit f\u00fcr die Drahtinstallation und -wartung erheblich reduziert. Ihre robuste Bauweise, die einfache Installation und die vielf\u00e4ltigen Anwendungsm\u00f6glichkeiten machen sie zur idealen Wahl f\u00fcr Profis und Hobbyg\u00e4rtner, die sich mit dem Anbau und der Umz\u00e4unung von Pflanzen besch\u00e4ftigen.<\/p>","protected":false},"excerpt":{"rendered":"<p>Plastikowe kleszcze Gripple do napinania drutu Plastikowe kleszcze Gripple to innowacyjne i trwa\u0142e rozwi\u0105zanie do szybkiego i \u0142atwego napinania drut\u00f3w w ogrodnictwie, rolnictwie i budownictwie. Dzi\u0119ki zaawansowanej technologii samoblokuj\u0105cej zapewniaj\u0105 solidne i bezpieczne po\u0142\u0105czenie, eliminuj\u0105c konieczno\u015b\u0107 stosowania tradycyjnych w\u0119z\u0142\u00f3w czy zacisk\u00f3w. Najwa\u017cniejsze cechy: Wytrzyma\u0142o\u015b\u0107: Wykonane z wysokiej jako\u015bci tworzywa sztucznego odpornego na warunki atmosferyczne i [&hellip;]<\/p>","protected":false},"featured_media":5360,"template":"","meta":{"site-sidebar-layout":"default","site-content-layout":"","ast-site-content-layout":"default","site-content-style":"default","site-sidebar-style":"default","ast-global-header-display":"","ast-banner-title-visibility":"","ast-main-header-display":"","ast-hfb-above-header-display":"","ast-hfb-below-header-display":"","ast-hfb-mobile-header-display":"","site-post-title":"","ast-breadcrumbs-content":"","ast-featured-img":"","footer-sml-layout":"","theme-transparent-header-meta":"default","adv-header-id-meta":"","stick-header-meta":"default","header-above-stick-meta":"","header-main-stick-meta":"","header-below-stick-meta":"","astra-migrate-meta-layouts":"set","ast-page-background-enabled":"default","ast-page-background-meta":{"desktop":{"background-color":"var(--ast-global-color-4)","background-image":"","background-repeat":"repeat","background-position":"center center","background-size":"auto","background-attachment":"scroll","background-type":"","background-media":"","overlay-type":"","overlay-color":"","overlay-opacity":"","overlay-gradient":""},"tablet":{"background-color":"","background-image":"","background-repeat":"repeat","background-position":"center center","background-size":"auto","background-attachment":"scroll","background-type":"","background-media":"","overlay-type":"","overlay-color":"","overlay-opacity":"","overlay-gradient":""},"mobile":{"background-color":"","background-image":"","background-repeat":"repeat","background-position":"center center","background-size":"auto","background-attachment":"scroll","background-type":"","background-media":"","overlay-type":"","overlay-color":"","overlay-opacity":"","overlay-gradient":""}},"ast-content-background-meta":{"desktop":{"background-color":"var(--ast-global-color-5)","background-image":"","background-repeat":"repeat","background-position":"center center","background-size":"auto","background-attachment":"scroll","background-type":"","background-media":"","overlay-type":"","overlay-color":"","overlay-opacity":"","overlay-gradient":""},"tablet":{"background-color":"var(--ast-global-color-5)","background-image":"","background-repeat":"repeat","background-position":"center center","background-size":"auto","background-attachment":"scroll","background-type":"","background-media":"","overlay-type":"","overlay-color":"","overlay-opacity":"","overlay-gradient":""},"mobile":{"background-color":"var(--ast-global-color-5)","background-image":"","background-repeat":"repeat","background-position":"center center","background-size":"auto","background-attachment":"scroll","background-type":"","background-media":"","overlay-type":"","overlay-color":"","overlay-opacity":"","overlay-gradient":""}}},"product_brand":[],"product_cat":[311],"product_tag":[],"class_list":{"0":"post-4714","1":"product","2":"type-product","3":"status-publish","4":"has-post-thumbnail","6":"product_cat-zestaw-kleszcze-plus-50-szt-medium","7":"desktop-align-left","8":"tablet-align-left","9":"mobile-align-left","10":"ast-product-gallery-layout-horizontal","11":"ast-product-tabs-layout-horizontal","13":"first","14":"instock","15":"shipping-taxable","16":"product-type-simple"},"_links":{"self":[{"href":"https:\/\/wimar.net\/de\/wp-json\/wp\/v2\/product\/4714","targetHints":{"allow":["GET"]}}],"collection":[{"href":"https:\/\/wimar.net\/de\/wp-json\/wp\/v2\/product"}],"about":[{"href":"https:\/\/wimar.net\/de\/wp-json\/wp\/v2\/types\/product"}],"version-history":[{"count":3,"href":"https:\/\/wimar.net\/de\/wp-json\/wp\/v2\/product\/4714\/revisions"}],"predecessor-version":[{"id":5361,"href":"https:\/\/wimar.net\/de\/wp-json\/wp\/v2\/product\/4714\/revisions\/5361"}],"wp:featuredmedia":[{"embeddable":true,"href":"https:\/\/wimar.net\/de\/wp-json\/wp\/v2\/media\/5360"}],"wp:attachment":[{"href":"https:\/\/wimar.net\/de\/wp-json\/wp\/v2\/media?parent=4714"}],"wp:term":[{"taxonomy":"product_brand","embeddable":true,"href":"https:\/\/wimar.net\/de\/wp-json\/wp\/v2\/product_brand?post=4714"},{"taxonomy":"product_cat","embeddable":true,"href":"https:\/\/wimar.net\/de\/wp-json\/wp\/v2\/product_cat?post=4714"},{"taxonomy":"product_tag","embeddable":true,"href":"https:\/\/wimar.net\/de\/wp-json\/wp\/v2\/product_tag?post=4714"}],"curies":[{"name":"wp","href":"https:\/\/api.w.org\/{rel}","templated":true}]}}