{"id":4718,"date":"2025-02-26T11:11:26","date_gmt":"2025-02-26T10:11:26","guid":{"rendered":"https:\/\/wimar.net\/?post_type=product&#038;p=4718"},"modified":"2025-02-26T11:24:17","modified_gmt":"2025-02-26T10:24:17","slug":"metallzange-greifzange-spannzange","status":"publish","type":"product","link":"https:\/\/wimar.net\/de\/produkt\/metallzange-greifzange-spannzange\/","title":{"rendered":"Gripple Metallzange\/Spannzange"},"content":{"rendered":"<h3 data-start=\"0\" data-end=\"52\"><strong data-start=\"0\" data-end=\"50\">Metall-Greifzange zum Spannen von Dr\u00e4hten<\/strong><\/h3>\n<p data-start=\"54\" data-end=\"362\">Die Gripple-Zange ist ein professionelles Werkzeug zum Spannen von Dr\u00e4hten in Z\u00e4unen, landwirtschaftlichen Anlagen und Obstplantagen. Dank ihrer robusten Metallkonstruktion erm\u00f6glicht sie ein pr\u00e4zises und dauerhaftes Spannen des Drahtes, was sich in Stabilit\u00e4t und Festigkeit der Z\u00e4une und St\u00fctzstrukturen niederschl\u00e4gt.<\/p>\n<h3 data-start=\"364\" data-end=\"394\"><strong data-start=\"368\" data-end=\"392\">Wesentliche Merkmale:<\/strong><\/h3>\n<ul>\n<li data-start=\"396\" data-end=\"1028\"><strong data-start=\"398\" data-end=\"415\">Resilienz:<\/strong> Hergestellt aus hochwertigem Metall, widerstandsf\u00e4hig gegen intensive Nutzung.<\/li>\n<li data-start=\"396\" data-end=\"1028\"><strong data-start=\"671\" data-end=\"689\">Vielseitigkeit:<\/strong> Sie passen f\u00fcr Dr\u00e4hte mit einem Durchmesser von 1,5 mm bis 6,0 mm und sind damit eine vielseitige L\u00f6sung f\u00fcr viele Anwendungen.<\/li>\n<li data-start=\"396\" data-end=\"1028\"><strong data-start=\"927\" data-end=\"940\">Beharrlichkeit:<\/strong> Sie sorgen f\u00fcr eine dauerhafte und stabile Befestigung, so dass weniger h\u00e4ufige Anpassungen erforderlich sind.<\/li>\n<li><strong>Durchzugskraft:<\/strong> 10: 1 erm\u00f6glicht es, den Draht mit weniger Kraftaufwand zu spannen<\/li>\n<li><strong>Ganzmetallkonstruktion<\/strong> kombiniert mit weichen, geformten Griffen<\/li>\n<\/ul>\n<h3 data-start=\"1030\" data-end=\"1053\"><strong data-start=\"1034\" data-end=\"1051\">Anwendung:<\/strong><\/h3>\n<ul>\n<li data-start=\"1055\" data-end=\"1456\"><strong data-start=\"1058\" data-end=\"1088\">Gartenbau und Obstbau:<\/strong> Spannen von Dr\u00e4hten in St\u00fctzkonstruktionen f\u00fcr Reben, Obstb\u00e4ume und Sicherheitsnetze.<\/li>\n<li data-start=\"1055\" data-end=\"1456\"><strong data-start=\"1191\" data-end=\"1205\">Landwirtschaft:<\/strong> Befestigung und Einstellung von Dr\u00e4hten in Kunststofftunneln, Weiden und Bew\u00e4sserungssystemen.<\/li>\n<li data-start=\"1055\" data-end=\"1456\"><strong data-start=\"1302\" data-end=\"1318\">Konstruktion:<\/strong> Stabilisierung von Kabeln und leichten Strukturen.<\/li>\n<li data-start=\"1055\" data-end=\"1456\"><strong data-start=\"1373\" data-end=\"1399\">Sicherheit vor Ort:<\/strong> Spannen von Zaundr\u00e4hten und Sicherheitssystemen.<\/li>\n<\/ul>\n<h3 data-start=\"1298\" data-end=\"1347\"><strong data-start=\"1302\" data-end=\"1345\">Warum eine Gripple-Zange?<\/strong><\/h3>\n<p data-start=\"1348\" data-end=\"1641\" data-is-last-node=\"\" data-is-only-node=\"\">Die Gripple-Zange ist ein Garant f\u00fcr Pr\u00e4zision, Langlebigkeit und Benutzerfreundlichkeit. Ihre robuste Konstruktion und ihre Vielseitigkeit machen sie zu einem unverzichtbaren Werkzeug f\u00fcr Landwirte, Obstbauern und Zaunbauer gleicherma\u00dfen. Sie macht das Arbeiten mit Draht schneller, einfacher und effizienter.<\/p>","protected":false},"excerpt":{"rendered":"<p>Metalowe kleszcze Gripple do napinania drutu Kleszcze Gripple to profesjonalne narz\u0119dzie s\u0142u\u017c\u0105ce do napinania drutu w systemach ogrodzeniowych, rolniczych i sadowniczych. Dzi\u0119ki solidnej, metalowej konstrukcji zapewniaj\u0105 precyzyjne i trwa\u0142e napr\u0119\u017cenie drut\u00f3w, co przek\u0142ada si\u0119 na stabilno\u015b\u0107 i wytrzyma\u0142o\u015b\u0107 ogrodze\u0144 oraz konstrukcji no\u015bnych. Najwa\u017cniejsze cechy: Wytrzyma\u0142o\u015b\u0107: Wykonane z wysokiej jako\u015bci metalu, odporne na intensywn\u0105 eksploatacj\u0119. Uniwersalno\u015b\u0107: [&hellip;]<\/p>","protected":false},"featured_media":4719,"template":"","meta":{"site-sidebar-layout":"default","site-content-layout":"","ast-site-content-layout":"default","site-content-style":"default","site-sidebar-style":"default","ast-global-header-display":"","ast-banner-title-visibility":"","ast-main-header-display":"","ast-hfb-above-header-display":"","ast-hfb-below-header-display":"","ast-hfb-mobile-header-display":"","site-post-title":"","ast-breadcrumbs-content":"","ast-featured-img":"","footer-sml-layout":"","theme-transparent-header-meta":"default","adv-header-id-meta":"","stick-header-meta":"default","header-above-stick-meta":"","header-main-stick-meta":"","header-below-stick-meta":"","astra-migrate-meta-layouts":"set","ast-page-background-enabled":"default","ast-page-background-meta":{"desktop":{"background-color":"var(--ast-global-color-4)","background-image":"","background-repeat":"repeat","background-position":"center center","background-size":"auto","background-attachment":"scroll","background-type":"","background-media":"","overlay-type":"","overlay-color":"","overlay-opacity":"","overlay-gradient":""},"tablet":{"background-color":"","background-image":"","background-repeat":"repeat","background-position":"center center","background-size":"auto","background-attachment":"scroll","background-type":"","background-media":"","overlay-type":"","overlay-color":"","overlay-opacity":"","overlay-gradient":""},"mobile":{"background-color":"","background-image":"","background-repeat":"repeat","background-position":"center center","background-size":"auto","background-attachment":"scroll","background-type":"","background-media":"","overlay-type":"","overlay-color":"","overlay-opacity":"","overlay-gradient":""}},"ast-content-background-meta":{"desktop":{"background-color":"var(--ast-global-color-5)","background-image":"","background-repeat":"repeat","background-position":"center center","background-size":"auto","background-attachment":"scroll","background-type":"","background-media":"","overlay-type":"","overlay-color":"","overlay-opacity":"","overlay-gradient":""},"tablet":{"background-color":"var(--ast-global-color-5)","background-image":"","background-repeat":"repeat","background-position":"center center","background-size":"auto","background-attachment":"scroll","background-type":"","background-media":"","overlay-type":"","overlay-color":"","overlay-opacity":"","overlay-gradient":""},"mobile":{"background-color":"var(--ast-global-color-5)","background-image":"","background-repeat":"repeat","background-position":"center center","background-size":"auto","background-attachment":"scroll","background-type":"","background-media":"","overlay-type":"","overlay-color":"","overlay-opacity":"","overlay-gradient":""}}},"product_brand":[],"product_cat":[309],"product_tag":[],"class_list":{"0":"post-4718","1":"product","2":"type-product","3":"status-publish","4":"has-post-thumbnail","6":"product_cat-kleszcze-metalowe","7":"desktop-align-left","8":"tablet-align-left","9":"mobile-align-left","10":"ast-product-gallery-layout-horizontal","11":"ast-product-tabs-layout-horizontal","13":"first","14":"instock","15":"shipping-taxable","16":"product-type-simple"},"_links":{"self":[{"href":"https:\/\/wimar.net\/de\/wp-json\/wp\/v2\/product\/4718","targetHints":{"allow":["GET"]}}],"collection":[{"href":"https:\/\/wimar.net\/de\/wp-json\/wp\/v2\/product"}],"about":[{"href":"https:\/\/wimar.net\/de\/wp-json\/wp\/v2\/types\/product"}],"version-history":[{"count":2,"href":"https:\/\/wimar.net\/de\/wp-json\/wp\/v2\/product\/4718\/revisions"}],"predecessor-version":[{"id":7374,"href":"https:\/\/wimar.net\/de\/wp-json\/wp\/v2\/product\/4718\/revisions\/7374"}],"wp:featuredmedia":[{"embeddable":true,"href":"https:\/\/wimar.net\/de\/wp-json\/wp\/v2\/media\/4719"}],"wp:attachment":[{"href":"https:\/\/wimar.net\/de\/wp-json\/wp\/v2\/media?parent=4718"}],"wp:term":[{"taxonomy":"product_brand","embeddable":true,"href":"https:\/\/wimar.net\/de\/wp-json\/wp\/v2\/product_brand?post=4718"},{"taxonomy":"product_cat","embeddable":true,"href":"https:\/\/wimar.net\/de\/wp-json\/wp\/v2\/product_cat?post=4718"},{"taxonomy":"product_tag","embeddable":true,"href":"https:\/\/wimar.net\/de\/wp-json\/wp\/v2\/product_tag?post=4718"}],"curies":[{"name":"wp","href":"https:\/\/api.w.org\/{rel}","templated":true}]}}