{"id":4775,"date":"2025-02-27T11:37:28","date_gmt":"2025-02-27T10:37:28","guid":{"rendered":"https:\/\/wimar.net\/?post_type=product&#038;p=4775"},"modified":"2025-02-27T11:38:29","modified_gmt":"2025-02-27T10:38:29","slug":"grose-tasche-mit-schurze-90x90x90cm-tasche-fur-dokumente-kapazitat-500kg","status":"publish","type":"product","link":"https:\/\/wimar.net\/de\/produkt\/grose-tasche-mit-schurze-90x90x90cm-tasche-fur-dokumente-kapazitat-500kg\/","title":{"rendered":"Big Bag mit Sch\u00fcrze, 90x90x90cm, Dokumententasche, Kapazit\u00e4t 500kg"},"content":{"rendered":"<h3 data-start=\"0\" data-end=\"70\">Gro\u00dfe Tasche mit Sch\u00fcrze<\/h3>\n<p data-start=\"72\" data-end=\"464\">Big Bags sind robuste und funktionelle Verpackungen f\u00fcr den Transport und die Lagerung verschiedenster Materialien. Das Modell mit oberem und unterem Trichter erm\u00f6glicht eine einfache Bef\u00fcllung und kontrollierte Entleerung, was die Logistikprozesse erheblich rationalisiert. Eine zus\u00e4tzliche Dokumententasche erleichtert die Identifizierung des Inhalts und gew\u00e4hrleistet einen schnellen Zugriff auf notwendige Informationen.<\/p>\n<h3 data-start=\"466\" data-end=\"496\"><strong data-start=\"470\" data-end=\"494\">Wesentliche Merkmale:<\/strong><\/h3>\n<ul>\n<li data-start=\"498\" data-end=\"1212\"><strong data-start=\"500\" data-end=\"523\">Robuste Konstruktion<\/strong> - Hergestellt aus hochwertigem Polypropylen, das rei\u00dffest, besch\u00e4digungssicher und UV-best\u00e4ndig ist.<\/li>\n<li data-start=\"498\" data-end=\"1212\"><strong data-start=\"611\" data-end=\"646\">Leichtes Bef\u00fcllen und Entleeren<\/strong> - Ein Trichter oben und ein Auslauftrichter unten garantieren eine genaue Dosierung der Materialien.<\/li>\n<li data-start=\"498\" data-end=\"1212\"><strong data-start=\"870\" data-end=\"896\">Sichere Nutzung<\/strong> - Verst\u00e4rkte N\u00e4hte und 4 25 cm lange Griffe erleichtern den Transport mit einem Gabelstapler oder Kran.<\/li>\n<li data-start=\"498\" data-end=\"1212\"><strong data-start=\"983\" data-end=\"1007\">Dokumententasche<\/strong> - Ein transparentes Fach f\u00fcr Etiketten und Anweisungen sorgt f\u00fcr eine einfache Identifizierung des Inhalts.<\/li>\n<li data-start=\"498\" data-end=\"1212\"><strong data-start=\"1104\" data-end=\"1128\">Wiederverwendbar<\/strong> - Bei sachgem\u00e4\u00dfer Verwendung und Lagerung wiederverwendbar.<\/li>\n<li data-start=\"498\" data-end=\"1212\"><strong>Innere Abmessungen<\/strong> - 90 x 90 x 90cm<\/li>\n<li data-start=\"498\" data-end=\"1212\"><strong>Pumpentrichter<\/strong> - 35 x 50cm<\/li>\n<li data-start=\"498\" data-end=\"1212\"><strong>Sch\u00fctttrichter<\/strong> - 40 x 50cm<\/li>\n<li data-start=\"498\" data-end=\"1212\"><strong>Tragf\u00e4higkeit<\/strong> - 500kg<\/li>\n<li><strong>Grammatur<\/strong> - 140g\/m2<\/li>\n<\/ul>\n<h3 data-start=\"1214\" data-end=\"1237\"><strong data-start=\"1218\" data-end=\"1235\">Anwendung:<\/strong><\/h3>\n<ul>\n<li data-start=\"1239\" data-end=\"1666\"><strong data-start=\"1242\" data-end=\"1264\">Baugewerbe<\/strong> - Transport und Lagerung von Sand, Kies, Zement und Bauschutt.<\/li>\n<li data-start=\"1239\" data-end=\"1666\"><strong data-start=\"1330\" data-end=\"1343\">Landwirtschaft<\/strong> - Lagerung von Getreide, D\u00fcngemitteln, Futtermitteln und anderen Sch\u00fcttg\u00fctern.<\/li>\n<li data-start=\"1239\" data-end=\"1666\"><strong data-start=\"1418\" data-end=\"1442\">Holzverarbeitung<\/strong> - Lagerung von Pellets, S\u00e4gesp\u00e4nen und Hackschnitzeln.<\/li>\n<li data-start=\"1239\" data-end=\"1666\"><strong data-start=\"1500\" data-end=\"1513\">Recycling<\/strong> - Trennung und Transport von Industrieabf\u00e4llen und Sekund\u00e4rrohstoffen.<\/li>\n<li data-start=\"1239\" data-end=\"1666\"><strong data-start=\"1590\" data-end=\"1611\">Chemie und Pharmazie<\/strong> - Lagerung von Sch\u00fcttgut und k\u00f6rnigen Stoffen.<\/li>\n<\/ul>\n<p data-start=\"1668\" data-end=\"1938\" data-is-last-node=\"\" data-is-only-node=\"\"><strong data-start=\"1668\" data-end=\"1719\">Warum eine gro\u00dfe Tasche mit einer Sch\u00fcrze w\u00e4hlen?<\/strong><br data-start=\"1719\" data-end=\"1722\" \/>Big Bags sind eine zuverl\u00e4ssige und wirtschaftliche L\u00f6sung f\u00fcr viele Branchen. Dank ihrer Langlebigkeit, Funktionalit\u00e4t und hohen Tragf\u00e4higkeit gew\u00e4hrleisten sie eine sichere und bequeme Lagerung und Bef\u00f6rderung der unterschiedlichsten Materialien.<\/p>","protected":false},"excerpt":{"rendered":"<p>Worek Big Bag z fartuchem Worki Big Bag to wytrzyma\u0142e i funkcjonalne opakowania przeznaczone do transportu i magazynowania r\u00f3\u017cnorodnych materia\u0142\u00f3w. Model z lejem u g\u00f3ry i u do\u0142u umo\u017cliwia \u0142atwe nape\u0142nianie oraz kontrolowane opr\u00f3\u017cnianie, co znacz\u0105co usprawnia procesy logistyczne. Dodatkowa kiesze\u0144 na dokumenty u\u0142atwia identyfikacj\u0119 zawarto\u015bci i zapewnia szybki dost\u0119p do niezb\u0119dnych informacji. Najwa\u017cniejsze cechy: [&hellip;]<\/p>","protected":false},"featured_media":4758,"template":"","meta":{"site-sidebar-layout":"default","site-content-layout":"","ast-site-content-layout":"default","site-content-style":"default","site-sidebar-style":"default","ast-global-header-display":"","ast-banner-title-visibility":"","ast-main-header-display":"","ast-hfb-above-header-display":"","ast-hfb-below-header-display":"","ast-hfb-mobile-header-display":"","site-post-title":"","ast-breadcrumbs-content":"","ast-featured-img":"","footer-sml-layout":"","theme-transparent-header-meta":"default","adv-header-id-meta":"","stick-header-meta":"default","header-above-stick-meta":"","header-main-stick-meta":"","header-below-stick-meta":"","astra-migrate-meta-layouts":"set","ast-page-background-enabled":"default","ast-page-background-meta":{"desktop":{"background-color":"var(--ast-global-color-4)","background-image":"","background-repeat":"repeat","background-position":"center center","background-size":"auto","background-attachment":"scroll","background-type":"","background-media":"","overlay-type":"","overlay-color":"","overlay-opacity":"","overlay-gradient":""},"tablet":{"background-color":"","background-image":"","background-repeat":"repeat","background-position":"center center","background-size":"auto","background-attachment":"scroll","background-type":"","background-media":"","overlay-type":"","overlay-color":"","overlay-opacity":"","overlay-gradient":""},"mobile":{"background-color":"","background-image":"","background-repeat":"repeat","background-position":"center center","background-size":"auto","background-attachment":"scroll","background-type":"","background-media":"","overlay-type":"","overlay-color":"","overlay-opacity":"","overlay-gradient":""}},"ast-content-background-meta":{"desktop":{"background-color":"var(--ast-global-color-5)","background-image":"","background-repeat":"repeat","background-position":"center center","background-size":"auto","background-attachment":"scroll","background-type":"","background-media":"","overlay-type":"","overlay-color":"","overlay-opacity":"","overlay-gradient":""},"tablet":{"background-color":"var(--ast-global-color-5)","background-image":"","background-repeat":"repeat","background-position":"center center","background-size":"auto","background-attachment":"scroll","background-type":"","background-media":"","overlay-type":"","overlay-color":"","overlay-opacity":"","overlay-gradient":""},"mobile":{"background-color":"var(--ast-global-color-5)","background-image":"","background-repeat":"repeat","background-position":"center center","background-size":"auto","background-attachment":"scroll","background-type":"","background-media":"","overlay-type":"","overlay-color":"","overlay-opacity":"","overlay-gradient":""}}},"product_brand":[],"product_cat":[159],"product_tag":[],"class_list":{"0":"post-4775","1":"product","2":"type-product","3":"status-publish","4":"has-post-thumbnail","6":"product_cat-big-bag-z-fartuchem","7":"desktop-align-left","8":"tablet-align-left","9":"mobile-align-left","10":"ast-product-gallery-layout-horizontal","11":"ast-product-tabs-layout-horizontal","13":"first","14":"instock","15":"shipping-taxable","16":"product-type-simple"},"_links":{"self":[{"href":"https:\/\/wimar.net\/de\/wp-json\/wp\/v2\/product\/4775","targetHints":{"allow":["GET"]}}],"collection":[{"href":"https:\/\/wimar.net\/de\/wp-json\/wp\/v2\/product"}],"about":[{"href":"https:\/\/wimar.net\/de\/wp-json\/wp\/v2\/types\/product"}],"version-history":[{"count":2,"href":"https:\/\/wimar.net\/de\/wp-json\/wp\/v2\/product\/4775\/revisions"}],"predecessor-version":[{"id":7370,"href":"https:\/\/wimar.net\/de\/wp-json\/wp\/v2\/product\/4775\/revisions\/7370"}],"wp:featuredmedia":[{"embeddable":true,"href":"https:\/\/wimar.net\/de\/wp-json\/wp\/v2\/media\/4758"}],"wp:attachment":[{"href":"https:\/\/wimar.net\/de\/wp-json\/wp\/v2\/media?parent=4775"}],"wp:term":[{"taxonomy":"product_brand","embeddable":true,"href":"https:\/\/wimar.net\/de\/wp-json\/wp\/v2\/product_brand?post=4775"},{"taxonomy":"product_cat","embeddable":true,"href":"https:\/\/wimar.net\/de\/wp-json\/wp\/v2\/product_cat?post=4775"},{"taxonomy":"product_tag","embeddable":true,"href":"https:\/\/wimar.net\/de\/wp-json\/wp\/v2\/product_tag?post=4775"}],"curies":[{"name":"wp","href":"https:\/\/api.w.org\/{rel}","templated":true}]}}