{"id":4828,"date":"2025-03-04T09:23:59","date_gmt":"2025-03-04T08:23:59","guid":{"rendered":"https:\/\/wimar.net\/?post_type=product&#038;p=4828"},"modified":"2025-03-25T10:42:54","modified_gmt":"2025-03-25T09:42:54","slug":"trainer-guillotine-scionon-sgc6","status":"publish","type":"product","link":"https:\/\/wimar.net\/de\/produkt\/trainer-guillotine-scionon-sgc6\/","title":{"rendered":"Kinderzimmer-Guillotine SCIONON SGC6"},"content":{"rendered":"<h3 data-start=\"0\" data-end=\"66\">Kinderzimmer-Guillotine<\/h3>\n<p data-start=\"68\" data-end=\"342\">Die Scionon Guillotine ist ein Tischger\u00e4t, das sowohl Anf\u00e4ngern als auch erfahrenen Baumschulern mehr Sicherheit und Produktivit\u00e4t bietet. Mit diesem Ger\u00e4t k\u00f6nnen Sie technisch schwierige Doppelschnittpfropfreiser einfach und pr\u00e4zise veredeln oder Edelreiser vieler anderer Arten von Pfropfreisern f\u00fcr die sp\u00e4tere Verwendung im Feld vorpr\u00e4parieren. Das Ger\u00e4t ist tragbar und kann sogar auf dem Feld in der N\u00e4he des Arbeitsortes eingesetzt werden.<\/p>\n<h3 data-start=\"86\" data-end=\"112\"><strong data-start=\"86\" data-end=\"110\">Wesentliche Merkmale:<\/strong><\/h3>\n<ul>\n<li data-start=\"114\" data-end=\"708\"><strong data-start=\"116\" data-end=\"142\">Pr\u00e4zision und Effizienz<\/strong> - SCIONON SGC6 erm\u00f6glicht ein schnelles und genaues Schneiden von Unterlagen und Edelreisern, was die Effizienz der Pflanzenveredelung erh\u00f6ht.<\/li>\n<li data-start=\"114\" data-end=\"708\"><strong data-start=\"262\" data-end=\"285\">Robuste Konstruktion<\/strong> - Er ist aus hochwertigen Materialien gefertigt und gew\u00e4hrleistet eine lange Lebensdauer und Zuverl\u00e4ssigkeit im Gebrauch.<\/li>\n<li data-start=\"114\" data-end=\"708\"><strong data-start=\"387\" data-end=\"410\">Ergonomisches Design<\/strong> - Die intuitive Bedienung erm\u00f6glicht ein komfortables Arbeiten auch bei einer gro\u00dfen Anzahl von Impfungen.<\/li>\n<li data-start=\"114\" data-end=\"708\"><strong data-start=\"606\" data-end=\"629\">Benutzerfreundlichkeit<\/strong> - Es kann sowohl von Profis als auch von Anf\u00e4ngern verwendet werden.<\/li>\n<\/ul>\n<h3 data-start=\"710\" data-end=\"729\"><strong data-start=\"710\" data-end=\"727\">Anwendung:<\/strong><\/h3>\n<ul>\n<li data-start=\"731\" data-end=\"1060\"><strong data-start=\"734\" data-end=\"764\">Baumschulen und Obstanbau<\/strong> - Ideal f\u00fcr die pr\u00e4zise Veredelung von Obstb\u00e4umen, Str\u00e4uchern und Zierpflanzen.<\/li>\n<li data-start=\"731\" data-end=\"1060\"><strong data-start=\"855\" data-end=\"877\">Pflanzliche Erzeugung<\/strong> - Unverzichtbar f\u00fcr professionelle G\u00e4rtnereien und landwirtschaftliche Betriebe.<\/li>\n<li data-start=\"731\" data-end=\"1060\"><strong data-start=\"967\" data-end=\"991\">Workshops und Bildung<\/strong> - Ein hervorragendes Instrument zum Erlernen und Perfektionieren von Veredelungstechniken.<\/li>\n<\/ul>\n<h3 data-start=\"1062\" data-end=\"1103\"><strong data-start=\"1062\" data-end=\"1101\">Warum der SCIONON SGC6?<\/strong><\/h3>\n<p data-start=\"1105\" data-end=\"1452\" data-is-last-node=\"\" data-is-only-node=\"\">Die Baumschul-Guillotine SCIONON SGC6 ist ein innovatives Werkzeug, das den Veredelungsprozess erheblich vereinfacht und beschleunigt. Ihre Vielseitigkeit, Pr\u00e4zision und Robustheit machen sie sowohl f\u00fcr professionelle Baumschuler als auch f\u00fcr Hobbyg\u00e4rtner unverzichtbar. Mit ihr k\u00f6nnen Sie eine hohe Veredelungseffizienz erreichen und die Qualit\u00e4t der von Ihnen produzierten Pflanzen verbessern.<\/p>","protected":false},"excerpt":{"rendered":"<p>Gilotyna szk\u00f3\u0142karska Gilotyna Scionon jest to urz\u0105dzenie do monta\u017cu na stole, kt\u00f3re zapewnia wi\u0119ksze bezpiecze\u0144stwo i produktywno\u015b\u0107 od nowicjuszy po do\u015bwiadczonych szk\u00f3\u0142karzy. Dzi\u0119ki niemu masz mo\u017cliwo\u015b\u0107 \u0142atwego i dok\u0142adnego przeszczepu trudnych technicznie szczepie\u0144 z podw\u00f3jnym naci\u0119ciem lub wst\u0119pnego przygotowania zraz\u00f3w wielu innych r\u00f3\u017cnych typ\u00f3w przeszczep\u00f3w do p\u00f3\u017aniejszego wykorzystania w terenie. Dla wygody urz\u0105dzenie jest przeno\u015bne [&hellip;]<\/p>","protected":false},"featured_media":4830,"template":"","meta":{"site-sidebar-layout":"default","site-content-layout":"","ast-site-content-layout":"default","site-content-style":"default","site-sidebar-style":"default","ast-global-header-display":"","ast-banner-title-visibility":"","ast-main-header-display":"","ast-hfb-above-header-display":"","ast-hfb-below-header-display":"","ast-hfb-mobile-header-display":"","site-post-title":"","ast-breadcrumbs-content":"","ast-featured-img":"","footer-sml-layout":"","theme-transparent-header-meta":"default","adv-header-id-meta":"","stick-header-meta":"default","header-above-stick-meta":"","header-main-stick-meta":"","header-below-stick-meta":"","astra-migrate-meta-layouts":"set","ast-page-background-enabled":"default","ast-page-background-meta":{"desktop":{"background-color":"var(--ast-global-color-4)","background-image":"","background-repeat":"repeat","background-position":"center center","background-size":"auto","background-attachment":"scroll","background-type":"","background-media":"","overlay-type":"","overlay-color":"","overlay-opacity":"","overlay-gradient":""},"tablet":{"background-color":"","background-image":"","background-repeat":"repeat","background-position":"center center","background-size":"auto","background-attachment":"scroll","background-type":"","background-media":"","overlay-type":"","overlay-color":"","overlay-opacity":"","overlay-gradient":""},"mobile":{"background-color":"","background-image":"","background-repeat":"repeat","background-position":"center center","background-size":"auto","background-attachment":"scroll","background-type":"","background-media":"","overlay-type":"","overlay-color":"","overlay-opacity":"","overlay-gradient":""}},"ast-content-background-meta":{"desktop":{"background-color":"var(--ast-global-color-5)","background-image":"","background-repeat":"repeat","background-position":"center center","background-size":"auto","background-attachment":"scroll","background-type":"","background-media":"","overlay-type":"","overlay-color":"","overlay-opacity":"","overlay-gradient":""},"tablet":{"background-color":"var(--ast-global-color-5)","background-image":"","background-repeat":"repeat","background-position":"center center","background-size":"auto","background-attachment":"scroll","background-type":"","background-media":"","overlay-type":"","overlay-color":"","overlay-opacity":"","overlay-gradient":""},"mobile":{"background-color":"var(--ast-global-color-5)","background-image":"","background-repeat":"repeat","background-position":"center center","background-size":"auto","background-attachment":"scroll","background-type":"","background-media":"","overlay-type":"","overlay-color":"","overlay-opacity":"","overlay-gradient":""}}},"product_brand":[],"product_cat":[484],"product_tag":[],"class_list":{"0":"post-4828","1":"product","2":"type-product","3":"status-publish","4":"has-post-thumbnail","6":"product_cat-gilotyna-szkolkarska-scionon-sgc6","7":"desktop-align-left","8":"tablet-align-left","9":"mobile-align-left","10":"ast-product-gallery-layout-horizontal","11":"ast-product-tabs-layout-horizontal","13":"first","14":"instock","15":"shipping-taxable","16":"product-type-simple"},"_links":{"self":[{"href":"https:\/\/wimar.net\/de\/wp-json\/wp\/v2\/product\/4828","targetHints":{"allow":["GET"]}}],"collection":[{"href":"https:\/\/wimar.net\/de\/wp-json\/wp\/v2\/product"}],"about":[{"href":"https:\/\/wimar.net\/de\/wp-json\/wp\/v2\/types\/product"}],"version-history":[{"count":1,"href":"https:\/\/wimar.net\/de\/wp-json\/wp\/v2\/product\/4828\/revisions"}],"predecessor-version":[{"id":4833,"href":"https:\/\/wimar.net\/de\/wp-json\/wp\/v2\/product\/4828\/revisions\/4833"}],"wp:featuredmedia":[{"embeddable":true,"href":"https:\/\/wimar.net\/de\/wp-json\/wp\/v2\/media\/4830"}],"wp:attachment":[{"href":"https:\/\/wimar.net\/de\/wp-json\/wp\/v2\/media?parent=4828"}],"wp:term":[{"taxonomy":"product_brand","embeddable":true,"href":"https:\/\/wimar.net\/de\/wp-json\/wp\/v2\/product_brand?post=4828"},{"taxonomy":"product_cat","embeddable":true,"href":"https:\/\/wimar.net\/de\/wp-json\/wp\/v2\/product_cat?post=4828"},{"taxonomy":"product_tag","embeddable":true,"href":"https:\/\/wimar.net\/de\/wp-json\/wp\/v2\/product_tag?post=4828"}],"curies":[{"name":"wp","href":"https:\/\/api.w.org\/{rel}","templated":true}]}}