{"id":4875,"date":"2025-03-05T08:51:19","date_gmt":"2025-03-05T07:51:19","guid":{"rendered":"https:\/\/wimar.net\/?post_type=product&#038;p=4875"},"modified":"2025-03-05T10:12:50","modified_gmt":"2025-03-05T09:12:50","slug":"ethylenabsorbierende-beutel-fur-bushli-9g","status":"publish","type":"product","link":"https:\/\/wimar.net\/de\/produkt\/ethylenabsorbierende-beutel-fur-bushli-9g\/","title":{"rendered":"Ethylen absorbierende Bushli-Beutel 9g"},"content":{"rendered":"<h3 data-start=\"0\" data-end=\"89\">Beutel f\u00fcr Ethylenabsorption<\/h3>\n<p data-start=\"91\" data-end=\"444\">Ethylen-Absorptionsbeutel sind eine innovative L\u00f6sung, um die Haltbarkeit von Obst und Gem\u00fcse zu verl\u00e4ngern. Dank einer speziellen F\u00fcllung absorbieren sie \u00fcbersch\u00fcssiges Ethylen - das Gas, das f\u00fcr eine beschleunigte Reifung von Produkten verantwortlich ist. Sie sind die ideale Wahl sowohl f\u00fcr Haushalte als auch f\u00fcr Unternehmen, die Lebensmittel lagern.<\/p>\n<h3 data-start=\"446\" data-end=\"472\">Wesentliche Merkmale:<\/h3>\n<ul>\n<li data-start=\"474\" data-end=\"1090\"><strong data-start=\"476\" data-end=\"491\">Effektivit\u00e4t<\/strong> - Sie reduzieren die Ethylenkonzentration und verz\u00f6gern so die Reifung und den Verderb von Obst und Gem\u00fcse.<\/li>\n<li data-start=\"474\" data-end=\"1090\"><strong data-start=\"588\" data-end=\"603\">Nat\u00fcrlichkeit<\/strong> - Hergestellt aus biologisch abbaubaren Materialien, sicher f\u00fcr die Umwelt.<\/li>\n<li data-start=\"474\" data-end=\"1090\"><strong data-start=\"680\" data-end=\"710\">Luftdurchl\u00e4ssigkeit<\/strong> - Dank ihrer por\u00f6sen Struktur schr\u00e4nken sie die Luftzirkulation nicht ein, was wiederum dazu beitr\u00e4gt, die Frische der Produkte zu erhalten.<\/li>\n<li data-start=\"474\" data-end=\"1090\"><strong data-start=\"837\" data-end=\"856\">Vielseitigkeit<\/strong> - Sie eignen sich f\u00fcr eine Vielzahl von Obst und Gem\u00fcse, darunter \u00c4pfel, Bananen, Birnen, Salat oder Avocados.<\/li>\n<li data-start=\"474\" data-end=\"1090\"><strong data-start=\"962\" data-end=\"980\">Benutzerfreundlichkeit<\/strong> - Legen Sie den Beutel einfach in den K\u00fchlschrank, in die Speisekammer oder in die Obstkiste, und er h\u00e4lt sich mehrere Wochen.<\/li>\n<li><strong>Vollst\u00e4ndigen Produktschutz aktivieren<\/strong> in der Vertriebskette von der Ernte bis zum Endverbraucher.<\/li>\n<li><strong>Inspektionsfenster<\/strong> erm\u00f6glicht es, den Grad der Nutzung des Beutels zu \u00fcberpr\u00fcfen.<\/li>\n<li><strong>Besonderes Siegel<\/strong> gibt Widerstand bei Kontakt mit Wasser.<\/li>\n<li><strong>Besitz aller weltweit erforderlichen Zertifizierungen<\/strong> Zugelassen f\u00fcr den Kontakt mit Lebensmitteln (CE und FDA).<\/li>\n<li><strong>Absorptionskoeffizient<\/strong> - 36 ml Ethylen\/Sachet<\/li>\n<li><strong>Aktiver Faktor<\/strong> - GK4\/P mit einem Absorptionskoeffizienten von \u2265 4 l (Liter) Ethylen\/kg Granulat.<\/li>\n<li><strong>Menge des Wirkstoffs<\/strong> - 9 g<\/li>\n<\/ul>\n<h3 data-start=\"1092\" data-end=\"1111\">Anwendung:<\/h3>\n<ul>\n<li data-start=\"1113\" data-end=\"1422\"><strong data-start=\"1116\" data-end=\"1150\">Lagerung von Obst und Gem\u00fcse<\/strong> - Sie verlangsamen den Reifungsprozess in der heimischen Speisekammer und im Lagerraum.<\/li>\n<li data-start=\"1113\" data-end=\"1422\"><strong data-start=\"1226\" data-end=\"1248\">Gesch\u00e4fte und Gro\u00dfh\u00e4ndler<\/strong> - Sie tragen dazu bei, dass die Produkte f\u00fcr den Transport und den Verkauf frisch bleiben.<\/li>\n<li data-start=\"1113\" data-end=\"1422\"><strong data-start=\"1320\" data-end=\"1343\">Haushalte<\/strong> - Ideal f\u00fcr den K\u00fchlschrank oder Obstk\u00f6rbe, damit sie nicht so schnell verderben.<\/li>\n<\/ul>\n<h3 data-start=\"1424\" data-end=\"1482\">Warum sollten Sie sich f\u00fcr ethylenabsorbierende Beutel entscheiden?<\/h3>\n<p data-start=\"1484\" data-end=\"1749\" data-is-last-node=\"\" data-is-only-node=\"\">Die Ethylen absorbierenden Beutel sind eine einfache, umweltfreundliche und wirksame L\u00f6sung f\u00fcr alle, die l\u00e4nger Freude an frischem Obst und Gem\u00fcse haben wollen. Sie tragen dazu bei, Lebensmittelabf\u00e4lle zu reduzieren, was Geld spart und die Umwelt schont.<\/p>","protected":false},"excerpt":{"rendered":"<p>Saszetki do poch\u0142aniania etylenu Saszetki do poch\u0142aniania etylenu to innowacyjne rozwi\u0105zanie, kt\u00f3re pomaga przed\u0142u\u017cy\u0107 trwa\u0142o\u015b\u0107 owoc\u00f3w i warzyw. Dzi\u0119ki specjalnemu wype\u0142nieniu poch\u0142aniaj\u0105 nadmiar etylenu \u2013 gazu odpowiedzialnego za przyspieszone dojrzewanie produkt\u00f3w. S\u0105 idealnym wyborem zar\u00f3wno dla gospodarstw domowych, jak i przedsi\u0119biorstw zajmuj\u0105cych si\u0119 przechowywaniem \u017cywno\u015bci. Najwa\u017cniejsze cechy: Skuteczno\u015b\u0107 \u2013 Redukuj\u0105 st\u0119\u017cenie etylenu, op\u00f3\u017aniaj\u0105c proces dojrzewania [&hellip;]<\/p>","protected":false},"featured_media":4877,"template":"","meta":{"site-sidebar-layout":"default","site-content-layout":"","ast-site-content-layout":"default","site-content-style":"default","site-sidebar-style":"default","ast-global-header-display":"","ast-banner-title-visibility":"","ast-main-header-display":"","ast-hfb-above-header-display":"","ast-hfb-below-header-display":"","ast-hfb-mobile-header-display":"","site-post-title":"","ast-breadcrumbs-content":"","ast-featured-img":"","footer-sml-layout":"","theme-transparent-header-meta":"default","adv-header-id-meta":"","stick-header-meta":"default","header-above-stick-meta":"","header-main-stick-meta":"","header-below-stick-meta":"","astra-migrate-meta-layouts":"set","ast-page-background-enabled":"default","ast-page-background-meta":{"desktop":{"background-color":"var(--ast-global-color-4)","background-image":"","background-repeat":"repeat","background-position":"center center","background-size":"auto","background-attachment":"scroll","background-type":"","background-media":"","overlay-type":"","overlay-color":"","overlay-opacity":"","overlay-gradient":""},"tablet":{"background-color":"","background-image":"","background-repeat":"repeat","background-position":"center center","background-size":"auto","background-attachment":"scroll","background-type":"","background-media":"","overlay-type":"","overlay-color":"","overlay-opacity":"","overlay-gradient":""},"mobile":{"background-color":"","background-image":"","background-repeat":"repeat","background-position":"center center","background-size":"auto","background-attachment":"scroll","background-type":"","background-media":"","overlay-type":"","overlay-color":"","overlay-opacity":"","overlay-gradient":""}},"ast-content-background-meta":{"desktop":{"background-color":"var(--ast-global-color-5)","background-image":"","background-repeat":"repeat","background-position":"center center","background-size":"auto","background-attachment":"scroll","background-type":"","background-media":"","overlay-type":"","overlay-color":"","overlay-opacity":"","overlay-gradient":""},"tablet":{"background-color":"var(--ast-global-color-5)","background-image":"","background-repeat":"repeat","background-position":"center center","background-size":"auto","background-attachment":"scroll","background-type":"","background-media":"","overlay-type":"","overlay-color":"","overlay-opacity":"","overlay-gradient":""},"mobile":{"background-color":"var(--ast-global-color-5)","background-image":"","background-repeat":"repeat","background-position":"center center","background-size":"auto","background-attachment":"scroll","background-type":"","background-media":"","overlay-type":"","overlay-color":"","overlay-opacity":"","overlay-gradient":""}}},"product_brand":[],"product_cat":[376],"product_tag":[],"class_list":{"0":"post-4875","1":"product","2":"type-product","3":"status-publish","4":"has-post-thumbnail","6":"product_cat-pochlaniacz-etylenu-9-g","7":"desktop-align-left","8":"tablet-align-left","9":"mobile-align-left","10":"ast-product-gallery-layout-horizontal","11":"ast-product-tabs-layout-horizontal","13":"first","14":"instock","15":"shipping-taxable","16":"product-type-simple"},"_links":{"self":[{"href":"https:\/\/wimar.net\/de\/wp-json\/wp\/v2\/product\/4875","targetHints":{"allow":["GET"]}}],"collection":[{"href":"https:\/\/wimar.net\/de\/wp-json\/wp\/v2\/product"}],"about":[{"href":"https:\/\/wimar.net\/de\/wp-json\/wp\/v2\/types\/product"}],"version-history":[{"count":3,"href":"https:\/\/wimar.net\/de\/wp-json\/wp\/v2\/product\/4875\/revisions"}],"predecessor-version":[{"id":7358,"href":"https:\/\/wimar.net\/de\/wp-json\/wp\/v2\/product\/4875\/revisions\/7358"}],"wp:featuredmedia":[{"embeddable":true,"href":"https:\/\/wimar.net\/de\/wp-json\/wp\/v2\/media\/4877"}],"wp:attachment":[{"href":"https:\/\/wimar.net\/de\/wp-json\/wp\/v2\/media?parent=4875"}],"wp:term":[{"taxonomy":"product_brand","embeddable":true,"href":"https:\/\/wimar.net\/de\/wp-json\/wp\/v2\/product_brand?post=4875"},{"taxonomy":"product_cat","embeddable":true,"href":"https:\/\/wimar.net\/de\/wp-json\/wp\/v2\/product_cat?post=4875"},{"taxonomy":"product_tag","embeddable":true,"href":"https:\/\/wimar.net\/de\/wp-json\/wp\/v2\/product_tag?post=4875"}],"curies":[{"name":"wp","href":"https:\/\/api.w.org\/{rel}","templated":true}]}}