{"id":4981,"date":"2025-03-06T14:24:12","date_gmt":"2025-03-06T13:24:12","guid":{"rendered":"https:\/\/wimar.net\/?post_type=product&#038;p=4981"},"modified":"2025-03-06T14:24:34","modified_gmt":"2025-03-06T13:24:34","slug":"stebofix-15cm-fur-bambusstangenspiese","status":"publish","type":"product","link":"https:\/\/wimar.net\/de\/produkt\/stebofix-15cm-fur-bambusstangenspiese\/","title":{"rendered":"Stebofix 15cm f\u00fcr Bambusrohr, D\u00fcbel"},"content":{"rendered":"<h3 data-start=\"0\" data-end=\"68\"><strong data-start=\"0\" data-end=\"66\">Stebofix f\u00fcr Bambusrohr<\/strong><\/h3>\n<p data-start=\"70\" data-end=\"410\">Stebofix ist eine innovative L\u00f6sung f\u00fcr die Befestigung von Pflanzen an Bambusst\u00e4ben und Holzd\u00fcbeln. Sie verwendet Spanndr\u00e4hte zur F\u00fchrung. Der Zweck der Klemme ist es, den Baumstamm an der Struktur des Obstgartens zu befestigen.<\/p>\n<h3 data-start=\"412\" data-end=\"442\"><strong data-start=\"416\" data-end=\"440\">Wesentliche Merkmale:<\/strong><\/h3>\n<ul>\n<li data-start=\"443\" data-end=\"920\"><strong data-start=\"445\" data-end=\"460\">Nat\u00fcrlichkeit<\/strong> - aus \u00f6kologischen, nachwachsenden Rohstoffen hergestellt, sicher f\u00fcr Pflanzen.<\/li>\n<li data-start=\"443\" data-end=\"920\"><strong data-start=\"539\" data-end=\"566\">Eine \u00f6kologische L\u00f6sung<\/strong> - biologisch abbaubar und wiederverwendbar, ohne negative Auswirkungen auf die Umwelt.<\/li>\n<li data-start=\"443\" data-end=\"920\"><strong data-start=\"651\" data-end=\"677\">Optimale Haltbarkeit<\/strong> - passt sich dem Wachstum der Pflanzen an, ohne die St\u00e4mme zu besch\u00e4digen.<\/li>\n<li data-start=\"443\" data-end=\"920\"><strong data-start=\"750\" data-end=\"773\">Benutzerfreundlichkeit<\/strong> - leicht auf- und abbaubar, ideal f\u00fcr G\u00e4rtner und Landwirte.<\/li>\n<li data-start=\"443\" data-end=\"920\"><strong data-start=\"841\" data-end=\"860\">Vielseitigkeit<\/strong> - geeignet f\u00fcr Gem\u00fcse, Obst, Blumen und Kletterpflanzen.<\/li>\n<li data-start=\"443\" data-end=\"920\"><strong>L\u00e4nge<\/strong> - 15 cm<\/li>\n<\/ul>\n<h3 data-start=\"922\" data-end=\"945\"><strong data-start=\"926\" data-end=\"943\">Anwendung:<\/strong><\/h3>\n<ul>\n<li data-start=\"946\" data-end=\"1324\"><strong data-start=\"949\" data-end=\"973\">Binden von Pflanzen<\/strong> - bietet Stabilit\u00e4t f\u00fcr Tomaten, Gurken, Bohnen, Weinreben und andere Kletterpflanzen.<\/li>\n<li data-start=\"946\" data-end=\"1324\"><strong data-start=\"1056\" data-end=\"1078\">\u00d6kologischer Landbau<\/strong> - nat\u00fcrliche Bindungen zur Unterst\u00fctzung eines gesunden Pflanzenwachstums.<\/li>\n<li data-start=\"946\" data-end=\"1324\"><strong data-start=\"1140\" data-end=\"1161\">Garten und Gew\u00e4chshaus<\/strong> - ideal f\u00fcr den Amateur- und Profibereich.<\/li>\n<\/ul>\n<h3 data-start=\"1326\" data-end=\"1367\"><strong data-start=\"1330\" data-end=\"1365\">Warum Stebofix w\u00e4hlen?<\/strong><\/h3>\n<p data-start=\"1368\" data-end=\"1638\" data-is-last-node=\"\" data-is-only-node=\"\">Stebofix ist eine umweltfreundliche Alternative zu Kunststoffb\u00e4ndern und -dr\u00e4hten. Seine nat\u00fcrliche Langlebigkeit und einfache Anwendung machen es zu einem Muss in jedem Garten.<\/p>","protected":false},"excerpt":{"rendered":"<p>Stebofix do tyczki bambusowej Stebofix to innowacyjne rozwi\u0105zanie do mocowania ro\u015blin do tyczek bambusowych, ko\u0142k\u00f3w drewnianych. U\u017cywa si\u0119 w prowadzeniu drut\u00f3w naci\u0105gowych. Zadaniem spinki jest przymocowanie pnia drzewa do konstrukcji sadowniczej. Najwa\u017cniejsze cechy: Naturalno\u015b\u0107 \u2013 wykonany z ekologicznych, odnawialnych surowc\u00f3w, bezpieczny dla ro\u015blin. Ekologiczne rozwi\u0105zanie \u2013 biodegradowalny i wielokrotnego u\u017cytku, bez negatywnego wp\u0142ywu na \u015brodowisko. [&hellip;]<\/p>","protected":false},"featured_media":4975,"template":"","meta":{"site-sidebar-layout":"default","site-content-layout":"","ast-site-content-layout":"default","site-content-style":"default","site-sidebar-style":"default","ast-global-header-display":"","ast-banner-title-visibility":"","ast-main-header-display":"","ast-hfb-above-header-display":"","ast-hfb-below-header-display":"","ast-hfb-mobile-header-display":"","site-post-title":"","ast-breadcrumbs-content":"","ast-featured-img":"","footer-sml-layout":"","theme-transparent-header-meta":"default","adv-header-id-meta":"","stick-header-meta":"default","header-above-stick-meta":"","header-main-stick-meta":"","header-below-stick-meta":"","astra-migrate-meta-layouts":"set","ast-page-background-enabled":"default","ast-page-background-meta":{"desktop":{"background-color":"var(--ast-global-color-4)","background-image":"","background-repeat":"repeat","background-position":"center center","background-size":"auto","background-attachment":"scroll","background-type":"","background-media":"","overlay-type":"","overlay-color":"","overlay-opacity":"","overlay-gradient":""},"tablet":{"background-color":"","background-image":"","background-repeat":"repeat","background-position":"center center","background-size":"auto","background-attachment":"scroll","background-type":"","background-media":"","overlay-type":"","overlay-color":"","overlay-opacity":"","overlay-gradient":""},"mobile":{"background-color":"","background-image":"","background-repeat":"repeat","background-position":"center center","background-size":"auto","background-attachment":"scroll","background-type":"","background-media":"","overlay-type":"","overlay-color":"","overlay-opacity":"","overlay-gradient":""}},"ast-content-background-meta":{"desktop":{"background-color":"var(--ast-global-color-5)","background-image":"","background-repeat":"repeat","background-position":"center center","background-size":"auto","background-attachment":"scroll","background-type":"","background-media":"","overlay-type":"","overlay-color":"","overlay-opacity":"","overlay-gradient":""},"tablet":{"background-color":"var(--ast-global-color-5)","background-image":"","background-repeat":"repeat","background-position":"center center","background-size":"auto","background-attachment":"scroll","background-type":"","background-media":"","overlay-type":"","overlay-color":"","overlay-opacity":"","overlay-gradient":""},"mobile":{"background-color":"var(--ast-global-color-5)","background-image":"","background-repeat":"repeat","background-position":"center center","background-size":"auto","background-attachment":"scroll","background-type":"","background-media":"","overlay-type":"","overlay-color":"","overlay-opacity":"","overlay-gradient":""}}},"product_brand":[],"product_cat":[279],"product_tag":[],"class_list":{"0":"post-4981","1":"product","2":"type-product","3":"status-publish","4":"has-post-thumbnail","6":"product_cat-dlugosc-15-cm","7":"desktop-align-left","8":"tablet-align-left","9":"mobile-align-left","10":"ast-product-gallery-layout-horizontal","11":"ast-product-tabs-layout-horizontal","13":"first","14":"instock","15":"shipping-taxable","16":"product-type-simple"},"_links":{"self":[{"href":"https:\/\/wimar.net\/de\/wp-json\/wp\/v2\/product\/4981","targetHints":{"allow":["GET"]}}],"collection":[{"href":"https:\/\/wimar.net\/de\/wp-json\/wp\/v2\/product"}],"about":[{"href":"https:\/\/wimar.net\/de\/wp-json\/wp\/v2\/types\/product"}],"version-history":[{"count":1,"href":"https:\/\/wimar.net\/de\/wp-json\/wp\/v2\/product\/4981\/revisions"}],"predecessor-version":[{"id":4982,"href":"https:\/\/wimar.net\/de\/wp-json\/wp\/v2\/product\/4981\/revisions\/4982"}],"wp:featuredmedia":[{"embeddable":true,"href":"https:\/\/wimar.net\/de\/wp-json\/wp\/v2\/media\/4975"}],"wp:attachment":[{"href":"https:\/\/wimar.net\/de\/wp-json\/wp\/v2\/media?parent=4981"}],"wp:term":[{"taxonomy":"product_brand","embeddable":true,"href":"https:\/\/wimar.net\/de\/wp-json\/wp\/v2\/product_brand?post=4981"},{"taxonomy":"product_cat","embeddable":true,"href":"https:\/\/wimar.net\/de\/wp-json\/wp\/v2\/product_cat?post=4981"},{"taxonomy":"product_tag","embeddable":true,"href":"https:\/\/wimar.net\/de\/wp-json\/wp\/v2\/product_tag?post=4981"}],"curies":[{"name":"wp","href":"https:\/\/api.w.org\/{rel}","templated":true}]}}