{"id":5035,"date":"2025-03-10T11:22:23","date_gmt":"2025-03-10T10:22:23","guid":{"rendered":"https:\/\/wimar.net\/?post_type=product&#038;p=5035"},"modified":"2025-12-18T14:50:37","modified_gmt":"2025-12-18T13:50:37","slug":"kunststoffkiste-azur-grun-690l","status":"publish","type":"product","link":"https:\/\/wimar.net\/de\/produkt\/kunststoffkiste-azur-grun-690l\/","title":{"rendered":"Durchbrochene Kunststoffpalette, gr\u00fcn 690L"},"content":{"rendered":"<h3 data-start=\"0\" data-end=\"105\"><strong data-start=\"0\" data-end=\"103\">Skrzyniopalety plastikowe a\u017curowe do przechowywania i transportu<\/strong><\/h3>\n<p data-start=\"108\" data-end=\"441\">Durchbrochene Kunststoffkisten sind robuste Beh\u00e4lter, die dank ihrer Konstruktion einen freien Luftstrom gew\u00e4hrleisten. Sie sind ideal f\u00fcr den Einsatz im Lebensmittel-, Landwirtschafts- und Logistiksektor und erm\u00f6glichen die sichere Lagerung und den Transport von Produkten wie Gem\u00fcse, Obst oder anderen Waren, die eine Bel\u00fcftung ben\u00f6tigen.<\/p>\n<h3 data-start=\"443\" data-end=\"473\"><strong data-start=\"447\" data-end=\"471\">Wesentliche Merkmale:<\/strong><\/h3>\n<ul>\n<li data-start=\"475\" data-end=\"1256\"><strong data-start=\"477\" data-end=\"493\">Robustheit<\/strong> - Hergestellt aus hochwertigem Kunststoff, der gegen mechanische Besch\u00e4digungen und Witterungseinfl\u00fcsse best\u00e4ndig ist.<\/li>\n<li data-start=\"475\" data-end=\"1256\"><strong data-start=\"613\" data-end=\"627\">Bel\u00fcftung<\/strong> - Das durchbrochene Design sorgt f\u00fcr eine optimale Luftzirkulation, wodurch die Produkte frisch bleiben.<\/li>\n<li data-start=\"475\" data-end=\"1256\"><strong data-start=\"734\" data-end=\"765\">Best\u00e4ndigkeit gegen Feuchtigkeit und Schimmel<\/strong> - Anders als Holzbeh\u00e4lter nehmen sie keine Feuchtigkeit auf, was Schimmel und F\u00e4ulnis verhindert.<\/li>\n<li data-start=\"475\" data-end=\"1256\"><strong data-start=\"878\" data-end=\"903\">Leicht zu reinigen<\/strong> - Sie k\u00f6nnen gewaschen und desinfiziert werden und entsprechen damit den in der Lebensmittelindustrie geforderten Hygienestandards.<\/li>\n<li data-start=\"475\" data-end=\"1256\"><strong data-start=\"1016\" data-end=\"1043\">Modularit\u00e4t und Stabilit\u00e4t<\/strong> - Die Stapelbarkeit erm\u00f6glicht eine effiziente Nutzung von Lager- und Transportraum.<\/li>\n<li data-start=\"475\" data-end=\"1256\"><strong data-start=\"1149\" data-end=\"1166\">Umweltfreundlichkeit<\/strong> - Sie sind wiederverwendbar und wiederverwertbar, was die Auswirkungen auf die Umwelt verringert.<\/li>\n<li><strong>Erleichterung der Entw\u00e4sserung<\/strong> Zugang f\u00fcr Gabelstapler von 4 Seiten des Aufbaus.<\/li>\n<li data-start=\"500\" data-end=\"1284\"><strong>Verf\u00fcgbare Typen<\/strong> - auf F\u00fc\u00dfen, auf 2 oder 3 Kufen<\/li>\n<li data-start=\"500\" data-end=\"1284\"><strong>Kapazit\u00e4t<\/strong> - 690 l<\/li>\n<li data-start=\"500\" data-end=\"1284\"><strong>Abmessungen<\/strong> - 1200 x 1000 x 785 mm<\/li>\n<li data-start=\"500\" data-end=\"1284\"><strong>Max. Belastung<\/strong> - 500 kg<\/li>\n<\/ul>\n<h3 data-start=\"1258\" data-end=\"1281\"><strong data-start=\"1262\" data-end=\"1279\">Anwendung:<\/strong><\/h3>\n<ul>\n<li data-start=\"1283\" data-end=\"1833\"><strong data-start=\"1286\" data-end=\"1317\">Lebensmittel- und Agrarsektor<\/strong> - Ideal f\u00fcr die Lagerung und den Transport von Gem\u00fcse, Obst, N\u00fcssen oder Pilzen.<\/li>\n<li data-start=\"1283\" data-end=\"1833\"><strong data-start=\"1402\" data-end=\"1431\">Lagerhaltung und Logistik<\/strong> - Wird in Vertriebszentren und Verarbeitungsbetrieben eingesetzt.<\/li>\n<li data-start=\"1283\" data-end=\"1833\"><strong data-start=\"1511\" data-end=\"1550\">Pharmazeutische und chemische Industrie<\/strong> - Sie sind f\u00fcr die Lagerung von Materialien geeignet, die hygienische Bedingungen erfordern.<\/li>\n<li data-start=\"1283\" data-end=\"1833\"><strong data-start=\"1635\" data-end=\"1670\">Recycling und Abfallwirtschaft<\/strong> - Wird f\u00fcr die Trennung und den Transport von wiederverwertbaren Materialien verwendet.<\/li>\n<li data-start=\"1283\" data-end=\"1833\"><strong data-start=\"1732\" data-end=\"1773\">Lagerung von Werkzeugen und Komponenten<\/strong> - In Werkst\u00e4tten, Lagern und Produktionsst\u00e4tten.<\/li>\n<\/ul>\n<h3 data-start=\"1835\" data-end=\"1901\"><strong data-start=\"1839\" data-end=\"1899\">Warum durchbrochene Kunststoffkisten?<\/strong><\/h3>\n<p data-start=\"1903\" data-end=\"2348\" data-is-last-node=\"\" data-is-only-node=\"\">Durchbrochene Kunststoffkisten sind eine moderne Alternative zu Holzcontainern. Sie sind leicht, langlebig und widerstandsf\u00e4hig gegen \u00e4u\u00dfere Einfl\u00fcsse. Dank ihrer Wiederverwendbarkeit und Wiederverwertbarkeit sind sie eine wirtschaftliche und \u00f6kologische L\u00f6sung f\u00fcr verschiedene Branchen. Ihre Vielseitigkeit und einfache Reinigung machen sie zur idealen Wahl f\u00fcr Unternehmen, die haltbare und hygienische Lager- und Transportbeh\u00e4lter suchen.<\/p>","protected":false},"excerpt":{"rendered":"<p>Skrzyniopalety plastikowe a\u017curowe do przechowywania i transportu Skrzyniopalety plastikowe a\u017curowe to wytrzyma\u0142e pojemniki, kt\u00f3re dzi\u0119ki swojej konstrukcji zapewniaj\u0105 swobodny przep\u0142yw powietrza. Doskonale sprawdzaj\u0105 si\u0119 w bran\u017cy spo\u017cywczej, rolniczej i logistycznej, umo\u017cliwiaj\u0105c bezpieczne przechowywanie oraz transport produkt\u00f3w takich jak warzywa, owoce czy inne towary wymagaj\u0105ce wentylacji. Najwa\u017cniejsze cechy: Wytrzyma\u0142o\u015b\u0107 \u2013 Wykonane z wysokiej jako\u015bci tworzywa sztucznego [&hellip;]<\/p>","protected":false},"featured_media":5040,"template":"","meta":{"site-sidebar-layout":"default","site-content-layout":"","ast-site-content-layout":"default","site-content-style":"default","site-sidebar-style":"default","ast-global-header-display":"","ast-banner-title-visibility":"","ast-main-header-display":"","ast-hfb-above-header-display":"","ast-hfb-below-header-display":"","ast-hfb-mobile-header-display":"","site-post-title":"","ast-breadcrumbs-content":"","ast-featured-img":"","footer-sml-layout":"","theme-transparent-header-meta":"default","adv-header-id-meta":"","stick-header-meta":"default","header-above-stick-meta":"","header-main-stick-meta":"","header-below-stick-meta":"","astra-migrate-meta-layouts":"set","ast-page-background-enabled":"default","ast-page-background-meta":{"desktop":{"background-color":"var(--ast-global-color-4)","background-image":"","background-repeat":"repeat","background-position":"center center","background-size":"auto","background-attachment":"scroll","background-type":"","background-media":"","overlay-type":"","overlay-color":"","overlay-opacity":"","overlay-gradient":""},"tablet":{"background-color":"","background-image":"","background-repeat":"repeat","background-position":"center center","background-size":"auto","background-attachment":"scroll","background-type":"","background-media":"","overlay-type":"","overlay-color":"","overlay-opacity":"","overlay-gradient":""},"mobile":{"background-color":"","background-image":"","background-repeat":"repeat","background-position":"center center","background-size":"auto","background-attachment":"scroll","background-type":"","background-media":"","overlay-type":"","overlay-color":"","overlay-opacity":"","overlay-gradient":""}},"ast-content-background-meta":{"desktop":{"background-color":"var(--ast-global-color-5)","background-image":"","background-repeat":"repeat","background-position":"center center","background-size":"auto","background-attachment":"scroll","background-type":"","background-media":"","overlay-type":"","overlay-color":"","overlay-opacity":"","overlay-gradient":""},"tablet":{"background-color":"var(--ast-global-color-5)","background-image":"","background-repeat":"repeat","background-position":"center center","background-size":"auto","background-attachment":"scroll","background-type":"","background-media":"","overlay-type":"","overlay-color":"","overlay-opacity":"","overlay-gradient":""},"mobile":{"background-color":"var(--ast-global-color-5)","background-image":"","background-repeat":"repeat","background-position":"center center","background-size":"auto","background-attachment":"scroll","background-type":"","background-media":"","overlay-type":"","overlay-color":"","overlay-opacity":"","overlay-gradient":""}}},"product_brand":[],"product_cat":[417],"product_tag":[],"class_list":{"0":"post-5035","1":"product","2":"type-product","3":"status-publish","4":"has-post-thumbnail","6":"product_cat-plastikowe-azurowe","7":"desktop-align-left","8":"tablet-align-left","9":"mobile-align-left","10":"ast-product-gallery-layout-horizontal","11":"ast-product-tabs-layout-horizontal","13":"first","14":"instock","15":"shipping-taxable","16":"product-type-simple"},"_links":{"self":[{"href":"https:\/\/wimar.net\/de\/wp-json\/wp\/v2\/product\/5035","targetHints":{"allow":["GET"]}}],"collection":[{"href":"https:\/\/wimar.net\/de\/wp-json\/wp\/v2\/product"}],"about":[{"href":"https:\/\/wimar.net\/de\/wp-json\/wp\/v2\/types\/product"}],"version-history":[{"count":2,"href":"https:\/\/wimar.net\/de\/wp-json\/wp\/v2\/product\/5035\/revisions"}],"predecessor-version":[{"id":7339,"href":"https:\/\/wimar.net\/de\/wp-json\/wp\/v2\/product\/5035\/revisions\/7339"}],"wp:featuredmedia":[{"embeddable":true,"href":"https:\/\/wimar.net\/de\/wp-json\/wp\/v2\/media\/5040"}],"wp:attachment":[{"href":"https:\/\/wimar.net\/de\/wp-json\/wp\/v2\/media?parent=5035"}],"wp:term":[{"taxonomy":"product_brand","embeddable":true,"href":"https:\/\/wimar.net\/de\/wp-json\/wp\/v2\/product_brand?post=5035"},{"taxonomy":"product_cat","embeddable":true,"href":"https:\/\/wimar.net\/de\/wp-json\/wp\/v2\/product_cat?post=5035"},{"taxonomy":"product_tag","embeddable":true,"href":"https:\/\/wimar.net\/de\/wp-json\/wp\/v2\/product_tag?post=5035"}],"curies":[{"name":"wp","href":"https:\/\/api.w.org\/{rel}","templated":true}]}}