{"id":5140,"date":"2025-03-13T09:19:04","date_gmt":"2025-03-13T08:19:04","guid":{"rendered":"https:\/\/wimar.net\/?post_type=product&#038;p=5140"},"modified":"2025-03-21T14:51:23","modified_gmt":"2025-03-21T13:51:23","slug":"heulagefolie-hellgrun-750x1650-22mic","status":"publish","type":"product","link":"https:\/\/wimar.net\/de\/produkt\/heulagefolie-hellgrun-750x1650-22mic\/","title":{"rendered":"Hellgr\u00fcne Heulagefolie 750\u00d71650 22mic"},"content":{"rendered":"<h3 data-start=\"0\" data-end=\"40\"><strong data-start=\"0\" data-end=\"38\">Heulage-Film<\/strong><\/h3>\n<p data-start=\"42\" data-end=\"366\">Die 22-Mikron-Heulagefolie ist ein hochwertiges Produkt zum Schutz der Silage und zur Gew\u00e4hrleistung optimaler G\u00e4rbedingungen. Dank ihrer St\u00e4rke und Flexibilit\u00e4t sch\u00fctzt sie das Futter wirksam vor \u00e4u\u00dferen Einfl\u00fcssen wie Feuchtigkeit, Luft und UV-Strahlung.<\/p>\n<h3 data-start=\"368\" data-end=\"398\"><strong data-start=\"372\" data-end=\"396\">Wesentliche Merkmale:<\/strong><\/h3>\n<ul>\n<li data-start=\"400\" data-end=\"942\"><strong data-start=\"402\" data-end=\"418\">Robustheit<\/strong> - Die 22-Mikron-Folie hat eine hohe Rei\u00df- und Durchsto\u00dffestigkeit - 350 g nach der Methode der fallenden Pfeilspitze * - und garantiert einen sehr guten Schutz vor Witterungseinfl\u00fcssen.<\/li>\n<li data-start=\"400\" data-end=\"942\"><strong data-start=\"511\" data-end=\"535\">Ausgezeichnete Dichtheit<\/strong> - durch die Verwendung eines innovativen, gleichm\u00e4\u00dfig verteilten Klebstoffs, der das Eindringen von Luft wirksam verhindert und somit ideale Bedingungen f\u00fcr die G\u00e4rung gew\u00e4hrleistet.<\/li>\n<li data-start=\"400\" data-end=\"942\"><strong data-start=\"628\" data-end=\"647\">UV-Best\u00e4ndigkeit<\/strong> - garantiert einen wirksamen Schutz der Silage gegen die sch\u00e4dlichen Auswirkungen des Sonnenlichts f\u00fcr einen Zeitraum von 12 Monaten.<\/li>\n<li data-start=\"400\" data-end=\"942\"><strong data-start=\"731\" data-end=\"747\">Flexibilit\u00e4t<\/strong> - einfache Anpassung an den Ballen, wodurch das Risiko einer Besch\u00e4digung minimiert wird.<\/li>\n<li data-start=\"400\" data-end=\"942\"><strong data-start=\"815\" data-end=\"843\">Sicherheit von Futtermitteln<\/strong> - Die Folie enth\u00e4lt keine Schadstoffe, was die hohe Qualit\u00e4t der gelagerten Silage garantiert.<\/li>\n<li data-start=\"400\" data-end=\"942\"><strong>Breite<\/strong> - 750 mm<\/li>\n<li data-start=\"400\" data-end=\"942\"><strong>L\u00e4nge<\/strong> - 1650 m - 150 m mehr als die Standardrollenl\u00e4nge, so dass mehr Ballen gewickelt werden k\u00f6nnen.<\/li>\n<li data-start=\"400\" data-end=\"942\"><strong>Dicke<\/strong> - 22 Mikrometer<\/li>\n<li data-start=\"400\" data-end=\"942\"><strong>Schichten<\/strong> &#8211; 7<\/li>\n<\/ul>\n<p>*Schlagfestigkeitspr\u00fcfung UNE-EN ISO 7765-1 Methode A (Falltest)<\/p>\n<h3 data-start=\"944\" data-end=\"967\"><strong data-start=\"948\" data-end=\"965\">Anwendung:<\/strong><\/h3>\n<ul>\n<li data-start=\"969\" data-end=\"1265\"><strong data-start=\"972\" data-end=\"999\">Heulageproduktion<\/strong> - Ideal zum Umwickeln von Gras-, Luzerne- oder anderen Futterballen.<\/li>\n<li data-start=\"969\" data-end=\"1265\"><strong data-start=\"1068\" data-end=\"1085\">Schutz des Futters<\/strong> - sch\u00fctzt die Silage wirksam vor Schimmel, Bakterien und Verunreinigungen.<\/li>\n<li data-start=\"969\" data-end=\"1265\"><strong data-start=\"1173\" data-end=\"1202\">Langfristige Lagerung<\/strong> - verl\u00e4ngert die Frische und den N\u00e4hrwert des Futters f\u00fcr eine lange Zeit.<\/li>\n<\/ul>\n<h3 data-start=\"1267\" data-end=\"1334\"><strong data-start=\"1271\" data-end=\"1332\">Warum eine Heulagefolie?<\/strong><\/h3>\n<p data-start=\"1336\" data-end=\"1633\" data-is-last-node=\"\" data-is-only-node=\"\">Heulagefolie ist eine unverzichtbare L\u00f6sung f\u00fcr Landwirte, die ihren Tieren hochwertiges Futter bieten wollen. Ihre Langlebigkeit, Luftdichtigkeit und Witterungsbest\u00e4ndigkeit machen sie zu einer wirtschaftlichen und effektiven L\u00f6sung f\u00fcr die Lagerung von Heulage w\u00e4hrend der gesamten Saison.<\/p>","protected":false},"excerpt":{"rendered":"<p>Folia do sianokiszonki Folia do sianokiszonki o grubo\u015bci 22 mikron\u00f3w to wysokiej jako\u015bci produkt przeznaczony do zabezpieczania kiszonki i zapewnienia optymalnych warunk\u00f3w fermentacji. Dzi\u0119ki swojej wytrzyma\u0142o\u015bci i elastyczno\u015bci skutecznie chroni pasz\u0119 przed dzia\u0142aniem czynnik\u00f3w zewn\u0119trznych, takich jak wilgo\u0107, powietrze czy promieniowanie UV. Najwa\u017cniejsze cechy: Wytrzyma\u0142o\u015b\u0107 \u2013\u00a0folia o grubo\u015bci 22 mikron\u00f3w cechuje si\u0119 wysok\u0105 odporno\u015bci\u0105 na [&hellip;]<\/p>","protected":false},"featured_media":5141,"template":"","meta":{"site-sidebar-layout":"default","site-content-layout":"","ast-site-content-layout":"default","site-content-style":"default","site-sidebar-style":"default","ast-global-header-display":"","ast-banner-title-visibility":"","ast-main-header-display":"","ast-hfb-above-header-display":"","ast-hfb-below-header-display":"","ast-hfb-mobile-header-display":"","site-post-title":"","ast-breadcrumbs-content":"","ast-featured-img":"","footer-sml-layout":"","theme-transparent-header-meta":"default","adv-header-id-meta":"","stick-header-meta":"default","header-above-stick-meta":"","header-main-stick-meta":"","header-below-stick-meta":"","astra-migrate-meta-layouts":"set","ast-page-background-enabled":"default","ast-page-background-meta":{"desktop":{"background-color":"var(--ast-global-color-4)","background-image":"","background-repeat":"repeat","background-position":"center center","background-size":"auto","background-attachment":"scroll","background-type":"","background-media":"","overlay-type":"","overlay-color":"","overlay-opacity":"","overlay-gradient":""},"tablet":{"background-color":"","background-image":"","background-repeat":"repeat","background-position":"center center","background-size":"auto","background-attachment":"scroll","background-type":"","background-media":"","overlay-type":"","overlay-color":"","overlay-opacity":"","overlay-gradient":""},"mobile":{"background-color":"","background-image":"","background-repeat":"repeat","background-position":"center center","background-size":"auto","background-attachment":"scroll","background-type":"","background-media":"","overlay-type":"","overlay-color":"","overlay-opacity":"","overlay-gradient":""}},"ast-content-background-meta":{"desktop":{"background-color":"var(--ast-global-color-5)","background-image":"","background-repeat":"repeat","background-position":"center center","background-size":"auto","background-attachment":"scroll","background-type":"","background-media":"","overlay-type":"","overlay-color":"","overlay-opacity":"","overlay-gradient":""},"tablet":{"background-color":"var(--ast-global-color-5)","background-image":"","background-repeat":"repeat","background-position":"center center","background-size":"auto","background-attachment":"scroll","background-type":"","background-media":"","overlay-type":"","overlay-color":"","overlay-opacity":"","overlay-gradient":""},"mobile":{"background-color":"var(--ast-global-color-5)","background-image":"","background-repeat":"repeat","background-position":"center center","background-size":"auto","background-attachment":"scroll","background-type":"","background-media":"","overlay-type":"","overlay-color":"","overlay-opacity":"","overlay-gradient":""}}},"product_brand":[],"product_cat":[214],"product_tag":[],"class_list":{"0":"post-5140","1":"product","2":"type-product","3":"status-publish","4":"has-post-thumbnail","6":"product_cat-folia-do-sianokiszonki","7":"desktop-align-left","8":"tablet-align-left","9":"mobile-align-left","10":"ast-product-gallery-layout-horizontal","11":"ast-product-gallery-with-no-image","12":"ast-product-tabs-layout-horizontal","14":"first","15":"instock","16":"shipping-taxable","17":"product-type-simple"},"_links":{"self":[{"href":"https:\/\/wimar.net\/de\/wp-json\/wp\/v2\/product\/5140","targetHints":{"allow":["GET"]}}],"collection":[{"href":"https:\/\/wimar.net\/de\/wp-json\/wp\/v2\/product"}],"about":[{"href":"https:\/\/wimar.net\/de\/wp-json\/wp\/v2\/types\/product"}],"version-history":[{"count":4,"href":"https:\/\/wimar.net\/de\/wp-json\/wp\/v2\/product\/5140\/revisions"}],"predecessor-version":[{"id":6001,"href":"https:\/\/wimar.net\/de\/wp-json\/wp\/v2\/product\/5140\/revisions\/6001"}],"wp:featuredmedia":[{"embeddable":true,"href":"https:\/\/wimar.net\/de\/wp-json\/wp\/v2\/media\/5141"}],"wp:attachment":[{"href":"https:\/\/wimar.net\/de\/wp-json\/wp\/v2\/media?parent=5140"}],"wp:term":[{"taxonomy":"product_brand","embeddable":true,"href":"https:\/\/wimar.net\/de\/wp-json\/wp\/v2\/product_brand?post=5140"},{"taxonomy":"product_cat","embeddable":true,"href":"https:\/\/wimar.net\/de\/wp-json\/wp\/v2\/product_cat?post=5140"},{"taxonomy":"product_tag","embeddable":true,"href":"https:\/\/wimar.net\/de\/wp-json\/wp\/v2\/product_tag?post=5140"}],"curies":[{"name":"wp","href":"https:\/\/api.w.org\/{rel}","templated":true}]}}