{"id":5401,"date":"2025-03-17T14:04:04","date_gmt":"2025-03-17T13:04:04","guid":{"rendered":"https:\/\/wimar.net\/?post_type=product&#038;p=5401"},"modified":"2025-03-17T14:11:34","modified_gmt":"2025-03-17T13:11:34","slug":"klammern-g1305m-fur-tapener-max","status":"publish","type":"product","link":"https:\/\/wimar.net\/de\/produkt\/klammern-g1305m-fur-tapener-max\/","title":{"rendered":"Heftklammern G1305M f\u00fcr Tapener MAX"},"content":{"rendered":"<h3 data-start=\"94\" data-end=\"134\"><strong data-start=\"94\" data-end=\"132\">Heftklammern G1305M f\u00fcr Tapener MAX<\/strong><\/h3>\n<p data-start=\"136\" data-end=\"381\">Die Heftklammern G1305M sind hochwertige Befestigungselemente, die f\u00fcr die MAX HR-F Bandagiermaschinen entwickelt wurden. Dank ihrer robusten Bauweise sorgen sie f\u00fcr eine dauerhafte und zuverl\u00e4ssige Bandverbindung, die den Prozess der Pflanzenaufreihung erleichtert und die Arbeitseffizienz erh\u00f6ht.<\/p>\n<h3 data-start=\"383\" data-end=\"413\"><strong data-start=\"387\" data-end=\"411\">Wesentliche Merkmale:<\/strong><\/h3>\n<ul>\n<li data-start=\"415\" data-end=\"849\"><strong data-start=\"417\" data-end=\"441\">Pr\u00e4zision in der Verarbeitung<\/strong> - garantieren eine starke und stabile Gurtverankerung.<\/li>\n<li data-start=\"415\" data-end=\"849\"><strong data-start=\"493\" data-end=\"512\">Hohe Lebensdauer<\/strong> - aus korrosionsbest\u00e4ndigem Metall f\u00fcr eine lange Lebensdauer.<\/li>\n<li data-start=\"415\" data-end=\"849\"><strong data-start=\"588\" data-end=\"606\">Kompatibilit\u00e4t<\/strong> - Gewidmet dem HR-F-Schneider.<\/li>\n<li data-start=\"415\" data-end=\"849\"><strong data-start=\"681\" data-end=\"700\">Einfache Anwendung<\/strong> - erm\u00f6glichen die schnelle und bequeme Befestigung von Pflanzen an St\u00fctzen.<\/li>\n<li data-start=\"415\" data-end=\"849\"><strong data-start=\"765\" data-end=\"780\">Effektivit\u00e4t<\/strong> - erleichtern die Arbeit im Obst-, Wein- und Gem\u00fcseanbau.<\/li>\n<li data-start=\"415\" data-end=\"849\"><strong>Abmessungen der Heftklammern<\/strong> - 13 mm x 5 mm<\/li>\n<li data-start=\"415\" data-end=\"849\"><strong>Verpackung<\/strong> - 1000 St\u00fcck.<\/li>\n<\/ul>\n<h3 data-start=\"851\" data-end=\"874\"><strong data-start=\"855\" data-end=\"872\">Anwendung:<\/strong><\/h3>\n<ul>\n<li data-start=\"876\" data-end=\"1261\"><strong data-start=\"879\" data-end=\"903\">Binden von Pflanzen<\/strong> - ideal zum Fixieren von Tomaten, Weinreben, Himbeeren oder Gurken.<\/li>\n<li data-start=\"876\" data-end=\"1261\"><strong data-start=\"973\" data-end=\"1004\">Gew\u00e4chshaus- und Feldkulturen<\/strong> - erh\u00f6hen den Komfort und die Geschwindigkeit der Pflanzenpflege.<\/li>\n<li data-start=\"876\" data-end=\"1261\"><strong data-start=\"1072\" data-end=\"1087\">Obstanbau<\/strong> - sind ideal zum Anbinden von Obstb\u00e4umen und Str\u00e4uchern.<\/li>\n<li data-start=\"876\" data-end=\"1261\"><strong data-start=\"1158\" data-end=\"1178\">Gartenarbeit<\/strong> - sowohl f\u00fcr professionelle G\u00e4rtner als auch f\u00fcr Hobbyg\u00e4rtner n\u00fctzlich.<\/li>\n<\/ul>\n<h3 data-start=\"1263\" data-end=\"1310\"><strong data-start=\"1267\" data-end=\"1308\">Warum sollten Sie sich f\u00fcr G1305M-Klammern entscheiden?<\/strong><\/h3>\n<p data-start=\"1312\" data-end=\"1635\">Die Heftklammern G1305M f\u00fcr den HR-F sind eine zuverl\u00e4ssige L\u00f6sung f\u00fcr alle, die sich mit dem Pflanzenanbau besch\u00e4ftigen. Ihre hochwertige Verarbeitung, pr\u00e4zise Befestigung und Witterungsbest\u00e4ndigkeit machen sie unentbehrlich im Gartenbau und in der G\u00e4rtnerei. Sie machen die Arbeit schneller, einfacher und effizienter.<\/p>","protected":false},"excerpt":{"rendered":"<p>Zszywki G1305M do tapener\u00f3w MAX Zszywki G1305M to wysokiej jako\u015bci elementy mocuj\u0105ce, przeznaczone do tapener\u00f3w MAX HR-F. Dzi\u0119ki solidnej konstrukcji zapewniaj\u0105 trwa\u0142e i niezawodne \u0142\u0105czenie ta\u015bm, co u\u0142atwia proces podwi\u0105zywania ro\u015blin i zwi\u0119ksza efektywno\u015b\u0107 pracy. Najwa\u017cniejsze cechy: Precyzyjne wykonanie \u2013 gwarantuj\u0105 mocne i stabilne mocowanie ta\u015bmy. Wysoka trwa\u0142o\u015b\u0107 \u2013 wykonane z odpornego na korozj\u0119 metalu, [&hellip;]<\/p>","protected":false},"featured_media":4648,"template":"","meta":{"site-sidebar-layout":"default","site-content-layout":"","ast-site-content-layout":"default","site-content-style":"default","site-sidebar-style":"default","ast-global-header-display":"","ast-banner-title-visibility":"","ast-main-header-display":"","ast-hfb-above-header-display":"","ast-hfb-below-header-display":"","ast-hfb-mobile-header-display":"","site-post-title":"","ast-breadcrumbs-content":"","ast-featured-img":"","footer-sml-layout":"","theme-transparent-header-meta":"default","adv-header-id-meta":"","stick-header-meta":"default","header-above-stick-meta":"","header-main-stick-meta":"","header-below-stick-meta":"","astra-migrate-meta-layouts":"set","ast-page-background-enabled":"default","ast-page-background-meta":{"desktop":{"background-color":"var(--ast-global-color-4)","background-image":"","background-repeat":"repeat","background-position":"center center","background-size":"auto","background-attachment":"scroll","background-type":"","background-media":"","overlay-type":"","overlay-color":"","overlay-opacity":"","overlay-gradient":""},"tablet":{"background-color":"","background-image":"","background-repeat":"repeat","background-position":"center center","background-size":"auto","background-attachment":"scroll","background-type":"","background-media":"","overlay-type":"","overlay-color":"","overlay-opacity":"","overlay-gradient":""},"mobile":{"background-color":"","background-image":"","background-repeat":"repeat","background-position":"center center","background-size":"auto","background-attachment":"scroll","background-type":"","background-media":"","overlay-type":"","overlay-color":"","overlay-opacity":"","overlay-gradient":""}},"ast-content-background-meta":{"desktop":{"background-color":"var(--ast-global-color-5)","background-image":"","background-repeat":"repeat","background-position":"center center","background-size":"auto","background-attachment":"scroll","background-type":"","background-media":"","overlay-type":"","overlay-color":"","overlay-opacity":"","overlay-gradient":""},"tablet":{"background-color":"var(--ast-global-color-5)","background-image":"","background-repeat":"repeat","background-position":"center center","background-size":"auto","background-attachment":"scroll","background-type":"","background-media":"","overlay-type":"","overlay-color":"","overlay-opacity":"","overlay-gradient":""},"mobile":{"background-color":"var(--ast-global-color-5)","background-image":"","background-repeat":"repeat","background-position":"center center","background-size":"auto","background-attachment":"scroll","background-type":"","background-media":"","overlay-type":"","overlay-color":"","overlay-opacity":"","overlay-gradient":""}}},"product_brand":[],"product_cat":[338],"product_tag":[],"class_list":{"0":"post-5401","1":"product","2":"type-product","3":"status-publish","4":"has-post-thumbnail","6":"product_cat-zszywki-max-g1305-m-do-hr-f","7":"desktop-align-left","8":"tablet-align-left","9":"mobile-align-left","10":"ast-product-gallery-layout-horizontal","11":"ast-product-tabs-layout-horizontal","13":"first","14":"instock","15":"shipping-taxable","16":"product-type-simple"},"_links":{"self":[{"href":"https:\/\/wimar.net\/de\/wp-json\/wp\/v2\/product\/5401","targetHints":{"allow":["GET"]}}],"collection":[{"href":"https:\/\/wimar.net\/de\/wp-json\/wp\/v2\/product"}],"about":[{"href":"https:\/\/wimar.net\/de\/wp-json\/wp\/v2\/types\/product"}],"version-history":[{"count":2,"href":"https:\/\/wimar.net\/de\/wp-json\/wp\/v2\/product\/5401\/revisions"}],"predecessor-version":[{"id":7319,"href":"https:\/\/wimar.net\/de\/wp-json\/wp\/v2\/product\/5401\/revisions\/7319"}],"wp:featuredmedia":[{"embeddable":true,"href":"https:\/\/wimar.net\/de\/wp-json\/wp\/v2\/media\/4648"}],"wp:attachment":[{"href":"https:\/\/wimar.net\/de\/wp-json\/wp\/v2\/media?parent=5401"}],"wp:term":[{"taxonomy":"product_brand","embeddable":true,"href":"https:\/\/wimar.net\/de\/wp-json\/wp\/v2\/product_brand?post=5401"},{"taxonomy":"product_cat","embeddable":true,"href":"https:\/\/wimar.net\/de\/wp-json\/wp\/v2\/product_cat?post=5401"},{"taxonomy":"product_tag","embeddable":true,"href":"https:\/\/wimar.net\/de\/wp-json\/wp\/v2\/product_tag?post=5401"}],"curies":[{"name":"wp","href":"https:\/\/api.w.org\/{rel}","templated":true}]}}