{"id":5832,"date":"2025-03-18T15:40:46","date_gmt":"2025-03-18T14:40:46","guid":{"rendered":"https:\/\/wimar.net\/?post_type=product&#038;p=5832"},"modified":"2025-03-18T15:45:26","modified_gmt":"2025-03-18T14:45:26","slug":"sichel-due-buoi-linkshander-247l-holz","status":"publish","type":"product","link":"https:\/\/wimar.net\/de\/produkt\/sichel-due-buoi-linkshander-247l-holz\/","title":{"rendered":"Sierpak Due Buoi Linksh\u00e4nder 247L Holz"},"content":{"rendered":"<h3 data-start=\"0\" data-end=\"298\">Messer, Sichel f\u00fcr Linksh\u00e4nder<\/h3>\n<p data-start=\"0\" data-end=\"298\">Die Due Buoi Rechtsh\u00e4ndersichel 247L mit Holzgriff ist ein robustes und pr\u00e4zises Werkzeug f\u00fcr die professionelle Garten-, Obst- und Forstarbeit. Die italienische Verarbeitung und das ergonomische Design machen diese Sichel ideal f\u00fcr die H\u00e4nde von anspruchsvollen Anwendern.<\/p>\n<p data-start=\"0\" data-end=\"298\">Due Buoi (Zwei Ochsen) ist ein 1884 in Italien gegr\u00fcndetes Familienunternehmen, das seit vier Generationen Messer und Werkzeuge f\u00fcr die Landwirtschaft herstellt. DueBuoi hat seine eigene sorgf\u00e4ltige Methode der Metallbearbeitung entwickelt\u00a0<em>extra duro<\/em>die daf\u00fcr sorgt, dass die Klingen der hergestellten Messer und Scheren ihre au\u00dfergew\u00f6hnliche Langlebigkeit beibehalten. Das Unternehmen aus Maniago (Stadt der Schneidwaren) ist in Italien f\u00fcr die Herstellung von K\u00fcchenmessern, Baumschul- und \u00dcberlebensmessern, Gartenscheren und \u00c4xten bekannt.<\/p>\n<h3 data-start=\"300\" data-end=\"324\">Wesentliche Merkmale:<\/h3>\n<ul>\n<li data-start=\"326\" data-end=\"993\"><strong data-start=\"472\" data-end=\"507\">Ergonomischer Holzgriff<\/strong> - Das nat\u00fcrliche Holz garantiert einen festen Griff und Komfort, auch bei stundenlangem Gebrauch.<\/li>\n<li data-start=\"326\" data-end=\"993\"><strong data-start=\"602\" data-end=\"621\">Pr\u00e4zision beim Schneiden<\/strong> - Die entsprechend geformte Klinge erm\u00f6glicht einen pr\u00e4zisen und sauberen Schnitt von \u00c4sten, Trieben oder Str\u00e4uchern.<\/li>\n<li data-start=\"326\" data-end=\"993\"><strong data-start=\"725\" data-end=\"765\">Geeignet f\u00fcr Rechtsh\u00e4nder<\/strong> - Speziell geformt f\u00fcr maximalen Komfort und Effizienz beim Arbeiten mit der linken Hand.<\/li>\n<li data-start=\"326\" data-end=\"993\"><strong data-start=\"853\" data-end=\"877\">Leicht und handlich<\/strong> - Das ausgezeichnete Gleichgewicht zwischen Gewicht und Festigkeit des Werkzeugs erm\u00f6glicht eine komfortable Verwendung unter allen Bedingungen.<\/li>\n<li data-start=\"326\" data-end=\"993\"><strong>L\u00e4nge der Klinge<\/strong> - 5,5 cm<\/li>\n<li data-start=\"326\" data-end=\"993\"><strong>Breite der Klinge<\/strong> - 1,2 cm<\/li>\n<li data-start=\"326\" data-end=\"993\"><strong>Gesamtgr\u00f6\u00dfe<\/strong> - 17 cm<\/li>\n<li data-start=\"326\" data-end=\"993\"><strong>Material<\/strong> - Holz (Griff), Messing massiv (Einsatz)<\/li>\n<\/ul>\n<h3 data-start=\"995\" data-end=\"1012\">Anwendung:<\/h3>\n<ul data-start=\"1014\" data-end=\"1347\">\n<li data-start=\"1014\" data-end=\"1105\"><strong data-start=\"1016\" data-end=\"1047\">Beschneiden von B\u00e4umen und Str\u00e4uchern<\/strong> - Ideal f\u00fcr Obstbau, Gartenbau und Forstwirtschaft.<\/li>\n<li data-start=\"1106\" data-end=\"1225\"><strong data-start=\"1108\" data-end=\"1134\">Entfernung von Wildtrieben<\/strong> - Hervorragend geeignet f\u00fcr die Beseitigung von Gestr\u00fcpp oder zum Durchschneiden von Holzst\u00e4mmen.<\/li>\n<li data-start=\"1226\" data-end=\"1347\"><strong data-start=\"1228\" data-end=\"1257\">Garten- und Obstgartenpflege<\/strong> - Unverzichtbar f\u00fcr Pr\u00e4zisionspflegearbeiten, die einen exakten Schnitt erfordern.<\/li>\n<\/ul>\n<h3 data-start=\"1349\" data-end=\"1397\">Warum sollten Sie sich f\u00fcr das Due Buoi Sierpak 247L entscheiden?<\/h3>\n<p data-start=\"1398\" data-end=\"1776\" data-is-last-node=\"\" data-is-only-node=\"\">Die Sichel von Due Buoi ist eine Kombination aus traditioneller Handwerkskunst und modernen Qualit\u00e4tsstandards. Langlebige Materialien, ergonomisches Design und pr\u00e4zise Verarbeitung machen dieses Werkzeug perfekt f\u00fcr die t\u00e4gliche Arbeit des G\u00e4rtners oder Obstbauers. Der Holzgriff und der robuste Karbonstahl sorgen f\u00fcr eine lange Lebensdauer und einen komfortablen Gebrauch, wodurch die Sichel zu einer Investition f\u00fcr viele Jahre wird.<\/p>","protected":false},"excerpt":{"rendered":"<p>N\u00f3\u017c, sierpak lewor\u0119czny Sierpak Due Buoi prawor\u0119czny 247L z drewnianym trzonkiem to solidne i precyzyjne narz\u0119dzie przeznaczone do profesjonalnych prac ogrodniczych, sadowniczych i le\u015bnych. W\u0142oska jako\u015b\u0107 wykonania oraz ergonomiczna budowa sprawiaj\u0105, \u017ce sierpak ten idealnie sprawdzi si\u0119 w r\u0119kach wymagaj\u0105cych u\u017cytkownik\u00f3w. Due Buoi (Dwa Wo\u0142y) to rodzinna firma za\u0142o\u017cona w 1884 roku we W\u0142oszech od [&hellip;]<\/p>","protected":false},"featured_media":5833,"template":"","meta":{"site-sidebar-layout":"default","site-content-layout":"","ast-site-content-layout":"default","site-content-style":"default","site-sidebar-style":"default","ast-global-header-display":"","ast-banner-title-visibility":"","ast-main-header-display":"","ast-hfb-above-header-display":"","ast-hfb-below-header-display":"","ast-hfb-mobile-header-display":"","site-post-title":"","ast-breadcrumbs-content":"","ast-featured-img":"","footer-sml-layout":"","theme-transparent-header-meta":"default","adv-header-id-meta":"","stick-header-meta":"default","header-above-stick-meta":"","header-main-stick-meta":"","header-below-stick-meta":"","astra-migrate-meta-layouts":"set","ast-page-background-enabled":"default","ast-page-background-meta":{"desktop":{"background-color":"var(--ast-global-color-4)","background-image":"","background-repeat":"repeat","background-position":"center center","background-size":"auto","background-attachment":"scroll","background-type":"","background-media":"","overlay-type":"","overlay-color":"","overlay-opacity":"","overlay-gradient":""},"tablet":{"background-color":"","background-image":"","background-repeat":"repeat","background-position":"center center","background-size":"auto","background-attachment":"scroll","background-type":"","background-media":"","overlay-type":"","overlay-color":"","overlay-opacity":"","overlay-gradient":""},"mobile":{"background-color":"","background-image":"","background-repeat":"repeat","background-position":"center center","background-size":"auto","background-attachment":"scroll","background-type":"","background-media":"","overlay-type":"","overlay-color":"","overlay-opacity":"","overlay-gradient":""}},"ast-content-background-meta":{"desktop":{"background-color":"var(--ast-global-color-5)","background-image":"","background-repeat":"repeat","background-position":"center center","background-size":"auto","background-attachment":"scroll","background-type":"","background-media":"","overlay-type":"","overlay-color":"","overlay-opacity":"","overlay-gradient":""},"tablet":{"background-color":"var(--ast-global-color-5)","background-image":"","background-repeat":"repeat","background-position":"center center","background-size":"auto","background-attachment":"scroll","background-type":"","background-media":"","overlay-type":"","overlay-color":"","overlay-opacity":"","overlay-gradient":""},"mobile":{"background-color":"var(--ast-global-color-5)","background-image":"","background-repeat":"repeat","background-position":"center center","background-size":"auto","background-attachment":"scroll","background-type":"","background-media":"","overlay-type":"","overlay-color":"","overlay-opacity":"","overlay-gradient":""}}},"product_brand":[],"product_cat":[253,258],"product_tag":[],"class_list":{"0":"post-5832","1":"product","2":"type-product","3":"status-publish","4":"has-post-thumbnail","6":"product_cat-noze","7":"product_cat-reczne-narzedzia-ogrodnicze","8":"desktop-align-left","9":"tablet-align-left","10":"mobile-align-left","11":"ast-product-gallery-layout-horizontal","12":"ast-product-tabs-layout-horizontal","14":"first","15":"instock","16":"shipping-taxable","17":"product-type-simple"},"_links":{"self":[{"href":"https:\/\/wimar.net\/de\/wp-json\/wp\/v2\/product\/5832","targetHints":{"allow":["GET"]}}],"collection":[{"href":"https:\/\/wimar.net\/de\/wp-json\/wp\/v2\/product"}],"about":[{"href":"https:\/\/wimar.net\/de\/wp-json\/wp\/v2\/types\/product"}],"version-history":[{"count":2,"href":"https:\/\/wimar.net\/de\/wp-json\/wp\/v2\/product\/5832\/revisions"}],"predecessor-version":[{"id":7316,"href":"https:\/\/wimar.net\/de\/wp-json\/wp\/v2\/product\/5832\/revisions\/7316"}],"wp:featuredmedia":[{"embeddable":true,"href":"https:\/\/wimar.net\/de\/wp-json\/wp\/v2\/media\/5833"}],"wp:attachment":[{"href":"https:\/\/wimar.net\/de\/wp-json\/wp\/v2\/media?parent=5832"}],"wp:term":[{"taxonomy":"product_brand","embeddable":true,"href":"https:\/\/wimar.net\/de\/wp-json\/wp\/v2\/product_brand?post=5832"},{"taxonomy":"product_cat","embeddable":true,"href":"https:\/\/wimar.net\/de\/wp-json\/wp\/v2\/product_cat?post=5832"},{"taxonomy":"product_tag","embeddable":true,"href":"https:\/\/wimar.net\/de\/wp-json\/wp\/v2\/product_tag?post=5832"}],"curies":[{"name":"wp","href":"https:\/\/api.w.org\/{rel}","templated":true}]}}